{"id":3659,"date":"2023-09-07T03:42:51","date_gmt":"2023-09-07T07:42:51","guid":{"rendered":"http:\/\/ceba.ca\/?page_id=3659"},"modified":"2023-09-07T03:42:51","modified_gmt":"2023-09-07T07:42:51","slug":"ceba-loan-in-lethbridge","status":"publish","type":"page","link":"https:\/\/ceba.ca\/fr\/ceba-loan-in-lethbridge\/","title":{"rendered":"Pr\u00eat CUEC \u00e0 Lethbridge"},"content":{"rendered":"<p><span style=\"font-weight: 400;\">Dans l&#039;environnement urbain dynamique de Lethbridge, la pand\u00e9mie de COVID-19 a pr\u00e9sent\u00e9 des d\u00e9fis sans pr\u00e9c\u00e9dent pour les petites entreprises et les organismes \u00e0 but non lucratif. En r\u00e9ponse, le gouvernement canadien a introduit <a href=\"https:\/\/ceba-cuec.ca\/\" target=\"_blank\" rel=\"noopener\">l\u2019initiative de pr\u00eat du Compte d\u2019urgence pour les entreprises canadiennes (CUEC)<\/a>, fournissant un soutien financier essentiel sous forme de pr\u00eats sans int\u00e9r\u00eat, avec une limite maximale de $60 000, aux entreprises \u00e9ligibles.<\/span><span style=\"font-weight: 400;\">\u00a0<\/span><\/p>\n<p><span style=\"font-weight: 400;\">Cet article explorera l&#039;impact du pr\u00eat CUEC sur le milieu des affaires de Lethbridge, clarifiera les crit\u00e8res d&#039;\u00e9ligibilit\u00e9 et discutera des mesures prises pour assurer une r\u00e9partition juste et \u00e9quitable de l&#039;aide.<\/span><\/p>\n<p><span style=\"font-weight: 400;\">T<\/span><span style=\"font-weight: 400;\">Le programme de pr\u00eat CUEC est devenu une bou\u00e9e de sauvetage vitale pour de nombreuses entreprises de Lethbridge, leur permettant de faire face efficacement aux bouleversements caus\u00e9s par la pand\u00e9mie. Avec l&#039;acc\u00e8s \u00e0 des pr\u00eats allant jusqu&#039;\u00e0 $60 000, ces entreprises pourraient faire face aux d\u00e9penses essentielles, maintenir leur main-d&#039;\u0153uvre et affronter habilement les d\u00e9fis \u00e9conomiques d\u00e9coulant de la crise.<\/span><\/p>\n<p><span style=\"font-weight: 400;\">Pour les entreprises bas\u00e9es \u00e0 Lethbridge qui souhaitent acc\u00e9der au programme de pr\u00eat CUEC, le respect des conditions d&#039;\u00e9ligibilit\u00e9 sp\u00e9cifiques \u00e9tablies par le gouvernement du Canada est obligatoire. Ces conditions pr\u00e9alables cruciales comprennent le maintien d&#039;un compte courant ou op\u00e9rationnel d&#039;entreprise actif et la d\u00e9monstration de d\u00e9penses \u00e9ligibles non reportables comprises entre $20 000 et $1,5 million pour l&#039;ann\u00e9e 2020.<\/span><span style=\"font-weight: 400;\">\u00a0<\/span><\/p>\n<p><span style=\"font-weight: 400;\">Une r\u00e9vision notable est entr\u00e9e en vigueur le 26 octobre 2020, lorsque l\u2019exigence pr\u00e9alable d\u2019avoir un compte d\u2019entreprise actif \u00e0 compter du 1er mars 2020 a \u00e9t\u00e9 supprim\u00e9e. Ce changement a permis aux entreprises admissibles de Lethbridge de pr\u00e9senter une demande, m\u00eame si elles avaient ouvert leur compte dans une institution financi\u00e8re principale apr\u00e8s le 1er mars 2020.<\/span><\/p>\n<p><span style=\"font-weight: 400;\">Pour <a href=\"http:\/\/ceba.ca\/fr\/information\/who-is-eligible-for-a-ceba-loan\/\">emprunteurs admissibles au CUEC<\/a> \u00c0 Lethbridge, qui a conserv\u00e9 une bonne r\u00e9putation, une opportunit\u00e9 int\u00e9ressante d&#039;annulation de pr\u00eat s&#039;est pr\u00e9sent\u00e9e. En remboursant int\u00e9gralement le solde du pr\u00eat avant le 31 d\u00e9cembre 2023, ils pourraient b\u00e9n\u00e9ficier d\u2019une remise allant jusqu\u2019\u00e0 33 %, ce qui \u00e9quivaut \u00e0 un maximum de $20 000. Cette incitation a jou\u00e9 un r\u00f4le central en incitant les entreprises \u00e0 garantir un remboursement rapide, all\u00e9geant ainsi des charges financi\u00e8res substantielles.<\/span><\/p>\n<p><span style=\"font-weight: 400;\">Renfor\u00e7ant encore davantage ses avantages, le programme CUEC a connu une expansion significative le 4 d\u00e9cembre 2020. Les emprunteurs approuv\u00e9s sont devenus admissibles \u00e0 un pr\u00eat de $60,000, une augmentation substantielle par rapport au pr\u00eat initial. <a href=\"http:\/\/ceba.ca\/fr\/\">$40 000 Pr\u00eat CUEC<\/a>. Cette expansion a \u00e9galement permis aux entreprises qui avaient pr\u00e9c\u00e9demment re\u00e7u le pr\u00eat initial de postuler \u00e0 l&#039;expansion du CUEC, leur donnant acc\u00e8s \u00e0 une aide financi\u00e8re suppl\u00e9mentaire de $20,000.<\/span><\/p>\n<p><span style=\"font-weight: 400;\"><a href=\"http:\/\/ceba.ca\/fr\/information\/is-ceba-extended\/\">L\u2019\u00e9largissement du programme CUEC<\/a> est apparu comme un syst\u00e8me de soutien vital, fournissant une aide financi\u00e8re suppl\u00e9mentaire aux entreprises aux prises avec les effets prolong\u00e9s de la pand\u00e9mie.<\/span><span style=\"font-weight: 400;\">\u00a0<\/span><\/p>\n<p><span style=\"font-weight: 400;\">Il est essentiel de souligner que la fen\u00eatre de candidature au programme CUEC s&#039;est officiellement ferm\u00e9e le 30 juin 2021 et que la p\u00e9riode de financement est termin\u00e9e. Par cons\u00e9quent, aucune nouvelle demande ne peut \u00eatre accept\u00e9e et le programme CUEC n\u2019accordera pas d\u2019aide financi\u00e8re suppl\u00e9mentaire.<\/span><\/p>\n<p><span style=\"font-weight: 400;\">Toutes les proc\u00e9dures de validation pour r\u00e9pondre aux crit\u00e8res d\u2019\u00e9ligibilit\u00e9 ont \u00e9t\u00e9 minutieusement ex\u00e9cut\u00e9es et les r\u00e9sultats sont d\u00e9sormais d\u00e9finitifs. La p\u00e9riode pour tout r\u00e9examen ou r\u00e9solution suppl\u00e9mentaire a expir\u00e9 et le programme CUEC n&#039;accepte plus de nouvelles demandes.<\/span><\/p>\n<h2><span style=\"font-weight: 400;\">Accessibilit\u00e9 \u00e9tendue \u00e0 l\u2019\u00e9chelle nationale<\/span><span style=\"font-weight: 400;\">\u00a0<\/span><\/h2>\n<p><span style=\"font-weight: 400;\">Le CUEC a \u00e9t\u00e9 rendu largement accessible gr\u00e2ce \u00e0 un r\u00e9seau de plus de 220 institutions financi\u00e8res couvrant l&#039;ensemble du Canada. Cette vaste port\u00e9e a permis aux entreprises, non seulement \u00e0 Lethbridge, mais dans tout le pays, de disposer de plusieurs voies par lesquelles elles pouvaient postuler au programme. Cette approche a grandement rationalis\u00e9 le processus de candidature, permettant aux entreprises d\u2019acc\u00e9der plus facilement \u00e0 un soutien financier essentiel.<\/span><\/p>\n<h2><span style=\"font-weight: 400;\">Pr\u00eat CUEC \u00e0 Lethbridge\u00a0: conditions de remboursement et remise du pr\u00eat<\/span><\/h2>\n<p><span style=\"font-weight: 400;\">Pour tous les candidats au CUEC qui r\u00e9pondent aux crit\u00e8res d&#039;\u00e9ligibilit\u00e9 du programme, les conditions de remboursement suivantes s&#039;appliquent \u00e0 la fois aux pr\u00eats initiaux $40 000 et $60 000, ainsi qu&#039;\u00e0 l&#039;extension $20 000 :<\/span><\/p>\n<h3><span style=\"font-weight: 400;\">Calendrier et date limite de remboursement<\/span><\/h3>\n<p><span style=\"font-weight: 400;\"><a href=\"http:\/\/ceba.ca\/fr\/resources\/can-you-defer-your-ceba-repayment-terms\/\">Remboursement principal<\/a> n\u2019est pas requis avant le 31 d\u00e9cembre 2023.<\/span><\/p>\n<p><span style=\"font-weight: 400;\">Apr\u00e8s le 31 d\u00e9cembre 2023, seuls les paiements d\u2019int\u00e9r\u00eats sont dus jusqu\u2019\u00e0 ce que la totalit\u00e9 du capital soit exigible au plus tard le 31 d\u00e9cembre 2025.<\/span><\/p>\n<h3><span style=\"font-weight: 400;\">Remise de dette<\/span><\/h3>\n<p><span style=\"font-weight: 400;\">\u00a0<\/span><span style=\"font-weight: 400;\">Si le capital impay\u00e9, \u00e0 l\u2019exclusion de tout montant potentiel d\u2019annulation de dette, est enti\u00e8rement rembours\u00e9 d\u2019ici le 31 d\u00e9cembre 2023, le solde du capital restant sera annul\u00e9. Cette remise est conditionn\u00e9e au respect des termes de l&#039;accord de pr\u00eat et \u00e0 l&#039;absence de tout d\u00e9faut.<\/span><\/p>\n<p><span style=\"font-weight: 400;\">\u00a0<\/span><span style=\"font-weight: 400;\">Ces conditions de remboursement adaptables et la possibilit\u00e9 d\u2019annulation de la dette ont \u00e9t\u00e9 intentionnellement con\u00e7ues pour fournir un soutien et un all\u00e9gement financier essentiels aux entreprises de Lethbridge. Ils permettent \u00e0 ces entreprises de g\u00e9rer efficacement leurs obligations de pr\u00eat face \u00e0 des circonstances \u00e9conomiques difficiles.<\/span><\/p>\n<p><span style=\"font-weight: 400;\">\u00a0<\/span><span style=\"font-weight: 400;\">En offrant des p\u00e9riodes sans int\u00e9r\u00eat et en renon\u00e7ant \u00e0 une partie du capital en cas de remboursement en temps opportun, le programme CUEC vise \u00e0 favoriser la r\u00e9silience et la stabilit\u00e9 \u00e9conomiques au sein de la communaut\u00e9 des affaires locale de Lethbridge.<\/span><\/p>\n<h2><span style=\"font-weight: 400;\">\u00a0<\/span><span style=\"font-weight: 400;\">Int\u00e9r\u00eat<\/span><\/h2>\n<p><span style=\"font-weight: 400;\">\u2013 Aucun int\u00e9r\u00eat ne s\u2019accumulera jusqu\u2019au 31 d\u00e9cembre 2023, ce qui donnera lieu \u00e0 un taux d\u2019int\u00e9r\u00eat annuel de 0% durant cette p\u00e9riode.<\/span><\/p>\n<p><span style=\"font-weight: 400;\">\u2013 \u00c0 compter du 1er janvier 2024, un taux d\u2019int\u00e9r\u00eat annuel 5% sera en vigueur.<\/span><\/p>\n<h2><span style=\"font-weight: 400;\">Impact sur la r\u00e9silience \u00e9conomique de Lethbridge<\/span><\/h2>\n<p><span style=\"font-weight: 400;\">Le programme CUEC a jou\u00e9 un r\u00f4le central dans l\u2019am\u00e9lioration de la r\u00e9silience \u00e9conomique de Lethbridge dans une p\u00e9riode difficile. En soutenant les entreprises locales au moyen de pr\u00eats, le CUEC a efficacement att\u00e9nu\u00e9 les effets n\u00e9gatifs de la pand\u00e9mie sur les op\u00e9rations commerciales, la r\u00e9tention des employ\u00e9s et la stabilit\u00e9 globale de l&#039;\u00e9conomie locale.<\/span><\/p>\n<h2><span style=\"font-weight: 400;\">Appel urgent pour la prolongation de la date limite des pr\u00eats du CUEC \u00e0 Lethbridge<\/span><\/h2>\n<p><span style=\"font-weight: 400;\">Alors que le processus de reprise \u00e9conomique apr\u00e8s la pand\u00e9mie de COVID-19 se poursuit, un nombre important de petites entreprises de Lethbridge, ainsi que d&#039;innombrables autres partout au Canada, demandent de toute urgence une prolongation du d\u00e9lai de remboursement de leurs pr\u00eats du Compte d&#039;urgence pour les entreprises canadiennes (CUEC). Tout en exprimant leur appr\u00e9ciation pour les efforts de secours du gouvernement pendant la pand\u00e9mie, ces entreprises restent tr\u00e8s vuln\u00e9rables aux d\u00e9fis \u00e9conomiques actuels. Beaucoup d\u2019entre eux se trouvent encore dans une situation financi\u00e8re pr\u00e9caire et d\u00e9pendent fortement de la partie remboursable du pr\u00eat comme bou\u00e9e de sauvetage cruciale.<\/span><\/p>\n<p><span style=\"font-weight: 400;\">Selon une analyse r\u00e9cente men\u00e9e par l&#039;Institut de la Chambre de commerce canadienne des PME, les entreprises sont actuellement confront\u00e9es \u00e0 trois d\u00e9fis imm\u00e9diats : l&#039;escalade de l&#039;inflation, la hausse des co\u00fbts des intrants et le fardeau des int\u00e9r\u00eats et des dettes. Les petites entreprises, en particulier, subissent le poids d\u2019importantes obligations li\u00e9es \u00e0 la dette.<\/span><\/p>\n<p><span style=\"font-weight: 400;\">L\u2019urgence li\u00e9e \u00e0 l\u2019\u00e9ch\u00e9ance imminente du remboursement a incit\u00e9 les chambres de commerce de l\u2019Atlantique et du Canada \u00e0 agir. Ils ont collabor\u00e9 pour r\u00e9diger une lettre adress\u00e9e \u00e0 la ministre des Finances Freeland, obtenant le soutien des chambres de tout le pays. Cependant, les entreprises individuelles et les b\u00e9n\u00e9ficiaires de pr\u00eats \u00e0 but non lucratif jouent \u00e9galement un r\u00f4le crucial en amplifiant leur voix. S&#039;engager aupr\u00e8s des d\u00e9put\u00e9s locaux et plaider en faveur de d\u00e9lais prolong\u00e9s et de mesures d&#039;all\u00e8gement suppl\u00e9mentaires est de la plus haute importance.<\/span><\/p>\n<p><span style=\"font-weight: 400;\">Les petites entreprises constituent le fondement de l&#039;\u00e9conomie, et en leur accordant des prolongations de d\u00e9lais et des mesures d&#039;all\u00e9gement de la dette, nous contribuerons \u00e0 forger un avenir \u00e9conomique plus r\u00e9silient et plus robuste, non seulement pour Lethbridge mais pour l&#039;ensemble du Canada.<\/span><\/p>\n<h2><span style=\"font-weight: 400;\">Conclusion<\/span><\/h2>\n<p><span style=\"font-weight: 400;\">En conclusion, alors que Lethbridge avance vers la reprise et la reconstruction dans l&#039;\u00e8re post-pand\u00e9mique, l&#039;influence durable du programme de pr\u00eat CUEC reste palpable dans le paysage commercial de la ville. L&#039;aide financi\u00e8re inestimable du CUEC a non seulement aid\u00e9 les entreprises \u00e0 traverser cette p\u00e9riode difficile, mais leur a \u00e9galement conf\u00e9r\u00e9 la capacit\u00e9 d&#039;\u00e9voluer, d&#039;innover et de prosp\u00e9rer face aux d\u00e9fis sans pr\u00e9c\u00e9dent pos\u00e9s par la pand\u00e9mie.<\/span><\/p>\n<p><span style=\"font-weight: 400;\">M\u00eame si la p\u00e9riode de candidature au CUEC touche \u00e0 sa fin, son impact profond perdure. Les entreprises de Lethbridge font preuve de r\u00e9silience et de d\u00e9termination \u00e0 mesure qu&#039;elles progressent, travaillant activement \u00e0 fa\u00e7onner un avenir \u00e9conomique plus brillant et plus prosp\u00e8re.<\/span><\/p>","protected":false},"excerpt":{"rendered":"<p>In Lethbridge&#8217;s dynamic urban environment, the COVID-19 pandemic presented unprecedented challenges for small businesses and nonprofit organizations. In response, the Canadian government introduced the Canada Emergency Business Account (CEBA) loan initiative, providing critical financial support through interest-free loans, with a maximum limit of $60,000, for eligible businesses.\u00a0 This article will explore the impact of the [&hellip;]<\/p>\n","protected":false},"author":2,"featured_media":4920,"parent":0,"menu_order":0,"comment_status":"closed","ping_status":"closed","template":"","meta":{"footnotes":""},"class_list":["post-3659","page","type-page","status-publish","has-post-thumbnail","hentry"],"_links":{"self":[{"href":"https:\/\/ceba.ca\/fr\/wp-json\/wp\/v2\/pages\/3659","targetHints":{"allow":["GET"]}}],"collection":[{"href":"https:\/\/ceba.ca\/fr\/wp-json\/wp\/v2\/pages"}],"about":[{"href":"https:\/\/ceba.ca\/fr\/wp-json\/wp\/v2\/types\/page"}],"author":[{"embeddable":true,"href":"https:\/\/ceba.ca\/fr\/wp-json\/wp\/v2\/users\/2"}],"replies":[{"embeddable":true,"href":"https:\/\/ceba.ca\/fr\/wp-json\/wp\/v2\/comments?post=3659"}],"version-history":[{"count":3,"href":"https:\/\/ceba.ca\/fr\/wp-json\/wp\/v2\/pages\/3659\/revisions"}],"predecessor-version":[{"id":5177,"href":"https:\/\/ceba.ca\/fr\/wp-json\/wp\/v2\/pages\/3659\/revisions\/5177"}],"wp:featuredmedia":[{"embeddable":true,"href":"https:\/\/ceba.ca\/fr\/wp-json\/wp\/v2\/media\/4920"}],"wp:attachment":[{"href":"https:\/\/ceba.ca\/fr\/wp-json\/wp\/v2\/media?parent=3659"}],"curies":[{"name":"wp","href":"https:\/\/api.w.org\/{rel}","templated":true}]}}