{"id":3648,"date":"2023-09-07T03:17:23","date_gmt":"2023-09-07T07:17:23","guid":{"rendered":"http:\/\/ceba.ca\/?page_id=3648"},"modified":"2023-09-07T03:17:23","modified_gmt":"2023-09-07T07:17:23","slug":"ceba-loan-in-saint-jerome","status":"publish","type":"page","link":"https:\/\/ceba.ca\/fr\/ceba-loan-in-saint-jerome\/","title":{"rendered":"Pr\u00eat CUEC \u00e0 Saint-J\u00e9r\u00f4me"},"content":{"rendered":"<p><span style=\"font-weight: 400;\">\u00a0<\/span><span style=\"font-weight: 400;\">\u00c0 travers le paysage en constante \u00e9volution de Saint-J\u00e9r\u00f4me, <a href=\"https:\/\/www.who.int\/health-topics\/coronavirus#tab=tab_1\" target=\"_blank\" rel=\"noopener\">la pand\u00e9mie de COVID-19<\/a> constituait des obstacles sans pr\u00e9c\u00e9dent pour les petites entreprises et les entit\u00e9s \u00e0 but non lucratif. Afin d&#039;\u00e9tendre l&#039;aide financi\u00e8re vitale, l&#039;initiative de pr\u00eat du Compte d&#039;urgence pour les entreprises canadiennes (CUEC) a \u00e9t\u00e9 lanc\u00e9e. Ce programme offrait des pr\u00eats sans int\u00e9r\u00eat, avec une limite maximale de $60 000, aux entreprises \u00e9ligibles.<\/span><\/p>\n<p><span style=\"font-weight: 400;\">Avec cet article, nous approfondirons les effets du pr\u00eat CUEC sur l&#039;\u00e9cosyst\u00e8me d&#039;affaires de Saint-J\u00e9r\u00f4me, d\u00e9cortiquerons les conditions d&#039;\u00e9ligibilit\u00e9 et examinerons les strat\u00e9gies mises en \u0153uvre pour garantir une r\u00e9partition \u00e9quitable de l&#039;aide.<\/span><\/p>\n<p><span style=\"font-weight: 400;\">L&#039;initiative du pr\u00eat CUEC s&#039;est av\u00e9r\u00e9e \u00eatre une bou\u00e9e de sauvetage essentielle pour de nombreuses entreprises de Saint-J\u00e9r\u00f4me, leur permettant de pers\u00e9v\u00e9rer malgr\u00e9 les turbulences de la pand\u00e9mie.<\/span><\/p>\n<p><span style=\"font-weight: 400;\">En donnant acc\u00e8s \u00e0 <a href=\"http:\/\/ceba.ca\/fr\/\">pr\u00eats allant jusqu&#039;\u00e0 $60 000<\/a>, ce programme a permis aux entreprises de faire face \u00e0 des d\u00e9penses critiques, de retenir leur main-d&#039;\u0153uvre et de surmonter avec succ\u00e8s les difficult\u00e9s \u00e9conomiques provoqu\u00e9es par la crise.<\/span><\/p>\n<p><span style=\"font-weight: 400;\"><a href=\"https:\/\/en.wikipedia.org\/wiki\/Saint-J%C3%A9r%C3%B4me\" target=\"_blank\" rel=\"noopener\">Saint-J\u00e9r\u00f4me<\/a> les entreprises souhaitant acc\u00e9der au pr\u00eat CUEC doivent respecter des normes d&#039;admissibilit\u00e9 pr\u00e9cises \u00e9tablies par le gouvernement du Canada.<\/span><\/p>\n<p><span style=\"font-weight: 400;\">Les principales conditions pr\u00e9alables comprennent le maintien d&#039;un compte-ch\u00e8ques ou d&#039;un compte op\u00e9rationnel d&#039;entreprise actif et la preuve de d\u00e9penses \u00e9ligibles non reportables comprises entre $20 000 et $1,5 million pour l&#039;ann\u00e9e 2020.<\/span><\/p>\n<p><span style=\"font-weight: 400;\">Une modification notable est intervenue le 26 octobre 2020, puisque l\u2019ancienne stipulation selon laquelle il fallait avoir un compte d\u2019entreprise actif \u00e0 compter du 1er mars 2020 a \u00e9t\u00e9 supprim\u00e9e. Cette modification a permis aux entreprises \u00e9ligibles de postuler apr\u00e8s avoir ouvert un compte aupr\u00e8s de leur institution financi\u00e8re principale.<\/span><\/p>\n<p><span style=\"font-weight: 400;\">Les emprunteurs admissibles au CUEC de Saint-J\u00e9r\u00f4me qui maintenaient une position favorable avaient la possibilit\u00e9 de b\u00e9n\u00e9ficier d&#039;une remise de pr\u00eat. En r\u00e9glant le solde du pr\u00eat avant le 31 d\u00e9cembre 2023, ils pourraient b\u00e9n\u00e9ficier <a href=\"http:\/\/ceba.ca\/fr\/information\/ceba-forgiveness\/\">pardon jusqu&#039;\u00e0 33 pour cent,<\/a> \u00e9quivalent \u00e0 un maximum de $20.000.<\/span><\/p>\n<p><span style=\"font-weight: 400;\">Cette incitation a fourni aux entreprises une motivation cruciale pour garantir <a href=\"http:\/\/ceba.ca\/fr\/resources\/can-you-defer-your-ceba-repayment-terms\/\">remboursement dans les d\u00e9lais<\/a>, les soulageant ainsi de pressions financi\u00e8res substantielles.<\/span><\/p>\n<p><span style=\"font-weight: 400;\">\u00a0Le programme CUEC a connu un \u00e9largissement le 4 d\u00e9cembre 2020, ce qui a prolong\u00e9 ses b\u00e9n\u00e9fices. Les emprunteurs approuv\u00e9s avaient d\u00e9sormais le droit d&#039;obtenir un pr\u00eat de $60 000, ce qui repr\u00e9sente une augmentation par rapport au pr\u00eat initial de $40 000 CEBA. Cet \u00e9largissement a \u00e9galement permis aux entreprises ayant d\u00e9j\u00e0 obtenu le pr\u00eat initial de postuler \u00e0 l&#039;\u00e9largissement du CUEC, acc\u00e9dant ainsi \u00e0 une aide financi\u00e8re suppl\u00e9mentaire de $20,000.<\/span><\/p>\n<p><span style=\"font-weight: 400;\">Cet \u00e9largissement du programme a constitu\u00e9 une bou\u00e9e de sauvetage pr\u00e9cieuse, fournissant une aide financi\u00e8re suppl\u00e9mentaire aux entreprises confront\u00e9es aux r\u00e9percussions prolong\u00e9es de la pand\u00e9mie.<\/span><\/p>\n<p><span style=\"font-weight: 400;\">La p\u00e9riode de candidature au programme CUEC s&#039;est officiellement ferm\u00e9e le 30 juin 2021 et la p\u00e9riode de financement est termin\u00e9e. Par cons\u00e9quent, aucune nouvelle demande ne peut \u00eatre accept\u00e9e et le programme CUEC n&#039;accordera pas d&#039;aide financi\u00e8re suppl\u00e9mentaire.<\/span><\/p>\n<p><span style=\"font-weight: 400;\">Tous les processus de validation pour les r\u00e9unions <a href=\"http:\/\/ceba.ca\/fr\/information\/who-is-eligible-for-a-ceba-loan\/\">crit\u00e8re d&#039;\u00e9ligibilit\u00e9<\/a> sont termin\u00e9s et les r\u00e9sultats sont d\u00e9sormais d\u00e9finitifs. La p\u00e9riode pour un r\u00e9examen ou une r\u00e9solution plus approfondie est pass\u00e9e, et le programme CUEC n&#039;accepte plus de nouvelles demandes.<\/span><\/p>\n<h2><span style=\"font-weight: 400;\">Une port\u00e9e nationale<\/span><\/h2>\n<p><span style=\"font-weight: 400;\">Le CUEC a \u00e9t\u00e9 rendu accessible par l&#039;interm\u00e9diaire de plus de 220 institutions financi\u00e8res \u00e0 l&#039;\u00e9chelle nationale. Ce vaste r\u00e9seau garantissait que les entreprises non seulement de Saint-J\u00e9r\u00f4me, mais de partout au Canada, disposaient de plusieurs possibilit\u00e9s pour postuler au programme. Cette approche a rationalis\u00e9 le processus de candidature, permettant aux entreprises d&#039;acc\u00e9der efficacement \u00e0 un soutien financier essentiel.<\/span><\/p>\n<h2><span style=\"font-weight: 400;\">Pr\u00eat CUEC \u00e0 Saint-J\u00e9r\u00f4me : lignes directrices en mati\u00e8re de remboursement et remise de dette<\/span><\/h2>\n<p><span style=\"font-weight: 400;\">Pour tous les candidats au CUEC qui r\u00e9pondent aux crit\u00e8res d&#039;\u00e9ligibilit\u00e9 du programme, les modalit\u00e9s de remboursement suivantes s&#039;appliquent \u00e0 la fois aux pr\u00eats initiaux $40 000 et $60 000, ainsi qu&#039;aux <a href=\"http:\/\/ceba.ca\/fr\/information\/is-ceba-extended\/\">Extension $20 000<\/a>:<\/span><\/p>\n<h3><span style=\"font-weight: 400;\">Remboursements et \u00e9ch\u00e9ance<\/span><\/h3>\n<p><span style=\"font-weight: 400;\">\u2013 Aucune exigence de remboursement du capital n\u2019existe avant le 31 d\u00e9cembre 2023.<\/span><\/p>\n<p><span style=\"font-weight: 400;\">\u2013 Apr\u00e8s le 31 d\u00e9cembre 2023, seuls les paiements d\u2019int\u00e9r\u00eats seront n\u00e9cessaires jusqu\u2019\u00e0 ce que la totalit\u00e9 du capital soit exigible au plus tard le 31 d\u00e9cembre 2025.<\/span><\/p>\n<h3><span style=\"font-weight: 400;\">Remise de dette<\/span><\/h3>\n<p><span style=\"font-weight: 400;\">Si le capital impay\u00e9, \u00e0 l\u2019exclusion de tout montant potentiel d\u2019annulation de dette, est enti\u00e8rement rembours\u00e9 d\u2019ici le 31 d\u00e9cembre 2023, le solde du capital restant sera annul\u00e9. Cela d\u00e9pend de la condition qu\u2019aucun d\u00e9faut ne se soit produit dans le cadre de l\u2019accord de pr\u00eat.<\/span><\/p>\n<p><span style=\"font-weight: 400;\">\u00a0Ces modalit\u00e9s de remboursement adaptables et la possibilit\u00e9 d\u2019annulation de dette ont \u00e9t\u00e9 con\u00e7ues pour offrir un soutien et un soulagement financier crucial aux entreprises de Saint-J\u00e9r\u00f4me. Ils permettent \u00e0 ces entreprises de g\u00e9rer efficacement leurs obligations de pr\u00eat dans un contexte \u00e9conomique difficile.<\/span><\/p>\n<p><span style=\"font-weight: 400;\">Gr\u00e2ce \u00e0 l&#039;offre de p\u00e9riodes sans int\u00e9r\u00eat et \u00e0 l&#039;annulation d&#039;une partie du capital en cas de remboursement en temps opportun, le programme CUEC s&#039;efforce de promouvoir la r\u00e9silience et la stabilit\u00e9 \u00e9conomiques au sein de la communaut\u00e9 des affaires locale.<\/span><\/p>\n<h3><span style=\"font-weight: 400;\">Int\u00e9r\u00eat<\/span><\/h3>\n<p><span style=\"font-weight: 400;\">\u2013 Aucun int\u00e9r\u00eat ne sera couru jusqu\u2019au 31 d\u00e9cembre 2023, offrant un taux d\u2019int\u00e9r\u00eat annuel de 0% pendant cette p\u00e9riode.<\/span><\/p>\n<p><span style=\"font-weight: 400;\">\u2013 \u00c0 compter du 1er janvier 2024, un taux d\u2019int\u00e9r\u00eat annuel de 5% s\u2019appliquera.<\/span><\/p>\n<h2><span style=\"font-weight: 400;\">\u00a0Impact sur la r\u00e9silience \u00e9conomique de Saint-J\u00e9r\u00f4me<\/span><\/h2>\n<p><span style=\"font-weight: 400;\">Le programme CUEC a jou\u00e9 un r\u00f4le central dans le renforcement de la r\u00e9silience \u00e9conomique de Saint-J\u00e9r\u00f4me en ces temps difficiles. En accordant un soutien aux entreprises locales au moyen de pr\u00eats, le CUEC a efficacement att\u00e9nu\u00e9 les effets n\u00e9fastes de la pand\u00e9mie sur les op\u00e9rations commerciales, la r\u00e9tention des employ\u00e9s et la stabilit\u00e9 globale de l&#039;\u00e9conomie locale.<\/span><\/p>\n<h2><span style=\"font-weight: 400;\">Appel urgent pour la prolongation du pr\u00eat CUEC \u00e0 Saint-J\u00e9r\u00f4me<\/span><\/h2>\n<p><span style=\"font-weight: 400;\">Alors que le processus de reprise \u00e9conomique apr\u00e8s la pand\u00e9mie de COVID-19 se poursuit, un nombre important de petites entreprises de Saint-J\u00e9r\u00f4me, ainsi que d&#039;innombrables autres partout au Canada, demandent sinc\u00e8rement une prolongation du d\u00e9lai de remboursement de leurs pr\u00eats du Compte d&#039;urgence pour les entreprises canadiennes (CUEC). . Ces entreprises, bien qu\u2019appr\u00e9ciant les efforts du gouvernement pour apporter une aide pendant la pand\u00e9mie, restent tr\u00e8s vuln\u00e9rables au ralentissement \u00e9conomique. Beaucoup d\u2019entre eux se trouvent encore dans une situation financi\u00e8re pr\u00e9caire et d\u00e9pendent fortement de la partie remboursable du pr\u00eat comme bou\u00e9e de sauvetage.<\/span><\/p>\n<p><span style=\"font-weight: 400;\">Selon une analyse r\u00e9cente men\u00e9e par l&#039;Institut de la Chambre de commerce canadienne des PME, l&#039;inflation, la hausse des co\u00fbts des intrants ainsi que le fardeau des int\u00e9r\u00eats et du co\u00fbt de la dette sont les trois d\u00e9fis les plus urgents auxquels sont confront\u00e9es les entreprises. Les petites entreprises, en particulier, sont aux prises avec d\u2019importantes contraintes li\u00e9es \u00e0 l\u2019endettement.<\/span><\/p>\n<p><span style=\"font-weight: 400;\">Le sentiment d\u2019urgence entourant la date limite de remboursement a incit\u00e9 les chambres de commerce de l\u2019Atlantique et du Canada \u00e0 agir. Ils ont r\u00e9dig\u00e9 conjointement une lettre adress\u00e9e \u00e0 la ministre des Finances Freeland, qui a \u00e9t\u00e9 approuv\u00e9e par les chambres de tous les coins du pays. Cependant, les entreprises individuelles et les titulaires de pr\u00eats \u00e0 but non lucratif jouent \u00e9galement un r\u00f4le central en amplifiant leur voix. Il est essentiel de dialoguer avec les d\u00e9put\u00e9s locaux et de plaider en faveur de d\u00e9lais prolong\u00e9s et de mesures d&#039;all\u00e8gement suppl\u00e9mentaires.<\/span><\/p>\n<p><span style=\"font-weight: 400;\">Les petites entreprises sont des moteurs fondamentaux de l&#039;\u00e9conomie, et leur offrir des prolongations et un all\u00e9gement de leur dette contribuera \u00e0 forger un avenir \u00e9conomique plus solide et plus r\u00e9silient, tant pour Saint-J\u00e9r\u00f4me que pour le Canada dans son ensemble.<\/span><\/p>\n<h3><span style=\"font-weight: 400;\">Conclusion<\/span><\/h3>\n<p><span style=\"font-weight: 400;\">Alors que Saint-J\u00e9r\u00f4me emprunte le chemin du r\u00e9tablissement et de la reconstruction dans l&#039;\u00e8re post-pand\u00e9mique, l&#039;impact durable du programme de pr\u00eat CUEC se r\u00e9percute sur le milieu des affaires de la ville. Le soutien financier crucial du CUEC a permis aux entreprises non seulement de survivre, mais aussi de s&#039;adapter, d&#039;innover et de prosp\u00e9rer malgr\u00e9 les d\u00e9fis pr\u00e9sent\u00e9s par cette p\u00e9riode extraordinaire.<\/span><\/p>\n<p><span style=\"font-weight: 400;\">Bien que la p\u00e9riode de candidature au CUEC soit ferm\u00e9e, sa profonde influence perdure. Les entreprises de Saint-J\u00e9r\u00f4me font preuve de r\u00e9silience et vont de l\u2019avant avec d\u00e9termination alors qu\u2019elles travaillent \u00e0 fa\u00e7onner un avenir \u00e9conomique plus brillant et plus prosp\u00e8re.<\/span><\/p>\n<p>&nbsp;<\/p>","protected":false},"excerpt":{"rendered":"<p>\u00a0Through the ever-evolving landscape of Saint-Jerome, the COVID-19 pandemic posed unparalleled obstacles for small enterprises and not-for-profit entities. To extend vital financial assistance, the Canada Emergency Business Account (CEBA) loan initiative was introduced. This program offered interest-free loans, with a maximum limit of $60,000, to qualifying businesses. With this article, we would delve into the [&hellip;]<\/p>\n","protected":false},"author":2,"featured_media":5173,"parent":0,"menu_order":0,"comment_status":"closed","ping_status":"closed","template":"","meta":{"footnotes":""},"class_list":["post-3648","page","type-page","status-publish","has-post-thumbnail","hentry"],"_links":{"self":[{"href":"https:\/\/ceba.ca\/fr\/wp-json\/wp\/v2\/pages\/3648","targetHints":{"allow":["GET"]}}],"collection":[{"href":"https:\/\/ceba.ca\/fr\/wp-json\/wp\/v2\/pages"}],"about":[{"href":"https:\/\/ceba.ca\/fr\/wp-json\/wp\/v2\/types\/page"}],"author":[{"embeddable":true,"href":"https:\/\/ceba.ca\/fr\/wp-json\/wp\/v2\/users\/2"}],"replies":[{"embeddable":true,"href":"https:\/\/ceba.ca\/fr\/wp-json\/wp\/v2\/comments?post=3648"}],"version-history":[{"count":2,"href":"https:\/\/ceba.ca\/fr\/wp-json\/wp\/v2\/pages\/3648\/revisions"}],"predecessor-version":[{"id":5174,"href":"https:\/\/ceba.ca\/fr\/wp-json\/wp\/v2\/pages\/3648\/revisions\/5174"}],"wp:featuredmedia":[{"embeddable":true,"href":"https:\/\/ceba.ca\/fr\/wp-json\/wp\/v2\/media\/5173"}],"wp:attachment":[{"href":"https:\/\/ceba.ca\/fr\/wp-json\/wp\/v2\/media?parent=3648"}],"curies":[{"name":"wp","href":"https:\/\/api.w.org\/{rel}","templated":true}]}}