{"id":3642,"date":"2023-09-07T02:59:11","date_gmt":"2023-09-07T06:59:11","guid":{"rendered":"http:\/\/ceba.ca\/?page_id=3642"},"modified":"2023-09-07T02:59:11","modified_gmt":"2023-09-07T06:59:11","slug":"ceba-loan-in-chicoutimi-jonquiere","status":"publish","type":"page","link":"https:\/\/ceba.ca\/fr\/ceba-loan-in-chicoutimi-jonquiere\/","title":{"rendered":"Pr\u00eat CUEC \u00e0 Chicoutimi-Jonqui\u00e8re"},"content":{"rendered":"<p><span style=\"font-weight: 400;\">Face aux d\u00e9fis pos\u00e9s par la pand\u00e9mie, la communaut\u00e9 d&#039;affaires florissante de Chicoutimi-Jonqui\u00e8re a \u00e9t\u00e9 confront\u00e9e \u00e0 un bouleversement \u00e9conomique sans pr\u00e9c\u00e9dent. En r\u00e9ponse \u00e0 cette situation critique, <a href=\"https:\/\/ceba-cuec.ca\/\" target=\"_blank\" rel=\"noopener\">le Compte d\u2019urgence pour les entreprises canadiennes (CUEC)<\/a> est apparu comme une source d\u2019assistance vitale, apportant une lueur d\u2019espoir en ces temps incertains\u00a0<\/span><\/p>\n<p><span style=\"font-weight: 400;\">Le CUEC, structur\u00e9 pour prolonger <a href=\"http:\/\/ceba.ca\/fr\/\">pr\u00eats garantis par le gouvernement<\/a> aux entreprises, a fourni une bou\u00e9e de sauvetage financi\u00e8re allant jusqu\u2019\u00e0 $40 000 \u2013 $60 000. Cela s\u2019est av\u00e9r\u00e9 \u00eatre une ressource indispensable pour les entreprises qui affrontent le paysage turbulent de la pand\u00e9mie. Le programme (Pr\u00eat CEBA \u00e0 Chicoutimi-Jonqui\u00e8re) a servi de filet de s\u00e9curit\u00e9 financi\u00e8re, permettant aux entreprises de prot\u00e9ger leurs employ\u00e9s, de g\u00e9rer leurs d\u00e9penses op\u00e9rationnelles et de s&#039;adapter rapidement aux conditions du march\u00e9 en constante \u00e9volution.<\/span><\/p>\n<h2><span style=\"font-weight: 400;\">\u00a0Impact sur le paysage \u00e9conomique de Chicoutimi-Jonqui\u00e8re<\/span><\/h2>\n<p><span style=\"font-weight: 400;\">Pendant la pand\u00e9mie mondiale, l\u2019\u00e9conomie de Chicoutimi-Jonqui\u00e8re, englobant des secteurs tels que la fabrication, les soins de sant\u00e9, l\u2019\u00e9ducation et le commerce de d\u00e9tail, a trouv\u00e9 une bou\u00e9e de sauvetage fiable sous la forme de pr\u00eats du CUEC. Face \u00e0 une incertitude \u00e9conomique sans pr\u00e9c\u00e9dent, ces entreprises se sont fortement appuy\u00e9es sur l\u2019aide du CUEC, ce qui a particuli\u00e8rement profit\u00e9 au secteur vital des petites entreprises qui constitue le fondement de Chicoutimi-Jonqui\u00e8re.<\/span><\/p>\n<p><span style=\"font-weight: 400;\">Le CEBA est apparu comme un syst\u00e8me de soutien financier essentiel, permettant \u00e0 ces entreprises de maintenir leurs op\u00e9rations, de fournir des services essentiels et de contribuer de mani\u00e8re significative au bien-\u00eatre de la communaut\u00e9 locale. Le large \u00e9ventail d&#039;entreprises qui ont r\u00e9colt\u00e9 les fruits du CUEC souligne son r\u00f4le central dans la sauvegarde de la sant\u00e9 \u00e9conomique de la r\u00e9gion pendant l&#039;une de ses p\u00e9riodes les plus difficiles.<\/span><\/p>\n<h2><span style=\"font-weight: 400;\">Conditions d&#039;int\u00e9r\u00eat<\/span><\/h2>\n<p><span style=\"font-weight: 400;\">Le pr\u00eat du Compte d\u2019urgence pour les entreprises canadiennes (CUEC) a retenu beaucoup d\u2019attention en raison de ses conditions d\u2019int\u00e9r\u00eat favorables. Dans un premier temps, jusqu&#039;au 31 d\u00e9cembre 2023, les entreprises b\u00e9n\u00e9ficiaient d&#039;un 0% annuel <a href=\"http:\/\/ceba.ca\/fr\/news\/is-ceba-interest-free\/\">taux d&#039;int\u00e9r\u00eat<\/a>. Ce geste strat\u00e9gique visait \u00e0 all\u00e9ger le fardeau financier auquel \u00e9taient confront\u00e9es les entreprises de Chicoutimi-Jonqui\u00e8re lors des premi\u00e8res \u00e9tapes de la reprise \u00e9conomique. Cette p\u00e9riode sans int\u00e9r\u00eat a constitu\u00e9 un coussin financier essentiel, permettant aux entreprises d&#039;affecter leurs ressources \u00e0 la reprise de leurs activit\u00e9s et \u00e0 l&#039;augmentation de leurs revenus.<\/span><\/p>\n<p><span style=\"font-weight: 400;\">\u00c0 partir de 2024, un changement notable s\u2019est produit dans la structure des pr\u00eats du CUEC \u00e0 Chicoutimi-Jonqui\u00e8re. Un taux d&#039;int\u00e9r\u00eat annuel de 5% a \u00e9t\u00e9 introduit, applicable \u00e0 tout solde restant. M\u00eame si l\u2019\u00e8re du taux z\u00e9ro \u00e9tait r\u00e9volue, le taux ult\u00e9rieur restait tr\u00e8s favorable par rapport aux pr\u00eats commerciaux traditionnels. Ce taux d&#039;int\u00e9r\u00eat raisonnable a continu\u00e9 d&#039;offrir une flexibilit\u00e9 financi\u00e8re continue, renfor\u00e7ant l&#039;engagement in\u00e9branlable du CUEC \u00e0 soutenir les entreprises de Chicoutimi-Jonqui\u00e8re pendant les p\u00e9riodes difficiles.<\/span><\/p>\n<p><span style=\"font-weight: 400;\">\u00c0 la suite des d\u00e9fis pos\u00e9s par la pand\u00e9mie, la communaut\u00e9 d&#039;affaires florissante de Chicoutimi-Jonqui\u00e8re a \u00e9t\u00e9 confront\u00e9e \u00e0 une perturbation \u00e9conomique sans pr\u00e9c\u00e9dent. En r\u00e9ponse \u00e0 cette situation d\u00e9sastreuse, le Compte d\u2019urgence pour les entreprises canadiennes (CUEC) s\u2019est impos\u00e9 comme une source de soutien vitale, offrant une lueur d\u2019espoir en ces temps incertains.<\/span><\/p>\n<p><span style=\"font-weight: 400;\">Le CUEC, con\u00e7u pour accorder des pr\u00eats garantis par le gouvernement aux entreprises, offrait une bou\u00e9e de sauvetage financi\u00e8re pouvant atteindre $60 000. Cela s\u2019est av\u00e9r\u00e9 \u00eatre une ressource essentielle pour les entreprises qui naviguent dans le paysage \u00e9conomique turbulent de la pand\u00e9mie. Le programme a fonctionn\u00e9 comme un filet de s\u00e9curit\u00e9 financi\u00e8re, permettant aux entreprises de prot\u00e9ger leurs employ\u00e9s, de g\u00e9rer leurs d\u00e9penses op\u00e9rationnelles et de s&#039;adapter rapidement aux conditions du march\u00e9 en constante \u00e9volution.<\/span><\/p>\n<h2><span style=\"font-weight: 400;\">Pr\u00eat CUEC \u00e0 Chicoutimi-Jonqui\u00e8re : D\u00e9penses d&#039;entreprise\u00a0<\/span><\/h2>\n<h3><span style=\"font-weight: 400;\">1. Imp\u00f4ts fonciers<\/span><\/h3>\n<p><span style=\"font-weight: 400;\">M\u00eame si le rythme soutenu de la propri\u00e9t\u00e9 <a href=\"http:\/\/ceba.ca\/fr\/resources\/can-you-defer-your-ceba-repayment-terms\/\">paiements d&#039;imp\u00f4ts<\/a> pour votre entreprise de Chicoutimi-Jonqui\u00e8re peuvent sembler coh\u00e9rents, ils jouent un r\u00f4le essentiel pour assurer le d\u00e9roulement ininterrompu de vos op\u00e9rations.<\/span><\/p>\n<h3><span style=\"font-weight: 400;\">2. Dettes<\/span><\/h3>\n<p><span style=\"font-weight: 400;\">Semblable \u00e0 ramer \u00e0 contre-courant pour rester \u00e0 flot, les entreprises de Chicoutimi-Jonqui\u00e8re doivent effectuer des paiements r\u00e9guliers pour le service de leur dette. Cette cat\u00e9gorie repr\u00e9sente la force motrice qui fait progresser r\u00e9guli\u00e8rement votre entreprise.<\/span><\/p>\n<h3><span style=\"font-weight: 400;\">3. Contrats et licences<\/span><\/h3>\n<p><span style=\"font-weight: 400;\">\u00c0 Chicoutimi-Jonqui\u00e8re, cette cat\u00e9gorie constitue le fondement de la structure de votre entreprise. Il comprend les paiements aux entrepreneurs ind\u00e9pendants et les frais associ\u00e9s au maintien des licences. Dans cette cat\u00e9gorie, vous trouverez les d\u00e9penses li\u00e9es aux accords contractuels en cours et aux licences essentielles cruciales pour vos op\u00e9rations commerciales.<\/span><\/p>\n<h3><span style=\"font-weight: 400;\">4. Mat\u00e9riaux de production<\/span><\/h3>\n<p><span style=\"font-weight: 400;\">Dans notre analyse des d\u00e9penses des entreprises de Chicoutimi-Jonqui\u00e8re, la derni\u00e8re cat\u00e9gorie concerne les co\u00fbts associ\u00e9s aux mat\u00e9riaux utilis\u00e9s dans vos processus de production. Ces mat\u00e9riaux peuvent \u00eatre compar\u00e9s aux graines \u00e0 partir desquelles fleurissent les r\u00e9sultats de votre travail, servant d\u2019\u00e9l\u00e9ments essentiels \u00e9troitement li\u00e9s \u00e0 la formation de vos produits ou services.<\/span><\/p>\n<h3><span style=\"font-weight: 400;\">5. T\u00e9l\u00e9communications et services publics<\/span><\/h3>\n<p><span style=\"font-weight: 400;\">Cette cat\u00e9gorie constitue le moteur de vos activit\u00e9s entrepreneuriales \u00e0 Chicoutimi-Jonqui\u00e8re. Il couvre les d\u00e9penses essentielles telles que le gaz, le p\u00e9trole, l\u2019\u00e9lectricit\u00e9, l\u2019eau, le t\u00e9l\u00e9phone et Internet \u2013 des \u00e9l\u00e9ments fondamentaux qui assurent le bon fonctionnement de votre entreprise.<\/span><\/p>\n<h3><span style=\"font-weight: 400;\">6. Frais d&#039;assurance<\/span><\/h3>\n<p><span style=\"font-weight: 400;\">Comparable \u00e0 un filet de s\u00e9curit\u00e9 pour un trap\u00e9ziste audacieux, le co\u00fbt de l&#039;assurance \u00e0 Chicoutimi-Jonqui\u00e8re sert de bouclier protecteur pour votre entreprise. Cette cat\u00e9gorie englobe divers types d&#039;assurance, notamment la responsabilit\u00e9 civile, les biens, l&#039;indemnisation des accidents du travail, etc.<\/span><\/p>\n<h2><span style=\"font-weight: 400;\">Remboursement, expansion et pardon du CUEC<\/span><\/h2>\n<p><span style=\"font-weight: 400;\">Dans le contexte des entreprises de Chicoutimi-Jonqui\u00e8re qui cherchaient une aide financi\u00e8re plus importante au-del\u00e0 du montant initial de $40 000, le Compte d&#039;urgence pour les entreprises canadiennes (CUEC) a fourni une bou\u00e9e de sauvetage cruciale sous la forme d&#039;une extension du pr\u00eat de $20 000. Cette prolongation a \u00e9t\u00e9 sp\u00e9cifiquement con\u00e7ue pour aider les entreprises admissibles de Chicoutimi-Jonqui\u00e8re confront\u00e9es \u00e0 des d\u00e9fis uniques. Cependant, comme la plupart des programmes d&#039;aide financi\u00e8re, cet \u00e9largissement \u00e9tait assorti de crit\u00e8res et de d\u00e9lais pr\u00e9cis que les entreprises de Chicoutimi-Jonqui\u00e8re devaient respecter pour acc\u00e9der \u00e0 ce soutien suppl\u00e9mentaire.<\/span><\/p>\n<p><span style=\"font-weight: 400;\">La prolongation du programme de pr\u00eat CUEC souligne son objectif premier : continuer \u00e0 soutenir les entreprises aux prises avec les cons\u00e9quences \u00e9conomiques de la pand\u00e9mie \u00e0 Chicoutimi-Jonqui\u00e8re. Pourtant, il existe une dimension suppl\u00e9mentaire aux pr\u00eats du CUEC qui constitue un puissant incitatif pour les entreprises : l&#039;initiative d&#039;annulation de la dette. Si les entreprises parviennent \u00e0 rembourser le montant de leur capital impay\u00e9 (\u00e0 l&#039;exclusion de la partie \u00e9ligible \u00e0 l&#039;annulation de la dette) en <a href=\"http:\/\/ceba.ca\/fr\/news\/is-ceba-loan-forgiveness-taxable-in-2023\/\">31 d\u00e9cembre 2023<\/a>, le montant principal restant sera de <a href=\"http:\/\/ceba.ca\/fr\/information\/ceba-forgiveness\/\">enti\u00e8rement pardonn\u00e9 \u00e0 Chicoutimi-Jonqui\u00e8re<\/a>.<\/span><\/p>\n<p><span style=\"font-weight: 400;\">Cette disposition agit comme une r\u00e9compense pour les entreprises qui remplissent leurs obligations dans les d\u00e9lais impartis, renfor\u00e7ant ainsi le sentiment de r\u00e9silience que le pr\u00eat CUEC vise \u00e0 inculquer au sein du milieu des affaires en ces temps difficiles.\u00a0<\/span><\/p>\n<h2><span style=\"font-weight: 400;\">Conclusion<\/span><\/h2>\n<p><span style=\"font-weight: 400;\">En r\u00e9sum\u00e9, le programme de pr\u00eat CUEC a consolid\u00e9 sa position comme bou\u00e9e de sauvetage financi\u00e8re cruciale pour les entreprises de Chicoutimi-Jonqui\u00e8re, renfor\u00e7ant ainsi sa r\u00e9putation de pierre angulaire fiable de stabilit\u00e9 et de r\u00e9silience pendant les p\u00e9riodes difficiles. Sa structure soigneusement con\u00e7ue garantit un soutien continu, en mettant fortement l\u2019accent sur la promotion de la reprise et la croissance. Il s\u2019agit d\u2019un t\u00e9moignage convaincant de notre capacit\u00e9 collective \u00e0 nous adapter et \u00e0 endurer face \u00e0 l\u2019adversit\u00e9.<\/span><\/p>","protected":false},"excerpt":{"rendered":"<p>While the challenges posed by the pandemic, Chicoutimi-Jonquiere&#8217;s flourishing business community faced an unprecedented economic upheaval. In response to this critical situation, the Canada Emergency Business Account (CEBA) emerged as a vital source of assistance, shining a ray of hope during uncertain times\u00a0 CEBA, structured to extend government-backed loans to businesses, provided a financial lifeline [&hellip;]<\/p>\n","protected":false},"author":2,"featured_media":5170,"parent":0,"menu_order":0,"comment_status":"closed","ping_status":"closed","template":"","meta":{"footnotes":""},"class_list":["post-3642","page","type-page","status-publish","has-post-thumbnail","hentry"],"_links":{"self":[{"href":"https:\/\/ceba.ca\/fr\/wp-json\/wp\/v2\/pages\/3642","targetHints":{"allow":["GET"]}}],"collection":[{"href":"https:\/\/ceba.ca\/fr\/wp-json\/wp\/v2\/pages"}],"about":[{"href":"https:\/\/ceba.ca\/fr\/wp-json\/wp\/v2\/types\/page"}],"author":[{"embeddable":true,"href":"https:\/\/ceba.ca\/fr\/wp-json\/wp\/v2\/users\/2"}],"replies":[{"embeddable":true,"href":"https:\/\/ceba.ca\/fr\/wp-json\/wp\/v2\/comments?post=3642"}],"version-history":[{"count":5,"href":"https:\/\/ceba.ca\/fr\/wp-json\/wp\/v2\/pages\/3642\/revisions"}],"predecessor-version":[{"id":5172,"href":"https:\/\/ceba.ca\/fr\/wp-json\/wp\/v2\/pages\/3642\/revisions\/5172"}],"wp:featuredmedia":[{"embeddable":true,"href":"https:\/\/ceba.ca\/fr\/wp-json\/wp\/v2\/media\/5170"}],"wp:attachment":[{"href":"https:\/\/ceba.ca\/fr\/wp-json\/wp\/v2\/media?parent=3642"}],"curies":[{"name":"wp","href":"https:\/\/api.w.org\/{rel}","templated":true}]}}