{"id":3640,"date":"2023-09-06T14:34:33","date_gmt":"2023-09-06T18:34:33","guid":{"rendered":"http:\/\/ceba.ca\/?page_id=3640"},"modified":"2023-09-06T14:34:33","modified_gmt":"2023-09-06T18:34:33","slug":"ceba-loan-in-nanaimo","status":"publish","type":"page","link":"https:\/\/ceba.ca\/fr\/ceba-loan-in-nanaimo\/","title":{"rendered":"Pr\u00eat CUEC \u00e0 Nanaimo"},"content":{"rendered":"<p><span style=\"font-weight: 400;\">Au milieu de l\u2019adversit\u00e9 provoqu\u00e9e par la pand\u00e9mie, le secteur commercial florissant de Nanaimo a \u00e9t\u00e9 confront\u00e9 \u00e0 un bouleversement \u00e9conomique sans pr\u00e9c\u00e9dent. En r\u00e9action \u00e0 cette terrible circonstance, <a href=\"https:\/\/ceba-cuec.ca\/\" target=\"_blank\" rel=\"noopener\">le Compte d\u2019urgence pour les entreprises canadiennes (CUEC)<\/a> est apparu comme un pilier de soutien essentiel, apportant une lueur d\u2019optimisme au milieu de l\u2019incertitude.<\/span><\/p>\n<p><span style=\"font-weight: 400;\">Pr\u00eat CEBA \u00e0 Nanaimo, \u00e9quip\u00e9 pour offrir <a href=\"http:\/\/ceba.ca\/fr\/\">pr\u00eats garantis par le gouvernement \u00e0<\/a> entreprises, a prolong\u00e9 une bou\u00e9e de sauvetage pouvant atteindre $60 000. Cela s\u2019est av\u00e9r\u00e9 \u00eatre une ressource essentielle pour les entreprises qui naviguent dans les eaux turbulentes de la pand\u00e9mie. L&#039;initiative a fourni un filet de s\u00e9curit\u00e9 financi\u00e8re, permettant aux entreprises de prot\u00e9ger leur main-d&#039;\u0153uvre, de g\u00e9rer leurs co\u00fbts op\u00e9rationnels et de s&#039;adapter rapidement \u00e0 un paysage de march\u00e9 en constante \u00e9volution.<\/span><\/p>\n<h2><span style=\"font-weight: 400;\">L&#039;impact des pr\u00eats du CUEC sur le paysage \u00e9conomique de Nanaimo<\/span><\/h2>\n<p><span style=\"font-weight: 400;\">Au milieu de la pand\u00e9mie mondiale, l&#039;\u00e9conomie diversifi\u00e9e de Nanaimo, qui couvre divers secteurs, dont la fabrication, les soins de sant\u00e9, l&#039;\u00e9ducation et la vente au d\u00e9tail, a trouv\u00e9 une bou\u00e9e de sauvetage fiable sous la forme de pr\u00eats CUEC. Face \u00e0 une incertitude \u00e9conomique sans pr\u00e9c\u00e9dent, ces entreprises ont fortement compt\u00e9 sur l&#039;aide du CUEC. Le secteur des petites entreprises, souvent consid\u00e9r\u00e9 comme l&#039;\u00e9pine dorsale de l&#039;\u00e9conomie de Nanaimo, en a notamment profit\u00e9.<\/span><\/p>\n<p><span style=\"font-weight: 400;\">Le CUEC a servi de filet de s\u00e9curit\u00e9 financi\u00e8re essentiel, permettant \u00e0 ces entreprises de maintenir leurs op\u00e9rations, de fournir des services essentiels et de contribuer de mani\u00e8re significative au dynamisme de la communaut\u00e9 locale. Le large \u00e9ventail d&#039;entreprises qui ont re\u00e7u le soutien du CEBA souligne son r\u00f4le central dans la sauvegarde du bien-\u00eatre \u00e9conomique de la r\u00e9gion pendant l&#039;une de ses phases les plus difficiles.<\/span><\/p>\n<h2><span style=\"font-weight: 400;\">Pr\u00eat CUEC \u00e0 Nanaimo\u00a0: taux d&#039;int\u00e9r\u00eat<\/span><\/h2>\n<p><span style=\"font-weight: 400;\">Le pr\u00eat du Compte d\u2019urgence pour les entreprises canadiennes (CUEC) a retenu l\u2019attention en raison de sa p\u00e9riode sans int\u00e9r\u00eat judicieusement con\u00e7ue, une caract\u00e9ristique essentielle. Jusqu&#039;au 31 d\u00e9cembre 2023, les entreprises ont b\u00e9n\u00e9fici\u00e9 d&#039;un taux d&#039;int\u00e9r\u00eat annuel de 0%, une strat\u00e9gie d\u00e9lib\u00e9r\u00e9e visant \u00e0 att\u00e9nuer les tensions financi\u00e8res v\u00e9cues par les entreprises pendant les premi\u00e8res phases de la reprise \u00e9conomique de Nanaimo. Ce guichet sans int\u00e9r\u00eat a agi comme un tampon financier vital, permettant aux entreprises de concentrer leurs efforts et leurs ressources sur le r\u00e9tablissement de leurs op\u00e9rations et le rajeunissement de leurs sources de revenus.<\/span><\/p>\n<p><span style=\"font-weight: 400;\">Au d\u00e9but de 2024, un changement s\u2019est produit dans le cadre des pr\u00eats du CUEC \u00e0 Nanaimo. Un taux d&#039;int\u00e9r\u00eat annuel de 5% a \u00e9t\u00e9 introduit, applicable \u00e0 tout solde impay\u00e9. Bien que l\u2019\u00e8re du taux z\u00e9ro ait pris fin, le taux qui en a r\u00e9sult\u00e9 est rest\u00e9 tr\u00e8s favorable par rapport aux pr\u00eats commerciaux conventionnels. Ce taux raisonnable a continu\u00e9 d&#039;offrir une flexibilit\u00e9 financi\u00e8re continue, soulignant l&#039;engagement in\u00e9branlable du CUEC \u00e0 soutenir les entreprises de Nanaimo pendant les p\u00e9riodes difficiles.<\/span><\/p>\n<h2><span style=\"font-weight: 400;\">Cat\u00e9gories de d\u00e9penses non reportables pour l\u2019admissibilit\u00e9 au CUEC \u00e0 Nanaimo<\/span><\/h2>\n<p><span style=\"font-weight: 400;\">Pour parcourir les crit\u00e8res de <a href=\"http:\/\/ceba.ca\/fr\/information\/who-is-eligible-for-a-ceba-loan\/\">Admissibilit\u00e9 au CUEC<\/a> dans <a href=\"https:\/\/en.wikipedia.org\/wiki\/Nanaimo\" target=\"_blank\" rel=\"noopener\">Nana\u00efmo<\/a> en effet, il est essentiel de comprendre les diff\u00e9rentes cat\u00e9gories de d\u00e9penses qui d\u00e9limitent ses limites. Plongeons dans le monde des d\u00e9penses non reportables\u00a0:<\/span><\/p>\n<h3><span style=\"font-weight: 400;\">1. Mat\u00e9riaux de production<\/span><\/h3>\n<p><span style=\"font-weight: 400;\">Cette derni\u00e8re cat\u00e9gorie de notre examen des d\u00e9penses d&#039;entreprise de Nanaimo concerne les co\u00fbts associ\u00e9s aux mat\u00e9riaux utilis\u00e9s dans votre processus de production. Ces mat\u00e9riaux peuvent \u00eatre assimil\u00e9s aux graines \u00e0 partir desquelles poussent les fruits de votre travail, repr\u00e9sentant les composants essentiels directement li\u00e9s \u00e0 la cr\u00e9ation de vos produits ou services.<\/span><\/p>\n<h3><span style=\"font-weight: 400;\">2. D\u00e9penses professionnelles \u00e0 Nanaimo<\/span><\/h3>\n<h4><span style=\"font-weight: 400;\">1. <\/span>Accords et licences<\/h4>\n<p><span style=\"font-weight: 400;\">\u00c0 Nanaimo, cette cat\u00e9gorie constitue le fondement de votre cadre commercial. Il comprend les paiements aux entrepreneurs ind\u00e9pendants et les frais associ\u00e9s au maintien des licences. Dans cette cat\u00e9gorie, vous trouverez les d\u00e9penses li\u00e9es aux accords contractuels en cours et aux licences essentielles cruciales pour vos op\u00e9rations commerciales.<\/span><\/p>\n<h4><span style=\"font-weight: 400;\">2. <\/span><span style=\"font-family: inherit; font-size: 24px; font-style: inherit;\">Dettes\u00a0<\/span><\/h4>\n<p><span style=\"font-weight: 400;\">Tout comme il est n\u00e9cessaire de ramer \u00e0 contre-courant pour rester \u00e0 flot, les entreprises de Nanaimo doivent effectuer des paiements r\u00e9guliers pour le service de leur dette. Cette cat\u00e9gorie repr\u00e9sente les rames qui propulsent votre bateau d&#039;affaires vers l&#039;avant de mani\u00e8re constante.<\/span><\/p>\n<h4><span style=\"font-weight: 400;\">3. <\/span>Imp\u00f4ts fonciers<\/h4>\n<p><span style=\"font-weight: 400;\">Alors que la propri\u00e9t\u00e9 <a href=\"http:\/\/ceba.ca\/fr\/tools\/understanding-td-ceba-loan-repayment\/\">paiements d&#039;imp\u00f4ts<\/a> pour votre entreprise \u00e0 Nanaimo peut sembler un rythme constant, ils sont essentiels pour assurer le bon d\u00e9roulement de vos op\u00e9rations.<\/span><\/p>\n<h4><span style=\"font-weight: 400;\">4. T\u00e9l\u00e9communications et services publics\u00a0<\/span><\/h4>\n<p><span style=\"font-weight: 400;\">Cette cat\u00e9gorie sert de carburant \u00e0 vos efforts entrepreneuriaux \u00e0 Nanaimo. Il comprend les d\u00e9penses essentielles telles que le gaz, le p\u00e9trole, l\u2019\u00e9lectricit\u00e9, l\u2019eau, le t\u00e9l\u00e9phone et Internet, qui sont des \u00e9l\u00e9ments fondamentaux pour le bon fonctionnement de votre entreprise.<\/span><\/p>\n<h4><span style=\"font-weight: 400;\">5. D\u00e9penses d&#039;assurance<\/span><\/h4>\n<p><span style=\"font-weight: 400;\">Semblables \u00e0 un filet de s\u00e9curit\u00e9 prot\u00e9geant un trap\u00e9ziste audacieux, les co\u00fbts d\u2019assurance \u00e0 Nanaimo prot\u00e8gent votre entreprise. Cette cat\u00e9gorie couvre divers types d&#039;assurance, notamment la responsabilit\u00e9 civile, les biens, l&#039;indemnisation des accidents du travail, etc.<\/span><\/p>\n<h3><span style=\"font-weight: 400;\">3. Loyer et paiements de location<\/span><\/h3>\n<p><span style=\"font-weight: 400;\">\u00a0\u00a0\u00a0Pensez aux espaces physiques de Nanaimo o\u00f9 vos r\u00eaves et vos innovations prennent vie. Cette cat\u00e9gorie comprend les d\u00e9penses li\u00e9es \u00e0 la location ou \u00e0 la location de biens immobiliers et de biens d&#039;\u00e9quipement essentiels. Il s\u2019agit de la deuxi\u00e8me cat\u00e9gorie essentielle de d\u00e9penses non reportables.<\/span><\/p>\n<h3><span style=\"font-weight: 400;\">4. Salaires et d\u00e9penses d&#039;emploi<\/span><\/h3>\n<p><span style=\"font-weight: 400;\">\u00a0\u00a0\u00a0Ces d\u00e9penses constituent l&#039;\u00e9l\u00e9ment vital de toute organisation, englobant les d\u00e9caissements \u00e0 des tiers \u00e0 des fins li\u00e9es \u00e0 l&#039;emploi. Dans cette cat\u00e9gorie se trouvent les salaires, les allocations et les avantages sociaux, qui constituent tous des d\u00e9penses vitales qui soutiennent le c\u0153ur de votre entreprise bas\u00e9e \u00e0 Nanaimo.<\/span><span style=\"font-weight: 400;\">\u00a0<\/span><\/p>\n<h2><span style=\"font-weight: 400;\">Remboursement, expansion et pardon du CUEC<\/span><\/h2>\n<p><span style=\"font-weight: 400;\">Pour les entreprises bas\u00e9es \u00e0 Nanaimo ayant besoin d&#039;une aide financi\u00e8re sup\u00e9rieure \u00e0 l&#039;aide financi\u00e8re initiale de 40 000 $, le Compte d&#039;urgence pour les entreprises canadiennes (CUEC) a fourni une bou\u00e9e de sauvetage cruciale gr\u00e2ce \u00e0 une expansion du pr\u00eat de $20 000. Cette prolongation a \u00e9t\u00e9 sp\u00e9cialement con\u00e7ue pour aider les entreprises admissibles confront\u00e9es \u00e0 des difficult\u00e9s \u00e0 Nanaimo. Cependant, comme la plupart des programmes d&#039;aide financi\u00e8re, cette expansion \u00e9tait assortie de crit\u00e8res et de d\u00e9lais sp\u00e9cifiques que les entreprises de Nanaimo devaient respecter pour acc\u00e9der \u00e0 ce soutien suppl\u00e9mentaire.<\/span><\/p>\n<p><span style=\"font-weight: 400;\">Le raffinement du programme de pr\u00eats du CUEC souligne son objectif principal : fournir une aide continue aux entreprises alors qu&#039;elles sont aux prises avec les r\u00e9percussions \u00e9conomiques de la pand\u00e9mie \u00e0 Nanaimo. Pourtant, les pr\u00eats du CUEC comportent une dimension suppl\u00e9mentaire qui agit comme un puissant incitatif pour les entreprises : l&#039;initiative d&#039;annulation de la dette. Si les entreprises parviennent \u00e0 rembourser leur principal impay\u00e9<a href=\"http:\/\/ceba.ca\/fr\/news\/is-ceba-loan-forgiveness-taxable-in-2023\/\"> (hors part potentiellement \u00e9ligible \u00e0 l\u2019effacement de dette) d\u2019ici le 31 d\u00e9cembre 2023<\/a>, le montant principal restant sera enti\u00e8rement annul\u00e9 \u00e0 Nanaimo.<\/span><\/p>\n<p><span style=\"font-weight: 400;\">Cette disposition agit comme une r\u00e9compense pour les entreprises qui respectent leurs engagements dans les d\u00e9lais impartis, renfor\u00e7ant ainsi le sentiment de r\u00e9silience que le pr\u00eat CUEC vise \u00e0 inculquer au sein du milieu des affaires en ces temps difficiles.<\/span><\/p>\n<h2>Conclusion<\/h2>\n<p><span style=\"font-weight: 400;\">Dans l\u2019ensemble, le programme de pr\u00eats CUEC s\u2019est impos\u00e9 comme une bou\u00e9e de sauvetage financi\u00e8re essentielle pour les entreprises de Nanaimo, renfor\u00e7ant ainsi sa position en tant que source fiable de stabilit\u00e9 et de r\u00e9silience face aux d\u00e9fis. Sa structure soigneusement con\u00e7ue garantit une assistance continue, en mettant fortement l\u2019accent sur la promotion du redressement et l\u2019expansion. Il s\u2019agit d\u2019un t\u00e9moignage convaincant de notre r\u00e9silience collective et de notre adaptabilit\u00e9 en p\u00e9riode d\u2019adversit\u00e9.<\/span><\/p>","protected":false},"excerpt":{"rendered":"<p>Amidst the adversity posed by the pandemic, Nanaimo&#8217;s flourishing business sector encountered an unparalleled economic upheaval. In reaction to this dire circumstance, the Canada Emergency Business Account (CEBA) emerged as an essential pillar of support, shining a ray of optimism in the midst of uncertainty. CEBA Loan in Nanaimo, equipped to offer government-backed loans to [&hellip;]<\/p>\n","protected":false},"author":2,"featured_media":5168,"parent":0,"menu_order":0,"comment_status":"closed","ping_status":"closed","template":"","meta":{"footnotes":""},"class_list":["post-3640","page","type-page","status-publish","has-post-thumbnail","hentry"],"_links":{"self":[{"href":"https:\/\/ceba.ca\/fr\/wp-json\/wp\/v2\/pages\/3640","targetHints":{"allow":["GET"]}}],"collection":[{"href":"https:\/\/ceba.ca\/fr\/wp-json\/wp\/v2\/pages"}],"about":[{"href":"https:\/\/ceba.ca\/fr\/wp-json\/wp\/v2\/types\/page"}],"author":[{"embeddable":true,"href":"https:\/\/ceba.ca\/fr\/wp-json\/wp\/v2\/users\/2"}],"replies":[{"embeddable":true,"href":"https:\/\/ceba.ca\/fr\/wp-json\/wp\/v2\/comments?post=3640"}],"version-history":[{"count":3,"href":"https:\/\/ceba.ca\/fr\/wp-json\/wp\/v2\/pages\/3640\/revisions"}],"predecessor-version":[{"id":5169,"href":"https:\/\/ceba.ca\/fr\/wp-json\/wp\/v2\/pages\/3640\/revisions\/5169"}],"wp:featuredmedia":[{"embeddable":true,"href":"https:\/\/ceba.ca\/fr\/wp-json\/wp\/v2\/media\/5168"}],"wp:attachment":[{"href":"https:\/\/ceba.ca\/fr\/wp-json\/wp\/v2\/media?parent=3640"}],"curies":[{"name":"wp","href":"https:\/\/api.w.org\/{rel}","templated":true}]}}