{"id":3638,"date":"2023-08-31T12:48:53","date_gmt":"2023-08-31T16:48:53","guid":{"rendered":"http:\/\/ceba.ca\/?page_id=3638"},"modified":"2023-08-31T12:48:53","modified_gmt":"2023-08-31T16:48:53","slug":"ceba-loan-in-white-rock","status":"publish","type":"page","link":"https:\/\/ceba.ca\/fr\/ceba-loan-in-white-rock\/","title":{"rendered":"Pr\u00eat CUEC \u00e0 White Rock"},"content":{"rendered":"<p><span style=\"font-weight: 400;\">Pendant les temps difficiles provoqu\u00e9s par la pand\u00e9mie, la communaut\u00e9 d\u2019affaires florissante de White Rock a \u00e9t\u00e9 confront\u00e9e \u00e0 une crise \u00e9conomique sans pr\u00e9c\u00e9dent. En r\u00e9ponse \u00e0 cette situation d\u00e9sastreuse, le Compte d\u2019urgence pour les entreprises canadiennes (CUEC) est apparu comme une source de soutien cruciale, offrant une lueur d\u2019espoir dans l\u2019obscurit\u00e9.<\/span><span style=\"font-weight: 400;\">\u00a0<\/span><\/p>\n<p><span style=\"font-weight: 400;\">Le pr\u00eat du CUEC \u00e0 White Rock, dot\u00e9 de la capacit\u00e9 d&#039;accorder aux entreprises des pr\u00eats garantis par le gouvernement pouvant atteindre $60 000, a servi de bou\u00e9e de sauvetage vitale pour les entreprises naviguant dans ces eaux turbulentes. Cette initiative a fourni un filet de s\u00e9curit\u00e9 financi\u00e8re, permettant aux entreprises de pr\u00e9server leur main-d&#039;\u0153uvre, de g\u00e9rer leurs d\u00e9penses op\u00e9rationnelles et de s&#039;adapter rapidement aux conditions du march\u00e9 en constante \u00e9volution.<\/span><\/p>\n<h2><span style=\"font-weight: 400;\">L&#039;influence des pr\u00eats du CUEC sur l&#039;\u00e9conomie de White Rock<\/span><\/h2>\n<p><span style=\"font-weight: 400;\">Pendant la pand\u00e9mie mondiale, l&#039;\u00e9conomie diversifi\u00e9e de White Rock, englobant les secteurs de la fabrication, de la sant\u00e9, de l&#039;\u00e9ducation et de la vente au d\u00e9tail, a d\u00e9couvert un syst\u00e8me de soutien fiable sous la forme de <a href=\"http:\/\/ceba.ca\/fr\/ceba-loan\/\">Pr\u00eats CUEC<\/a>. Au milieu des turbulences \u00e9conomiques de l&#039;\u00e9poque, ces entreprises ont grandement compt\u00e9 sur l&#039;aide du CUEC alors qu&#039;elles faisaient face \u00e0 un ralentissement sans pr\u00e9c\u00e9dent. En particulier, le secteur des petites entreprises, souvent consid\u00e9r\u00e9 comme l&#039;\u00e9l\u00e9ment vital de l&#039;\u00e9conomie de White Rock, en a tir\u00e9 des avantages consid\u00e9rables.<\/span><\/p>\n<p><span style=\"font-weight: 400;\">Le CEBA a fonctionn\u00e9 comme un filet de s\u00e9curit\u00e9 financi\u00e8re crucial, permettant \u00e0 ces entreprises de maintenir leurs op\u00e9rations, de fournir des services essentiels et de contribuer \u00e0 la vitalit\u00e9 de la communaut\u00e9 locale. Le large \u00e9ventail d&#039;entreprises qui ont b\u00e9n\u00e9fici\u00e9 du CUEC souligne son r\u00f4le central dans le maintien du bien-\u00eatre \u00e9conomique de la r\u00e9gion pendant l&#039;une de ses phases les plus difficiles.<\/span><\/p>\n<h2><span style=\"font-weight: 400;\">Taux d&#039;int\u00e9r\u00eat<\/span><\/h2>\n<p><span style=\"font-weight: 400;\">Le pr\u00eat du Compte d\u2019urgence pour les entreprises canadiennes (CUEC) s\u2019est d\u00e9marqu\u00e9 par sa phase sans int\u00e9r\u00eat bien planifi\u00e9e, un \u00e9l\u00e9ment cl\u00e9. Jusqu&#039;au 31 d\u00e9cembre 2023, les entreprises b\u00e9n\u00e9ficiaient d&#039;un taux d&#039;int\u00e9r\u00eat annuel de 0%, une mesure d\u00e9lib\u00e9r\u00e9e visant \u00e0 att\u00e9nuer les pressions financi\u00e8res auxquelles les entreprises \u00e9taient confront\u00e9es au cours des premi\u00e8res \u00e9tapes de reprise \u00e9conomique de White Rock. Cette p\u00e9riode sans int\u00e9r\u00eat a constitu\u00e9 un coussin financier crucial, permettant aux entreprises de concentrer leurs efforts et leurs ressources sur le r\u00e9tablissement de leurs activit\u00e9s et la revitalisation de leurs sources de revenus.<\/span><span style=\"font-weight: 400;\">\u00a0<\/span><\/p>\n<p><span style=\"font-weight: 400;\">\u00c0 l\u2019aube de 2024, un changement s\u2019est produit dans la structure des pr\u00eats du CUEC \u00e0 White Rock. Un taux d&#039;int\u00e9r\u00eat annuel de 5% a \u00e9t\u00e9 introduit, applicable \u00e0 tout solde impay\u00e9. M\u00eame si l\u2019\u00e8re du taux z\u00e9ro \u00e9tait termin\u00e9e, le taux ult\u00e9rieur restait tr\u00e8s avantageux par rapport aux pr\u00eats commerciaux traditionnels. Ce taux raisonnable a continu\u00e9 de fournir une flexibilit\u00e9 financi\u00e8re continue, d\u00e9montrant l&#039;engagement in\u00e9branlable du CUEC \u00e0 soutenir les entreprises de White Rock pendant les p\u00e9riodes difficiles.<\/span><\/p>\n<h2><span style=\"font-weight: 400;\">Cat\u00e9gories de d\u00e9penses non reportables pour le pr\u00eat CUEC \u00e0 White Rock<\/span><\/h2>\n<p><span style=\"font-weight: 400;\">Tandis que nous naviguons dans <a href=\"http:\/\/ceba.ca\/fr\/information\/who-is-eligible-for-a-ceba-loan\/\">Aper\u00e7u de l\u2019admissibilit\u00e9 au CUEC \u00e0 White Rock<\/a>, il est essentiel de saisir les diverses cat\u00e9gories de d\u00e9penses qui d\u00e9finissent ses param\u00e8tres. Attachez votre ceinture et embarquez pour un vaste voyage \u00e0 travers le domaine des d\u00e9penses non reportables.<\/span><\/p>\n<h3><span style=\"font-weight: 400;\">1. Mat\u00e9riaux de production<\/span><\/h3>\n<p><span style=\"font-weight: 400;\">Cette derni\u00e8re cat\u00e9gorie de notre exploration des co\u00fbts commerciaux de White Rock concerne les d\u00e9penses engag\u00e9es pour les mat\u00e9riaux utilis\u00e9s dans votre processus de production. Ces mat\u00e9riaux s\u2019apparentent aux graines qui poussent et deviennent les fruits de votre travail, repr\u00e9sentant les composants essentiels directement li\u00e9s \u00e0 la cr\u00e9ation de vos produits ou services.<\/span><\/p>\n<h3><span style=\"font-weight: 400;\">2. Dettes<\/span><\/h3>\n<p><span style=\"font-weight: 400;\">Tout comme il est n\u00e9cessaire de ramer \u00e0 contre-courant pour rester \u00e0 flot, les entreprises de White Rock\u00a0<\/span><span style=\"font-weight: 400;\">doit effectuer des paiements r\u00e9guliers pour le service de la dette. Cette cat\u00e9gorie repr\u00e9sente les rames qui propulsent votre bateau d&#039;affaires vers l&#039;avant de mani\u00e8re constante.<\/span><\/p>\n<p><span style=\"font-weight: 400;\">Frais d&#039;assurance : Tout comme un filet de s\u00e9curit\u00e9 prot\u00e8ge un trap\u00e9ziste audacieux, les frais d&#039;assurance li\u00e9s \u00e0 votre entreprise \u00e0 White Rock servent de bouclier protecteur. Cette cat\u00e9gorie comprend divers types d&#039;assurance, tels que la responsabilit\u00e9 civile, les biens, l&#039;indemnisation des accidents du travail, etc.<\/span><span style=\"font-weight: 400;\">\u00a0<\/span><\/p>\n<h3><span style=\"font-weight: 400;\">3. Imp\u00f4ts fonciers<\/span><\/h3>\n<p><span style=\"font-weight: 400;\">Les fonds allou\u00e9s aux taxes fonci\u00e8res concernant l&#039;emplacement de votre entreprise peuvent sembler un rythme constant \u00e0 White Rock, mais ces paiements sont essentiels au bon d\u00e9roulement de vos op\u00e9rations.<\/span><\/p>\n<h3><span style=\"font-weight: 400;\">4. Loyer et paiements de location<\/span><\/h3>\n<p><span style=\"font-weight: 400;\">Imaginez les espaces physiques qui abritent vos r\u00eaves et vos id\u00e9es \u00e0 White Rock. Cette cat\u00e9gorie englobe les co\u00fbts associ\u00e9s \u00e0 la location ou \u00e0 la location de biens immobiliers et d&#039;\u00e9quipements essentiels, formant la deuxi\u00e8me cat\u00e9gorie cruciale de d\u00e9penses non reportables.<\/span><\/p>\n<h3><span style=\"font-weight: 400;\">5. Accords et licences<\/span><\/h3>\n<p><span style=\"font-weight: 400;\">\u00c0 White Rock, cette cat\u00e9gorie sert de fondement \u00e0 votre cadre commercial. Il comprend les paiements effectu\u00e9s aux entrepreneurs ind\u00e9pendants et les frais associ\u00e9s au maintien des licences. Dans cette cat\u00e9gorie, vous trouverez les d\u00e9penses li\u00e9es aux accords contractuels en cours et aux licences essentielles qui sont cruciales pour vos op\u00e9rations commerciales.<\/span><\/p>\n<h3><span style=\"font-weight: 400;\">6. T\u00e9l\u00e9communications et services publics\u00a0<\/span><\/h3>\n<p><span style=\"font-weight: 400;\">Cette cat\u00e9gorie sert de carburant qui alimente vos efforts entrepreneuriaux \u00e0 White Rock. Il englobe les d\u00e9penses essentielles telles que le gaz, le p\u00e9trole, l\u2019\u00e9lectricit\u00e9, l\u2019eau, le t\u00e9l\u00e9phone et l\u2019Internet, les \u00e9l\u00e9ments fondamentaux qui assurent le bon fonctionnement de votre entreprise.<\/span><\/p>\n<h3><span style=\"font-weight: 400;\">7. Salaires et d\u00e9penses d&#039;emploi<\/span><\/h3>\n<p><span style=\"font-weight: 400;\">\u00a0Ces d\u00e9penses repr\u00e9sentent l&#039;\u00e9l\u00e9ment vital de toute organisation, englobant les paiements effectu\u00e9s \u00e0 des tiers \u00e0 des fins d&#039;emploi. Cette cat\u00e9gorie comprend les salaires, les allocations et les avantages sociaux des employ\u00e9s, qui constituent des d\u00e9penses indispensables qui soutiennent le c\u0153ur de votre entreprise \u00e0 White Rock.<\/span><\/p>\n<h1><span style=\"font-weight: 400;\">Remboursement, expansion et pardon du CUEC<\/span><\/h1>\n<p><span style=\"font-weight: 400;\">Pour les entreprises de White Rock n\u00e9cessitant plus que le montant initial de $40,000 en <a href=\"https:\/\/ceba-cuec.ca\/\" target=\"_blank\" rel=\"noopener\">aide financi\u00e8re<\/a>, le Compte d\u2019urgence pour les entreprises canadiennes (CUEC) a offert une bou\u00e9e de sauvetage <a href=\"http:\/\/ceba.ca\/fr\/information\/is-ceba-extended\/\">sous forme d&#039;extension de pr\u00eat $20 000<\/a>. Cette prolongation a \u00e9t\u00e9 con\u00e7ue pour aider les entreprises admissibles confront\u00e9es \u00e0 des difficult\u00e9s \u00e0 White Rock. Cependant, comme la plupart des programmes d&#039;aide financi\u00e8re, cette expansion \u00e9tait accompagn\u00e9e de crit\u00e8res et de d\u00e9lais sp\u00e9cifiques que les entreprises de White Rock devaient respecter pour profiter de ce soutien suppl\u00e9mentaire.<\/span><\/p>\n<p><span style=\"font-weight: 400;\">\u00a0<\/span><span style=\"font-weight: 400;\">Le raffinement du programme de pr\u00eat CUEC souligne son objectif principal : offrir une aide continue aux entreprises alors qu&#039;elles sont aux prises avec les cons\u00e9quences \u00e9conomiques de la pand\u00e9mie \u00e0 White Rock. Cependant, une autre facette des pr\u00eats du CUEC est un puissant incitatif pour les entreprises : l\u2019initiative d\u2019annulation de la dette. Si <a href=\"http:\/\/ceba.ca\/fr\/ceba-loan-repayment\/\">les entreprises peuvent rembourser<\/a> leur montant en principal restant d\u00fb (hors part potentiellement \u00e9ligible \u00e0 l\u2019annulation de dette) d\u2019ici le 31 d\u00e9cembre 2023, le <a href=\"http:\/\/ceba.ca\/fr\/information\/ceba-forgiveness\/\">le montant principal restant sera enti\u00e8rement annul\u00e9<\/a> \u00e0 Roche Blanche.<\/span><\/p>\n<p><span style=\"font-weight: 400;\">\u00a0<\/span><span style=\"font-weight: 400;\">Cette disposition r\u00e9compense les entreprises qui respectent leurs engagements dans les d\u00e9lais impartis, renfor\u00e7ant ainsi le sentiment de r\u00e9silience que le pr\u00eat CUEC vise \u00e0 favoriser au sein du milieu des affaires en ces temps difficiles.<\/span><\/p>\n<h2>Conclusion<\/h2>\n<p><span style=\"font-weight: 400;\">En conclusion, le programme de pr\u00eats CUEC est devenu un v\u00e9ritable outil<\/span><span style=\"font-weight: 400;\">Une bou\u00e9e de sauvetage financi\u00e8re indispensable pour les entreprises de White Rock, s&#039;imposant comme un pilier in\u00e9branlable de stabilit\u00e9 et de r\u00e9silience au milieu de l&#039;adversit\u00e9. Son cadre soigneusement con\u00e7u garantit un soutien continu en mettant clairement l\u2019accent sur la facilitation de la reprise et la promotion de la croissance. Il s\u2019agit d\u2019un brillant t\u00e9moignage de notre force collective et de notre capacit\u00e9 d\u2019adaptation en p\u00e9riode difficile.<\/span><\/p>","protected":false},"excerpt":{"rendered":"<p>During the challenging times brought forth by the pandemic, White Rock&#8217;s thriving business community faced an unprecedented economic crisis. In response to this dire situation, the Canada Emergency Business Account (CEBA) emerged as a crucial source of support, offering a glimmer of hope amidst the darkness.\u00a0 CEBA loan in White Rock, armed with the capability [&hellip;]<\/p>\n","protected":false},"author":2,"featured_media":4905,"parent":0,"menu_order":0,"comment_status":"closed","ping_status":"closed","template":"","meta":{"footnotes":""},"class_list":["post-3638","page","type-page","status-publish","has-post-thumbnail","hentry"],"_links":{"self":[{"href":"https:\/\/ceba.ca\/fr\/wp-json\/wp\/v2\/pages\/3638","targetHints":{"allow":["GET"]}}],"collection":[{"href":"https:\/\/ceba.ca\/fr\/wp-json\/wp\/v2\/pages"}],"about":[{"href":"https:\/\/ceba.ca\/fr\/wp-json\/wp\/v2\/types\/page"}],"author":[{"embeddable":true,"href":"https:\/\/ceba.ca\/fr\/wp-json\/wp\/v2\/users\/2"}],"replies":[{"embeddable":true,"href":"https:\/\/ceba.ca\/fr\/wp-json\/wp\/v2\/comments?post=3638"}],"version-history":[{"count":4,"href":"https:\/\/ceba.ca\/fr\/wp-json\/wp\/v2\/pages\/3638\/revisions"}],"predecessor-version":[{"id":4907,"href":"https:\/\/ceba.ca\/fr\/wp-json\/wp\/v2\/pages\/3638\/revisions\/4907"}],"wp:featuredmedia":[{"embeddable":true,"href":"https:\/\/ceba.ca\/fr\/wp-json\/wp\/v2\/media\/4905"}],"wp:attachment":[{"href":"https:\/\/ceba.ca\/fr\/wp-json\/wp\/v2\/media?parent=3638"}],"curies":[{"name":"wp","href":"https:\/\/api.w.org\/{rel}","templated":true}]}}