{"id":3636,"date":"2023-08-31T12:35:40","date_gmt":"2023-08-31T16:35:40","guid":{"rendered":"http:\/\/ceba.ca\/?page_id=3636"},"modified":"2023-08-31T12:35:40","modified_gmt":"2023-08-31T16:35:40","slug":"ceba-loan-in-moncton","status":"publish","type":"page","link":"https:\/\/ceba.ca\/fr\/ceba-loan-in-moncton\/","title":{"rendered":"Pr\u00eat CUEC \u00e0 Moncton"},"content":{"rendered":"<p><span style=\"font-weight: 400;\">Alors que la pand\u00e9mie \u00e9tendait son emprise d\u00e9sastreuse, le commerce dynamique de Moncton s&#039;est retrouv\u00e9 aux prises avec la temp\u00eate \u00e9conomique sans pr\u00e9c\u00e9dent qui a suivi dans son sillage. Le Compte d\u2019urgence pour les entreprises canadiennes, ou pr\u00eat CUEC \u00e0 Moncton, a brill\u00e9 comme un phare en cette heure sombre, ouvrant la voie \u00e0 la r\u00e9silience.<\/span><\/p>\n<p><span style=\"font-weight: 400;\">Dot\u00e9 du pouvoir d&#039;offrir aux entreprises jusqu&#039;\u00e0 $60 000 en <a href=\"http:\/\/ceba.ca\/fr\/\">pr\u00eats garantis par le gouvernement<\/a>, cette initiative est effectivement devenue une bou\u00e9e de sauvetage pour ceux qui naviguent dans ces eaux troubles. Il a fourni un coussin financier qui a permis aux entreprises de conserver leur capital humain intact, de g\u00e9rer leurs frais g\u00e9n\u00e9raux et de s&#039;adapter de mani\u00e8re dynamique aux \u00e9volutions du march\u00e9.<\/span><\/p>\n<h2><span style=\"font-weight: 400;\">L\u2019impact du pr\u00eat CUEC<\/span><span style=\"font-weight: 400;\"><br \/>\n<\/span><\/h2>\n<p><span style=\"font-weight: 400;\">Face \u00e0 une pand\u00e9mie mondiale, l&#039;\u00e9conomie aux multiples facettes de Moncton, avec des entreprises \u00e0 cheval sur divers secteurs comme la fabrication, les soins de sant\u00e9, l&#039;\u00e9ducation et la vente au d\u00e9tail, a trouv\u00e9 un pilier r\u00e9silient sous la forme de pr\u00eats du CUEC. En cette \u00e9poque de turbulences, ces entreprises comptaient largement sur le soutien apport\u00e9 par <a href=\"https:\/\/ceba-cuec.ca\/\" target=\"_blank\" rel=\"noopener\">CUEC<\/a>, alors qu\u2019ils \u00e9taient confront\u00e9s \u00e0 un ralentissement \u00e9conomique sans pr\u00e9c\u00e9dent. Le secteur des petites entreprises, souvent consid\u00e9r\u00e9 comme l&#039;\u00e9l\u00e9ment vital de l&#039;\u00e9conomie de Moncton, a particuli\u00e8rement r\u00e9colt\u00e9 d&#039;\u00e9normes b\u00e9n\u00e9fices.<\/span><\/p>\n<p><span style=\"font-weight: 400;\">Avec le CEBA comme filet de s\u00e9curit\u00e9 financi\u00e8re, ces entreprises ont r\u00e9ussi \u00e0 garder le cap, continuant \u00e0 fournir des services essentiels et \u00e0 contribuer au dynamisme de la communaut\u00e9 locale. Le large \u00e9ventail d&#039;entreprises que le CUEC a rejoint souligne son r\u00f4le d\u00e9terminant dans le maintien de la sant\u00e9 \u00e9conomique de la r\u00e9gion pendant l&#039;une de ses p\u00e9riodes les plus difficiles.<\/span><\/p>\n<h2><span style=\"font-weight: 400;\">Int\u00e9r\u00eat<\/span><\/h2>\n<p><span style=\"font-weight: 400;\">L\u2019une des caract\u00e9ristiques d\u00e9terminantes du pr\u00eat du Compte d\u2019urgence pour les entreprises canadiennes (CUEC) \u00e9tait sa p\u00e9riode sans int\u00e9r\u00eat judicieusement structur\u00e9e. Les entreprises ont b\u00e9n\u00e9fici\u00e9 d&#039;un taux d&#039;int\u00e9r\u00eat annuel de 0% jusqu&#039;au 31 d\u00e9cembre 2023, une mesure strat\u00e9gique con\u00e7ue pour all\u00e9ger la pression financi\u00e8re support\u00e9e par les entreprises dans les premiers stades de la reprise \u00e9conomique \u00e0 Moncton. Cette phase sans int\u00e9r\u00eat a fourni un tampon financier indispensable, permettant aux entreprises de concentrer leurs \u00e9nergies et leurs ressources sur le r\u00e9tablissement des op\u00e9rations et la relance des sources de revenus.<\/span><\/p>\n<p><span style=\"font-weight: 400;\">\u00c0 l\u2019approche de 2024, un changement s\u2019est produit dans la structure des pr\u00eats du CUEC \u00e0 Moncton. Un taux d&#039;int\u00e9r\u00eat de 5% par an a \u00e9t\u00e9 introduit et appliqu\u00e9 \u00e0 tout solde restant. Bien que l\u2019\u00e8re des pr\u00eats sans int\u00e9r\u00eat ait pris fin, le taux qui en a r\u00e9sult\u00e9 \u00e9tait toujours tr\u00e8s avantageux par rapport aux pr\u00eats commerciaux traditionnels. Ce taux modeste offrait une flexibilit\u00e9 financi\u00e8re continue, d\u00e9montrant l&#039;engagement \u00e0 long terme du CUEC \u00e0 soutenir les entreprises pendant les p\u00e9riodes difficiles \u00e0 Moncton.<\/span><\/p>\n<h2><span style=\"font-weight: 400;\">Cat\u00e9gories de d\u00e9penses non reportables pour le pr\u00eat CUEC \u00e0 Moncton<\/span><\/h2>\n<p><span style=\"font-weight: 400;\">Alors que nous parcourons le paysage de l&#039;admissibilit\u00e9 au CUEC \u00e0 Moncton, il est essentiel de comprendre les diff\u00e9rentes cat\u00e9gories de d\u00e9penses qui constituent son terrain. Alors serrez votre ceinture et embarquez pour un voyage panoramique \u00e0 travers le monde des d\u00e9penses non reportables.<\/span><\/p>\n<h3><span style=\"font-weight: 400;\">1. Mat\u00e9riaux pour la production<\/span><\/h3>\n<p><span style=\"font-weight: 400;\">La derni\u00e8re cat\u00e9gorie de cette visite \u00e9clairante \u00e0 Moncton concerne les co\u00fbts engag\u00e9s pour les mat\u00e9riaux utilis\u00e9s dans la production. Ce sont les graines qui deviennent les fruits de votre travail, les mat\u00e9riaux essentiels directement li\u00e9s \u00e0 vos produits ou services.<\/span><\/p>\n<h3><span style=\"font-weight: 400;\">2. Service de la dette<\/span><\/h3>\n<p><span style=\"font-weight: 400;\">Tout comme il faut ramer \u00e0 contre-courant pour rester \u00e0 flot, les entreprises doivent effectuer des paiements r\u00e9guliers pour le service de la dette \u00e0 Moncton. Cette cat\u00e9gorie repr\u00e9sente les pagaies qui permettent \u00e0 votre bateau professionnel de naviguer en douceur.<\/span><\/p>\n<h3><span style=\"font-weight: 400;\">3. Accords et licences<\/span><\/h3>\n<p><span style=\"font-weight: 400;\">Cette cat\u00e9gorie est le ciment qui maintient votre cadre d\u2019affaires ensemble \u00e0 Moncton. Les paiements aux entrepreneurs ind\u00e9pendants et les frais de maintien des licences forment cette cat\u00e9gorie, encapsulant les co\u00fbts des accords contractuels en cours et des licences critiques.<\/span><\/p>\n<h3><span style=\"font-weight: 400;\">4. T\u00e9l\u00e9phone et services publics<\/span><\/h3>\n<p><span style=\"font-weight: 400;\">Cette cat\u00e9gorie est le carburant qui alimente votre v\u00e9hicule entrepreneurial \u00e0 Moncton. Il couvre les co\u00fbts de base tels que les co\u00fbts de gaz, de p\u00e9trole, d\u2019\u00e9lectricit\u00e9, d\u2019eau, de t\u00e9l\u00e9phone et d\u2019Internet \u2013 les \u00e9crous et boulons qui font fonctionner votre machine commerciale.<\/span><\/p>\n<h3><span style=\"font-weight: 400;\">5. Loyer et paiements de location<\/span><\/h3>\n<p><span style=\"font-weight: 400;\">Imaginez les espaces physiques qui abritent vos r\u00eaves et vos id\u00e9es \u00e0 Moncton. Les co\u00fbts li\u00e9s \u00e0 la location ou \u00e0 la location de ces biens immobiliers et des biens d&#039;\u00e9quipement essentiels forment la deuxi\u00e8me cat\u00e9gorie.<\/span><\/p>\n<h3><span style=\"font-weight: 400;\">6. Frais d&#039;assurance<\/span><\/h3>\n<p><span style=\"font-weight: 400;\">Tout comme un filet de s\u00e9curit\u00e9 prot\u00e8ge le trap\u00e9ziste audacieux, les co\u00fbts d&#039;assurance li\u00e9s \u00e0 l&#039;entreprise prot\u00e8gent votre entreprise \u00e0 Moncton. Cette cat\u00e9gorie englobe une vari\u00e9t\u00e9 de types d&#039;assurance, tels que la responsabilit\u00e9 civile, les biens, l&#039;indemnisation des accidents du travail, etc.<\/span><\/p>\n<h3><span style=\"font-weight: 400;\">7. Imp\u00f4ts fonciers<\/span><\/h3>\n<p><span style=\"font-weight: 400;\">L\u2019argent que vous payez pour les imp\u00f4ts fonciers associ\u00e9s \u00e0 vos locaux commerciaux peut sembler un battement de tambour sans fin \u00e0 Moncton, mais ces paiements sont essentiels au rythme de vos op\u00e9rations.<\/span><\/p>\n<h3><span style=\"font-weight: 400;\">8. Salaires et d\u00e9penses d&#039;emploi<\/span><\/h3>\n<p><span style=\"font-weight: 400;\">\u00c9l\u00e9ment vital de toute organisation, ce sont les paiements effectu\u00e9s \u00e0 des tiers \u00e0 des fins d\u2019emploi. Des salaires et allocations aux avantages sociaux des employ\u00e9s, ces d\u00e9penses indispensables font battre le c\u0153ur de votre entreprise \u00e0 Moncton.<\/span><\/p>\n<h2><span style=\"font-weight: 400;\">Remboursement, expansion et pardon du CUEC<\/span><\/h2>\n<p><span style=\"font-weight: 400;\">Pour les entreprises de Moncton qui avaient besoin d\u2019un soutien financier sup\u00e9rieur \u00e0 l\u2019aide financi\u00e8re initiale de $40\u00a0000, le Compte d\u2019urgence pour les entreprises canadiennes (CUEC) a pr\u00e9sent\u00e9 une bou\u00e9e de sauvetage suppl\u00e9mentaire : une extension du pr\u00eat de $20\u00a0000. Ce <a href=\"http:\/\/ceba.ca\/fr\/information\/is-ceba-extended\/\">l&#039;extension a \u00e9t\u00e9 sp\u00e9cialement con\u00e7ue<\/a> pour donner un coup de main aux entreprises admissibles qui avaient du mal \u00e0 rester \u00e0 flot \u00e0 Moncton. Cependant, comme la plupart des aides financi\u00e8res, cette expansion \u00e9tait accompagn\u00e9e de son propre ensemble de crit\u00e8res et de d\u00e9lais que les entreprises de Moncton devaient respecter pour b\u00e9n\u00e9ficier de cette aide.<\/span><\/p>\n<p><span style=\"font-weight: 400;\">Cette bonification du programme de pr\u00eats du CUEC met l&#039;accent sur son objectif primordial : fournir un soutien continu aux entreprises alors qu&#039;elles sont aux prises avec les cons\u00e9quences \u00e9conomiques de la pand\u00e9mie \u00e0 Moncton. Mais il y a une autre facette des pr\u00eats du CUEC qui motive les entreprises...<a href=\"http:\/\/ceba.ca\/fr\/information\/ceba-forgiveness\/\">l&#039;incitation \u00e0 l&#039;annulation de la dette<\/a>. Si les entreprises parviennent \u00e0 <a href=\"http:\/\/ceba.ca\/fr\/news\/when-does-the-ceba-loan-need-to-be-repaid\/\">rembourser le montant du principal impay\u00e9<\/a> (excluant le montant potentiellement admissible \u00e0 l\u2019annulation de la dette) d\u2019ici le 31 d\u00e9cembre 2023, le montant restant du capital sera effac\u00e9 \u00e0 Moncton.<\/span><\/p>\n<p><span style=\"font-weight: 400;\">Cette disposition agit comme une r\u00e9compense pour les entreprises qui r\u00e9ussissent \u00e0 respecter leurs engagements dans les d\u00e9lais impartis \u00e0 Moncton, renfor\u00e7ant ainsi le sentiment de r\u00e9silience que le pr\u00eat CUEC vise \u00e0 inculquer au milieu des affaires en ces temps difficiles.<\/span><\/p>\n<h2><span style=\"font-weight: 400;\">Conclusion<\/span><\/h2>\n<p><span style=\"font-weight: 400;\">Le programme de pr\u00eat CUEC s&#039;est impos\u00e9 comme un syst\u00e8me de soutien financier crucial pour les entreprises de Moncton, servant de pilier de stabilit\u00e9 et de r\u00e9silience face \u00e0 l&#039;adversit\u00e9. Gr\u00e2ce \u00e0 sa structure bien con\u00e7ue, il fournit une assistance continue, en mettant fortement l&#039;accent sur la reprise et la croissance. T\u00e9moignant de notre force collective et de notre capacit\u00e9 d\u2019adaptation pendant les p\u00e9riodes difficiles, il constitue un brillant exemple.<\/span><\/p>","protected":false},"excerpt":{"rendered":"<p>As the pandemic unfurled its dire grip, Moncton\u2019s vibrant commerce found itself wrestling with the unprecedented economic storm that followed in its wake. The Canada Emergency Business Account, or CEBA loan in Moncton, shone as a beacon in this dark hour, lighting up avenues of resiliency. Endowed with the power to offer businesses up to [&hellip;]<\/p>\n","protected":false},"author":2,"featured_media":4903,"parent":0,"menu_order":0,"comment_status":"closed","ping_status":"closed","template":"","meta":{"footnotes":""},"class_list":["post-3636","page","type-page","status-publish","has-post-thumbnail","hentry"],"_links":{"self":[{"href":"https:\/\/ceba.ca\/fr\/wp-json\/wp\/v2\/pages\/3636","targetHints":{"allow":["GET"]}}],"collection":[{"href":"https:\/\/ceba.ca\/fr\/wp-json\/wp\/v2\/pages"}],"about":[{"href":"https:\/\/ceba.ca\/fr\/wp-json\/wp\/v2\/types\/page"}],"author":[{"embeddable":true,"href":"https:\/\/ceba.ca\/fr\/wp-json\/wp\/v2\/users\/2"}],"replies":[{"embeddable":true,"href":"https:\/\/ceba.ca\/fr\/wp-json\/wp\/v2\/comments?post=3636"}],"version-history":[{"count":4,"href":"https:\/\/ceba.ca\/fr\/wp-json\/wp\/v2\/pages\/3636\/revisions"}],"predecessor-version":[{"id":4904,"href":"https:\/\/ceba.ca\/fr\/wp-json\/wp\/v2\/pages\/3636\/revisions\/4904"}],"wp:featuredmedia":[{"embeddable":true,"href":"https:\/\/ceba.ca\/fr\/wp-json\/wp\/v2\/media\/4903"}],"wp:attachment":[{"href":"https:\/\/ceba.ca\/fr\/wp-json\/wp\/v2\/media?parent=3636"}],"curies":[{"name":"wp","href":"https:\/\/api.w.org\/{rel}","templated":true}]}}