{"id":3633,"date":"2023-08-31T06:58:41","date_gmt":"2023-08-31T10:58:41","guid":{"rendered":"http:\/\/ceba.ca\/?page_id=3633"},"modified":"2023-08-31T06:58:41","modified_gmt":"2023-08-31T10:58:41","slug":"ceba-loan-in-milton","status":"publish","type":"page","link":"https:\/\/ceba.ca\/fr\/ceba-loan-in-milton\/","title":{"rendered":"Pr\u00eat CUEC \u00e0 Milton"},"content":{"rendered":"<p><span style=\"font-weight: 400;\"><br \/>\n<\/span><span style=\"font-weight: 400;\"><a href=\"http:\/\/ceba.ca\/fr\/ceba-loan\/\">Pr\u00eat du Compte d\u2019urgence pour les entreprises canadiennes (CUEC)<\/a> a \u00e9t\u00e9 con\u00e7u pour accorder une aide financi\u00e8re essentielle aux entreprises aux prises avec les r\u00e9percussions de la pand\u00e9mie de COVID-19. Parmi les villes qui ont tir\u00e9 des b\u00e9n\u00e9fices importants de ce programme, Milton se d\u00e9marque. Alors, quel est l\u2019impact du pr\u00eat CUEC \u00e0 Milton ?<\/span><\/p>\n<p><span style=\"font-weight: 400;\">L&#039;initiative de pr\u00eat du CUEC est apparue non seulement comme une bou\u00e9e de sauvetage en mati\u00e8re de soutien financier, mais \u00e9galement comme un catalyseur dans le fa\u00e7onnement du paysage \u00e9conomique local de Milton. En favorisant la r\u00e9silience et en assurant la survie d\u2019une multitude d\u2019entreprises, le programme a laiss\u00e9 une marque ind\u00e9l\u00e9bile. Dans cet article, nous examinons les d\u00e9tails du programme de pr\u00eat CUEC tel qu&#039;il s&#039;applique \u00e0 Milton. Nous explorons ses dispositions, le m\u00e9canisme de remboursement, les conditions d&#039;\u00e9ligibilit\u00e9, la proc\u00e9dure de candidature et son influence globale sur le milieu \u00e9conomique local.<\/span><\/p>\n<h2><span style=\"font-weight: 400;\">Niveaux de financement<\/span><\/h2>\n<p><span style=\"font-weight: 400;\">\u00c0 Milton, l&#039;initiative CEBA accorde des pr\u00eats allant de $40 000 \u00e0 $60 000 aux entreprises et aux organismes \u00e0 but non lucratif. Le montant exact est d\u00e9termin\u00e9 en fonction de facteurs tels que les niveaux de revenus, la baisse des revenus, la masse salariale annuelle et les d\u00e9penses non reportables. Notamment, le CUEC propose des pr\u00eats sans int\u00e9r\u00eat accompagn\u00e9s de modalit\u00e9s de remboursement pratiques. <a href=\"http:\/\/ceba.ca\/fr\/news\/when-does-the-ceba-loan-need-to-be-repaid\/\">Les entreprises sont tenues de r\u00e9gler le montant du pr\u00eat avant une date d\u00e9sign\u00e9e<\/a>. Le non-respect de ce d\u00e9lai de remboursement pourrait entra\u00eener le d\u00e9but de frais d&#039;int\u00e9r\u00eat dans un contexte d&#039;impr\u00e9visibilit\u00e9 \u00e9conomique, a d\u00e9clar\u00e9 le gouvernement canadien.<\/span><\/p>\n<h2><span style=\"font-weight: 400;\">Montants des subventions<\/span><\/h2>\n<p><span style=\"font-weight: 400;\">\u00c0 Milton, l&#039;initiative de pr\u00eat du CUEC a offert aux entreprises admissibles la possibilit\u00e9 d&#039;obtenir une subvention non remboursable, atteignant une valeur maximale de $20 000. Cette subvention a \u00e9t\u00e9 strat\u00e9giquement con\u00e7ue pour couvrir une gamme de d\u00e9penses op\u00e9rationnelles, englobant des \u00e9l\u00e9ments essentiels tels que le loyer, les services publics et les d\u00e9penses salariales. La structure initiale du pr\u00eat pr\u00e9voyait une somme de $40 000, dont 25% (jusqu&#039;\u00e0 $10 000) pouvaient \u00eatre annul\u00e9s si le solde restant \u00e9tait r\u00e9gl\u00e9 dans un d\u00e9lai pr\u00e9d\u00e9termin\u00e9. \u00c0 la suite de <a href=\"https:\/\/www.canada.ca\/en.html\" target=\"_blank\" rel=\"noopener\">am\u00e9liorations gouvernementales<\/a>, la part remboursable a \u00e9t\u00e9 augment\u00e9e \u00e0 50%, soit un tiers dans le cas d&#039;un pr\u00eat de $60 000, ce qui a donn\u00e9 lieu \u00e0 un pic potentiel de subvention de $20 000 pour les entreprises \u00e9ligibles.<\/span><\/p>\n<h2><span style=\"font-weight: 400;\">Les exigences de qualification<\/span><\/h2>\n<p><span style=\"font-weight: 400;\">Afin de profiter des avantages pr\u00e9sent\u00e9s par l&#039;initiative de pr\u00eat du CUEC, les entreprises de Milton ont \u00e9t\u00e9 mandat\u00e9es <a href=\"http:\/\/ceba.ca\/fr\/information\/who-is-eligible-for-a-ceba-loan\/\">remplir des conditions d\u2019\u00e9ligibilit\u00e9 sp\u00e9cifiques<\/a>. Ces conditions englobaient mais ne se limitaient pas \u00e0\u00a0:<\/span><\/p>\n<ul>\n<li><span style=\"font-weight: 400;\">\u00catre une entreprise activement op\u00e9rationnelle d&#039;ici le 1er mars 2020.<\/span><\/li>\n<li><span style=\"font-weight: 400;\">Poss\u00e9der un enregistrement fiscal f\u00e9d\u00e9ral valide.<\/span><\/li>\n<li><span style=\"font-weight: 400;\">Pr\u00e9sentant des d\u00e9penses \u00e9ligibles non reportables, telles que la masse salariale, le loyer, les services publics et l&#039;assurance, totalisant entre $20 000 et $1,5 million en 2020.<\/span><\/li>\n<li><span style=\"font-weight: 400;\">Ne pas avoir pr\u00e9alablement sollicit\u00e9 ou obtenu le pr\u00eat CUEC.<\/span><\/li>\n<\/ul>\n<h2><span style=\"font-weight: 400;\">Proc\u00e9dure de demande<\/span><\/h2>\n<p><span style=\"font-weight: 400;\">La proc\u00e9dure de demande de pr\u00eat du CUEC \u00e0 Milton a \u00e9t\u00e9 minutieusement con\u00e7ue pour en assurer la convivialit\u00e9, facilitant ainsi un acc\u00e8s rapide \u00e0 une aide financi\u00e8re essentielle pour les entreprises. Les entrepreneurs devaient collaborer avec leur institution financi\u00e8re principale afin de lancer la demande de pr\u00eat. Cet effort de coop\u00e9ration entre les institutions financi\u00e8res et le gouvernement a rationalis\u00e9 le processus de demande et facilit\u00e9 la v\u00e9rification des informations requises. L\u2019objectif ultime \u00e9tait d\u2019acc\u00e9l\u00e9rer l\u2019allocation des fonds aux entreprises m\u00e9ritantes, tout en minimisant les complexit\u00e9s administratives.<\/span><\/p>\n<p><span style=\"font-weight: 400;\">Cependant, il convient de noter que le processus d&#039;approbation des demandes peut n\u00e9cessiter un certain d\u00e9lai. De plus, le gouvernement s&#039;est conserv\u00e9 le droit de refuser les candidatures qui ne correspondaient pas aux crit\u00e8res d&#039;\u00e9ligibilit\u00e9 stipul\u00e9s. Dans de tels cas de rejet, il existe la possibilit\u00e9 de faire appel ou d&#039;engager un dialogue avec la banque ou la coop\u00e9rative de cr\u00e9dit concern\u00e9e pour obtenir des conseils suppl\u00e9mentaires.<\/span><\/p>\n<h2><span style=\"font-weight: 400;\">Processus de remboursement<\/span><\/h2>\n<p><span style=\"font-weight: 400;\">Le processus de remboursement du pr\u00eat CUEC \u00e0 Milton suit un parcours assez simple. Les entreprises qui ne sont pas en mesure de remplir les crit\u00e8res d\u2019annulation compl\u00e8te du pr\u00eat sont tenues d\u2019initier le remboursement du solde restant sur une p\u00e9riode sp\u00e9cifi\u00e9e.<\/span><\/p>\n<p><span style=\"font-weight: 400;\">Les d\u00e9tails du plan de remboursement d\u00e9pendent de l\u2019institution financi\u00e8re responsable, qui peut \u00eatre une banque ou une coop\u00e9rative de cr\u00e9dit. Les entreprises sont encourag\u00e9es \u00e0 demander conseil \u00e0 ces institutions pour obtenir des informations sur le calendrier de remboursement et les d\u00e9tails associ\u00e9s.<\/span><\/p>\n<p><span style=\"font-weight: 400;\">Il est important de noter que quelle que soit l&#039;institution financi\u00e8re choisie, les entreprises qui parviennent \u00e0 r\u00e9gler le montant du pr\u00eat avant la date limite stipul\u00e9e sont \u00e9ligibles \u00e0 une remise de pr\u00eat pouvant aller jusqu&#039;\u00e0 $20,000.<\/span><\/p>\n<h2><span style=\"font-weight: 400;\">Remboursements retard\u00e9s<\/span><\/h2>\n<p><span style=\"font-weight: 400;\"><a href=\"http:\/\/ceba.ca\/fr\/information\/is-ceba-extended\/\">Chaque pr\u00eat est accompagn\u00e9 d&#039;une date limite de remboursement d\u00e9sign\u00e9e<\/a>. Si les entreprises ne respectent pas ce d\u00e9lai, les cons\u00e9quences suivantes pourraient en r\u00e9sulter\u00a0:<\/span><\/p>\n<ol>\n<li><span style=\"font-weight: 400;\"><strong>Confiscation de la subvention\u00a0:<\/strong> Apr\u00e8s avoir d\u00e9pass\u00e9 la date limite, les entreprises et les organisations \u00e0 but non lucratif cessent d&#039;\u00eatre admissibles \u00e0 une \u00e9ventuelle remise de pr\u00eat pouvant aller jusqu&#039;\u00e0 $20,000.<\/span><\/li>\n<li><span style=\"font-weight: 400;\"><strong>Int\u00e9r\u00eats courus\u00a0:<\/strong> Alors que le pr\u00eat lui-m\u00eame est d\u00e9pourvu d&#039;int\u00e9r\u00eats, une situation de non-respect des d\u00e9lais entra\u00eene l&#039;imposition d&#039;int\u00e9r\u00eats annuels 5% sur les montants impay\u00e9s.<\/span><\/li>\n<li><span style=\"font-weight: 400;\"><strong>D\u00e9pr\u00e9ciation de la cote de cr\u00e9dit\u00a0:<\/strong> Les paiements tardifs ou omis peuvent avoir un impact substantiel sur votre pointage de cr\u00e9dit global. Le non-respect des d\u00e9lais peut par cons\u00e9quent conduire \u00e0 une cote de cr\u00e9dit d\u00e9favorable.<\/span><\/li>\n<\/ol>\n<h2>Influence du pr\u00eat CUEC \u00e0 Milton<\/h2>\n<p><span style=\"font-weight: 400;\">L&#039;impact de l&#039;initiative de pr\u00eat du CUEC sur l&#039;\u00e9conomie locale de Milton est consid\u00e9rable, se manifestant par un soulagement imm\u00e9diat et une r\u00e9silience soutenue. Les subventions accord\u00e9es par le programme ont inject\u00e9 des liquidit\u00e9s essentielles dans les entreprises aux prises avec les d\u00e9fis induits par la pand\u00e9mie, offrant ainsi un soulagement \u00e0 court terme et une base pour une stabilit\u00e9 \u00e0 long terme. R\u00e9pondant au besoin urgent de soutien financier, ces subventions ont att\u00e9nu\u00e9 les tensions r\u00e9sultant de la diminution des revenus et des complexit\u00e9s op\u00e9rationnelles.<\/span><\/p>\n<p><span style=\"font-weight: 400;\">En couvrant des d\u00e9penses critiques comme la masse salariale et le loyer, le programme de pr\u00eat du CUEC a efficacement contrecarr\u00e9 d&#039;\u00e9ventuelles mises \u00e0 pied et fermetures d&#039;entreprises. Ce faisant, il a sauvegard\u00e9 les moyens de subsistance de la main-d\u2019\u0153uvre locale et pr\u00e9serv\u00e9 le tissu \u00e9conomique complexe de la ville.<\/span><\/p>\n<p><span style=\"font-weight: 400;\">Toutefois, l&#039;impact du programme est all\u00e9 au-del\u00e0 d&#039;un simple soulagement. Il a jou\u00e9 un r\u00f4le central dans le maintien du continuum des op\u00e9rations commerciales. Gr\u00e2ce \u00e0 ces fonds, les entreprises ont \u00e9t\u00e9 \u00e9quip\u00e9es pour s&#039;adapter \u00e0 un paysage changeant en investissant dans des am\u00e9liorations technologiques, des capacit\u00e9s de travail \u00e0 distance et des strat\u00e9gies innovantes pour r\u00e9pondre \u00e0 l&#039;\u00e9volution des normes. Cette approche adaptative a permis aux entreprises de Milton non seulement de faire face \u00e0 l&#039;incertitude, mais \u00e9galement de prosp\u00e9rer dans un environnement en constante \u00e9volution.<\/span><\/p>\n<p><span style=\"font-weight: 400;\">De plus, les ramifications du programme de pr\u00eats CUEC se sont r\u00e9percut\u00e9es sur l\u2019ensemble de l\u2019\u00e9cosyst\u00e8me \u00e9conomique local. \u00c0 mesure que les entreprises conservaient leurs effectifs et poursuivaient leurs activit\u00e9s, la confiance des consommateurs est rest\u00e9e ferme. Cela a, \u00e0 son tour, renforc\u00e9 les d\u00e9penses et les modes de consommation locaux, \u00e9vitant ainsi un d\u00e9clin \u00e9conomique pr\u00e9cipit\u00e9. La vitalit\u00e9 des petites et moyennes entreprises (PME) est la pierre angulaire de la croissance \u00e9conomique de Milton, et l&#039;initiative de pr\u00eat du CUEC a donn\u00e9 un coup de pouce substantiel pour renforcer ce secteur vital.<\/span><\/p>\n<h2><span style=\"font-weight: 400;\">Conclusion<\/span><\/h2>\n<p><span style=\"font-weight: 400;\">Le programme de pr\u00eat CUEC a sans aucun doute \u00e9t\u00e9 une bou\u00e9e de sauvetage pour les entreprises de Milton, offrant une stabilit\u00e9 financi\u00e8re, pr\u00e9servant les emplois et favorisant l&#039;adaptabilit\u00e9 face \u00e0 des d\u00e9fis sans pr\u00e9c\u00e9dent. Alors que la ville se dirige vers la reprise, l\u2019impact du pr\u00eat CUEC s\u2019\u00e9tendra probablement bien au-del\u00e0 de la p\u00e9riode pand\u00e9mique. La r\u00e9silience d\u00e9montr\u00e9e par les entreprises de Milton, soutenue par le soutien du programme CUEC, souligne l&#039;importance d&#039;interventions gouvernementales opportunes et cibl\u00e9es pour favoriser la croissance \u00e9conomique et la prosp\u00e9rit\u00e9 au niveau local.<\/span><\/p>","protected":false},"excerpt":{"rendered":"<p>Canada Emergency Business Account (CEBA) loan was designed to extend essential financial aid to businesses grappling with the repercussions of the COVID-19 pandemic. Among the cities that have reaped significant benefits from this program, Milton stands out. So, what is the impact of the CEBA loan in Milton? The CEBA loan initiative has emerged not [&hellip;]<\/p>\n","protected":false},"author":2,"featured_media":4898,"parent":0,"menu_order":0,"comment_status":"closed","ping_status":"closed","template":"","meta":{"footnotes":""},"class_list":["post-3633","page","type-page","status-publish","has-post-thumbnail","hentry"],"_links":{"self":[{"href":"https:\/\/ceba.ca\/fr\/wp-json\/wp\/v2\/pages\/3633","targetHints":{"allow":["GET"]}}],"collection":[{"href":"https:\/\/ceba.ca\/fr\/wp-json\/wp\/v2\/pages"}],"about":[{"href":"https:\/\/ceba.ca\/fr\/wp-json\/wp\/v2\/types\/page"}],"author":[{"embeddable":true,"href":"https:\/\/ceba.ca\/fr\/wp-json\/wp\/v2\/users\/2"}],"replies":[{"embeddable":true,"href":"https:\/\/ceba.ca\/fr\/wp-json\/wp\/v2\/comments?post=3633"}],"version-history":[{"count":4,"href":"https:\/\/ceba.ca\/fr\/wp-json\/wp\/v2\/pages\/3633\/revisions"}],"predecessor-version":[{"id":4899,"href":"https:\/\/ceba.ca\/fr\/wp-json\/wp\/v2\/pages\/3633\/revisions\/4899"}],"wp:featuredmedia":[{"embeddable":true,"href":"https:\/\/ceba.ca\/fr\/wp-json\/wp\/v2\/media\/4898"}],"wp:attachment":[{"href":"https:\/\/ceba.ca\/fr\/wp-json\/wp\/v2\/media?parent=3633"}],"curies":[{"name":"wp","href":"https:\/\/api.w.org\/{rel}","templated":true}]}}