{"id":3616,"date":"2023-08-25T14:18:46","date_gmt":"2023-08-25T18:18:46","guid":{"rendered":"http:\/\/ceba.ca\/?page_id=3616"},"modified":"2023-08-25T14:18:46","modified_gmt":"2023-08-25T18:18:46","slug":"ceba-loan-in-abbotsford","status":"publish","type":"page","link":"https:\/\/ceba.ca\/fr\/ceba-loan-in-abbotsford\/","title":{"rendered":"Pr\u00eat CUEC \u00e0 Abbotsford"},"content":{"rendered":"<p><span style=\"font-weight: 400;\">La pand\u00e9mie de COVID-19 a jet\u00e9 une ombre d\u2019incertitude sur les entreprises du monde entier, provoquant des fermetures et des revers qui se sont r\u00e9percut\u00e9s sur l\u2019\u00e9conomie mondiale. Dans ce contexte, une lueur d\u2019espoir est apparue \u00e0 Abbotsford : le Compte d\u2019urgence pour les entreprises canadiennes (CUEC).\u00a0<\/span><\/p>\n<p><span style=\"font-weight: 400;\">Cet article se lance dans un voyage \u00e9clairant \u00e0 travers les couloirs du pr\u00eat CEBA \u00e0 Abbotsford, mettant en lumi\u00e8re son \u00e9ligibilit\u00e9, son processus de demande et son profond impact sur le paysage \u00e9conomique de la ville.<\/span><\/p>\n<h2><span style=\"font-weight: 400;\">Introduction au CUEC<\/span><\/h2>\n<p><span style=\"font-weight: 400;\">L\u2019assaut incessant de la pand\u00e9mie n\u2019a \u00e9pargn\u00e9 aucune r\u00e9gion du globe, et les entreprises ont \u00e9t\u00e9 les plus touch\u00e9es par sa fureur. En r\u00e9ponse, le programme CEBA s\u2019est impos\u00e9 comme un alli\u00e9 in\u00e9branlable dans <a href=\"https:\/\/www.abbotsford.ca\/\" target=\"_blank\" rel=\"noopener\">Abbotsford<\/a>La bataille contre le bouleversement \u00e9conomique. D\u2019un simple trait de plume, le gouvernement a d\u00e9voil\u00e9 le CUEC, un programme con\u00e7u pour tendre la main aux entreprises et aux organismes sans but lucratif en difficult\u00e9 qui satisfont \u00e0 ses crit\u00e8res d\u2019admissibilit\u00e9 rigoureux.<\/span><\/p>\n<h2><span style=\"font-weight: 400;\">Qui est admissible au CUEC<\/span><\/h2>\n<p><span style=\"font-weight: 400;\">Au lendemain de la pand\u00e9mie, alors que les entreprises et les organismes sans but lucratif naviguaient dans le labyrinthe de la perte de revenus et de la conformit\u00e9, le CUEC a invit\u00e9 ceux qui avaient r\u00e9sist\u00e9 \u00e0 la temp\u00eate \u00e0 participer \u00e0 son soutien transformateur.<\/span><\/p>\n<p><span style=\"font-weight: 400;\">Depuis le <a href=\"http:\/\/ceba.ca\/fr\/ceba-loan\/\">objectif principal du CUEC<\/a> Afin d&#039;aider au maximum les entreprises, il a \u00e9t\u00e9 veill\u00e9 \u00e0 ce que les crit\u00e8res d&#039;\u00e9ligibilit\u00e9 restent de plus en plus cl\u00e9ments.<\/span><\/p>\n<p><span style=\"font-weight: 400;\">Le pr\u00eat CUEC est ouvert aux entreprises et aux organismes \u00e0 but non lucratif. Pour obtenir un pr\u00eat du CUEC, les entreprises et les ONG doivent satisfaire le gouvernement en d\u00e9montrant leur perte de revenus.\u00a0<\/span><\/p>\n<p><span style=\"font-weight: 400;\">Une fois les exigences remplies, le pr\u00eat CEBA pourra \u00e9mettre des fonds de $40 000 \u00e0 $60 000 afin d&#039;aider les entreprises \u00e0 couvrir leurs co\u00fbts de fonctionnement.<\/span><\/p>\n<h2><span style=\"font-weight: 400;\">Conditions cl\u00e9mentes<\/span><\/h2>\n<p><span style=\"font-weight: 400;\">L&#039;ouverture financi\u00e8re du CEBA a r\u00e9sonn\u00e9 dans les couloirs du paysage commercial d&#039;Abbotsford, une m\u00e9lodie harmonieuse qui promettait une symphonie de soutien. Le programme a propos\u00e9 une offre all\u00e9chante : des pr\u00eats sans int\u00e9r\u00eat allant d&#039;un modeste 40 000 $ \u00e0 un montant retentissant de 60 000 $. Ces fonds s\u2019accompagnent d\u2019un autre avantage \u2013 une promesse d\u2019annulation de pr\u00eat \u2013 jusqu\u2019\u00e0 $20 000 \u2013 dans des circonstances sp\u00e9cifiques, une assurance qui a offert aux entreprises un r\u00e9pit dans une p\u00e9riode de turbulences.<\/span><\/p>\n<h2><span style=\"font-weight: 400;\">Le CEBA et l&#039;\u00e9conomie d&#039;Abbotsford<\/span><\/h2>\n<p><span style=\"font-weight: 400;\">Alors que la pand\u00e9mie imposait son cadence au quotidien, les entreprises se sont retrouv\u00e9es dans un mode d\u2019adaptation. Le soutien transformateur du CUEC a permis aux \u00e9tablissements de pivoter, passant des mod\u00e8les traditionnels \u00e0 des approches innovantes en r\u00e9sonance avec l&#039;\u00e9volution des pr\u00e9f\u00e9rences des consommateurs.\u00a0<\/span><\/p>\n<p><span style=\"font-weight: 400;\">Cette m\u00e9tamorphose, propuls\u00e9e par le carburant financier du CUEC, a contribu\u00e9 \u00e0 la renaissance \u00e9conomique d&#039;Abbotsford, un m\u00e9lange harmonieux de r\u00e9silience et de renaissance.<\/span><\/p>\n<p><span style=\"font-weight: 400;\">Gr\u00e2ce au soutien apport\u00e9 aux entreprises sous forme de pr\u00eats, les entreprises devraient fonctionner normalement, ce qui finirait par cr\u00e9er des emplois sur le march\u00e9.\u00a0<\/span><\/p>\n<p><span style=\"font-weight: 400;\">Comme chaque \u00e9conomie locale d\u00e9pend de ses entreprises, sauver les entreprises revient en fait \u00e0 sauver l\u2019\u00e9conomie si nous le voyons sur le long terme.\u00a0<\/span><\/p>\n<h2><span style=\"font-weight: 400;\">Rembourser le pr\u00eat<\/span><\/h2>\n<p><span style=\"font-weight: 400;\">\u00c0 mesure que les pr\u00eats commencent \u00e0 produire des r\u00e9sultats pour les entreprises et les organisations \u00e0 but non lucratif, le gouvernement devrait r\u00e9cup\u00e9rer le pr\u00eat par versements. <a href=\"http:\/\/ceba.ca\/fr\/news\/when-does-ceba-have-to-be-paid-back\/\">Comprendre le remboursement d&#039;un pr\u00eat<\/a> est indispensable avant de demander un pr\u00eat.<\/span><\/p>\n<p><span style=\"font-weight: 400;\">\u00c0 compter du 1er janvier 2024, si vous avez un pr\u00eat CUEC que vous n&#039;avez pas rembours\u00e9, vous devrez payer des \u00ab int\u00e9r\u00eats \u00bb suppl\u00e9mentaires jusqu&#039;au 31 d\u00e9cembre 2025.\u00a0<\/span><\/p>\n<p><span style=\"font-weight: 400;\">Le montant exact des int\u00e9r\u00eats que vous devez payer d\u00e9pend de l\u2019endroit o\u00f9 vous avez obtenu le pr\u00eat. Il est important de conna\u00eetre ces dates et ces r\u00e8gles afin de bien planifier les finances de votre entreprise et d&#039;aider les entreprises de Trois-Rivi\u00e8res \u00e0 se remettre sur pied apr\u00e8s les temps difficiles.<\/span><\/p>\n<p><span style=\"font-weight: 400;\">En outre, sur des remboursements r\u00e9guliers, le gouvernement peut annuler jusqu&#039;\u00e0 $20,000 de remboursements de pr\u00eats.<\/span><\/p>\n<h2><span style=\"font-weight: 400;\">Les moyennes entreprises et le CUEC<\/span><\/h2>\n<p><span style=\"font-weight: 400;\">Bien que le CEBA ait \u00e9t\u00e9 lanc\u00e9 pour aider les entreprises de toutes les mani\u00e8res possibles, les entreprises de taille moyenne qui obtiendraient des pr\u00eats allant de $40,001 \u00e0 $60,000 via le programme CEBA pourraient avoir du mal \u00e0 naviguer dans des processus de remboursement complexes.\u00a0<\/span><\/p>\n<p><span style=\"font-weight: 400;\">Selon le <a href=\"https:\/\/www.cfib-fcei.ca\/en\/\" target=\"_blank\" rel=\"noopener\">FCEI<\/a>, seules 10% de ces entreprises ont r\u00e9ussi \u00e0 rembourser leurs pr\u00eats. Cette situation les expose au risque de perdre l\u2019annulation de leur pr\u00eat et de devoir payer des int\u00e9r\u00eats de 5% sur le solde impay\u00e9 s\u2019ils ne respectent pas la date limite du 31 d\u00e9cembre.\u00a0<\/span><\/p>\n<p><span style=\"font-weight: 400;\">Cette situation difficile menace consid\u00e9rablement leur stabilit\u00e9 financi\u00e8re dans la p\u00e9riode post-pand\u00e9mique, soulignant l\u2019urgence de mettre en \u0153uvre des solutions strat\u00e9giques. Cela indique \u00e9galement que les entreprises de taille moyenne doivent \u00eatre prudentes lorsqu\u2019elles choisissent le montant du pr\u00eat. Le montant doit \u00eatre conforme \u00e0 leur capacit\u00e9 de remboursement.<\/span><\/p>\n<h2><span style=\"font-weight: 400;\">Avantages du pr\u00eat CUEC \u00e0 Abbotsford<\/span><\/h2>\n<p><span style=\"font-weight: 400;\">Pour les entreprises, g\u00e9n\u00e9rer des revenus est le seul moyen de faire fonctionner le syst\u00e8me. La perte de revenus peut interrompre toutes les fonctions op\u00e9rationnelles de l\u2019entreprise, comme le paiement du loyer, le paiement des salaires des employ\u00e9s, etc.<\/span><\/p>\n<p><span style=\"font-weight: 400;\">Dans de telles circonstances, une injection de liquidit\u00e9s allant de $40 000 \u00e0 $60 000 peut dynamiser l\u2019ensemble du syst\u00e8me et \u00e9viter la fermeture de l\u2019entreprise.<\/span><\/p>\n<p><span style=\"font-weight: 400;\">De plus, avec l\u2019avantage d\u2019annulation de pr\u00eat, une grande partie du montant peut fluctuer, ce qui aiderait encore une fois les entreprises \u00e0 se d\u00e9velopper et \u00e0 prendre du recul apr\u00e8s la crise \u00e9conomique provoqu\u00e9e par la pand\u00e9mie.<\/span><\/p>\n<h2><span style=\"font-weight: 400;\">Conclusion<\/span><\/h2>\n<p><span style=\"font-weight: 400;\">Le CUEC constitue une formidable opportunit\u00e9 pour les entreprises et les organismes \u00e0 but non lucratif de se sauver de la fermeture et de la perte de revenus pendant la crise \u00e9conomique. Initialement lanc\u00e9 comme un programme de sauvetage contre le COVID-19, il continue d&#039;aider les entreprises et les ONG avec un soutien instantan\u00e9 de fonds allant de $40,000 \u00e0 $60,000 avec la possibilit\u00e9 d&#039;annuler jusqu&#039;\u00e0 $20,000 de remboursement sur le montant du pr\u00eat.<\/span><\/p>","protected":false},"excerpt":{"rendered":"<p>The COVID-19 pandemic cast a shadow of uncertainty over businesses worldwide, triggering closures and setbacks that reverberated through the global economy. Amid this backdrop, a silver lining emerged in Abbotsford: the Canada Emergency Business Account (CEBA).\u00a0 This article embarks on an illuminating journey through the corridors of CEBA Loan in Abbotsford, shedding light on its [&hellip;]<\/p>\n","protected":false},"author":2,"featured_media":4843,"parent":0,"menu_order":0,"comment_status":"closed","ping_status":"closed","template":"","meta":{"footnotes":""},"class_list":["post-3616","page","type-page","status-publish","has-post-thumbnail","hentry"],"_links":{"self":[{"href":"https:\/\/ceba.ca\/fr\/wp-json\/wp\/v2\/pages\/3616","targetHints":{"allow":["GET"]}}],"collection":[{"href":"https:\/\/ceba.ca\/fr\/wp-json\/wp\/v2\/pages"}],"about":[{"href":"https:\/\/ceba.ca\/fr\/wp-json\/wp\/v2\/types\/page"}],"author":[{"embeddable":true,"href":"https:\/\/ceba.ca\/fr\/wp-json\/wp\/v2\/users\/2"}],"replies":[{"embeddable":true,"href":"https:\/\/ceba.ca\/fr\/wp-json\/wp\/v2\/comments?post=3616"}],"version-history":[{"count":5,"href":"https:\/\/ceba.ca\/fr\/wp-json\/wp\/v2\/pages\/3616\/revisions"}],"predecessor-version":[{"id":4844,"href":"https:\/\/ceba.ca\/fr\/wp-json\/wp\/v2\/pages\/3616\/revisions\/4844"}],"wp:featuredmedia":[{"embeddable":true,"href":"https:\/\/ceba.ca\/fr\/wp-json\/wp\/v2\/media\/4843"}],"wp:attachment":[{"href":"https:\/\/ceba.ca\/fr\/wp-json\/wp\/v2\/media?parent=3616"}],"curies":[{"name":"wp","href":"https:\/\/api.w.org\/{rel}","templated":true}]}}