{"id":3613,"date":"2023-09-18T03:11:42","date_gmt":"2023-09-18T07:11:42","guid":{"rendered":"http:\/\/ceba.ca\/?page_id=3613"},"modified":"2023-09-18T03:11:42","modified_gmt":"2023-09-18T07:11:42","slug":"ceba-loan-for-information-technology-it-companies","status":"publish","type":"page","link":"https:\/\/ceba.ca\/fr\/ceba-loan-for-information-technology-it-companies\/","title":{"rendered":"Pr\u00eat CUEC pour les entreprises de technologies de l&#039;information"},"content":{"rendered":"<p><span style=\"font-weight: 400;\">Le pr\u00eat du Compte d\u2019urgence pour les entreprises canadiennes (CUEC) fournit un soutien financier essentiel aux entreprises canadiennes de technologies de l\u2019information aux prises avec les retomb\u00e9es \u00e9conomiques de la pand\u00e9mie de COVID-19. Cette initiative vise \u00e0 am\u00e9liorer la tr\u00e9sorerie des entreprises, leur permettant de faire face \u00e0 leurs co\u00fbts op\u00e9rationnels et de pr\u00e9server leur viabilit\u00e9 \u00e0 long terme. En ces temps difficiles, les entreprises de technologies de l\u2019information peuvent tirer parti de mani\u00e8re significative du pr\u00eat CUEC pour maintenir une cha\u00eene d\u2019approvisionnement solide, payer leurs employ\u00e9s et continuer \u00e0 servir efficacement leurs clients.\u00a0<\/span><\/p>\n<p><span style=\"font-weight: 400;\">Dans ce blog, nous parlerons du pr\u00eat CUEC destin\u00e9 aux entreprises informatiques du secteur des technologies de l&#039;information. Alors, commen\u00e7ons!<\/span><\/p>\n<h2><span style=\"font-weight: 400;\">Qu\u2019est-ce que le CUEC ?<\/span><\/h2>\n<p><span style=\"font-weight: 400;\">Le Compte d&#039;urgence pour les entreprises canadiennes, commun\u00e9ment appel\u00e9 CEBA, est une initiative ing\u00e9nieuse con\u00e7ue par <a href=\"https:\/\/ceba-cuec.ca\/\" target=\"_blank\" rel=\"noopener\">le gouvernement canadien<\/a> pour aider les entreprises informatiques aux prises avec les turbulences \u00e9conomiques d\u00e9clench\u00e9es par la pand\u00e9mie de COVID-19. Ce programme joue un r\u00f4le important pour les entreprises informatiques du secteur des technologies de l&#039;information, en offrant une bou\u00e9e de sauvetage sous forme de pr\u00eats sans int\u00e9r\u00eat pouvant aller jusqu&#039;\u00e0 un montant all\u00e9chant de $60,000. Ces pr\u00eats visent \u00e0 att\u00e9nuer le stress budg\u00e9taire, garantissant \u00e0 ces entreprises de maintenir leur \u00e9lan en ces temps sans pr\u00e9c\u00e9dent. La seule exigence ? Les entreprises doivent avoir eu un compte professionnel op\u00e9rationnel avant le moment d\u00e9cisif du 1er mars 2020.\u00a0<\/span><\/p>\n<p><span style=\"font-weight: 400;\">Une caract\u00e9ristique impressionnante du pr\u00eat CUEC destin\u00e9 aux entreprises de technologies de l&#039;information est la possibilit\u00e9 d&#039;une remise de pr\u00eat. Oui, vous avez bien entendu! Jusqu&#039;\u00e0 $20,000 du pr\u00eat peut \u00eatre enti\u00e8rement radi\u00e9 s&#039;il est rembours\u00e9 avant la date cl\u00e9 du 31 d\u00e9cembre 2023. Ce m\u00e9lange attrayant de conditions de remboursement souples et de taux d&#039;int\u00e9r\u00eat nul positionne le CEBA comme une voie financi\u00e8re extr\u00eamement attractive pour les entreprises informatiques du secteur des technologies de l&#039;information. et les organisations \u00e0 but non lucratif se retrouvent dans des eaux financi\u00e8res difficiles.<\/span><\/p>\n<h2><span style=\"font-weight: 400;\">Qui peut demander le pr\u00eat CUEC ?<\/span><\/h2>\n<p><span style=\"font-weight: 400;\">L\u2019admissibilit\u00e9 au pr\u00eat du Compte d\u2019urgence pour les entreprises canadiennes (CUEC) est principalement divis\u00e9e en deux volets. Premi\u00e8rement, le volet Paie, sp\u00e9cialement con\u00e7u pour les entreprises de technologies de l&#039;information, a d\u00e9clar\u00e9 des revenus d&#039;emploi compris entre $20 000 et 1 500 000 Cdn pour l&#039;ann\u00e9e civile 2019. Cette disposition t\u00e9moigne de l&#039;engagement du CUEC \u00e0 soutenir les entreprises qui contribuent de mani\u00e8re substantielle \u00e0 l&#039;\u00e9conomie gr\u00e2ce \u00e0 un emploi important.\u00a0<\/span><\/p>\n<p><span style=\"font-weight: 400;\">Deuxi\u00e8mement, le volet de d\u00e9penses non reportables, destin\u00e9 aux entreprises de technologies de l&#039;information qui ont d\u00e9clar\u00e9 moins de $20 000 Cdn en revenus d&#039;emploi en 2019. Ce volet permet aux entreprises de demander un pr\u00eat CUEC pour couvrir les d\u00e9penses admissibles non reportables, telles que loyer, taxes fonci\u00e8res, services publics et assurance, allant de $40 000 Cdn \u00e0 1 500 000 Cdn. Ces d\u00e9penses font l&#039;objet d&#039;une v\u00e9rification et d&#039;un audit par le gouvernement du Canada avant l&#039;approbation du pr\u00eat.<\/span><\/p>\n<p><span style=\"font-weight: 400;\">Pour demander le pr\u00eat CUEC, les entreprises informatiques du secteur des technologies de l&#039;information doivent r\u00e9pondre aux crit\u00e8res suivants\u00a0:<\/span><\/p>\n<ul>\n<li style=\"font-weight: 400;\" aria-level=\"1\"><b>Num\u00e9ro d&#039;entreprise (NE) de l&#039;ARC<\/b><span style=\"font-weight: 400;\">: Les entreprises de technologies de l&#039;information doivent d\u00e9tenir un NE d&#039;ARC actif enregistr\u00e9 au 1er mars 2020. Cet identifiant f\u00e9d\u00e9ral unique, \u00e9mis par l&#039;Agence du revenu du Canada (ARC), est un pr\u00e9requis pour participer \u00e0 <a href=\"http:\/\/ceba.ca\/fr\/\">programmes gouvernementaux<\/a>. Sans NE, s&#039;inscrire au <a href=\"https:\/\/www.canada.ca\/en\/revenue-agency.html\" target=\"_blank\" rel=\"noopener\">ARC<\/a> est la premi\u00e8re \u00e9tape avant une demande de pr\u00eat.<\/span><\/li>\n<li style=\"font-weight: 400;\" aria-level=\"1\"><b>Compte de ch\u00e8ques\/d&#039;exploitation d&#039;entreprise actif\u00a0:<\/b><span style=\"font-weight: 400;\"> Ce compte doit \u00eatre actif aupr\u00e8s de l&#039;\u00e9tablissement pr\u00eateur au moment de la demande de pr\u00eat. En cas d\u2019absence, les soci\u00e9t\u00e9s de technologies de l\u2019information doivent ouvrir un compte de ch\u00e8ques ou d\u2019exploitation actif aupr\u00e8s de votre institution financi\u00e8re principale avant de pr\u00e9senter votre demande de CUEC.<\/span><\/li>\n<li style=\"font-weight: 400;\" aria-level=\"1\"><b>Utilisation ant\u00e9rieure du programme CEBA\u00a0:<\/b><span style=\"font-weight: 400;\"> Les entreprises de technologies de l&#039;information ne doivent pas avoir d\u00e9j\u00e0 particip\u00e9 au programme CUEC ni cherch\u00e9 de l&#039;aide aupr\u00e8s d&#039;une autre institution financi\u00e8re apr\u00e8s avoir commenc\u00e9 votre demande. Cette condition \u00e9vite la duplication de l\u2019aide financi\u00e8re et garantit une r\u00e9partition \u00e9quitable des ressources.<\/span><\/li>\n<li style=\"font-weight: 400;\" aria-level=\"1\"><b>Intention de poursuivre les activit\u00e9s commerciales\u00a0:<\/b><span style=\"font-weight: 400;\"> Le pr\u00eat CUEC vise \u00e0 fournir une aide financi\u00e8re et \u00e0 stimuler la reprise pour les entreprises touch\u00e9es par la pand\u00e9mie. Par cons\u00e9quent, vos soci\u00e9t\u00e9s informatiques de technologie de l\u2019information doivent pr\u00e9voir de continuer \u00e0 fonctionner ou de reprendre leurs activit\u00e9s pour \u00eatre admissibles \u00e0 ce pr\u00eat.<\/span><\/li>\n<\/ul>\n<p><span style=\"font-weight: 400;\">Pour le <\/span><b>Flux de d\u00e9penses non reportables,<\/b><span style=\"font-weight: 400;\"> les exigences suppl\u00e9mentaires suivantes s&#039;appliquent\u00a0:<\/span><\/p>\n<ul>\n<li style=\"font-weight: 400;\" aria-level=\"1\"><b>D\u00e9penses admissibles non reportables\u00a0:<\/b><span style=\"font-weight: 400;\"> Votre entreprise devrait avoir des d\u00e9penses admissibles non reportables comprises entre $40 000 et 1 500 000 Cdn, y compris le loyer, les taxes fonci\u00e8res, les services publics et l&#039;assurance. Ces d\u00e9penses seront sujettes \u00e0 v\u00e9rification et audit par le gouvernement du Canada.<\/span><\/li>\n<li style=\"font-weight: 400;\" aria-level=\"1\"><b>Vous avez produit une d\u00e9claration de revenus aupr\u00e8s de l&#039;ARC\u00a0:<\/b><span style=\"font-weight: 400;\"> Vous devez avoir produit une d\u00e9claration de revenus pour 2019 ou 2018 aupr\u00e8s de l&#039;ARC pour confirmer la l\u00e9gitimit\u00e9 de votre entreprise informatique.<\/span><\/li>\n<\/ul>\n<p><span style=\"font-weight: 400;\">Le respect de ces crit\u00e8res garantit que vos soci\u00e9t\u00e9s informatiques de technologie de l&#039;information peuvent naviguer efficacement dans le processus de demande de pr\u00eat et acc\u00e9der \u00e0 l&#039;aide financi\u00e8re n\u00e9cessaire en ces temps difficiles. Une recherche approfondie et une compr\u00e9hension de ces conditions d\u2019\u00e9ligibilit\u00e9 avant la soumission de la candidature augmenteront vos chances d\u2019obtenir ce soutien financier b\u00e9n\u00e9fique. N&#039;oubliez pas que toutes ces exigences visent \u00e0 garantir que les pr\u00eats parviennent \u00e0 de v\u00e9ritables entreprises dans le besoin, contribuant ainsi \u00e0 leur relance et \u00e0 leur viabilit\u00e9 \u00e0 long terme.<\/span><\/p>\n<h2><span style=\"font-weight: 400;\">Principales caract\u00e9ristiques du pr\u00eat CUEC pour les entreprises de technologies de l&#039;information<\/span><\/h2>\n<p><span style=\"font-weight: 400;\">Le pr\u00eat CUEC offre des avantages distincts, ce qui en fait une ressource financi\u00e8re inestimable pour les entreprises de technologies de l&#039;information. Examinons ces fonctionnalit\u00e9s cl\u00e9s\u00a0:<\/span><\/p>\n<p><b>Avantage sans int\u00e9r\u00eat\u00a0:<\/b><span style=\"font-weight: 400;\"> Le programme de pr\u00eats CUEC destin\u00e9 aux entreprises de technologies de l&#039;information pr\u00e9sente l&#039;avantage in\u00e9gal\u00e9 des pr\u00eats sans int\u00e9r\u00eat. Il s\u2019agit d\u2019une bou\u00e9e de sauvetage cruciale, surtout dans les circonstances actuelles, permettant \u00e0 ces entreprises de g\u00e9rer leurs co\u00fbts op\u00e9rationnels sans accumuler d\u2019int\u00e9r\u00eats. Cette phase sans int\u00e9r\u00eat s&#039;\u00e9tend jusqu&#039;au 1er janvier 2024. Apr\u00e8s cette date, tout montant impay\u00e9 du pr\u00eat se transforme en un pr\u00eat de deux ans avec un taux d&#039;int\u00e9r\u00eat fixe annuel de 5%. Ces pr\u00eats peuvent couvrir les co\u00fbts op\u00e9rationnels, tels que les paiements de location, les imp\u00f4ts fonciers et les services publics essentiels comme la couverture d&#039;assurance. Ce r\u00e9pit financier permet aux soci\u00e9t\u00e9s informatiques de se concentrer pleinement sur les d\u00e9fis actuels pr\u00e9sent\u00e9s par le COVID-19.<\/span><\/p>\n<p><b>Remise de pr\u00eat\u00a0:<\/b><span style=\"font-weight: 400;\"> Le pr\u00eat CUEC offre \u00e9galement l\u2019avantage distinct de l\u2019exon\u00e9ration de pr\u00eat. Les entreprises informatiques de technologie de l&#039;information \u00e9ligibles peuvent tirer parti de cet avantage, avec une remise allant jusqu&#039;\u00e0 $20 000 du montant du pr\u00eat si elles sont rembours\u00e9es avant le 31 d\u00e9cembre 2023. Cette possibilit\u00e9 de remise partielle du pr\u00eat offre un all\u00e9gement financier important et incite les entreprises \u00e0 rembourser leur dette plus t\u00f4t. Pour b\u00e9n\u00e9ficier de cet avantage, les entreprises informatiques du secteur des technologies de l&#039;information doivent rester en r\u00e8gle et respecter tous les crit\u00e8res d&#039;\u00e9ligibilit\u00e9 fix\u00e9s par le gouvernement canadien.<\/span><\/p>\n<p><b>Conditions de remboursement prolong\u00e9es\u00a0:<\/b><span style=\"font-weight: 400;\"> Le programme de pr\u00eat CUEC pr\u00e9voit des conditions de remboursement prolong\u00e9es jusqu&#039;au 31 d\u00e9cembre 2023. Pendant cette p\u00e9riode, les entreprises informatiques du secteur des technologies de l&#039;information ne sont pas tenues de rembourser le montant principal, offrant ainsi une r\u00e9pit financier en ces temps difficiles. Cependant, le montant total du pr\u00eat major\u00e9 des int\u00e9r\u00eats courus <a href=\"http:\/\/ceba.ca\/fr\/information\/what-happens-if-you-dont-repay-your-ceba-loan\/\">doit \u00eatre rembours\u00e9 au plus tard le 31 d\u00e9cembre 2025<\/a>. Cet arrangement r\u00e9pond aux besoins financiers imm\u00e9diats des soci\u00e9t\u00e9s informatiques tout en leur donnant suffisamment de temps pour planifier les remboursements futurs.<\/span><\/p>\n<h2><span style=\"font-weight: 400;\">Conclusion<\/span><\/h2>\n<p><span style=\"font-weight: 400;\">En conclusion, le pr\u00eat CUEC destin\u00e9 aux entreprises de technologies de l&#039;information est un programme d&#039;aide financi\u00e8re essentiel con\u00e7u pour soutenir les entreprises dans les moments difficiles. Avec son avantage sans int\u00e9r\u00eat, sa possibilit\u00e9 d\u2019annulation de pr\u00eat et ses conditions de remboursement prolong\u00e9es, il constitue une bou\u00e9e de sauvetage vitale pour les entreprises confront\u00e9es \u00e0 l\u2019impact de la pand\u00e9mie de COVID-19. Ce soutien est d\u00e9terminant pour assurer leur survie et leur prosp\u00e9rit\u00e9 future.\u00a0<\/span><\/p>","protected":false},"excerpt":{"rendered":"<p>The Canada Emergency Business Account (CEBA) loan provides critical financial support to Canadian information technology IT companies grappling with the economic fallout of the COVID-19 pandemic. This initiative aims to improve cash flow for businesses, enabling them to meet their operational costs and safeguard their long-term viability. Navigating these challenging times, information technology IT companies [&hellip;]<\/p>\n","protected":false},"author":2,"featured_media":5295,"parent":0,"menu_order":0,"comment_status":"closed","ping_status":"closed","template":"","meta":{"footnotes":""},"class_list":["post-3613","page","type-page","status-publish","has-post-thumbnail","hentry"],"_links":{"self":[{"href":"https:\/\/ceba.ca\/fr\/wp-json\/wp\/v2\/pages\/3613","targetHints":{"allow":["GET"]}}],"collection":[{"href":"https:\/\/ceba.ca\/fr\/wp-json\/wp\/v2\/pages"}],"about":[{"href":"https:\/\/ceba.ca\/fr\/wp-json\/wp\/v2\/types\/page"}],"author":[{"embeddable":true,"href":"https:\/\/ceba.ca\/fr\/wp-json\/wp\/v2\/users\/2"}],"replies":[{"embeddable":true,"href":"https:\/\/ceba.ca\/fr\/wp-json\/wp\/v2\/comments?post=3613"}],"version-history":[{"count":4,"href":"https:\/\/ceba.ca\/fr\/wp-json\/wp\/v2\/pages\/3613\/revisions"}],"predecessor-version":[{"id":5876,"href":"https:\/\/ceba.ca\/fr\/wp-json\/wp\/v2\/pages\/3613\/revisions\/5876"}],"wp:featuredmedia":[{"embeddable":true,"href":"https:\/\/ceba.ca\/fr\/wp-json\/wp\/v2\/media\/5295"}],"wp:attachment":[{"href":"https:\/\/ceba.ca\/fr\/wp-json\/wp\/v2\/media?parent=3613"}],"curies":[{"name":"wp","href":"https:\/\/api.w.org\/{rel}","templated":true}]}}