{"id":3612,"date":"2023-08-23T13:50:47","date_gmt":"2023-08-23T17:50:47","guid":{"rendered":"http:\/\/ceba.ca\/?page_id=3612"},"modified":"2023-08-23T13:50:47","modified_gmt":"2023-08-23T17:50:47","slug":"ceba-loan-in-guelph","status":"publish","type":"page","link":"https:\/\/ceba.ca\/fr\/ceba-loan-in-guelph\/","title":{"rendered":"Pr\u00eat CUEC \u00e0 Guelph"},"content":{"rendered":"<p><span style=\"font-weight: 400;\">En 2019, lorsque le monde entier \u00e9tait \u00e0 l\u2019arr\u00eat en raison d\u2019une nouvelle pand\u00e9mie. De la vie personnelle \u00e0 la vie professionnelle, rien n&#039;a \u00e9t\u00e9 \u00e9pargn\u00e9. Ce sont surtout les entreprises qui ont le plus souffert, car elles ont \u00e9t\u00e9 contraintes de fermer leurs portes. La plupart des entreprises subissaient une perte de revenus et \u00e9taient incapables de fonctionner.\u00a0<\/span><span style=\"font-weight: 400;\">Le gouvernement canadien a compris leur situation et a propos\u00e9 le CUEC pour les aider en p\u00e9riode de d\u00e9tresse.\u00a0<\/span><\/p>\n<p><span style=\"font-weight: 400;\">Dans cet article, nous allons parler du pr\u00eat CUEC \u00e0 Guelph. Nous parlerons en d\u00e9tail de son \u00e9ligibilit\u00e9, du processus de candidature, des conditions et de son impact. Continue de lire.<\/span><\/p>\n<h2><span style=\"font-weight: 400;\">Explication du pr\u00eat CUEC \u00e0 Guelph<\/span><\/h2>\n<p><span style=\"font-weight: 400;\"><a href=\"http:\/\/ceba.ca\/fr\/ceba-loan\/\">Pr\u00eat du CUEC \u00e0 Guelph<\/a> est un pr\u00eat sans int\u00e9r\u00eat initi\u00e9 par le gouvernement canadien pour aider les entreprises et les organisations \u00e0 but non lucratif pendant la COVID-19. Au fil du temps, le gouvernement a continu\u00e9 d\u2019aider les entreprises et les ONG par l\u2019interm\u00e9diaire du CUEC. Gr\u00e2ce au CEBA, les entreprises et les organisations \u00e0 but non lucratif peuvent pr\u00eater entre $40,000 et $60,000. <\/span><span style=\"font-weight: 400;\"><br \/>\n<\/span><span style=\"font-weight: 400;\"><br \/>\n<\/span><span style=\"font-weight: 400;\">Il est important de noter que m\u00eame si le pr\u00eat est sans int\u00e9r\u00eat, en cas de remboursement tardif, des int\u00e9r\u00eats seront appliqu\u00e9s apr\u00e8s la date limite, soit le 31 d\u00e9cembre 2023. Le gouvernement encourage vraiment les remboursements dans les d\u00e9lais \u2013 en cas de remboursement tardif, un montant \u00e9norme jusqu&#039;\u00e0 $20 000 peuvent \u00eatre pardonn\u00e9s.<\/span><\/p>\n<h2><span style=\"font-weight: 400;\">Crit\u00e8re d&#039;\u00e9ligibilit\u00e9<\/span><\/h2>\n<p><span style=\"font-weight: 400;\">Qui est admissible au pr\u00eat est la premi\u00e8re question qui vient \u00e0 l\u2019esprit lorsqu\u2019on entend parler du CUEC. Nous allons vous donner toutes les informations sur son \u00e9ligibilit\u00e9. <\/span><span style=\"font-weight: 400;\">Le pr\u00eat CUEC \u00e0 Guelph est sp\u00e9cifiquement lanc\u00e9 pour les entreprises et les organisations \u00e0 but non lucratif uniquement. Toute entreprise ou ONG pouvant d\u00e9montrer une perte de revenus due \u00e0 l\u2019instabilit\u00e9 \u00e9conomique peut demander un pr\u00eat. <\/span><span style=\"font-weight: 400;\">Par ailleurs, la masse salariale annuelle et les d\u00e9penses non reportables ainsi que le niveau de revenus de l&#039;entreprise sont \u00e9galement v\u00e9rifi\u00e9s avant l&#039;octroi du pr\u00eat.\u00a0<\/span><span style=\"font-weight: 400;\">Le montant du pr\u00eat que vous obtenez d\u00e9pend de tous ces facteurs.<\/span><\/p>\n<h2><span style=\"font-weight: 400;\">Processus de demande<\/span><\/h2>\n<p><span style=\"font-weight: 400;\">Avec le CUEC \u00e0 Guelph, l&#039;objectif du gouvernement est de garder tous les processus tr\u00e8s simples afin que de plus en plus d&#039;entreprises puissent en b\u00e9n\u00e9ficier. Pour demander un pr\u00eat, les entreprises doivent avoir avec elles tous les documents n\u00e9cessaires. Ils doivent \u00e9galement soumettre le T4 Sommaire 2019.\u00a0<\/span><\/p>\n<p><span style=\"font-weight: 400;\">De plus, les entreprises doivent s\u2019aligner sur leur institution financi\u00e8re pour que le processus se d\u00e9roule sans heurts.\u00a0<\/span><span style=\"font-weight: 400;\">La v\u00e9rification des documents et l\u2019approbation peuvent prendre un certain temps, les entreprises doivent donc \u00e9galement s\u2019y pr\u00e9parer.<\/span><\/p>\n<h2><span style=\"font-weight: 400;\">Options de remboursement<\/span><\/h2>\n<p><span style=\"font-weight: 400;\">Les options de remboursement restent pratiques pour accorder de la cl\u00e9mence aux entreprises en difficult\u00e9. Le pr\u00eat est initialement sans int\u00e9r\u00eat, ce qui signifie qu\u2019il n\u2019y a aucun frais suppl\u00e9mentaire \u00e0 rembourser. <\/span><span style=\"font-weight: 400;\">Toutefois, en cas de paiement apr\u00e8s le 31 d\u00e9cembre 2023, des int\u00e9r\u00eats seront appliqu\u00e9s.<\/span><\/p>\n<h2><span style=\"font-weight: 400;\">Remise de pr\u00eat<\/span><\/h2>\n<p><span style=\"font-weight: 400;\">Les pr\u00eats CUEC \u00e0 Guelph sont con\u00e7us pour \u00eatre tr\u00e8s faciles pour les entreprises. Afin d&#039;encourager les entreprises \u00e0 payer dans les d\u00e9lais, le gouvernement a introduit une remise de pr\u00eat pouvant aller jusqu&#039;\u00e0 un tiers du pr\u00eat. <\/span><span style=\"font-weight: 400;\">Les entreprises ou les organisations \u00e0 but non lucratif qui remboursent le pr\u00eat avant la date limite seront \u00e9ligibles \u00e0 une remise de pr\u00eat d&#039;une valeur de $20,000, ce qui peut \u00eatre un soulagement pour de nombreuses entreprises.<\/span><\/p>\n<h2><span style=\"font-weight: 400;\">En cas de retard de remboursement<\/span><\/h2>\n<p><span style=\"font-weight: 400;\">Le CUEC de Guelph a aid\u00e9 de nombreuses entreprises \u00e0 cro\u00eetre d\u00e8s le d\u00e9but. Il continue d\u2019aider les entreprises et les organisations \u00e0 but non lucratif. Le gouvernement s&#039;est montr\u00e9 tr\u00e8s indulgent en termes d&#039;octroi de fonds et de remboursement. <\/span><span style=\"font-weight: 400;\">Toutefois, en cas de remboursement, le gouvernement commencera \u00e0 facturer des int\u00e9r\u00eats sur le montant remboursable.\u00a0<\/span><\/p>\n<h2><span style=\"font-weight: 400;\">L&#039;impact du CUEC sur l&#039;\u00e9conomie de Guelph<\/span><\/h2>\n<p><span style=\"font-weight: 400;\">Le programme de pr\u00eat du Compte d\u2019urgence pour les entreprises canadiennes (CUEC) a eu un impact notable sur l\u2019\u00e9conomie de Guelph, fournissant un soutien financier crucial aux petites et moyennes entreprises en p\u00e9riode d\u2019incertitude \u00e9conomique, comme la pand\u00e9mie de COVID-19. Cette initiative, lanc\u00e9e par le <a href=\"https:\/\/www.canada.ca\/\" target=\"_blank\" rel=\"noopener\">Gouvernement canadien<\/a>, visant \u00e0 aider les entreprises \u00e0 g\u00e9rer les d\u00e9fis sans pr\u00e9c\u00e9dent pos\u00e9s par la pand\u00e9mie et les cons\u00e9quences \u00e9conomiques qui en r\u00e9sultent.<\/span><\/p>\n<p><span style=\"font-weight: 400;\">Les pr\u00eats du CUEC ont jou\u00e9 un r\u00f4le crucial en aidant les PME de Guelph \u00e0 maintenir leurs activit\u00e9s, \u00e0 retenir leurs employ\u00e9s et \u00e0 s&#039;adapter \u00e0 un paysage commercial en \u00e9volution rapide. En donnant acc\u00e8s \u00e0 des pr\u00eats sans int\u00e9r\u00eat et \u00e0 des portions remboursables aux entreprises admissibles, le programme a permis aux entreprises de r\u00e9soudre leurs probl\u00e8mes de tr\u00e9sorerie, de couvrir leurs d\u00e9penses d&#039;exploitation et d&#039;investir dans les adaptations n\u00e9cessaires pour respecter les protocoles de sant\u00e9 et de s\u00e9curit\u00e9.<\/span><\/p>\n<p><span style=\"font-weight: 400;\">L\u2019impact sur l\u2019\u00e9conomie dans son ensemble a \u00e9t\u00e9 multiforme. Premi\u00e8rement, les pr\u00eats du CUEC ont contribu\u00e9 \u00e0 pr\u00e9venir des fermetures g\u00e9n\u00e9ralis\u00e9es d&#039;entreprises, \u00e0 pr\u00e9server les emplois et \u00e0 minimiser les taux de ch\u00f4mage. Le soutien apport\u00e9 a contribu\u00e9 \u00e0 maintenir un certain niveau de stabilit\u00e9 \u00e9conomique en \u00e9vitant une cascade d\u2019effets n\u00e9gatifs qui auraient pu r\u00e9sulter d\u2019une perte importante d\u2019entreprises et d\u2019emplois.<\/span><\/p>\n<p><span style=\"font-weight: 400;\">De plus, l&#039;injection de fonds dans les PME de Guelph a g\u00e9n\u00e9r\u00e9 un effet d&#039;entra\u00eenement sur l&#039;ensemble des cha\u00eenes d&#039;approvisionnement et sur l&#039;\u00e9conomie locale de Guelph. Les fonds re\u00e7us par les entreprises ont non seulement soutenu leurs op\u00e9rations, mais ont \u00e9galement contribu\u00e9 \u00e0 augmenter les d\u00e9penses de consommation, soutenant ainsi d&#039;autres secteurs et renfor\u00e7ant les efforts de relance \u00e9conomique.<\/span><\/p>\n<p><span style=\"font-weight: 400;\">N\u00e9anmoins, il est important de consid\u00e9rer les implications \u00e0 long terme, telles que la possibilit\u00e9 d&#039;un endettement accru des entreprises et la n\u00e9cessit\u00e9 \u00e9ventuelle de rembourser les pr\u00eats. Il sera crucial de trouver un \u00e9quilibre entre l\u2019all\u00e9gement \u00e0 court terme et la responsabilit\u00e9 financi\u00e8re \u00e0 long terme pour garantir l\u2019impact positif durable des pr\u00eats du CUEC sur l\u2019\u00e9conomie de Guelph.<\/span><\/p>\n<p><span style=\"font-weight: 400;\">En un mot, le pr\u00eat du CUEC \u00e0 Guelph a servi de bou\u00e9e de sauvetage pour de nombreuses petites et moyennes entreprises, att\u00e9nuant les retomb\u00e9es \u00e9conomiques de la pand\u00e9mie et contribuant au maintien des emplois et de la stabilit\u00e9 \u00e9conomique. Ses effets se sont r\u00e9percut\u00e9s sur l&#039;\u00e9conomie locale et la cha\u00eene d&#039;approvisionnement de Guelph, soulignant l&#039;interconnectivit\u00e9 des entreprises dans le paysage \u00e9conomique plus large.<\/span><\/p>\n<h2><span style=\"font-weight: 400;\">Conclusion<\/span><\/h2>\n<p><span style=\"font-weight: 400;\">Le pr\u00eat du CUEC \u00e0 Guelph est apparu comme l\u2019une des mesures les plus importantes pour aider les entreprises apr\u00e8s la COVID-19. Ce pr\u00eat a jusqu\u2019\u00e0 pr\u00e9sent aid\u00e9 les entreprises \u00e0 maintenir la situation \u00e9conomique cruciale. Des options de remboursement faciles, des remboursements sans int\u00e9r\u00eat et une remise de pr\u00eat allant jusqu&#039;\u00e0 $20 000 l&#039;ont rendu plus accessible \u00e0 plus grande \u00e9chelle \u00e0 Guelph.<\/span><\/p>","protected":false},"excerpt":{"rendered":"<p>In 2019, when the whole world was shut down due to a newly spread pandemic. From personal life to professional life &#8211; there&#8217;s nothing that was not affected. Especially businesses suffered the most as they were forced to shut down. Most of the businesses were going through revenue loss and were unable to operate.\u00a0The Canadian [&hellip;]<\/p>\n","protected":false},"author":2,"featured_media":4790,"parent":0,"menu_order":0,"comment_status":"closed","ping_status":"closed","template":"","meta":{"footnotes":""},"class_list":["post-3612","page","type-page","status-publish","has-post-thumbnail","hentry"],"_links":{"self":[{"href":"https:\/\/ceba.ca\/fr\/wp-json\/wp\/v2\/pages\/3612","targetHints":{"allow":["GET"]}}],"collection":[{"href":"https:\/\/ceba.ca\/fr\/wp-json\/wp\/v2\/pages"}],"about":[{"href":"https:\/\/ceba.ca\/fr\/wp-json\/wp\/v2\/types\/page"}],"author":[{"embeddable":true,"href":"https:\/\/ceba.ca\/fr\/wp-json\/wp\/v2\/users\/2"}],"replies":[{"embeddable":true,"href":"https:\/\/ceba.ca\/fr\/wp-json\/wp\/v2\/comments?post=3612"}],"version-history":[{"count":4,"href":"https:\/\/ceba.ca\/fr\/wp-json\/wp\/v2\/pages\/3612\/revisions"}],"predecessor-version":[{"id":4773,"href":"https:\/\/ceba.ca\/fr\/wp-json\/wp\/v2\/pages\/3612\/revisions\/4773"}],"wp:featuredmedia":[{"embeddable":true,"href":"https:\/\/ceba.ca\/fr\/wp-json\/wp\/v2\/media\/4790"}],"wp:attachment":[{"href":"https:\/\/ceba.ca\/fr\/wp-json\/wp\/v2\/media?parent=3612"}],"curies":[{"name":"wp","href":"https:\/\/api.w.org\/{rel}","templated":true}]}}