{"id":3609,"date":"2023-08-23T13:49:19","date_gmt":"2023-08-23T17:49:19","guid":{"rendered":"http:\/\/ceba.ca\/?page_id=3609"},"modified":"2023-08-23T13:49:19","modified_gmt":"2023-08-23T17:49:19","slug":"ceba-loan-in-sherbrook","status":"publish","type":"page","link":"https:\/\/ceba.ca\/fr\/ceba-loan-in-sherbrook\/","title":{"rendered":"Pr\u00eat CUEC \u00e0 Sherbrook"},"content":{"rendered":"<p><span style=\"font-weight: 400;\">Face \u00e0 l&#039;incertitude \u00e9conomique, le gouvernement canadien a lanc\u00e9 le Compte d&#039;urgence pour les entreprises canadiennes (CUEC) afin de fournir un soutien financier vital aux entreprises touch\u00e9es par la pand\u00e9mie de COVID-19. Une ville qui a grandement b\u00e9n\u00e9fici\u00e9 de cette initiative est Sherbrooke.<\/span><\/p>\n<p><span style=\"font-weight: 400;\">Le programme de pr\u00eat CUEC a non seulement fourni une aide financi\u00e8re cruciale, mais a \u00e9galement jou\u00e9 un r\u00f4le central dans le fa\u00e7onnement de l&#039;\u00e9conomie locale en favorisant la r\u00e9silience et en assurant la survie de nombreuses entreprises. Dans cet article, nous nous penchons sur le pr\u00eat CUEC \u00e0 Sherbrooke, discutant de ses subventions, du processus de remboursement, des crit\u00e8res d&#039;\u00e9ligibilit\u00e9, du processus de demande et de son impact plus large sur l&#039;\u00e9conomie locale.<\/span><\/p>\n<h2><span style=\"font-weight: 400;\">Montant des fonds<\/span><\/h2>\n<p><span style=\"font-weight: 400;\"><a href=\"http:\/\/ceba.ca\/fr\/ceba-loan\/\">Pr\u00eat CUEC \u00e0 Sherbrooke<\/a> propose des pr\u00eats allant de $40 000 \u00e0 $60 000 aux entreprises et organisations \u00e0 but non lucratif en fonction de leur niveau de revenus, de leurs pertes de revenus, de leur masse salariale annuelle et d&#039;autres d\u00e9penses non reportables. Le CUEC est un pr\u00eat sans int\u00e9r\u00eat avec <a href=\"http:\/\/ceba.ca\/fr\/ceba-loan-repayment\/\">options de remboursement faciles<\/a>. Les entreprises doivent rembourser leurs pr\u00eats jusqu&#039;\u00e0 une date pr\u00e9cise. Si les entreprises, pour une raison quelconque, ne peuvent pas rembourser le pr\u00eat dans les d\u00e9lais. Le gouvernement est cens\u00e9 commencer \u00e0 imposer des int\u00e9r\u00eats.<\/span><\/p>\n<h2><span style=\"font-weight: 400;\">Montant des subventions<\/span><\/h2>\n<p><span style=\"font-weight: 400;\">Le pr\u00eat CUEC de Sherbrooke offrait aux entreprises admissibles une subvention non remboursable pouvant atteindre $20 000. Cette subvention a \u00e9t\u00e9 con\u00e7ue pour couvrir divers co\u00fbts op\u00e9rationnels, notamment le loyer, les services publics et les charges salariales. La structure de pr\u00eat initiale pr\u00e9voyait un pr\u00eat de $40 000, 25% (jusqu&#039;\u00e0 $10 000) \u00e9tant remboursable si le solde \u00e9tait rembours\u00e9 \u00e0 une date sp\u00e9cifi\u00e9e. Les am\u00e9liorations ult\u00e9rieures apport\u00e9es par le gouvernement ont port\u00e9 la partie remboursable \u00e0 50%, ou \u00e0 un tiers si le montant du pr\u00eat est de $60 000, ce qui donne une subvention maximale de $20 000 pour les entreprises \u00e9ligibles.<\/span><\/p>\n<h2><span style=\"font-weight: 400;\">Crit\u00e8re d&#039;\u00e9ligibilit\u00e9<\/span><\/h2>\n<p><span style=\"font-weight: 400;\">Pour acc\u00e9der au <a href=\"http:\/\/ceba.ca\/fr\/resources\/maximizing-the-benefits-of-your-ceba-loan\/\">avantages du programme de pr\u00eats CUEC<\/a>, les entreprises de Sherbrooke devaient r\u00e9pondre \u00e0 certains crit\u00e8res d&#039;admissibilit\u00e9. Ces crit\u00e8res comprenaient, sans toutefois s&#039;y limiter\u00a0:<\/span><\/p>\n<ul>\n<li style=\"font-weight: 400;\" aria-level=\"1\"><span style=\"font-weight: 400;\">\u00catre une entreprise en activit\u00e9 depuis le 1er mars 2020.<\/span><\/li>\n<li style=\"font-weight: 400;\" aria-level=\"1\"><span style=\"font-weight: 400;\">Avoir un enregistrement fiscal f\u00e9d\u00e9ral.<\/span><\/li>\n<li style=\"font-weight: 400;\" aria-level=\"1\"><span style=\"font-weight: 400;\">D\u00e9montrant les d\u00e9penses \u00e9ligibles non reportables, telles que la masse salariale, le loyer, les services publics et l&#039;assurance, entre $20 000 et $1,5 million en 2020.<\/span><\/li>\n<li style=\"font-weight: 400;\" aria-level=\"1\"><span style=\"font-weight: 400;\">Ne pas avoir d\u00e9j\u00e0 demand\u00e9 ou re\u00e7u le pr\u00eat CUEC<\/span><\/li>\n<\/ul>\n<h2><span style=\"font-weight: 400;\">Processus de demande<\/span><\/h2>\n<p><span style=\"font-weight: 400;\">Le processus de demande de pr\u00eat CUEC \u00e0 Sherbrooke a \u00e9t\u00e9 con\u00e7u pour \u00eatre convivial, afin de garantir que les entreprises puissent acc\u00e9der rapidement au soutien financier dont elles ont besoin. Les entrepreneurs devaient s\u2019adresser \u00e0 leur institution financi\u00e8re principale pour demander le pr\u00eat. Les institutions financi\u00e8res ont collabor\u00e9 avec le gouvernement pour rationaliser le processus de demande et v\u00e9rifier les informations n\u00e9cessaires. Cette approche visait \u00e0 acc\u00e9l\u00e9rer le d\u00e9caissement des fonds aux entreprises m\u00e9ritantes tout en minimisant les obstacles administratifs.<\/span><\/p>\n<p><span style=\"font-weight: 400;\">Le processus d&#039;approbation de la demande peut prendre un certain temps. Le gouvernement est \u00e9galement susceptible de rejeter certaines demandes si elles ne r\u00e9pondent pas aux crit\u00e8res d&#039;\u00e9ligibilit\u00e9. En cas de refus, vous pouvez faire appel ou parler \u00e0 votre banque ou coop\u00e9rative de cr\u00e9dit pour obtenir de l\u2019aide.<\/span><\/p>\n<h2><span style=\"font-weight: 400;\">Processus de remboursement<\/span><\/h2>\n<p><span style=\"font-weight: 400;\">Le remboursement du pr\u00eat CUEC \u00e0 Sherbrooke est un processus relativement simple. Les entreprises qui ne sont pas en mesure de satisfaire aux exigences d\u2019annulation totale du pr\u00eat doivent commencer \u00e0 rembourser le solde sur une p\u00e9riode d\u00e9termin\u00e9e.<\/span><\/p>\n<p><span style=\"font-weight: 400;\">Le plan de remboursement d\u00e9pend de votre institution financi\u00e8re, comme la banque ou la coop\u00e9rative de cr\u00e9dit. Les entreprises peuvent les consulter pour obtenir des informations sur les \u00e9ch\u00e9anciers de remboursement.<\/span><\/p>\n<p><span style=\"font-weight: 400;\">Cela dit, quelle que soit l&#039;institution, si les entreprises ont pay\u00e9 le montant avant la date limite, elles ont droit \u00e0 une remise de $20 000.<\/span><\/p>\n<h2><span style=\"font-weight: 400;\">Remboursements tardifs<\/span><\/h2>\n<p><span style=\"font-weight: 400;\">Chaque pr\u00eat est assorti d\u2019un d\u00e9lai pr\u00e9cis pour rembourser le pr\u00eat. Si les entreprises ne remboursent pas le pr\u00eat \u00e0 temps, elles peuvent\u00a0:<\/span><\/p>\n<ol>\n<li style=\"font-weight: 400;\" aria-level=\"1\"><span style=\"font-weight: 400;\"><strong>Perdre la subvention de pardon\u00a0:<\/strong> Apr\u00e8s avoir d\u00e9pass\u00e9 la date limite, les entreprises ou les organisations \u00e0 but non lucratif ne sont plus \u00e9ligibles \u00e0 une remise de pr\u00eat pouvant aller jusqu&#039;\u00e0 $20,000.<\/span><\/li>\n<li style=\"font-weight: 400;\" aria-level=\"1\"><span style=\"font-weight: 400;\"><strong>Payez des int\u00e9r\u00eats\u00a0:<\/strong> Bien que le pr\u00eat lui-m\u00eame soit sans int\u00e9r\u00eat, en cas de non-respect des d\u00e9lais. Les entreprises sont cens\u00e9es payer des int\u00e9r\u00eats de 51 TP3T par an.<\/span><\/li>\n<li style=\"font-weight: 400;\" aria-level=\"1\"><span style=\"font-weight: 400;\"><strong>Perdre une bonne cote de cr\u00e9dit\u00a0:<\/strong> Les paiements en retard ou manqu\u00e9s peuvent avoir un impact important sur votre pointage de cr\u00e9dit global. Le non-respect des d\u00e9lais peut vous causer un <a href=\"https:\/\/www.bankrate.com\/personal-finance\/credit\/bad-credit-score\/\" target=\"_blank\" rel=\"noopener\">mauvaise cote de cr\u00e9dit<\/a>.<\/span><\/li>\n<\/ol>\n<h2><span style=\"font-weight: 400;\">Pr\u00eat CUEC \u00e0 Sherbrooke : impact \u00e9conomique\u00a0<\/span><\/h2>\n<p><span style=\"font-weight: 400;\">Le programme de pr\u00eat CUEC a eu un impact tangible sur l&#039;\u00e9conomie locale de Sherbrooke, contribuant \u00e0 la fois au soulagement \u00e0 court terme et \u00e0 la r\u00e9silience \u00e0 long terme. Les subventions ont fourni des liquidit\u00e9s indispensables aux entreprises aux prises avec une r\u00e9duction des flux de revenus et des d\u00e9fis op\u00e9rationnels caus\u00e9s par la pand\u00e9mie. En couvrant des d\u00e9penses essentielles telles que la masse salariale et le loyer, le pr\u00eat du CUEC a permis d&#039;\u00e9viter des mises \u00e0 pied et des fermetures d&#039;entreprises, pr\u00e9servant ainsi les emplois locaux et pr\u00e9servant le tissu \u00e9conomique de la ville.<\/span><\/p>\n<p><span style=\"font-weight: 400;\">Au-del\u00e0 d\u2019un soulagement imm\u00e9diat, le pr\u00eat CUEC a jou\u00e9 un r\u00f4le essentiel dans le maintien de la continuit\u00e9 des activit\u00e9s. \u00c0 mesure que les entreprises acc\u00e9daient \u00e0 ces fonds, elles pouvaient adapter leurs op\u00e9rations aux circonstances changeantes, en investissant dans la technologie, les capacit\u00e9s de travail \u00e0 distance et les strat\u00e9gies innovantes pour servir les clients dans la \u00ab nouvelle normalit\u00e9 \u00bb. Cette adaptabilit\u00e9 a permis aux entreprises sherbrookoises de pivoter et de prosp\u00e9rer dans un environnement impr\u00e9visible.<\/span><\/p>\n<p><span style=\"font-weight: 400;\">De plus, les effets d\u2019entra\u00eenement du programme de pr\u00eats CUEC se sont fait sentir dans l\u2019ensemble de l\u2019\u00e9conomie locale. Alors que les entreprises sherbrookoises ont pu conserver leur main-d&#039;\u0153uvre et poursuivre leurs activit\u00e9s, la confiance des consommateurs est demeur\u00e9e stable. Cela a, \u00e0 son tour, soutenu les d\u00e9penses et la consommation locales, \u00e9vitant ainsi un grave ralentissement \u00e9conomique. La vitalit\u00e9 des petites et moyennes entreprises (PME) est un moteur cl\u00e9 de la croissance \u00e9conomique dans des villes comme Sherbrooke, et le pr\u00eat du CUEC a soutenu ce secteur fondamental.<\/span><\/p>\n<h2><span style=\"font-weight: 400;\">Conclusion<\/span><\/h2>\n<p><span style=\"font-weight: 400;\">Le programme de pr\u00eats CUEC a sans aucun doute \u00e9t\u00e9 une bou\u00e9e de sauvetage pour les entreprises sherbrookoises, offrant une stabilit\u00e9 financi\u00e8re, pr\u00e9servant les emplois et favorisant l&#039;adaptabilit\u00e9 face \u00e0 des d\u00e9fis sans pr\u00e9c\u00e9dent. Alors que la ville se dirige vers la reprise, l\u2019impact du pr\u00eat CUEC s\u2019\u00e9tendra probablement bien au-del\u00e0 de la p\u00e9riode pand\u00e9mique. La r\u00e9silience d\u00e9montr\u00e9e par les entreprises sherbrookoises, soutenues par le soutien du programme CUEC, souligne l&#039;importance d&#039;interventions gouvernementales opportunes et cibl\u00e9es pour favoriser la croissance \u00e9conomique et la prosp\u00e9rit\u00e9 \u00e0 l&#039;\u00e9chelle locale.<\/span><\/p>","protected":false},"excerpt":{"rendered":"<p>In the face of economic uncertainty, the Canadian government introduced the Canada Emergency Business Account (CEBA) to provide vital financial support to businesses affected by the COVID-19 pandemic. One city that has greatly benefited from this initiative is Sherbrooke. The CEBA loan program has not only provided crucial financial assistance but has also played a [&hellip;]<\/p>\n","protected":false},"author":2,"featured_media":4789,"parent":0,"menu_order":0,"comment_status":"closed","ping_status":"closed","template":"","meta":{"footnotes":""},"class_list":["post-3609","page","type-page","status-publish","has-post-thumbnail","hentry"],"_links":{"self":[{"href":"https:\/\/ceba.ca\/fr\/wp-json\/wp\/v2\/pages\/3609","targetHints":{"allow":["GET"]}}],"collection":[{"href":"https:\/\/ceba.ca\/fr\/wp-json\/wp\/v2\/pages"}],"about":[{"href":"https:\/\/ceba.ca\/fr\/wp-json\/wp\/v2\/types\/page"}],"author":[{"embeddable":true,"href":"https:\/\/ceba.ca\/fr\/wp-json\/wp\/v2\/users\/2"}],"replies":[{"embeddable":true,"href":"https:\/\/ceba.ca\/fr\/wp-json\/wp\/v2\/comments?post=3609"}],"version-history":[{"count":4,"href":"https:\/\/ceba.ca\/fr\/wp-json\/wp\/v2\/pages\/3609\/revisions"}],"predecessor-version":[{"id":4771,"href":"https:\/\/ceba.ca\/fr\/wp-json\/wp\/v2\/pages\/3609\/revisions\/4771"}],"wp:featuredmedia":[{"embeddable":true,"href":"https:\/\/ceba.ca\/fr\/wp-json\/wp\/v2\/media\/4789"}],"wp:attachment":[{"href":"https:\/\/ceba.ca\/fr\/wp-json\/wp\/v2\/media?parent=3609"}],"curies":[{"name":"wp","href":"https:\/\/api.w.org\/{rel}","templated":true}]}}