{"id":3604,"date":"2023-08-23T13:48:00","date_gmt":"2023-08-23T17:48:00","guid":{"rendered":"http:\/\/ceba.ca\/?page_id=3604"},"modified":"2023-08-23T13:48:00","modified_gmt":"2023-08-23T17:48:00","slug":"ceba-loan-in-barrie","status":"publish","type":"page","link":"https:\/\/ceba.ca\/fr\/ceba-loan-in-barrie\/","title":{"rendered":"Pr\u00eat CUEC \u00e0 Barrie"},"content":{"rendered":"<p><span style=\"font-weight: 400;\">\u00c0 la suite des difficult\u00e9s \u00e9conomiques, le gouvernement canadien a lanc\u00e9 le Compte d\u2019urgence pour les entreprises canadiennes (CUEC) afin de fournir un soutien financier indispensable aux entreprises de tout le pays. Cet article examine l&#039;impact du pr\u00eat CUEC \u00e0 Barrie, en Ontario, en examinant les fonds allou\u00e9s, les crit\u00e8res d&#039;\u00e9ligibilit\u00e9, les processus de demande et de remboursement, ainsi que sa contribution \u00e0 l&#039;\u00e9conomie locale. En explorant ces facettes, il devient clair que le CUEC a jou\u00e9 un r\u00f4le central en favorisant la r\u00e9silience des entreprises et en favorisant la reprise \u00e9conomique \u00e0 Barrie.<\/span><\/p>\n<p><span style=\"font-weight: 400;\">Faites d\u00e9filer vers le bas pour en savoir plus sur les opportunit\u00e9s pour les entreprises, les crit\u00e8res d&#039;\u00e9ligibilit\u00e9 pour demander le pr\u00eat, la mani\u00e8re de le rembourser et d&#039;autres facteurs importants \u00e0 prendre en compte avant de demander le pr\u00eat.<\/span><\/p>\n<h2><span style=\"font-weight: 400;\">Pr\u00eat CUEC \u00e0 Barrie\u00a0: fonds et subventions<\/span><\/h2>\n<p><span style=\"font-weight: 400;\">Les pr\u00eats du CUEC ont \u00e9t\u00e9 une bou\u00e9e de sauvetage pour de nombreuses personnes <a href=\"https:\/\/www.barrietoday.com\/directory\" target=\"_blank\" rel=\"noopener\">les commerces \u00e0 Barrie<\/a>, injectant des capitaux essentiels dans un large \u00e9ventail de secteurs. La phase initiale du CEBA pr\u00e9voyait des pr\u00eats sans int\u00e9r\u00eat allant de $40 000 \u00e0 $60 000 pour les entreprises \u00e9ligibles, dont $10 000 \u00e9tait remboursable si le pr\u00eat \u00e9tait rembours\u00e9 \u00e0 une date sp\u00e9cifi\u00e9e. Par la suite, un programme CEBA \u00e9largi a \u00e9t\u00e9 introduit, offrant un pr\u00eat suppl\u00e9mentaire de $20 000, dont 50% sont remboursables. Cela a port\u00e9 le montant total potentiel de remise \u00e0 $20,000 pour les entreprises \u00e9ligibles.<\/span><\/p>\n<h2><span style=\"font-weight: 400;\">Crit\u00e8re d&#039;\u00e9ligibilit\u00e9<\/span><\/h2>\n<p><span style=\"font-weight: 400;\">Afin de garantir que le CUEC atteigne les entreprises dans le besoin, des crit\u00e8res d&#039;\u00e9ligibilit\u00e9 sp\u00e9cifiques ont \u00e9t\u00e9 mis en place. Initialement, pour b\u00e9n\u00e9ficier du pr\u00eat de $40 000, les entreprises devaient d\u00e9montrer avoir pay\u00e9 entre $20 000 et $1,5 million de masse salariale totale en 2019. <a href=\"http:\/\/ceba.ca\/fr\/ceba-loan\/\">crit\u00e8res \u00e9largis du CUEC<\/a> incluait les entreprises qui avaient engag\u00e9 des d\u00e9penses \u00e9ligibles non reportables comprises entre $40 000 et $1,5 millions, telles que le loyer, les services publics et l&#039;assurance. Ces crit\u00e8res ont \u00e9t\u00e9 con\u00e7us pour englober un large \u00e9ventail d\u2019entreprises, des propri\u00e9taires individuels aux grandes soci\u00e9t\u00e9s, et promouvoir l\u2019inclusivit\u00e9.<\/span><\/p>\n<h2><span style=\"font-weight: 400;\">Processus de demande<\/span><\/h2>\n<p><span style=\"font-weight: 400;\">Le <a href=\"http:\/\/ceba.ca\/fr\/tools\/navigating-the-ceba-loan-application-process\/\">processus de demande de pr\u00eat CUEC<\/a> a \u00e9t\u00e9 rationalis\u00e9 pour acc\u00e9l\u00e9rer le support. Les entreprises de Barrie pouvaient postuler par l\u2019interm\u00e9diaire de leurs institutions financi\u00e8res, en utilisant un simple formulaire de candidature en ligne. Le processus n\u00e9cessitait de fournir des informations financi\u00e8res pertinentes et d&#039;attester de l&#039;exactitude des d\u00e9tails fournis. Ce processus simplifi\u00e9 a minimis\u00e9 les charges administratives des entreprises \u00e0 une \u00e9poque o\u00f9 l&#039;efficacit\u00e9 op\u00e9rationnelle \u00e9tait cruciale pour la survie.<\/span><\/p>\n<h2><span style=\"font-weight: 400;\">Processus de remboursement<\/span><\/h2>\n<p><span style=\"font-weight: 400;\">Le processus de remboursement des pr\u00eats CUEC a \u00e9t\u00e9 con\u00e7u pour \u00eatre flexible et accommodant. Le pr\u00eat initial de $40,000 \u00e9tait sans int\u00e9r\u00eat, et s&#039;il \u00e9tait rembours\u00e9 dans le d\u00e9lai sp\u00e9cifi\u00e9, $10,000 \u00e9tait remboursable. Pour le pr\u00eat CUEC \u00e9largi, le remboursement de $40 000 au plus tard \u00e0 la date sp\u00e9cifi\u00e9e a rendu 50% des $20 000 suppl\u00e9mentaires remboursables. Les remboursements \u00e9taient effectu\u00e9s par l&#039;interm\u00e9diaire d&#039;institutions financi\u00e8res, avec des directives claires fournies aux entreprises. Cette structure de remboursement a permis aux entreprises de g\u00e9rer plus efficacement leurs flux de tr\u00e9sorerie, compte tenu de l&#039;environnement \u00e9conomique incertain.<\/span><\/p>\n<h2><span style=\"font-weight: 400;\">L&#039;impact du CUEC sur l&#039;\u00e9conomie locale de Barrie<\/span><\/h2>\n<p><span style=\"font-weight: 400;\">L&#039;initiative CUEC a eu un impact significatif sur l&#039;\u00e9conomie locale de Barrie, favorisant la r\u00e9silience et stimulant la croissance. Gr\u00e2ce \u00e0 un soutien financier crucial, beaucoup d\u2019entreprises ont pu retenir leurs employ\u00e9s, poursuivre leurs activit\u00e9s et s\u2019adapter \u00e0 l\u2019\u00e9volution du march\u00e9. Cela a, \u00e0 son tour, soutenu l\u2019activit\u00e9 \u00e9conomique globale de Barrie.<\/span><\/p>\n<p><span style=\"font-weight: 400;\">Les fonds fournis par le CUEC ont servi de pont, permettant aux entreprises de couvrir leurs d\u00e9penses op\u00e9rationnelles et de retenir leurs employ\u00e9s pendant les p\u00e9riodes de revenus r\u00e9duits. Cela a non seulement prot\u00e9g\u00e9 les emplois locaux, mais a \u00e9galement maintenu les niveaux de d\u00e9penses des consommateurs dans la communaut\u00e9. L\u2019injection de capitaux dans les entreprises leur a permis de s\u2019adapter \u00e0 de nouveaux mod\u00e8les \u00e9conomiques, tels que le commerce \u00e9lectronique et le travail \u00e0 distance, qui ont \u00e9t\u00e9 cruciaux pendant les confinements et les mesures de distanciation sociale.<\/span><\/p>\n<p><span style=\"font-weight: 400;\">De plus, la partie remboursable des pr\u00eats du CUEC a constitu\u00e9 un incitatif \u00e0 une gestion financi\u00e8re responsable. Les entreprises qui ont r\u00e9ussi \u00e0 respecter les d\u00e9lais et les crit\u00e8res de remboursement ont \u00e9t\u00e9 r\u00e9compens\u00e9es par des subventions-subventions, leur fournissant ainsi des ressources suppl\u00e9mentaires \u00e0 r\u00e9investir dans leurs op\u00e9rations.<\/span><\/p>\n<p><span style=\"font-weight: 400;\">La relation symbiotique entre le CEBA et les entreprises locales de Barrie a eu un effet d&#039;entra\u00eenement qui va au-del\u00e0 d&#039;une aide financi\u00e8re imm\u00e9diate. En renfor\u00e7ant les fondations de ces entreprises, le CEBA a favoris\u00e9 un sentiment de confiance dans le milieu des affaires, attirant des investisseurs et des partenaires potentiels. Cette injection d\u2019optimisme a encore amplifi\u00e9 l\u2019activit\u00e9 \u00e9conomique \u00e0 Barrie, \u00e0 mesure que de nouvelles collaborations et entreprises ont \u00e9merg\u00e9.<\/span><\/p>\n<p><span style=\"font-weight: 400;\">De plus, les r\u00e9ussites des entreprises qui ont utilis\u00e9 le financement du CUEC ont d\u00e9montr\u00e9 l&#039;efficacit\u00e9 du soutien gouvernemental cibl\u00e9. Ces r\u00e9cits ont non seulement inspir\u00e9 d\u2019autres entreprises en difficult\u00e9 \u00e0 demander de l\u2019aide, mais ont \u00e9galement d\u00e9montr\u00e9 le pouvoir de la solidarit\u00e9 communautaire dans des moments difficiles. En cons\u00e9quence, Barrie a \u00e9t\u00e9 t\u00e9moin d\u2019un environnement de partage des connaissances et d\u2019entraide, renfor\u00e7ant la r\u00e9silience globale de son \u00e9conomie locale.<\/span><\/p>\n<p><span style=\"font-weight: 400;\">Pour l&#039;avenir, l&#039;impact durable du CUEC sur l&#039;\u00e9conomie de Barrie t\u00e9moigne du potentiel de programmes de relance \u00e9conomique bien con\u00e7us. En soutenant les entreprises face \u00e0 l&#039;adversit\u00e9 et en encourageant l&#039;innovation, le CEBA a non seulement contribu\u00e9 \u00e0 la relance \u00e9conomique de la ville, mais a \u00e9galement jet\u00e9 les bases d&#039;une croissance et d&#039;une prosp\u00e9rit\u00e9 durables dans les ann\u00e9es \u00e0 venir.<\/span><\/p>\n<h2><span style=\"font-weight: 400;\">Conclusion<\/span><\/h2>\n<p><span style=\"font-weight: 400;\">Le Compte d\u2019urgence pour les entreprises canadiennes (CUEC) a jou\u00e9 un r\u00f4le central en soutenant les entreprises de Barrie en p\u00e9riode d\u2019incertitude \u00e9conomique. Gr\u00e2ce \u00e0 ses fonds accessibles, ses subventions-subventions, ses processus de demande et de remboursement simplifi\u00e9s, le CUEC s&#039;est av\u00e9r\u00e9 \u00eatre une bou\u00e9e de sauvetage pour de nombreuses entreprises dans divers secteurs. Le CUEC a laiss\u00e9 une marque ind\u00e9l\u00e9bile sur l&#039;\u00e9conomie locale de Barrie en renfor\u00e7ant la r\u00e9silience des entreprises et en favorisant la stabilit\u00e9 \u00e9conomique. <\/span><\/p>\n<p><span style=\"font-weight: 400;\">\u00c0 mesure que nous progressons, il est clair que l\u2019impact du CUEC continuera de r\u00e9sonner, t\u00e9moignant du pouvoir des interventions gouvernementales en temps de crise. Cette exp\u00e9rience souligne l\u2019importance de politiques adaptables capables de relever rapidement des d\u00e9fis impr\u00e9vus, tout en soulignant l\u2019importance d\u2019un effort public-priv\u00e9 uni pour assurer la prosp\u00e9rit\u00e9 \u00e0 long terme des communaut\u00e9s locales.<\/span><\/p>","protected":false},"excerpt":{"rendered":"<p>In the wake of economic challenges, the Canadian government introduced the Canada Emergency Business Account (CEBA) to provide much-needed financial support to businesses across the country. This article delves into the impact of CEBA loan in Barrie, Ontario, examining the funds allocated, eligibility criteria, application and repayment processes, as well as its contribution to the [&hellip;]<\/p>\n","protected":false},"author":2,"featured_media":4787,"parent":0,"menu_order":0,"comment_status":"closed","ping_status":"closed","template":"","meta":{"footnotes":""},"class_list":["post-3604","page","type-page","status-publish","has-post-thumbnail","hentry"],"_links":{"self":[{"href":"https:\/\/ceba.ca\/fr\/wp-json\/wp\/v2\/pages\/3604","targetHints":{"allow":["GET"]}}],"collection":[{"href":"https:\/\/ceba.ca\/fr\/wp-json\/wp\/v2\/pages"}],"about":[{"href":"https:\/\/ceba.ca\/fr\/wp-json\/wp\/v2\/types\/page"}],"author":[{"embeddable":true,"href":"https:\/\/ceba.ca\/fr\/wp-json\/wp\/v2\/users\/2"}],"replies":[{"embeddable":true,"href":"https:\/\/ceba.ca\/fr\/wp-json\/wp\/v2\/comments?post=3604"}],"version-history":[{"count":4,"href":"https:\/\/ceba.ca\/fr\/wp-json\/wp\/v2\/pages\/3604\/revisions"}],"predecessor-version":[{"id":4788,"href":"https:\/\/ceba.ca\/fr\/wp-json\/wp\/v2\/pages\/3604\/revisions\/4788"}],"wp:featuredmedia":[{"embeddable":true,"href":"https:\/\/ceba.ca\/fr\/wp-json\/wp\/v2\/media\/4787"}],"wp:attachment":[{"href":"https:\/\/ceba.ca\/fr\/wp-json\/wp\/v2\/media?parent=3604"}],"curies":[{"name":"wp","href":"https:\/\/api.w.org\/{rel}","templated":true}]}}