{"id":3592,"date":"2023-08-15T10:36:50","date_gmt":"2023-08-15T14:36:50","guid":{"rendered":"http:\/\/ceba.ca\/?page_id=3592"},"modified":"2023-08-15T10:36:50","modified_gmt":"2023-08-15T14:36:50","slug":"ceba-loan-in-regina","status":"publish","type":"page","link":"https:\/\/ceba.ca\/fr\/ceba-loan-in-regina\/","title":{"rendered":"Pr\u00eat CUEC \u00e0 Regina"},"content":{"rendered":"<p><span style=\"font-weight: 400;\">Alors que la temp\u00eate de la COVID-19 faisait rage dans le c\u0153ur anim\u00e9 de Regina, les entreprises se sont retrouv\u00e9es dans une danse avec des adversit\u00e9s inexplor\u00e9es. Parmi les incertitudes tourbillonnantes, est apparu le Compte d\u2019urgence pour les entreprises canadiennes (CUEC) \u2013 une lueur d\u2019espoir, un radeau de secours dans des eaux turbulentes. Le pr\u00eat CUEC accord\u00e9 \u00e0 Regina n&#039;\u00e9tait pas seulement un outil financier; c\u2019\u00e9tait la bou\u00e9e de sauvetage qui fixait les entreprises \u00e0 la r\u00e9silience. <\/span><\/p>\n<p><span style=\"font-weight: 400;\">Embarquez avec nous pour un voyage \u00e0 travers les impacts en cascade de cette ressource transformatrice, alors que nous illuminons l&#039;aube de l&#039;optimisme qu&#039;elle a apport\u00e9e \u00e0 l&#039;horizon \u00e9conomique de Regina.<\/span><\/p>\n<h2><span style=\"font-weight: 400;\">Pr\u00eat CUEC \u00e0 Regina<\/span><\/h2>\n<p><span style=\"font-weight: 400;\">Comme le<\/span><a href=\"https:\/\/en.wikipedia.org\/wiki\/COVID-19_pandemic\" target=\"_blank\" rel=\"noopener\"><span style=\"font-weight: 400;\"> pand\u00e9mie<\/span><\/a><span style=\"font-weight: 400;\"> Apr\u00e8s avoir d\u00e9ploy\u00e9 son emprise d\u00e9sastreuse, le commerce dynamique de Regina s&#039;est retrouv\u00e9 aux prises avec la temp\u00eate \u00e9conomique sans pr\u00e9c\u00e9dent qui a suivi dans son sillage. Le Compte d\u2019urgence pour les entreprises canadiennes (CUEC) a brill\u00e9 comme un phare en cette heure sombre, ouvrant la voie \u00e0 la r\u00e9silience.\u00a0<\/span><\/p>\n<p><span style=\"font-weight: 400;\">Dot\u00e9 du pouvoir d&#039;offrir aux entreprises jusqu&#039;\u00e0 <\/span><a href=\"http:\/\/ceba.ca\/fr\/ceba-loan\/\"><span style=\"font-weight: 400;\">$60,000 en pr\u00eats garantis par le gouvernement<\/span><\/a><span style=\"font-weight: 400;\">, cette initiative est effectivement devenue une bou\u00e9e de sauvetage pour ceux qui naviguent dans ces eaux troubles. Il a fourni un coussin financier qui a permis aux entreprises de conserver leur capital humain intact, de g\u00e9rer leurs frais g\u00e9n\u00e9raux et de s&#039;adapter de mani\u00e8re dynamique aux \u00e9volutions du march\u00e9.<\/span><\/p>\n<h2><span style=\"font-weight: 400;\">L\u2019impact du pr\u00eat CUEC<\/span><\/h2>\n<p><span style=\"font-weight: 400;\">Face \u00e0 une pand\u00e9mie mondiale, l&#039;\u00e9conomie aux multiples facettes de Regina, avec des entreprises \u00e0 cheval sur divers secteurs comme la fabrication, les soins de sant\u00e9, l&#039;\u00e9ducation et la vente au d\u00e9tail, a trouv\u00e9 un pilier r\u00e9silient sous la forme de pr\u00eats CUEC. En cette \u00e9poque de turbulences, ces entreprises ont grandement compt\u00e9 sur le soutien du CUEC, alors qu\u2019elles faisaient face \u00e0 un ralentissement \u00e9conomique sans pr\u00e9c\u00e9dent. Le secteur des petites entreprises, souvent consid\u00e9r\u00e9 comme l&#039;\u00e9l\u00e9ment vital de l&#039;\u00e9conomie de Regina, en a particuli\u00e8rement r\u00e9colt\u00e9 d&#039;\u00e9normes b\u00e9n\u00e9fices.\u00a0<\/span><\/p>\n<p><span style=\"font-weight: 400;\">Avec le CEBA comme filet de s\u00e9curit\u00e9 financi\u00e8re, ces entreprises ont r\u00e9ussi \u00e0 garder le cap, continuant \u00e0 fournir des services essentiels et \u00e0 contribuer au dynamisme de la communaut\u00e9 locale. Le large \u00e9ventail d&#039;entreprises que le CUEC a rejoint souligne son r\u00f4le d\u00e9terminant dans le maintien de la sant\u00e9 \u00e9conomique de la r\u00e9gion pendant l&#039;une de ses p\u00e9riodes les plus difficiles.<\/span><\/p>\n<h2><span style=\"font-weight: 400;\">Int\u00e9r\u00eat<\/span><\/h2>\n<p><span style=\"font-weight: 400;\">L\u2019une des caract\u00e9ristiques d\u00e9terminantes du pr\u00eat du Compte d\u2019urgence pour les entreprises canadiennes (CUEC) \u00e9tait sa p\u00e9riode sans int\u00e9r\u00eat judicieusement structur\u00e9e. Les entreprises ont b\u00e9n\u00e9fici\u00e9 d&#039;un taux d&#039;int\u00e9r\u00eat annuel de 0% jusqu&#039;au 31 d\u00e9cembre 2023, une mesure strat\u00e9gique destin\u00e9e \u00e0 all\u00e9ger la pression financi\u00e8re support\u00e9e par les entreprises dans les premiers stades de la reprise \u00e9conomique. Cette phase sans int\u00e9r\u00eat a fourni un tampon financier indispensable, permettant aux entreprises de concentrer leurs \u00e9nergies et leurs ressources sur le r\u00e9tablissement des op\u00e9rations et la relance des sources de revenus.<\/span><\/p>\n<p><span style=\"font-weight: 400;\">\u00c0 l\u2019approche de 2024, un changement s\u2019est produit dans la structure des pr\u00eats du CUEC. Un taux d&#039;int\u00e9r\u00eat de 5% par an a \u00e9t\u00e9 introduit, appliqu\u00e9 \u00e0 tout solde restant. Bien que l\u2019\u00e8re des pr\u00eats sans int\u00e9r\u00eat ait pris fin, le taux qui en a r\u00e9sult\u00e9 \u00e9tait toujours tr\u00e8s avantageux par rapport aux pr\u00eats commerciaux traditionnels. Ce taux modeste offrait une flexibilit\u00e9 financi\u00e8re continue, d\u00e9montrant l&#039;engagement \u00e0 long terme du CUEC \u00e0 soutenir les entreprises pendant les p\u00e9riodes difficiles.<\/span><\/p>\n<h2><span style=\"font-weight: 400;\">Cat\u00e9gories de d\u00e9penses non reportables pour l\u2019admissibilit\u00e9 au CUEC<\/span><\/h2>\n<p><span style=\"font-weight: 400;\">Tandis que nous traversons le <\/span><a href=\"http:\/\/ceba.ca\/fr\/information\/how-to-use-ceba-loan\/\"><span style=\"font-weight: 400;\">paysage de l\u2019admissibilit\u00e9 au CUEC<\/span><\/a><span style=\"font-weight: 400;\">, il est crucial de comprendre les diff\u00e9rentes cat\u00e9gories de d\u00e9penses qui composent son terrain. Alors serrez votre ceinture et embarquez pour un voyage panoramique \u00e0 travers le monde des d\u00e9penses non reportables.<\/span><\/p>\n<ol>\n<li style=\"font-weight: 400;\" aria-level=\"1\"><b>Salaires et d\u00e9penses d\u2019emploi\u00a0:<\/b><span style=\"font-weight: 400;\"> \u00c9l\u00e9ment vital de toute organisation, ce sont les paiements effectu\u00e9s \u00e0 des tiers \u00e0 des fins d\u2019emploi. Des salaires et allocations aux avantages sociaux, ces d\u00e9penses indispensables font battre le c\u0153ur de votre entreprise.<\/span><\/li>\n<li style=\"font-weight: 400;\" aria-level=\"1\"><b>Loyers et paiements de location\u00a0:<\/b><span style=\"font-weight: 400;\"> Imaginez les espaces physiques qui abritent vos r\u00eaves et vos id\u00e9es. Les co\u00fbts li\u00e9s \u00e0 la location ou \u00e0 la location de ces biens immobiliers et des biens d&#039;\u00e9quipement essentiels forment la deuxi\u00e8me cat\u00e9gorie.<\/span><\/li>\n<li style=\"font-weight: 400;\" aria-level=\"1\"><b>Frais d&#039;assurance\u00a0:<\/b><span style=\"font-weight: 400;\"> Tout comme un filet de s\u00e9curit\u00e9 prot\u00e8ge le trap\u00e9ziste audacieux, les frais d\u2019assurance li\u00e9s \u00e0 l\u2019entreprise prot\u00e8gent votre entreprise. Cette cat\u00e9gorie englobe une vari\u00e9t\u00e9 de types d&#039;assurance, tels que la responsabilit\u00e9 civile, les biens, l&#039;indemnisation des accidents du travail, etc.<\/span><\/li>\n<li style=\"font-weight: 400;\" aria-level=\"1\"><b>Imp\u00f4ts fonciers:<\/b><span style=\"font-weight: 400;\"> L\u2019argent que vous payez pour les taxes fonci\u00e8res associ\u00e9es \u00e0 vos locaux commerciaux peut sembler un battement de tambour sans fin, mais ces paiements sont essentiels au rythme de vos op\u00e9rations.<\/span><\/li>\n<li style=\"font-weight: 400;\" aria-level=\"1\"><b>T\u00e9l\u00e9phone et services publics\u00a0: <\/b><span style=\"font-weight: 400;\">Cette cat\u00e9gorie est le carburant qui alimente votre v\u00e9hicule entrepreneurial. Il couvre les co\u00fbts de base tels que les co\u00fbts de gaz, de p\u00e9trole, d\u2019\u00e9lectricit\u00e9, d\u2019eau, de t\u00e9l\u00e9phone et d\u2019Internet \u2013 les \u00e9crous et boulons qui font fonctionner votre machine commerciale.<\/span><\/li>\n<li style=\"font-weight: 400;\" aria-level=\"1\"><b>Service de la dette:<\/b><span style=\"font-weight: 400;\"> Tout comme il faut ramer \u00e0 contre-courant pour rester \u00e0 flot, les entreprises doivent effectuer des paiements r\u00e9guliers pour le service de leur dette. Cette cat\u00e9gorie repr\u00e9sente les pagaies qui permettent \u00e0 votre bateau professionnel de naviguer en douceur.<\/span><\/li>\n<li style=\"font-weight: 400;\" aria-level=\"1\"><b>Accords et licences\u00a0: <\/b><span style=\"font-weight: 400;\">Cette cat\u00e9gorie est le ciment qui maintient votre cadre commercial ensemble. Les paiements aux entrepreneurs ind\u00e9pendants et les frais de maintien des licences forment cette cat\u00e9gorie, encapsulant les co\u00fbts des accords contractuels en cours et des licences critiques.<\/span><\/li>\n<li style=\"font-weight: 400;\" aria-level=\"1\"><b>Mat\u00e9riaux pour la production\u00a0:<\/b><span style=\"font-weight: 400;\"> La derni\u00e8re cat\u00e9gorie de cette visite \u00e9clairante concerne les co\u00fbts engag\u00e9s pour les mat\u00e9riaux utilis\u00e9s dans la production. Ce sont les graines qui deviennent les fruits de votre travail, les mat\u00e9riaux essentiels directement li\u00e9s \u00e0 vos produits ou services.<\/span><\/li>\n<\/ol>\n<h2><span style=\"font-weight: 400;\">Remboursement, expansion et pardon du CUEC<\/span><\/h2>\n<p><span style=\"font-weight: 400;\">Pour les entreprises de Regina qui avaient besoin de plus que le soutien financier initial de $40 000, le Compte d&#039;urgence pour les entreprises canadiennes (CUEC) a pr\u00e9sent\u00e9 une bou\u00e9e de sauvetage suppl\u00e9mentaire : une extension du pr\u00eat de $20 000. Cette extension a \u00e9t\u00e9 sp\u00e9cifiquement con\u00e7ue pour donner un coup de main aux entreprises \u00e9ligibles qui avaient du mal \u00e0 rester \u00e0 flot. Cependant, comme la plupart des aides financi\u00e8res, cette expansion \u00e9tait accompagn\u00e9e de son propre ensemble de crit\u00e8res et de d\u00e9lais que les entreprises devaient respecter pour b\u00e9n\u00e9ficier de cette aide.<\/span><\/p>\n<p><span style=\"font-weight: 400;\">Cette bonification du programme de pr\u00eats du CUEC met l&#039;accent sur son objectif primordial : fournir un soutien continu aux entreprises alors qu&#039;elles sont aux prises avec les cons\u00e9quences \u00e9conomiques de la pand\u00e9mie. Mais il y a une autre facette des pr\u00eats du CUEC qui sert de motivation aux entreprises : <\/span><a href=\"http:\/\/ceba.ca\/fr\/uncategorized\/ceba-forgivable-portion\/\"><span style=\"font-weight: 400;\">remise de dette<\/span><\/a><span style=\"font-weight: 400;\"> incitation. Si les entreprises parviennent \u00e0 <\/span><a href=\"http:\/\/ceba.ca\/fr\/ceba-loan-repayment\/\"><span style=\"font-weight: 400;\">rembourser le montant du principal impay\u00e9<\/span><\/a><span style=\"font-weight: 400;\"> (hors montant potentiellement \u00e9ligible \u00e0 l\u2019annulation de dette) d\u2019ici le 31 d\u00e9cembre 2023, le montant en principal restant sera effac\u00e9.\u00a0<\/span><\/p>\n<p><span style=\"font-weight: 400;\">Cette disposition agit comme une r\u00e9compense pour les entreprises qui r\u00e9ussissent \u00e0 respecter leurs engagements dans les d\u00e9lais impartis, renfor\u00e7ant ainsi le sentiment de r\u00e9silience que le pr\u00eat CUEC vise \u00e0 inculquer au milieu des affaires en ces temps difficiles.<\/span><\/p>\n<h2><span style=\"font-weight: 400;\">Conclusion<\/span><\/h2>\n<p><span style=\"font-weight: 400;\">Le programme de pr\u00eat CUEC s&#039;est impos\u00e9 comme un syst\u00e8me de soutien financier crucial pour les entreprises de Regina, servant de pilier de stabilit\u00e9 et de r\u00e9silience face \u00e0 l&#039;adversit\u00e9. Gr\u00e2ce \u00e0 sa structure bien con\u00e7ue, il fournit une assistance continue, en mettant fortement l&#039;accent sur la reprise et la croissance. T\u00e9moignant de notre force collective et de notre capacit\u00e9 d\u2019adaptation pendant les p\u00e9riodes difficiles, il constitue un brillant exemple.<\/span><\/p>","protected":false},"excerpt":{"rendered":"<p>As the COVID-19 tempest raged through Regina&#8217;s bustling heart, businesses found themselves in a dance with unchartered adversities. Among the swirling uncertainties, emerged the Canada Emergency Business Account (CEBA) &#8211; a beacon of hope, a relief raft in turbulent waters. The CEBA loan in Regina was not just a financial tool; it was the lifeline [&hellip;]<\/p>\n","protected":false},"author":2,"featured_media":4598,"parent":0,"menu_order":0,"comment_status":"closed","ping_status":"closed","template":"","meta":{"footnotes":""},"class_list":["post-3592","page","type-page","status-publish","has-post-thumbnail","hentry"],"_links":{"self":[{"href":"https:\/\/ceba.ca\/fr\/wp-json\/wp\/v2\/pages\/3592","targetHints":{"allow":["GET"]}}],"collection":[{"href":"https:\/\/ceba.ca\/fr\/wp-json\/wp\/v2\/pages"}],"about":[{"href":"https:\/\/ceba.ca\/fr\/wp-json\/wp\/v2\/types\/page"}],"author":[{"embeddable":true,"href":"https:\/\/ceba.ca\/fr\/wp-json\/wp\/v2\/users\/2"}],"replies":[{"embeddable":true,"href":"https:\/\/ceba.ca\/fr\/wp-json\/wp\/v2\/comments?post=3592"}],"version-history":[{"count":2,"href":"https:\/\/ceba.ca\/fr\/wp-json\/wp\/v2\/pages\/3592\/revisions"}],"predecessor-version":[{"id":4599,"href":"https:\/\/ceba.ca\/fr\/wp-json\/wp\/v2\/pages\/3592\/revisions\/4599"}],"wp:featuredmedia":[{"embeddable":true,"href":"https:\/\/ceba.ca\/fr\/wp-json\/wp\/v2\/media\/4598"}],"wp:attachment":[{"href":"https:\/\/ceba.ca\/fr\/wp-json\/wp\/v2\/media?parent=3592"}],"curies":[{"name":"wp","href":"https:\/\/api.w.org\/{rel}","templated":true}]}}