{"id":3583,"date":"2023-09-17T06:54:40","date_gmt":"2023-09-17T10:54:40","guid":{"rendered":"http:\/\/ceba.ca\/?page_id=3583"},"modified":"2023-09-17T06:54:40","modified_gmt":"2023-09-17T10:54:40","slug":"ceba-loan-for-e-commerce-businesses","status":"publish","type":"page","link":"https:\/\/ceba.ca\/fr\/ceba-loan-for-e-commerce-businesses\/","title":{"rendered":"Pr\u00eat CUEC pour les entreprises de commerce \u00e9lectronique"},"content":{"rendered":"<p><span style=\"font-weight: 400;\">Saisissez l\u2019opportunit\u00e9 de propulser vos entreprises de commerce \u00e9lectronique vers de nouveaux sommets gr\u00e2ce \u00e0 l\u2019aide inestimable d\u2019un pr\u00eat CUEC pour les entreprises de commerce \u00e9lectronique. Ce catalyseur financier peut \u00eatre votre ticket pour des march\u00e9s inexplor\u00e9s, une technologie innovante et une croissance exceptionnelle. Lib\u00e9rez votre potentiel et laissez vos activit\u00e9s de commerce \u00e9lectronique s&#039;envoler.\u00a0<\/span><\/p>\n<p><span style=\"font-weight: 400;\">Dans ce blog, nous expliquerons comment un pr\u00eat CUEC peut aider les entreprises de commerce \u00e9lectronique \u00e0 passer au niveau sup\u00e9rieur et pourquoi vous devriez envisager d&#039;en demander un.<\/span><\/p>\n<h2><span style=\"font-weight: 400;\">Qu\u2019est-ce que le pr\u00eat CUEC ?<\/span><\/h2>\n<p><span style=\"font-weight: 400;\">Le Compte d&#039;urgence pour les entreprises canadiennes, <a href=\"http:\/\/ceba.ca\/fr\/\">ou CUEC<\/a>, est un programme sp\u00e9cialement con\u00e7u par le gouvernement canadien pour aider les entreprises aux prises avec les ramifications \u00e9conomiques de la pand\u00e9mie de COVID-19, y compris les entreprises de commerce \u00e9lectronique. Le programme offre des pr\u00eats sans int\u00e9r\u00eat pouvant aller jusqu&#039;\u00e0 $60,000 pour att\u00e9nuer les tensions financi\u00e8res et permettre aux entreprises de commerce \u00e9lectronique de maintenir leurs op\u00e9rations en ces temps sans pr\u00e9c\u00e9dent.\u00a0<\/span><\/p>\n<p><span style=\"font-weight: 400;\"><a href=\"http:\/\/ceba.ca\/fr\/information\/who-is-eligible-for-a-ceba-loan\/\">Pour \u00eatre \u00e9ligible \u00e0 ce dispositif<\/a>, <a href=\"https:\/\/sell.amazon.com\/learn\/what-is-ecommerce\" target=\"_blank\" rel=\"noopener\">entreprises de commerce \u00e9lectronique<\/a> doit avoir eu un compte professionnel actif avant le 1er mars 2020. Un avantage important de <a href=\"http:\/\/ceba.ca\/fr\/ceba-loan\/\">le pr\u00eat CUEC<\/a> pour les entreprises de commerce \u00e9lectronique, il y a la possibilit\u00e9 d&#039;une remise de pr\u00eat : jusqu&#039;\u00e0 $20 000 du pr\u00eat peut \u00eatre radi\u00e9 si <a href=\"http:\/\/ceba.ca\/fr\/information\/ceba-repayment-deadline\/\">rembours\u00e9 au plus tard le 31 d\u00e9cembre 2023<\/a>. Cette fusion de flexibles <a href=\"http:\/\/ceba.ca\/fr\/ceba-loan-repayment\/\">remboursement<\/a> termes et <a href=\"http:\/\/ceba.ca\/fr\/news\/is-ceba-interest-free\/\">pas d&#039;int\u00e9r\u00eat<\/a> fait du CUEC une solution financi\u00e8re int\u00e9ressante pour les entreprises de commerce \u00e9lectronique et les organismes sans but lucratif confront\u00e9s \u00e0 des difficult\u00e9s financi\u00e8res.<\/span><\/p>\n<h2><span style=\"font-weight: 400;\">Pourquoi demander un pr\u00eat CUEC pour les entreprises de commerce \u00e9lectronique\u00a0?<\/span><\/h2>\n<p><span style=\"font-weight: 400;\">Voici pourquoi vous devriez demander un pr\u00eat CUEC pour les entreprises de commerce \u00e9lectronique.<\/span><\/p>\n<ul>\n<li style=\"font-weight: 400;\" aria-level=\"1\"><b>Avantage sans int\u00e9r\u00eat\u00a0:<\/b><span style=\"font-weight: 400;\"> Le programme de pr\u00eats CUEC offre des pr\u00eats sans int\u00e9r\u00eat, une bou\u00e9e de sauvetage cruciale pour les entreprises de commerce \u00e9lectronique qui doivent g\u00e9rer leurs co\u00fbts op\u00e9rationnels sans avoir \u00e0 accumuler des int\u00e9r\u00eats en cette p\u00e9riode difficile de pand\u00e9mie. La phase sans int\u00e9r\u00eat s&#039;\u00e9tend jusqu&#039;au 1er janvier 2024. Apr\u00e8s cette date, tout montant restant d\u00fb devient un pr\u00eat de deux ans avec un taux d&#039;int\u00e9r\u00eat fixe annuel de 5%. Ces pr\u00eats peuvent couvrir divers co\u00fbts op\u00e9rationnels, notamment les paiements de location, les imp\u00f4ts fonciers et les services publics essentiels comme la couverture d&#039;assurance. Ce r\u00e9pit financier permet aux entreprises de commerce \u00e9lectronique de se concentrer sur les d\u00e9fis actuels pr\u00e9sent\u00e9s par le COVID-19.<\/span><\/li>\n<li style=\"font-weight: 400;\" aria-level=\"1\"><b>Remise de pr\u00eat\u00a0:<\/b><span style=\"font-weight: 400;\"> Une autre caract\u00e9ristique remarquable du pr\u00eat CUEC est la <a href=\"http:\/\/ceba.ca\/fr\/information\/ceba-forgiveness\/\">prestation de pardon<\/a>. Les entreprises de commerce \u00e9lectronique \u00e9ligibles peuvent b\u00e9n\u00e9ficier de cet avantage, avec une remise allant jusqu&#039;\u00e0 $20,000 du montant du pr\u00eat si elles sont rembours\u00e9es avant le 31 d\u00e9cembre 2023. Cette possibilit\u00e9 de remise partielle du pr\u00eat offre un all\u00e9gement financier consid\u00e9rable et encourage les entreprises \u00e0 rembourser leur dette plus t\u00f4t. Les entreprises de commerce \u00e9lectronique doivent rester en r\u00e8gle et respecter tous les crit\u00e8res d&#039;\u00e9ligibilit\u00e9 fix\u00e9s par le gouvernement canadien pour b\u00e9n\u00e9ficier de cet avantage.<\/span><\/li>\n<li style=\"font-weight: 400;\" aria-level=\"1\"><b>Conditions de remboursement prolong\u00e9es\u00a0:<\/b><span style=\"font-weight: 400;\"> Le programme de pr\u00eat CUEC pr\u00e9voit des conditions de remboursement prolong\u00e9es jusqu&#039;au 31 d\u00e9cembre 2023. Pendant cette p\u00e9riode, les entreprises de commerce \u00e9lectronique ne sont pas tenues d&#039;effectuer des paiements sur le montant principal, offrant ainsi une r\u00e9pit financier en ces temps difficiles. Toutefois, au plus tard le 31 d\u00e9cembre 2025, la totalit\u00e9 du montant du pr\u00eat major\u00e9 des int\u00e9r\u00eats courus devra \u00eatre rembours\u00e9e. Cet arrangement r\u00e9pond aux besoins financiers imm\u00e9diats des entreprises de commerce \u00e9lectronique tout en leur donnant suffisamment de temps pour planifier les remboursements futurs.<\/span><\/li>\n<\/ul>\n<h2><span style=\"font-weight: 400;\">Quels sont les crit\u00e8res d\u2019\u00e9ligibilit\u00e9 au pr\u00eat CUEC pour les entreprises de commerce \u00e9lectronique\u00a0?<\/span><\/h2>\n<p><span style=\"font-weight: 400;\">Pour b\u00e9n\u00e9ficier des avantages du pr\u00eat CUEC pour les entreprises de commerce \u00e9lectronique, vous devez r\u00e9ussir \u00e0 remplir les conditions d&#039;\u00e9ligibilit\u00e9, qui se concentrent sur le volet Paie et le volet D\u00e9penses non reportables.<\/span><\/p>\n<p><span style=\"font-weight: 400;\">Dans le cas du volet Paie, les entreprises de commerce \u00e9lectronique doivent avoir une masse salariale d&#039;au moins $20 000 et d&#039;au plus $1,5 million en 2019. Cette exigence n\u00e9cessite un relev\u00e9 complet des revenus d&#039;emploi pay\u00e9s au cours de l&#039;exercice. Cela signifie votre d\u00e9vouement envers vos employ\u00e9s et votre capacit\u00e9 \u00e0 vous adapter aux changements \u00e9conomiques.<\/span><\/p>\n<p><span style=\"font-weight: 400;\">Le flux de d\u00e9penses non reportables est con\u00e7u pour les entreprises de commerce \u00e9lectronique sans masse salariale. Pour \u00eatre \u00e9ligibles \u00e0 ce volet, ces entreprises doivent avoir engag\u00e9 des d\u00e9penses non reportables allant de $40 000 \u00e0 $1,5 million en 2020. Ces d\u00e9penses sont in\u00e9vitables et vitales pour le fonctionnement de votre entreprise et comprennent des co\u00fbts tels que le loyer, les services publics, l&#039;assurance. et les obligations li\u00e9es \u00e0 la paie.<\/span><\/p>\n<p><span style=\"font-weight: 400;\">L\u2019obtention d\u2019un pr\u00eat du CUEC dans ces conditions peut fournir aux entreprises de commerce \u00e9lectronique le coussin financier indispensable pour soutenir leurs op\u00e9rations commerciales cruciales dans le contexte de la pand\u00e9mie. Elle jette les bases d\u2019une survie \u00e0 long terme, m\u00eame dans les p\u00e9riodes difficiles. Une compr\u00e9hension claire des exigences du volet Paie et du volet D\u00e9penses non reportables peut augmenter les chances de votre entreprise de commerce \u00e9lectronique d&#039;obtenir avec succ\u00e8s un pr\u00eat CUEC. Ce soutien financier peut servir de bou\u00e9e de sauvetage en ces temps incertains.<\/span><\/p>\n<h2><span style=\"font-weight: 400;\">Conclusion<\/span><\/h2>\n<p><span style=\"font-weight: 400;\">Face aux d\u00e9fis \u00e9conomiques persistants, un pr\u00eat CUEC constitue un outil puissant, favorisant la r\u00e9silience et la croissance des entreprises de commerce \u00e9lectronique. Les avantages sans int\u00e9r\u00eat du programme, l&#039;annulation du pr\u00eat et les conditions de remboursement prolong\u00e9es offrent une bou\u00e9e de sauvetage vitale qui permet \u00e0 ces entreprises de faire face aux difficult\u00e9s financi\u00e8res. En r\u00e9pondant avec succ\u00e8s aux crit\u00e8res d&#039;\u00e9ligibilit\u00e9 du volet Paie ou du volet D\u00e9penses non reportables, les entreprises de commerce \u00e9lectronique peuvent obtenir ce coussin financier inestimable, renfor\u00e7ant ainsi leurs op\u00e9rations commerciales au milieu de la pand\u00e9mie en cours.\u00a0<\/span><\/p>\n<p><span style=\"font-weight: 400;\">En fin de compte, un pr\u00eat du CUEC peut \u00eatre la cl\u00e9 pour d\u00e9bloquer une croissance et une innovation sans pr\u00e9c\u00e9dent dans les entreprises de commerce \u00e9lectronique, m\u00eame dans les moments les plus difficiles.<\/span><\/p>","protected":false},"excerpt":{"rendered":"<p>Embrace the opportunity to propel your e-commerce businesses to new heights with the invaluable assistance of a CEBA loan for e-commerce businesses. This financial catalyst can be your ticket to unexplored markets, innovative technology, and exceptional growth. Unleash your potential and let your e-commerce businesses soar.\u00a0 In this blog, we will talk about how a [&hellip;]<\/p>\n","protected":false},"author":2,"featured_media":5275,"parent":0,"menu_order":0,"comment_status":"closed","ping_status":"closed","template":"","meta":{"footnotes":""},"class_list":["post-3583","page","type-page","status-publish","has-post-thumbnail","hentry"],"_links":{"self":[{"href":"https:\/\/ceba.ca\/fr\/wp-json\/wp\/v2\/pages\/3583","targetHints":{"allow":["GET"]}}],"collection":[{"href":"https:\/\/ceba.ca\/fr\/wp-json\/wp\/v2\/pages"}],"about":[{"href":"https:\/\/ceba.ca\/fr\/wp-json\/wp\/v2\/types\/page"}],"author":[{"embeddable":true,"href":"https:\/\/ceba.ca\/fr\/wp-json\/wp\/v2\/users\/2"}],"replies":[{"embeddable":true,"href":"https:\/\/ceba.ca\/fr\/wp-json\/wp\/v2\/comments?post=3583"}],"version-history":[{"count":4,"href":"https:\/\/ceba.ca\/fr\/wp-json\/wp\/v2\/pages\/3583\/revisions"}],"predecessor-version":[{"id":5732,"href":"https:\/\/ceba.ca\/fr\/wp-json\/wp\/v2\/pages\/3583\/revisions\/5732"}],"wp:featuredmedia":[{"embeddable":true,"href":"https:\/\/ceba.ca\/fr\/wp-json\/wp\/v2\/media\/5275"}],"wp:attachment":[{"href":"https:\/\/ceba.ca\/fr\/wp-json\/wp\/v2\/media?parent=3583"}],"curies":[{"name":"wp","href":"https:\/\/api.w.org\/{rel}","templated":true}]}}