{"id":3575,"date":"2023-09-17T06:42:38","date_gmt":"2023-09-17T10:42:38","guid":{"rendered":"http:\/\/ceba.ca\/?page_id=3575"},"modified":"2023-09-17T06:46:30","modified_gmt":"2023-09-17T10:46:30","slug":"ceba-loan-for-real-estate-development-and-property-management-companies","status":"publish","type":"page","link":"https:\/\/ceba.ca\/fr\/ceba-loan-for-real-estate-development-and-property-management-companies\/","title":{"rendered":"Pr\u00eat CUEC pour les soci\u00e9t\u00e9s de promotion immobili\u00e8re et de gestion immobili\u00e8re"},"content":{"rendered":"<p><span style=\"font-weight: 400;\">Le Compte d\u2019urgence pour les entreprises canadiennes (CUEC) est une bou\u00e9e de sauvetage pour les soci\u00e9t\u00e9s de d\u00e9veloppement immobilier et de gestion immobili\u00e8re dans ce climat \u00e9conomique difficile. Il accorde des pr\u00eats sans int\u00e9r\u00eat, offrant ainsi un coussin financier qui peut permettre aux entreprises de surmonter la temp\u00eate. Cela pourrait faire la diff\u00e9rence entre une innovation de rupture et une dissolution pr\u00e9coce pour les startups technologiques.\u00a0<\/span><\/p>\n<p><span style=\"font-weight: 400;\">Dans cet article de blog, nous expliquerons en d\u00e9tail le pr\u00eat CEBA destin\u00e9 aux soci\u00e9t\u00e9s de promotion immobili\u00e8re et de gestion immobili\u00e8re, en expliquant son <a href=\"http:\/\/ceba.ca\/fr\/information\/who-is-eligible-for-a-ceba-loan\/\">admissibilit\u00e9<\/a> et l&#039;importance pour la survie des soci\u00e9t\u00e9s de d\u00e9veloppement immobilier et de gestion immobili\u00e8re.<\/span><\/p>\n<h2><span style=\"font-weight: 400;\">Aper\u00e7u du pr\u00eat CUEC<\/span><\/h2>\n<p><span style=\"font-weight: 400;\">Le <a href=\"https:\/\/ceba-cuec.ca\/\" target=\"_blank\" rel=\"noopener\">Gouvernement canadien<\/a> a lanc\u00e9 l\u2019initiative Compte d\u2019urgence pour les entreprises canadiennes (CUEC) pour soutenir les entreprises touch\u00e9es par la crise. <a href=\"https:\/\/www.who.int\/health-topics\/coronavirus#tab=tab_1\" target=\"_blank\" rel=\"noopener\">Pand\u00e9mie de covid-19<\/a>, y compris les soci\u00e9t\u00e9s de promotion immobili\u00e8re et de gestion immobili\u00e8re. Ce programme propose des pr\u00eats sans int\u00e9r\u00eat allant jusqu&#039;\u00e0 $60,000 pour att\u00e9nuer le stress \u00e9conomique et garantir que les soci\u00e9t\u00e9s de d\u00e9veloppement immobilier et de gestion immobili\u00e8re puissent maintenir leurs activit\u00e9s pendant ces circonstances difficiles. Les soci\u00e9t\u00e9s de promotion immobili\u00e8re et de gestion immobili\u00e8re doivent avoir eu un compte professionnel actif avant le 1er mars 2020 pour pouvoir b\u00e9n\u00e9ficier de ce dispositif.<\/span><\/p>\n<p><span style=\"font-weight: 400;\">Une caract\u00e9ristique int\u00e9ressante du pr\u00eat CEBA pour les soci\u00e9t\u00e9s de promotion immobili\u00e8re et de gestion immobili\u00e8re est la possibilit\u00e9 d&#039;exon\u00e9ration de pr\u00eat : jusqu&#039;\u00e0 $20 000 du montant total. <a href=\"http:\/\/ceba.ca\/fr\/information\/ceba-forgiveness\/\">le pr\u00eat peut \u00eatre annul\u00e9<\/a> si <a href=\"http:\/\/ceba.ca\/fr\/information\/ceba-repayment-deadline\/\">rembours\u00e9 au plus tard le 31 d\u00e9cembre 2023<\/a>. Les conditions de remboursement flexibles et le taux d&#039;int\u00e9r\u00eat nul font <a href=\"http:\/\/ceba.ca\/fr\/\">CUEC<\/a> une ressource financi\u00e8re attractive pour les soci\u00e9t\u00e9s de promotion immobili\u00e8re, de gestion immobili\u00e8re et les organisations \u00e0 but non lucratif connaissant des difficult\u00e9s financi\u00e8res.<\/span><\/p>\n<h2><span style=\"font-weight: 400;\">Pr\u00eat CEBA pour les soci\u00e9t\u00e9s de promotion immobili\u00e8re et de gestion immobili\u00e8re\u00a0: <\/span><span style=\"font-weight: 400;\">Principales caract\u00e9ristiques<\/span><\/h2>\n<p><span style=\"font-weight: 400;\">Voici quelques-unes des principales caract\u00e9ristiques du pr\u00eat CEBA destin\u00e9 aux soci\u00e9t\u00e9s de promotion immobili\u00e8re et de gestion immobili\u00e8re\u00a0:<\/span><\/p>\n<h3><span style=\"font-weight: 400;\">Sans int\u00e9r\u00eat<\/span><\/h3>\n<p><span style=\"font-weight: 400;\">Un \u00e9l\u00e9ment essentiel du <a href=\"http:\/\/ceba.ca\/fr\/ceba-loan\/\">Programme de pr\u00eat CUEC<\/a> est l&#039;offre de pr\u00eats sans int\u00e9r\u00eat. Ces fonds fournissent aux soci\u00e9t\u00e9s de d\u00e9veloppement immobilier et de gestion immobili\u00e8re le capital essentiel n\u00e9cessaire pour g\u00e9rer les co\u00fbts op\u00e9rationnels sans la pression suppl\u00e9mentaire de l\u2019accumulation d\u2019int\u00e9r\u00eats pendant la pand\u00e9mie. Cette phase sans int\u00e9r\u00eat dure jusqu&#039;au 1er janvier 2024. Apr\u00e8s cette date, le solde impay\u00e9 du pr\u00eat se transforme en un pr\u00eat de 2 ans avec un taux d&#039;int\u00e9r\u00eat fixe annuel de 5%.\u00a0<\/span><\/p>\n<p><span style=\"font-weight: 400;\">De tels pr\u00eats sont extr\u00eamement b\u00e9n\u00e9fiques pour les soci\u00e9t\u00e9s de promotion immobili\u00e8re et de gestion immobili\u00e8re, car ils peuvent \u00eatre utilis\u00e9s pour couvrir divers co\u00fbts op\u00e9rationnels, notamment les paiements de location, les taxes fonci\u00e8res et d&#039;autres services publics tels que la couverture d&#039;assurance. Cela all\u00e8ge la pression financi\u00e8re et permet aux startups de se concentrer sur la gestion des difficult\u00e9s existantes caus\u00e9es par le COVID-19.<\/span><\/p>\n<h3><span style=\"font-weight: 400;\">Prestation de pardon<\/span><\/h3>\n<p><span style=\"font-weight: 400;\">Le programme de pr\u00eat CUEC offre une prestation de remise de pr\u00eat. Les soci\u00e9t\u00e9s de promotion immobili\u00e8re et de gestion immobili\u00e8re \u00e9ligibles peuvent en profiter, avec une remise allant jusqu&#039;\u00e0 $20 000 du montant du pr\u00eat si le pr\u00eat CEBA est rembours\u00e9 avant le 31 d\u00e9cembre 2023. Cette perspective de remise partielle offre un all\u00e9gement financier substantiel et incite les startups. de rembourser leur dette par anticipation.\u00a0<\/span><\/p>\n<p><span style=\"font-weight: 400;\">Toutefois, pour \u00eatre admissibles \u00e0 cet avantage, les soci\u00e9t\u00e9s de d\u00e9veloppement immobilier et de gestion immobili\u00e8re doivent demeurer en r\u00e8gle et respecter tous les crit\u00e8res \u00e9tablis par le gouvernement canadien. Les remboursements en temps opportun et le respect des conditions d\u2019\u00e9ligibilit\u00e9 peuvent optimiser les avantages de l\u2019exon\u00e9ration du pr\u00eat CUEC.<\/span><\/p>\n<h3><span style=\"font-weight: 400;\">Remboursement prolong\u00e9<\/span><\/h3>\n<p><span style=\"font-weight: 400;\">Le programme de pr\u00eat CUEC pr\u00e9voit des conditions de remboursement prolong\u00e9es pour les soci\u00e9t\u00e9s de promotion immobili\u00e8re et de gestion immobili\u00e8re jusqu&#039;au 31 d\u00e9cembre 2023. Pendant cette p\u00e9riode, aucun paiement sur le montant principal n&#039;est n\u00e9cessaire, offrant aux soci\u00e9t\u00e9s de promotion immobili\u00e8re et de gestion immobili\u00e8re une pause face aux difficult\u00e9s financi\u00e8res pendant ces p\u00e9riodes. des temps difficiles. Toutefois, au plus tard le 31 d\u00e9cembre 2025, le montant total du pr\u00eat ainsi que les int\u00e9r\u00eats courus doivent \u00eatre rembours\u00e9s. Cette fonctionnalit\u00e9 r\u00e9pond aux besoins financiers imm\u00e9diats des soci\u00e9t\u00e9s de promotion immobili\u00e8re et de gestion immobili\u00e8re tout en leur laissant suffisamment de temps pour planifier un \u00e9ventuel remboursement.<\/span><\/p>\n<h2><span style=\"font-weight: 400;\">Admissibilit\u00e9 au pr\u00eat CUEC pour les soci\u00e9t\u00e9s de d\u00e9veloppement immobilier et de gestion immobili\u00e8re<\/span><\/h2>\n<p><span style=\"font-weight: 400;\">Naviguer dans les crit\u00e8res d\u2019\u00e9ligibilit\u00e9 au pr\u00eat CUEC est essentiel pour les soci\u00e9t\u00e9s de d\u00e9veloppement immobilier et de gestion immobili\u00e8re \u00e0 la recherche d\u2019un soutien financier pendant la pand\u00e9mie actuelle. Les conditions d\u2019\u00e9ligibilit\u00e9 se concentrent principalement sur le volet Paie et le volet D\u00e9penses non reportables.<\/span><\/p>\n<h3><span style=\"font-weight: 400;\">Flux de paie<\/span><\/h3>\n<p><span style=\"font-weight: 400;\">Pour \u00eatre \u00e9ligible au Payroll Stream, vos soci\u00e9t\u00e9s de promotion immobili\u00e8re et de gestion immobili\u00e8re doivent avoir eu une masse salariale d&#039;au moins $20 000 et pas plus de $1,5 million en 2019. Cette condition pr\u00e9alable n\u00e9cessite un relev\u00e9 complet des revenus d&#039;emploi vers\u00e9s au cours de l&#039;ann\u00e9e 2019. exercice, ce qui signifie un engagement envers le bien-\u00eatre des employ\u00e9s et leur adaptabilit\u00e9 aux fluctuations \u00e9conomiques.<\/span><\/p>\n<h3><span style=\"font-weight: 400;\">Flux de d\u00e9penses non reportables<\/span><\/h3>\n<p><span style=\"font-weight: 400;\">Le flux de d\u00e9penses non reportables s&#039;adresse aux soci\u00e9t\u00e9s de d\u00e9veloppement immobilier et de gestion immobili\u00e8re sans masse salariale. Pour que ces entreprises soient \u00e9ligibles, elles doivent avoir des d\u00e9penses non reportables allant de 40 000 $ \u00e0 1,5 million de $ en 2020. Il s&#039;agit de co\u00fbts in\u00e9vitables et cruciaux pour les op\u00e9rations commerciales, notamment le loyer, les services publics, les assurances et les salaires. obligations.<\/span><\/p>\n<p><span style=\"font-weight: 400;\">L\u2019obtention du pr\u00eat CUEC dans ces conditions peut fournir \u00e0 vos soci\u00e9t\u00e9s de promotion immobili\u00e8re et de gestion immobili\u00e8re le coussin financier indispensable pour soutenir les op\u00e9rations commerciales essentielles pendant la pand\u00e9mie, ouvrant ainsi la voie \u00e0 une survie \u00e0 long terme, m\u00eame dans les moments difficiles. Avoir une compr\u00e9hension claire des exigences du volet Paie et du volet D\u00e9penses non reportables peut offrir \u00e0 vos soci\u00e9t\u00e9s de d\u00e9veloppement immobilier et de gestion immobili\u00e8re de meilleures chances d\u2019obtenir avec succ\u00e8s le pr\u00eat CUEC, offrant ainsi une bou\u00e9e de sauvetage financi\u00e8re en ces temps difficiles.<\/span><\/p>\n<h2><span style=\"font-weight: 400;\">Conclusion<\/span><\/h2>\n<p><span style=\"font-weight: 400;\">Le pr\u00eat CUEC destin\u00e9 aux soci\u00e9t\u00e9s de d\u00e9veloppement immobilier et de gestion immobili\u00e8re est une initiative essentielle lanc\u00e9e par le gouvernement canadien pour soutenir les entreprises touch\u00e9es par la pand\u00e9mie de COVID-19. Des pr\u00eats sans int\u00e9r\u00eat, des remises de pr\u00eat et des prolongations <a href=\"http:\/\/ceba.ca\/fr\/ceba-loan-repayment\/\">modalit\u00e9s de remboursement<\/a>, le CEBA offre aux soci\u00e9t\u00e9s de promotion immobili\u00e8re et de gestion immobili\u00e8re le soulagement financier n\u00e9cessaire en cette p\u00e9riode difficile.\u00a0<\/span><\/p>\n<p><span style=\"font-weight: 400;\"><a href=\"http:\/\/ceba.ca\/fr\/information\/who-is-eligible-for-a-ceba-loan\/\">\u00catre \u00e9ligible<\/a> pour ce programme, les soci\u00e9t\u00e9s de promotion immobili\u00e8re et de gestion immobili\u00e8re doivent avoir eu un compte professionnel actif avant le 1er mars 2020 et r\u00e9pondre aux crit\u00e8res du volet de paie ou du volet de d\u00e9penses non reportables. Gr\u00e2ce \u00e0 cette compr\u00e9hension, les soci\u00e9t\u00e9s de d\u00e9veloppement immobilier et de gestion immobili\u00e8re peuvent profiter de l&#039;aide financi\u00e8re du CEBA et se pr\u00e9parer \u00e0 r\u00e9ussir \u00e0 long terme.<\/span><\/p>","protected":false},"excerpt":{"rendered":"<p>The Canada Emergency Business Account (CEBA) is a lifeline for real estate development and property management companies in this challenging economic climate. It provides interest-free loans, giving a financial cushion that can empower firms to ride out the storm. This could be the difference between breakthrough innovation and early dissolution for tech startups.\u00a0 In this [&hellip;]<\/p>\n","protected":false},"author":2,"featured_media":5273,"parent":0,"menu_order":0,"comment_status":"closed","ping_status":"closed","template":"","meta":{"footnotes":""},"class_list":["post-3575","page","type-page","status-publish","has-post-thumbnail","hentry"],"_links":{"self":[{"href":"https:\/\/ceba.ca\/fr\/wp-json\/wp\/v2\/pages\/3575","targetHints":{"allow":["GET"]}}],"collection":[{"href":"https:\/\/ceba.ca\/fr\/wp-json\/wp\/v2\/pages"}],"about":[{"href":"https:\/\/ceba.ca\/fr\/wp-json\/wp\/v2\/types\/page"}],"author":[{"embeddable":true,"href":"https:\/\/ceba.ca\/fr\/wp-json\/wp\/v2\/users\/2"}],"replies":[{"embeddable":true,"href":"https:\/\/ceba.ca\/fr\/wp-json\/wp\/v2\/comments?post=3575"}],"version-history":[{"count":6,"href":"https:\/\/ceba.ca\/fr\/wp-json\/wp\/v2\/pages\/3575\/revisions"}],"predecessor-version":[{"id":5727,"href":"https:\/\/ceba.ca\/fr\/wp-json\/wp\/v2\/pages\/3575\/revisions\/5727"}],"wp:featuredmedia":[{"embeddable":true,"href":"https:\/\/ceba.ca\/fr\/wp-json\/wp\/v2\/media\/5273"}],"wp:attachment":[{"href":"https:\/\/ceba.ca\/fr\/wp-json\/wp\/v2\/media?parent=3575"}],"curies":[{"name":"wp","href":"https:\/\/api.w.org\/{rel}","templated":true}]}}