{"id":3570,"date":"2023-08-11T14:53:19","date_gmt":"2023-08-11T18:53:19","guid":{"rendered":"http:\/\/ceba.ca\/?page_id=3570"},"modified":"2023-08-11T14:53:19","modified_gmt":"2023-08-11T18:53:19","slug":"ceba-loan-in-oshawa","status":"publish","type":"page","link":"https:\/\/ceba.ca\/fr\/ceba-loan-in-oshawa\/","title":{"rendered":"Pr\u00eat CUEC \u00e0 Oshawa"},"content":{"rendered":"<p><span style=\"font-weight: 400;\">Le pr\u00eat du Compte d\u2019urgence pour les entreprises canadiennes (CUEC) \u00e0 Oshawa est devenu une lueur d\u2019espoir pour de nombreuses entreprises aux prises avec les retomb\u00e9es \u00e9conomiques de la pand\u00e9mie de COVID-19. Ce programme de pr\u00eats sans int\u00e9r\u00eat a constitu\u00e9 une bou\u00e9e de sauvetage, permettant aux petites entreprises et aux organisations \u00e0 but non lucratif de faire face \u00e0 la temp\u00eate des fermetures forc\u00e9es et des pertes de revenus.<\/span><\/p>\n<p><span style=\"font-weight: 400;\">Notre objectif dans cet article sera d&#039;examiner les avantages du pr\u00eat CUEC \u00e0 Oshawa, en pr\u00e9sentant un aper\u00e7u du processus de demande, des crit\u00e8res d&#039;\u00e9ligibilit\u00e9 et de son profond impact sur l&#039;\u00e9conomie locale.<\/span><\/p>\n<h2><span style=\"font-weight: 400;\">Soutenir les entreprises d\u2019Oshawa avec le CUEC<\/span><\/h2>\n<p><span style=\"font-weight: 400;\">Alors que la pand\u00e9mie faisait des ravages dans les entreprises, le gouvernement f\u00e9d\u00e9ral n&#039;a pas tard\u00e9 \u00e0 agir en d\u00e9voilant diverses mesures d&#039;aide financi\u00e8re pour renforcer la stabilit\u00e9 \u00e9conomique du pays. Parmi ces initiatives, le CEBA est apparu comme un m\u00e9canisme de soutien crucial pour les entreprises en difficult\u00e9 \u00e0 Oshawa, \u00e0 l\u2019image du succ\u00e8s de son d\u00e9ploiement dans d\u2019autres villes comme Oshawa.<\/span><\/p>\n<p><span style=\"font-weight: 400;\">Les entreprises et organisations admissibles d&#039;Oshawa avaient le <\/span><a href=\"http:\/\/ceba.ca\/fr\/information\/how-to-use-ceba-loan\/\"><span style=\"font-weight: 400;\">possibilit\u00e9 d&#039;acc\u00e9der \u00e0 des fonds<\/span><\/a><span style=\"font-weight: 400;\"> allant de $40 000 \u00e0 $60 000 dans le cadre du programme de pr\u00eat CEBA. Ce pr\u00eat sans int\u00e9r\u00eat, avec possibilit\u00e9 de $20 000 en <\/span><a href=\"http:\/\/ceba.ca\/fr\/information\/ceba-forgiveness\/\"><span style=\"font-weight: 400;\">remise de pr\u00eat<\/span><\/a><span style=\"font-weight: 400;\">, a consid\u00e9rablement all\u00e9g\u00e9 le fardeau financier ressenti par les entreprises. Les fonds pourraient \u00eatre utilis\u00e9s pour couvrir les co\u00fbts op\u00e9rationnels tels que le loyer, la masse salariale et les services publics, qui ont continu\u00e9 \u00e0 s\u2019accumuler malgr\u00e9 la r\u00e9duction des flux de revenus.<\/span><\/p>\n<p><span style=\"font-weight: 400;\">Ce soutien financier, <\/span><a href=\"http:\/\/ceba.ca\/fr\/ceba-loan\/\"><span style=\"font-weight: 400;\">gracieuset\u00e9 du pr\u00eat CUEC<\/span><\/a><span style=\"font-weight: 400;\">, a jou\u00e9 un r\u00f4le d\u00e9terminant dans le maintien de nombreuses entreprises d\u2019Oshawa op\u00e9rationnelles pendant les p\u00e9riodes les plus difficiles de la pand\u00e9mie, prot\u00e9geant ainsi de nombreux emplois. De plus, il a contribu\u00e9 de mani\u00e8re significative \u00e0 la reprise \u00e9conomique globale de la ville, permettant aux entreprises de reprendre leurs activit\u00e9s normales plus t\u00f4t que pr\u00e9vu \u00e0 mesure que les restrictions commen\u00e7aient \u00e0 \u00eatre lev\u00e9es. Le pr\u00eat du CUEC a donc non seulement soutenu les entreprises directement, mais a \u00e9galement stimul\u00e9 indirectement l&#039;\u00e9conomie d&#039;Oshawa en soutenant l&#039;emploi local et les d\u00e9penses de consommation.<\/span><\/p>\n<h2><span style=\"font-weight: 400;\">Pr\u00eat CUEC \u00e0 Oshawa\u00a0: processus de demande et \u00e9ligibilit\u00e9<\/span><\/h2>\n<p><span style=\"font-weight: 400;\">Le processus de demande de pr\u00eat CUEC a \u00e9t\u00e9 con\u00e7u pour \u00eatre assez simple, afin de garantir qu&#039;il soit accessible au plus grand nombre possible d&#039;entreprises en difficult\u00e9. Pour demander le pr\u00eat CUEC \u00e0 Oshawa, les entreprises devaient prendre contact avec leur institution financi\u00e8re principale, r\u00e9pondre aux crit\u00e8res d&#039;\u00e9ligibilit\u00e9 du programme et fournir les pi\u00e8ces justificatives n\u00e9cessaires. Ce processus relativement fluide, \u00e0 l&#039;image du processus de demande r\u00e9ussi observ\u00e9 \u00e0 Oshawa, a jou\u00e9 un r\u00f4le d\u00e9terminant pour aider les \u00e9tablissements locaux \u00e0 acc\u00e9der \u00e0 l&#039;aide financi\u00e8re dont ils avaient d\u00e9sesp\u00e9r\u00e9ment besoin via le CUEC.<\/span><\/p>\n<p><span style=\"font-weight: 400;\">En termes de crit\u00e8res d&#039;\u00e9ligibilit\u00e9, les entreprises devaient r\u00e9pondre \u00e0 des normes sp\u00e9cifiques fix\u00e9es par le gouvernement f\u00e9d\u00e9ral. Par exemple, ils devaient ouvrir un compte d&#039;entreprise aupr\u00e8s d&#039;une institution financi\u00e8re canadienne et d\u00e9montrer que le pr\u00eat serait utilis\u00e9 pour couvrir des d\u00e9penses admissibles telles que les co\u00fbts op\u00e9rationnels. De plus, les entreprises devaient attester de l\u2019impact financier provoqu\u00e9 par la pand\u00e9mie de COVID-19. Ce cadre d\u2019\u00e9ligibilit\u00e9, semblable \u00e0 celui utilis\u00e9 \u00e0 Oshawa, garantissait que l\u2019aide parvenait aux entreprises d\u2019Oshawa les plus touch\u00e9es par les perturbations \u00e9conomiques caus\u00e9es par la pand\u00e9mie.<\/span><\/p>\n<h2><span style=\"font-weight: 400;\">Impact du CUEC sur l&#039;\u00e9conomie locale d&#039;Oshawa<\/span><\/h2>\n<p><span style=\"font-weight: 400;\">Le Compte d&#039;urgence pour les entreprises canadiennes (CUEC) a servi de bou\u00e9e de sauvetage pour l&#039;\u00e9conomie locale d&#039;Oshawa pendant une p\u00e9riode de crise sans pr\u00e9c\u00e9dent. Alors que de nombreuses entreprises sont aux prises avec des difficult\u00e9s financi\u00e8res r\u00e9sultant des restrictions induites par la pand\u00e9mie, le fonds CUEC s\u2019est impos\u00e9 comme un syst\u00e8me de soutien crucial.\u00a0<\/span><\/p>\n<p><span style=\"font-weight: 400;\">Cette aide a permis \u00e0 de nombreuses entreprises de conserver leurs employ\u00e9s au lieu de recourir \u00e0 des licenciements pour r\u00e9duire leurs co\u00fbts. L&#039;apport de fonds de cette mani\u00e8re a prot\u00e9g\u00e9 le march\u00e9 du travail d&#039;Oshawa, emp\u00eachant une hausse potentiellement forte du taux de ch\u00f4mage qui aurait pu d\u00e9stabiliser davantage l&#039;\u00e9conomie locale.<\/span><\/p>\n<p><span style=\"font-weight: 400;\">De plus, le r\u00f4le du CEBA allait au-del\u00e0 du simple maintien des entreprises. Le fonds a \u00e9galement facilit\u00e9 l\u2019adaptation de nombreuses entreprises \u00e0 la nouvelle normalit\u00e9. Cela leur a permis d\u2019adapter leurs op\u00e9rations pour se conformer aux restrictions impos\u00e9es par la pand\u00e9mie, garantissant ainsi qu\u2019ils puissent continuer \u00e0 offrir des services \u00e0 leurs communaut\u00e9s.\u00a0<\/span><\/p>\n<p><span style=\"font-weight: 400;\">Par exemple, les restaurants, qui d\u00e9pendaient auparavant des clients qui mangeaient sur place, ont pu passer \u00e0 des mod\u00e8les de livraison ou de retrait en bordure de rue. Une telle r\u00e9silience face \u00e0 l&#039;adversit\u00e9 a \u00e9t\u00e9 rendue possible gr\u00e2ce au coussin financier fourni par le CUEC, d\u00e9montrant l&#039;importance consid\u00e9rable du programme dans la pr\u00e9servation de l&#039;infrastructure \u00e9conomique d&#039;Oshawa en ces temps difficiles.<\/span><\/p>\n<h2><span style=\"font-weight: 400;\">Comprendre le remboursement du CUEC et les perspectives d&#039;avenir<\/span><\/h2>\n<p><span style=\"font-weight: 400;\">Alors que l&#039;\u00e9conomie d&#039;Oshawa commence \u00e0 rebondir et que les entreprises reprennent leurs activit\u00e9s, l&#039;attention se tourne d\u00e9sormais vers le remboursement du pr\u00eat CUEC \u00e0 Oshawa. Il est de la plus haute importance d\u2019acqu\u00e9rir une compr\u00e9hension approfondie des conditions d\u2019annulation et de remboursement des pr\u00eats\u00a0; cela permettra aux entreprises de planifier strat\u00e9giquement leurs finances pour les ann\u00e9es \u00e0 venir.<\/span><\/p>\n<p><span style=\"font-weight: 400;\">La fonction d&#039;exon\u00e9ration de pr\u00eat du CUEC offre aux entreprises une occasion sans pr\u00e9c\u00e9dent de renforcer davantage leur redressement financier. \u00c0 condition que les entreprises r\u00e9pondent aux crit\u00e8res d\u2019\u00e9ligibilit\u00e9 et restent en r\u00e8gle, elles peuvent b\u00e9n\u00e9ficier d\u2019une remise partielle ou totale de leurs pr\u00eats. Cependant, cet avantage est \u00e9troitement li\u00e9 \u00e0 une date limite de remboursement stricte \u2013 le 31 d\u00e9cembre 2023. Le non-remboursement du pr\u00eat \u00e0 cette date entra\u00eene la perte de toute indemnit\u00e9 de remise.<\/span><\/p>\n<p><span style=\"font-weight: 400;\">\u00c0 compter du 1er janvier 2024, tous les pr\u00eats CUEC en cours cesseront d\u2019\u00eatre sans int\u00e9r\u00eat et commenceront \u00e0 produire des int\u00e9r\u00eats jusqu\u2019au 31 d\u00e9cembre 2025. Pendant cette p\u00e9riode, les emprunteurs devront payer des int\u00e9r\u00eats sur le solde restant du pr\u00eat. Le taux d&#039;int\u00e9r\u00eat sp\u00e9cifique applicable \u00e0 votre pr\u00eat pendant cette p\u00e9riode peut \u00eatre confirm\u00e9 en contactant votre institution financi\u00e8re principale. Il est essentiel de se souvenir de ces dates et conditions lors de la planification de vos op\u00e9rations commerciales et de votre avenir financier. Une compr\u00e9hension claire du processus de remboursement s&#039;av\u00e9rera \u00eatre un atout important alors que les entreprises d&#039;Oshawa poursuivent leur chemin vers la reprise \u00e9conomique.<\/span><\/p>\n<h2><span style=\"font-weight: 400;\">D\u00e9fis pour les emprunteurs de taille moyenne<\/span><\/h2>\n<p><span style=\"font-weight: 400;\">Les entreprises de taille moyenne qui ont obtenu des pr\u00eats compris entre $40 001 et $60 000 dans le cadre du programme CEBA sont aux prises avec un paysage de remboursement particuli\u00e8rement difficile. Notamment, seulement 10 pour cent de ces entreprises ont r\u00e9ussi \u00e0 rembourser leurs pr\u00eats, comme le r\u00e9v\u00e8le le rapport. <\/span><a href=\"https:\/\/www.cfib-fcei.ca\/en\/\" target=\"_blank\" rel=\"noopener\"><span style=\"font-weight: 400;\">F\u00e9d\u00e9ration canadienne de l&#039;entreprise ind\u00e9pendante<\/span><\/a><span style=\"font-weight: 400;\"> (FCEI). En outre, une partie importante \u2013 pr\u00e8s de la moiti\u00e9 \u2013 pourrait ne pas respecter la date limite de remboursement du 31 d\u00e9cembre, un ph\u00e9nom\u00e8ne particuli\u00e8rement prononc\u00e9 dans les secteurs des arts, des loisirs et de l\u2019h\u00f4tellerie.<\/span><\/p>\n<p><span style=\"font-weight: 400;\">Les cons\u00e9quences du non-respect du d\u00e9lai de remboursement sont profondes, car cela conduit \u00e0 la perte de la partie remboursable de leurs pr\u00eats, sur laquelle de nombreuses entreprises avaient mis\u00e9 pendant leur phase de redressement. En outre, ces entreprises devront d\u00e9sormais supporter le fardeau suppl\u00e9mentaire d\u2019un taux d\u2019int\u00e9r\u00eat de 5 pour cent sur le solde de leur pr\u00eat impay\u00e9.\u00a0<\/span><\/p>\n<p><span style=\"font-weight: 400;\">Par cons\u00e9quent, ce sc\u00e9nario pose un d\u00e9fi de taille car il peut nuire \u00e0 la stabilit\u00e9 financi\u00e8re des entreprises qui tentent encore de se remettre des effets de la pand\u00e9mie. Les propri\u00e9taires d\u2019entreprise devraient donc prendre note de ces d\u00e9fis potentiels et s\u2019efforcer de concevoir une strat\u00e9gie de remboursement solide visant \u00e0 minimiser les effets n\u00e9gatifs des conditions strictes de remboursement des pr\u00eats.<\/span><\/p>\n<h2><span style=\"font-weight: 400;\">Conclusion<\/span><\/h2>\n<p><span style=\"font-weight: 400;\">En conclusion, les pr\u00eats du CUEC ont ind\u00e9niablement \u00e9t\u00e9 une bou\u00e9e de sauvetage pour les entreprises d\u2019Oshawa pendant les retomb\u00e9es \u00e9conomiques de la pand\u00e9mie de COVID-19. Toutefois, une compr\u00e9hension claire des conditions de remboursement et des d\u00e9fis potentiels est cruciale \u00e0 mesure que les efforts de redressement se poursuivent. Avec une planification strat\u00e9gique et un examen attentif, ces pr\u00eats peuvent ouvrir la voie \u00e0 une reprise durable et \u00e0 une croissance future.<\/span><\/p>","protected":false},"excerpt":{"rendered":"<p>The Canada Emergency Business Account (CEBA) loan in Oshawa came as a beacon of hope for many businesses grappling with the economic fallout of the COVID-19 pandemic. This interest-free loan program offered a lifeline, enabling small businesses and not-for-profit organizations to navigate the storm of enforced closures and revenue losses. Our focus in this article [&hellip;]<\/p>\n","protected":false},"author":2,"featured_media":4443,"parent":0,"menu_order":0,"comment_status":"closed","ping_status":"closed","template":"","meta":{"footnotes":""},"class_list":["post-3570","page","type-page","status-publish","has-post-thumbnail","hentry"],"_links":{"self":[{"href":"https:\/\/ceba.ca\/fr\/wp-json\/wp\/v2\/pages\/3570","targetHints":{"allow":["GET"]}}],"collection":[{"href":"https:\/\/ceba.ca\/fr\/wp-json\/wp\/v2\/pages"}],"about":[{"href":"https:\/\/ceba.ca\/fr\/wp-json\/wp\/v2\/types\/page"}],"author":[{"embeddable":true,"href":"https:\/\/ceba.ca\/fr\/wp-json\/wp\/v2\/users\/2"}],"replies":[{"embeddable":true,"href":"https:\/\/ceba.ca\/fr\/wp-json\/wp\/v2\/comments?post=3570"}],"version-history":[{"count":3,"href":"https:\/\/ceba.ca\/fr\/wp-json\/wp\/v2\/pages\/3570\/revisions"}],"predecessor-version":[{"id":4497,"href":"https:\/\/ceba.ca\/fr\/wp-json\/wp\/v2\/pages\/3570\/revisions\/4497"}],"wp:featuredmedia":[{"embeddable":true,"href":"https:\/\/ceba.ca\/fr\/wp-json\/wp\/v2\/media\/4443"}],"wp:attachment":[{"href":"https:\/\/ceba.ca\/fr\/wp-json\/wp\/v2\/media?parent=3570"}],"curies":[{"name":"wp","href":"https:\/\/api.w.org\/{rel}","templated":true}]}}