{"id":3550,"date":"2023-08-04T14:34:56","date_gmt":"2023-08-04T18:34:56","guid":{"rendered":"http:\/\/ceba.ca\/?page_id=3550"},"modified":"2023-08-04T14:34:56","modified_gmt":"2023-08-04T18:34:56","slug":"ceba-loan-in-hamilton","status":"publish","type":"page","link":"https:\/\/ceba.ca\/fr\/ceba-loan-in-hamilton\/","title":{"rendered":"Pr\u00eat CUEC \u00e0 Hamilton"},"content":{"rendered":"<p><span style=\"font-weight: 400;\">Hamilton, une ville dynamique connue pour son patrimoine industriel et sa diversit\u00e9 \u00e9conomique, a \u00e9t\u00e9 confront\u00e9e \u00e0 des d\u00e9fis sans pr\u00e9c\u00e9dent pendant la pand\u00e9mie de COVID-19. Le<\/span><a href=\"https:\/\/ceba-cuec.ca\/\" target=\"_blank\" rel=\"noopener\"> <span style=\"font-weight: 400;\">Compte d&#039;urgence pour les entreprises canadiennes<\/span><\/a><span style=\"font-weight: 400;\"> (CEBA) s\u2019est av\u00e9r\u00e9 \u00eatre une bou\u00e9e de sauvetage cruciale pour les entreprises de la r\u00e9gion, fournissant un soutien financier indispensable pour faire face aux incertitudes provoqu\u00e9es par la pand\u00e9mie.\u00a0<\/span><\/p>\n<p><span style=\"font-weight: 400;\">Dans cet article, nous examinons l&#039;impact de <\/span><span style=\"font-weight: 400;\">Pr\u00eat CUEC \u00e0 Hamilton<\/span><span style=\"font-weight: 400;\">, comment les entreprises ont utilis\u00e9 cette aide financi\u00e8re et le r\u00f4le qu&#039;elle a jou\u00e9 dans la promotion de la reprise \u00e9conomique.<\/span><\/p>\n<h2><span style=\"font-weight: 400;\">Le CUEC \u00e0 Hamilton : une lueur de soutien<\/span><\/h2>\n<p><span style=\"font-weight: 400;\">Lorsque la pand\u00e9mie a frapp\u00e9, le monde des affaires de Hamilton n\u2019a pas \u00e9t\u00e9 \u00e0 l\u2019abri des cons\u00e9quences \u00e9conomiques. En r\u00e9ponse, le programme de pr\u00eats du CUEC a offert une lueur d&#039;espoir, offrant aux entreprises admissibles l&#039;acc\u00e8s \u00e0 jusqu&#039;\u00e0 $60 000 de pr\u00eats garantis par le gouvernement.\u00a0<\/span><\/p>\n<p><span style=\"font-weight: 400;\"><a href=\"http:\/\/ceba.ca\/fr\/ceba-loan\/\">Cette aide financi\u00e8re<\/a> a jou\u00e9 un r\u00f4le d\u00e9terminant en aidant les entreprises \u00e0 conserver leur main-d\u2019\u0153uvre, \u00e0 couvrir leurs co\u00fbts fixes et \u00e0 s\u2019adapter aux conditions changeantes du march\u00e9.<\/span><\/p>\n<h2><span style=\"font-weight: 400;\">Soutenir les entreprises locales\u00a0: le pouvoir des pr\u00eats CUEC<\/span><\/h2>\n<p><span style=\"font-weight: 400;\">L&#039;\u00e9conomie diversifi\u00e9e de Hamilton comprend des entreprises dans divers secteurs, tels que la fabrication, les soins de sant\u00e9, l&#039;\u00e9ducation et la vente au d\u00e9tail. Tout au long de la pand\u00e9mie, ces entreprises se sont appuy\u00e9es sur les pr\u00eats du CUEC pour rester r\u00e9silientes.\u00a0<\/span><\/p>\n<p><span style=\"font-weight: 400;\">Les petites entreprises, en particulier, ont b\u00e9n\u00e9fici\u00e9 de ce soutien, leur permettant de garder leurs portes ouvertes et de continuer \u00e0 servir la communaut\u00e9.<\/span><\/p>\n<h2><span style=\"font-weight: 400;\">Int\u00e9r\u00eat : un r\u00e9pit pour les entreprises<\/span><\/h2>\n<p><span style=\"font-weight: 400;\">Les pr\u00eats du CUEC comportent un avantage important : 0% d&#039;int\u00e9r\u00eat annuel jusqu&#039;au 31 d\u00e9cembre 2023. Cette p\u00e9riode sans int\u00e9r\u00eat a \u00e9t\u00e9 con\u00e7ue pour all\u00e9ger le fardeau financier des entreprises pendant les premi\u00e8res \u00e9tapes de la reprise \u00e9conomique. Il a fourni un r\u00e9pit bien n\u00e9cessaire, permettant aux entreprises de se concentrer sur la reconstruction de leurs op\u00e9rations et le r\u00e9tablissement de leurs sources de revenus.<\/span><\/p>\n<p><span style=\"font-weight: 400;\">\u00c0 compter du 1er janvier 2024, un taux d\u2019int\u00e9r\u00eat nominal de 5% par an sera appliqu\u00e9 au solde impay\u00e9 du pr\u00eat. M\u00eame si cela marque la fin de la p\u00e9riode sans int\u00e9r\u00eat, le taux reste relativement bas ; offrant une flexibilit\u00e9 financi\u00e8re continue aux entreprises.<\/span><\/p>\n<h2><span style=\"font-weight: 400;\">8 cat\u00e9gories de d\u00e9penses essentielles non reportables pour le pr\u00eat CUEC \u00e0 Hamilton<\/span><\/h2>\n<p><span style=\"font-weight: 400;\">Pour les entreprises de Hamilton qui recherchent un financement du CUEC, se concentrer sur ces huit cat\u00e9gories de d\u00e9penses cruciales peut renforcer votre demande :<\/span><\/p>\n<ol>\n<li style=\"font-weight: 400;\" aria-level=\"1\"><b>Salaires et d\u00e9penses d\u2019emploi<\/b><span style=\"font-weight: 400;\">: Paiements \u00e0 des tiers \u00e0 des fins d&#039;emploi.<\/span><\/li>\n<li style=\"font-weight: 400;\" aria-level=\"1\"><b>Loyers et paiements de location\u00a0: <\/b><span style=\"font-weight: 400;\">Comprend les biens immobiliers et les biens d&#039;\u00e9quipement \u00e0 usage professionnel.<\/span><\/li>\n<li style=\"font-weight: 400;\" aria-level=\"1\"><b>Frais d&#039;assurance\u00a0: <\/b><span style=\"font-weight: 400;\">Paiements pour les assurances professionnelles.<\/span><\/li>\n<li style=\"font-weight: 400;\" aria-level=\"1\"><b>Imp\u00f4ts fonciers:<\/b><span style=\"font-weight: 400;\"> Paiement des taxes fonci\u00e8res li\u00e9es aux locaux commerciaux.<\/span><\/li>\n<li style=\"font-weight: 400;\" aria-level=\"1\"><b>T\u00e9l\u00e9phone et services publics\u00a0:<\/b><span style=\"font-weight: 400;\"> Comprend les d\u00e9penses de gaz, de fioul, d\u2019\u00e9lectricit\u00e9, d\u2019eau et d\u2019Internet.<\/span><\/li>\n<li style=\"font-weight: 400;\" aria-level=\"1\"><b>Service de la dette: <\/b><span style=\"font-weight: 400;\">Paiements r\u00e9guliers pour le service des dettes.<\/span><\/li>\n<li style=\"font-weight: 400;\" aria-level=\"1\"><b>Accords et licences\u00a0:<\/b><span style=\"font-weight: 400;\"> Paiements aux entrepreneurs ind\u00e9pendants et frais de maintien des licences.<\/span><\/li>\n<li style=\"font-weight: 400;\" aria-level=\"1\"><b>Mat\u00e9riaux pour la production\u00a0: <\/b><span style=\"font-weight: 400;\">Co\u00fbts engag\u00e9s pour les mat\u00e9riaux utilis\u00e9s dans la fabrication de produits destin\u00e9s \u00e0 la vente.<\/span><\/li>\n<\/ol>\n<p><span style=\"font-weight: 400;\">En documentant et en fournissant des preuves avec diligence de ces cat\u00e9gories de d\u00e9penses admissibles, les entreprises de Hamilton peuvent obtenir le soutien financier dont elles ont besoin pour surmonter les d\u00e9fis li\u00e9s \u00e0 la pand\u00e9mie et alimenter leur croissance et leur succ\u00e8s dans les ann\u00e9es \u00e0 venir.<\/span><\/p>\n<h2><span style=\"font-weight: 400;\">D\u00e9bloquer des opportunit\u00e9s\u00a0: l\u2019extension du CEBA $20\u00a0000<\/span><\/h2>\n<p><span style=\"font-weight: 400;\">Pour les entreprises de Hamilton qui recherchent un soutien financier suppl\u00e9mentaire au-del\u00e0 du pr\u00eat initial de $40 000, le Compte d&#039;urgence pour les entreprises canadiennes (CUEC) a offert une bou\u00e9e de sauvetage sous la forme d&#039;une extension de $20 000. Cet \u00e9largissement visait \u00e0 fournir une aide suppl\u00e9mentaire aux entreprises \u00e9ligibles, mais il \u00e9tait assorti d&#039;exigences et de d\u00e9lais sp\u00e9cifiques.<\/span><\/p>\n<h2><span style=\"font-weight: 400;\">Remboursements et \u00e9ch\u00e9ances\u00a0: une approche progressive<\/span><\/h2>\n<p><span style=\"font-weight: 400;\">Le <\/span><a href=\"http:\/\/ceba.ca\/fr\/ceba-loan-repayment\/\"><span style=\"font-weight: 400;\">structure de remboursement des pr\u00eats du CUEC<\/span><\/a><span style=\"font-weight: 400;\"> suit une approche progressive. Jusqu\u2019au 31 d\u00e9cembre 2023, les entreprises ne sont tenues \u00e0 aucun remboursement de capital. Cette disposition a permis aux entreprises de se concentrer sur la reconstruction et la stabilisation de leurs op\u00e9rations sans la pression suppl\u00e9mentaire des remboursements imm\u00e9diats des pr\u00eats.<\/span><\/p>\n<p><span style=\"font-weight: 400;\">Pour ceux qui ont des pr\u00eats en cours apr\u00e8s le 31 d\u00e9cembre 2023, seuls les paiements d&#039;int\u00e9r\u00eats seront n\u00e9cessaires jusqu&#039;\u00e0 ce que le montant total du principal soit d\u00fb le 31 d\u00e9cembre 2025. Ce d\u00e9lai de remboursement prolong\u00e9 offre aux entreprises la possibilit\u00e9 de rythmer leurs engagements financiers et de les aligner sur leurs revenus. projections.<\/span><\/p>\n<h2><span style=\"font-weight: 400;\">Remise de dette\u00a0: une r\u00e9compense pour un remboursement dans les d\u00e9lais<\/span><\/h2>\n<p><span style=\"font-weight: 400;\">Les pr\u00eats du CUEC offrent une incitation au remboursement en temps opportun. Si le capital impay\u00e9, \u00e0 l\u2019exclusion du montant \u00e9ligible \u00e0 une \u00e9ventuelle remise de dette, est rembours\u00e9 d\u2019ici le 31 d\u00e9cembre 2023, le montant restant du principal sera remis.\u00a0<\/span><\/p>\n<p><span style=\"font-weight: 400;\">Cette clause de remise sert de r\u00e9compense aux entreprises qui parviennent \u00e0 rembourser leurs pr\u00eats dans les d\u00e9lais impartis.<\/span><\/p>\n<h2><span style=\"font-weight: 400;\">Naviguer dans la phase de remboursement<\/span><\/h2>\n<p><span style=\"font-weight: 400;\">\u00c0 mesure que l\u2019\u00e9conomie se redresse progressivement, les entreprises de Hamilton doivent maintenant composer avec la phase de remboursement de leurs pr\u00eats CUEC. G\u00e9rer les remboursements des pr\u00eats tout en reconstituant les flux de revenus peut s\u2019av\u00e9rer une t\u00e2che ardue.\u00a0<\/span><\/p>\n<p><span style=\"font-weight: 400;\">Cependant, gr\u00e2ce \u00e0 une planification financi\u00e8re prudente et \u00e0 une prise de d\u00e9cision strat\u00e9gique, les entreprises peuvent traverser cette phase en toute confiance et maintenir leur trajectoire de croissance.<\/span><\/p>\n<h2><span style=\"font-weight: 400;\">Plaidoyer pour une prolongation\u00a0: l\u2019appel au soutien<\/span><\/h2>\n<p><span style=\"font-weight: 400;\">Le milieu des affaires de Hamilton, comme bien d&#039;autres partout au Canada, r\u00e9clame une prolongation de la date limite de remboursement du pr\u00eat CUEC. Un d\u00e9lai prolong\u00e9 donnerait aux entreprises plus de temps et de flexibilit\u00e9 pour se concentrer sur la reprise, le r\u00e9outillage et le r\u00e9investissement dans leurs op\u00e9rations.\u00a0<\/span><\/p>\n<p><span style=\"font-weight: 400;\">Une telle prolongation pourrait contribuer \u00e0 favoriser une plus grande stabilit\u00e9 \u00e9conomique dans la r\u00e9gion.<\/span><\/p>\n<h2><span style=\"font-weight: 400;\">Favoriser l\u2019emploi\u00a0: maintien et cr\u00e9ation d\u2019emplois<\/span><\/h2>\n<p><span style=\"font-weight: 400;\">Les pr\u00eats du CUEC ont jou\u00e9 un r\u00f4le essentiel dans le maintien et la cr\u00e9ation d&#039;emplois \u00e0 Hamilton. En fournissant une aide financi\u00e8re aux entreprises en difficult\u00e9, le CUEC a contribu\u00e9 \u00e0 pr\u00e9server les opportunit\u00e9s d&#039;emploi au plus fort des r\u00e9percussions \u00e9conomiques de la pand\u00e9mie.\u00a0<\/span><\/p>\n<p><span style=\"font-weight: 400;\">Alors que les entreprises se r\u00e9tablissent et reprennent leur trajectoire de croissance, le CUEC continue de favoriser le maintien et la croissance de l\u2019emploi dans la r\u00e9gion.<\/span><\/p>\n<h2><span style=\"font-weight: 400;\">La voie \u00e0 suivre : renforcer la r\u00e9silience et l\u2019innovation<\/span><\/h2>\n<p><span style=\"font-weight: 400;\">Le paysage commercial de Hamilton est r\u00e9silient, caract\u00e9ris\u00e9 par un esprit d&#039;innovation et d&#039;adaptabilit\u00e9. Les exp\u00e9riences v\u00e9cues pendant la pand\u00e9mie ont mis en \u00e9vidence l\u2019importance de l\u2019agilit\u00e9 et de la transformation num\u00e9rique.\u00a0<\/span><\/p>\n<p><span style=\"font-weight: 400;\">Les pr\u00eats du CUEC ont servi de catalyseur pour inciter les entreprises \u00e0 repenser leurs strat\u00e9gies, \u00e0 adopter les avanc\u00e9es technologiques et \u00e0 explorer de nouvelles sources de revenus.<\/span><\/p>\n<h2><span style=\"font-weight: 400;\">Conclusion<\/span><\/h2>\n<p><span style=\"font-weight: 400;\">Le programme de pr\u00eat CUEC a \u00e9t\u00e9 une bou\u00e9e de sauvetage pour les entreprises de Hamilton, leur permettant de traverser la temp\u00eate pendant les temps difficiles de la pand\u00e9mie de COVID-19. \u00c0 mesure que l\u2019\u00e9conomie de la r\u00e9gion se redresse, les entreprises doivent tirer les le\u00e7ons de l\u2019exp\u00e9rience et aller de l\u2019avant avec r\u00e9silience et d\u00e9termination.\u00a0<\/span><\/p>\n<p><span style=\"font-weight: 400;\">Le soutien des pr\u00eats du CUEC, associ\u00e9 \u00e0 la planification strat\u00e9gique et \u00e0 la collaboration communautaire, positionne Hamilton pour un avenir meilleur et plus prosp\u00e8re dans l&#039;\u00e8re post-pand\u00e9mique.<\/span><\/p>","protected":false},"excerpt":{"rendered":"<p>Hamilton, a vibrant city known for its industrial heritage and diverse economy, faced unprecedented challenges during the COVID-19 pandemic. The Canada Emergency Business Account (CEBA) loan program proved to be a crucial lifeline for businesses in the region, providing much-needed financial support to navigate the uncertainties brought on by the pandemic.\u00a0 In this article, we [&hellip;]<\/p>\n","protected":false},"author":2,"featured_media":4370,"parent":0,"menu_order":0,"comment_status":"closed","ping_status":"closed","template":"","meta":{"footnotes":""},"class_list":["post-3550","page","type-page","status-publish","has-post-thumbnail","hentry"],"_links":{"self":[{"href":"https:\/\/ceba.ca\/fr\/wp-json\/wp\/v2\/pages\/3550","targetHints":{"allow":["GET"]}}],"collection":[{"href":"https:\/\/ceba.ca\/fr\/wp-json\/wp\/v2\/pages"}],"about":[{"href":"https:\/\/ceba.ca\/fr\/wp-json\/wp\/v2\/types\/page"}],"author":[{"embeddable":true,"href":"https:\/\/ceba.ca\/fr\/wp-json\/wp\/v2\/users\/2"}],"replies":[{"embeddable":true,"href":"https:\/\/ceba.ca\/fr\/wp-json\/wp\/v2\/comments?post=3550"}],"version-history":[{"count":2,"href":"https:\/\/ceba.ca\/fr\/wp-json\/wp\/v2\/pages\/3550\/revisions"}],"predecessor-version":[{"id":4371,"href":"https:\/\/ceba.ca\/fr\/wp-json\/wp\/v2\/pages\/3550\/revisions\/4371"}],"wp:featuredmedia":[{"embeddable":true,"href":"https:\/\/ceba.ca\/fr\/wp-json\/wp\/v2\/media\/4370"}],"wp:attachment":[{"href":"https:\/\/ceba.ca\/fr\/wp-json\/wp\/v2\/media?parent=3550"}],"curies":[{"name":"wp","href":"https:\/\/api.w.org\/{rel}","templated":true}]}}