{"id":3545,"date":"2023-08-11T09:16:50","date_gmt":"2023-08-11T13:16:50","guid":{"rendered":"http:\/\/ceba.ca\/?page_id=3545"},"modified":"2023-08-11T09:16:50","modified_gmt":"2023-08-11T13:16:50","slug":"ceba-loan-in-quebec-city","status":"publish","type":"page","link":"https:\/\/ceba.ca\/fr\/ceba-loan-in-quebec-city\/","title":{"rendered":"Pr\u00eat CUEC \u00e0 Qu\u00e9bec"},"content":{"rendered":"<p><span style=\"font-weight: 400;\">Au c\u0153ur du paysage commercial ontarien, la ville de Qu\u00e9bec a ressenti les r\u00e9percussions du bouleversement \u00e9conomique de la pand\u00e9mie de COVID-19. Pour relever ces d\u00e9fis, le programme de pr\u00eats du Compte d&#039;urgence pour les entreprises canadiennes (CUEC) s&#039;est r\u00e9v\u00e9l\u00e9 \u00eatre un syst\u00e8me de soutien essentiel, \u00e9tendant une bou\u00e9e de sauvetage aux petites et moyennes entreprises de la r\u00e9gion.<\/span><\/p>\n<p><span style=\"font-weight: 400;\">Cet article parle du pr\u00eat CUEC \u00e0 Qu\u00e9bec, explore ses crit\u00e8res d&#039;\u00e9ligibilit\u00e9, ses m\u00e9canismes d&#039;exon\u00e9ration de pr\u00eat et son impact sur le milieu des affaires local.<\/span><\/p>\n<h2><span style=\"font-weight: 400;\">Crit\u00e8res d&#039;admissibilit\u00e9 : Pr\u00eat CUEC \u00e0 Qu\u00e9bec<\/span><\/h2>\n<p><span style=\"font-weight: 400;\">Le <\/span><a href=\"http:\/\/ceba.ca\/fr\/ceba-loan\/\"><span style=\"font-weight: 400;\">Programme de pr\u00eats CUEC \u00e0 Qu\u00e9bec<\/span><\/a><span style=\"font-weight: 400;\"> adh\u00e8re aux crit\u00e8res d\u2019\u00e9ligibilit\u00e9 standardis\u00e9s fix\u00e9s pour les entreprises \u00e0 travers le pays. Pour \u00eatre admissibles au programme, les entreprises doivent remplir des conditions pr\u00e9alables sp\u00e9cifiques, notamment\u00a0:<\/span><\/p>\n<ul>\n<li style=\"font-weight: 400;\" aria-level=\"1\"><b>Compte professionnel actif\u00a0:<\/b><span style=\"font-weight: 400;\"> Les entreprises doivent poss\u00e9der un compte-ch\u00e8ques ou un compte d&#039;exploitation actif \u00e0 compter du 1er mars 2020. Cette exigence a \u00e9t\u00e9 initialement stipul\u00e9e, mais a ensuite \u00e9t\u00e9 r\u00e9vis\u00e9e pour r\u00e9pondre \u00e0 davantage d&#039;entreprises.<\/span><\/li>\n<li style=\"font-weight: 400;\" aria-level=\"1\"><b>D\u00e9montrer les d\u00e9penses admissibles\u00a0:<\/b><span style=\"font-weight: 400;\"> Un aspect crucial de l\u2019\u00e9ligibilit\u00e9 consiste \u00e0 d\u00e9montrer les d\u00e9penses \u00e9ligibles non reportables engag\u00e9es entre $20 000 et $1,5 million au cours de l\u2019ann\u00e9e 2020.<\/span><\/li>\n<\/ul>\n<h2><span style=\"font-weight: 400;\">Strat\u00e9gies de pardon et de remboursement<\/span><\/h2>\n<p><span style=\"font-weight: 400;\">Le programme CUEC de Qu\u00e9bec offre aux entreprises admissibles la possibilit\u00e9 d&#039;obtenir des pr\u00eats sans int\u00e9r\u00eat pouvant atteindre $60 000. Le <\/span><a href=\"http:\/\/ceba.ca\/fr\/ceba-loan-repayment\/\"><span style=\"font-weight: 400;\">cadre de remboursement et remise<\/span><\/a><span style=\"font-weight: 400;\"> les dispositions comprennent\u00a0:<\/span><\/p>\n<h3><span style=\"font-weight: 400;\">Remise de pr\u00eat<\/span><\/h3>\n<p><span style=\"font-weight: 400;\">Les entreprises qui remplissent leurs obligations de remboursement du pr\u00eat CUEC avant la date limite sp\u00e9cifi\u00e9e du 31 d\u00e9cembre 2023 pourraient potentiellement b\u00e9n\u00e9ficier d&#039;une remise de pr\u00eat pouvant aller jusqu&#039;\u00e0 $20 000.<\/span><\/p>\n<h3><span style=\"font-weight: 400;\">Transition vers le pr\u00eat<\/span><\/h3>\n<p><span style=\"font-weight: 400;\">Si le pr\u00eat reste partiellement impay\u00e9 au-del\u00e0 du seuil de remise, il sera transform\u00e9 en un pr\u00eat \u00e0 terme de 2 ans avec un taux d&#039;int\u00e9r\u00eat de 5% par an.<\/span><\/p>\n<h2><span style=\"font-weight: 400;\">Alimenter la reprise \u00e9conomique : l\u2019impact du CUEC<\/span><\/h2>\n<p><span style=\"font-weight: 400;\">Le programme de pr\u00eat CUEC a \u00e9t\u00e9 un moteur pour les entreprises de la ville de Qu\u00e9bec \u00e0 faire face aux complexit\u00e9s de la pand\u00e9mie. En fournissant un soutien financier essentiel en p\u00e9riode d&#039;incertitude \u00e9conomique, le programme a permis aux entreprises de maintenir leurs op\u00e9rations, de fid\u00e9liser leurs employ\u00e9s et de g\u00e9rer leurs d\u00e9penses op\u00e9rationnelles critiques.<\/span><\/p>\n<p><span style=\"font-weight: 400;\">L&#039;injection financi\u00e8re a permis aux entreprises de s&#039;adapter \u00e0 l&#039;\u00e9volution du paysage du march\u00e9 et a donn\u00e9 l&#039;impulsion n\u00e9cessaire pour explorer de nouvelles voies de croissance, contribuant ainsi \u00e0 la r\u00e9surgence \u00e9conomique plus large de la r\u00e9gion.<\/span><\/p>\n<p><span style=\"font-weight: 400;\">Le <\/span><a href=\"http:\/\/ceba.ca\/fr\/\"><span style=\"font-weight: 400;\">accessibilit\u00e9 du pr\u00eat CUEC<\/span><\/a><span style=\"font-weight: 400;\"> Ce programme \u00e0 Qu\u00e9bec a \u00e9t\u00e9 rendu possible gr\u00e2ce \u00e0 la collaboration de plusieurs institutions financi\u00e8res. Les entreprises ont pu lancer le processus de demande de pr\u00eat par l&#039;interm\u00e9diaire de leur institution financi\u00e8re principale, rationalisant ainsi le processus et \u00e9largissant l&#039;accessibilit\u00e9 pour les entreprises recherchant une aide financi\u00e8re cruciale dans la r\u00e9gion.<\/span><\/p>\n<h2><span style=\"font-weight: 400;\">Soutien gouvernemental et perspectives d\u2019avenir<\/span><\/h2>\n<p><span style=\"font-weight: 400;\">\u00c0 l&#039;unisson du gouvernement f\u00e9d\u00e9ral, le gouvernement r\u00e9gional a d\u00e9montr\u00e9 un engagement sans faille \u00e0 soutenir les entreprises par le biais d&#039;initiatives comme le programme de pr\u00eats CUEC. Alors que Qu\u00e9bec s&#039;engage sur la voie de la revitalisation \u00e9conomique, le soutien gouvernemental aux petites entreprises demeure la pierre angulaire de la strat\u00e9gie de relance de la r\u00e9gion.<\/span><\/p>\n<p><span style=\"font-weight: 400;\">Quelle que soit la taille de l&#039;entreprise, tous les b\u00e9n\u00e9ficiaires du pr\u00eat CUEC sont tenus de respecter les modalit\u00e9s de remboursement d\u00e9finies par leurs institutions financi\u00e8res respectives. Pour plus de clart\u00e9 sur les conditions de remboursement sp\u00e9cifiques, il est conseill\u00e9 aux b\u00e9n\u00e9ficiaires de consulter leurs institutions financi\u00e8res pour conna\u00eetre le calendrier de remboursement et les dispositions de remise associ\u00e9es.<\/span><\/p>\n<h2><span style=\"font-weight: 400;\">Le d\u00e9faut et ses cons\u00e9quences<\/span><\/h2>\n<p><span style=\"font-weight: 400;\">Lorsque les entreprises ne peuvent pas respecter le d\u00e9lai de remboursement stipul\u00e9 dans leurs conditions de remboursement, elles seront class\u00e9es comme \u00e9tant en d\u00e9faut de paiement. Les institutions financi\u00e8res entameront une communication pour discuter de la marche \u00e0 suivre ult\u00e9rieure. Selon la situation, les entreprises peuvent perdre leur \u00e9ligibilit\u00e9 \u00e0 l\u2019exon\u00e9ration de pr\u00eat si le pr\u00eat n\u2019est pas maintenu en r\u00e8gle.<\/span><\/p>\n<h2><span style=\"font-weight: 400;\">Date limite de remboursement et int\u00e9r\u00eats courus<\/span><\/h2>\n<p><span style=\"font-weight: 400;\">Pour les emprunteurs qui satisfont aux crit\u00e8res d\u2019admissibilit\u00e9 du CUEC et restent en r\u00e8gle, le non-paiement du remboursement avant le 31 d\u00e9cembre 2023 entra\u00eenera la perte de l\u2019exon\u00e9ration de pr\u00eat. Du 1er janvier 2024 au 31 d\u00e9cembre 2025, les int\u00e9r\u00eats s\u2019accumuleront sur le solde impay\u00e9 du pr\u00eat CUEC.<\/span><\/p>\n<h2><span style=\"font-weight: 400;\">Changement de propri\u00e9taire et son impact<\/span><\/h2>\n<p><span style=\"font-weight: 400;\">Dans les sc\u00e9narios impliquant un changement de propri\u00e9taire d\u2019une entreprise, les implications sur les conditions de remboursement d\u00e9pendent de la structure juridique de l\u2019entreprise. Les entrepreneurs individuels et les soci\u00e9t\u00e9s peuvent \u00eatre confront\u00e9s \u00e0 des exigences et \u00e0 des processus distincts en mati\u00e8re de remboursement de pr\u00eat. Il est recommand\u00e9 de collaborer avec les institutions financi\u00e8res pour \u00e9lucider les subtilit\u00e9s du remboursement et les conditions du pr\u00eat affect\u00e9es par le changement de propri\u00e9t\u00e9.<\/span><\/p>\n<h2><span style=\"font-weight: 400;\">Relever les d\u00e9fis du remboursement : le paysage \u00e0 Qu\u00e9bec<\/span><\/h2>\n<p><span style=\"font-weight: 400;\">Selon les donn\u00e9es de la FCEI, une majorit\u00e9 significative de petites entreprises de la ville de Qu\u00e9bec, environ 89%, ont eu recours aux pr\u00eats du CUEC pour att\u00e9nuer l&#039;impact de la pand\u00e9mie. Cependant, \u00e0 l\u2019approche de l\u2019\u00e9ch\u00e9ance de remboursement, seuls 10% des entrepreneurs ont r\u00e9ussi \u00e0 honorer leurs engagements de remboursement.<\/span><\/p>\n<p><span style=\"font-weight: 400;\">M\u00eame parmi les propri\u00e9taires d\u2019entreprise d\u00e9termin\u00e9s \u00e0 rembourser leurs pr\u00eats CUEC avant la date limite, les appr\u00e9hensions concernant des difficult\u00e9s importantes sont nombreuses. Environ la moiti\u00e9 de ces propri\u00e9taires expriment des inqui\u00e9tudes quant \u00e0 la charge financi\u00e8re du remboursement. En outre, 59% pr\u00e9voit que le remboursement du pr\u00eat pourrait entraver sa capacit\u00e9 \u00e0 r\u00e9tablir ses activit\u00e9s aux niveaux de revenus d&#039;avant la pand\u00e9mie, un exploit qui reste insaisissable en raison des contraintes \u00e9conomiques actuelles.<\/span><\/p>\n<h2><span style=\"font-weight: 400;\">Un appel au soutien et au soulagement<\/span><\/h2>\n<p><span style=\"font-weight: 400;\">Le rapport de la FCEI souligne que pr\u00e8s des trois quarts des propri\u00e9taires de petites entreprises de Qu\u00e9bec plaident en faveur d&#039;un report du d\u00e9lai de remboursement du pr\u00eat CUEC. Parmi ces partisans, le 30% plaide pour un report d&#039;un an, tandis que le 42% penche pour un report de deux ans. Une telle prolongation, si elle est accord\u00e9e, offrirait une marge de man\u0153uvre indispensable et offrirait aux entreprises la possibilit\u00e9 de r\u00e9sister \u00e0 un contexte \u00e9conomique difficile.<\/span><\/p>\n<p><span style=\"font-weight: 400;\">En r\u00e9ponse \u00e0 ce sc\u00e9nario pressant, la FCEI exhorte fortement le gouvernement f\u00e9d\u00e9ral \u00e0 prolonger la date limite de remboursement du pr\u00eat CUEC jusqu&#039;en 2025 ou, \u00e0 tout le moins, 2024. De plus, la FCEI pr\u00e9conise une augmentation de l&#039;annulation de la dette pour englober au moins 501 pr\u00eats partiels TP3T. le pardon. La FCEI souligne \u00e9galement la n\u00e9cessit\u00e9 d&#039;\u00e9tablir un m\u00e9canisme d&#039;appel pour les quelque 50 000 entreprises qui ont initialement re\u00e7u des pr\u00eats mais qui ont ensuite \u00e9t\u00e9 jug\u00e9es inadmissibles.<\/span><\/p>\n<h2><span style=\"font-weight: 400;\">Conclusion<\/span><\/h2>\n<p><span style=\"font-weight: 400;\">Le programme de pr\u00eat CUEC de la ville de Qu\u00e9bec joue un r\u00f4le central en soutenant les entreprises pendant les d\u00e9fis sans pr\u00e9c\u00e9dent provoqu\u00e9s par la pand\u00e9mie de COVID-19. En offrant des pr\u00eats sans int\u00e9r\u00eat et un m\u00e9canisme d\u2019annulation de pr\u00eat, le programme a permis aux entreprises locales de traverser les turbulences, de s\u2019adapter aux paradigmes \u00e9mergents et de s\u2019engager sur la voie de la reprise.<\/span><\/p>\n<p><span style=\"font-weight: 400;\">Gr\u00e2ce aux efforts coordonn\u00e9s du gouvernement et des institutions financi\u00e8res, les pr\u00eats du CUEC sont devenus accessibles, permettant ainsi aux entreprises de Qu\u00e9bec d&#039;acc\u00e9der \u00e0 l&#039;aide financi\u00e8re dont elles ont besoin pour naviguer dans les eaux inexplor\u00e9es de cette p\u00e9riode extraordinaire. Alors que la r\u00e9gion trace le chemin de l&#039;avenir, le programme de pr\u00eats CUEC continue de constituer un pilier de soutien in\u00e9branlable, propulsant les entreprises de Qu\u00e9bec vers la prosp\u00e9rit\u00e9 dans l&#039;\u00e8re post-pand\u00e9mique.<\/span><\/p>","protected":false},"excerpt":{"rendered":"<p>In the heart of Ontario&#8217;s business landscape, Quebec City has felt the reverberations of the COVID-19 pandemic&#8217;s economic upheaval. To counter these challenges, the Canada Emergency Business Account (CEBA) loan program emerged as a vital support system, extending a lifeline to the region&#8217;s small and medium-sized enterprises. This article talks about the CEBA loan in [&hellip;]<\/p>\n","protected":false},"author":2,"featured_media":4438,"parent":0,"menu_order":0,"comment_status":"closed","ping_status":"closed","template":"","meta":{"footnotes":""},"class_list":["post-3545","page","type-page","status-publish","has-post-thumbnail","hentry"],"_links":{"self":[{"href":"https:\/\/ceba.ca\/fr\/wp-json\/wp\/v2\/pages\/3545","targetHints":{"allow":["GET"]}}],"collection":[{"href":"https:\/\/ceba.ca\/fr\/wp-json\/wp\/v2\/pages"}],"about":[{"href":"https:\/\/ceba.ca\/fr\/wp-json\/wp\/v2\/types\/page"}],"author":[{"embeddable":true,"href":"https:\/\/ceba.ca\/fr\/wp-json\/wp\/v2\/users\/2"}],"replies":[{"embeddable":true,"href":"https:\/\/ceba.ca\/fr\/wp-json\/wp\/v2\/comments?post=3545"}],"version-history":[{"count":2,"href":"https:\/\/ceba.ca\/fr\/wp-json\/wp\/v2\/pages\/3545\/revisions"}],"predecessor-version":[{"id":4439,"href":"https:\/\/ceba.ca\/fr\/wp-json\/wp\/v2\/pages\/3545\/revisions\/4439"}],"wp:featuredmedia":[{"embeddable":true,"href":"https:\/\/ceba.ca\/fr\/wp-json\/wp\/v2\/media\/4438"}],"wp:attachment":[{"href":"https:\/\/ceba.ca\/fr\/wp-json\/wp\/v2\/media?parent=3545"}],"curies":[{"name":"wp","href":"https:\/\/api.w.org\/{rel}","templated":true}]}}