{"id":3541,"date":"2023-08-04T14:26:38","date_gmt":"2023-08-04T18:26:38","guid":{"rendered":"http:\/\/ceba.ca\/?page_id=3541"},"modified":"2023-08-04T14:26:38","modified_gmt":"2023-08-04T18:26:38","slug":"ceba-loan-in-winnipeg","status":"publish","type":"page","link":"https:\/\/ceba.ca\/fr\/ceba-loan-in-winnipeg\/","title":{"rendered":"Pr\u00eat CUEC \u00e0 Winnipeg"},"content":{"rendered":"<p><span style=\"font-weight: 400;\">Le Compte d\u2019urgence pour les entreprises canadiennes (CUEC) s\u2019est av\u00e9r\u00e9 \u00eatre une bou\u00e9e de sauvetage pour de nombreuses entreprises partout au Canada, y compris \u00e0 Winnipeg, pendant les d\u00e9fis \u00e9conomiques sans pr\u00e9c\u00e9dent provoqu\u00e9s par la pand\u00e9mie de COVID-19.\u00a0<\/span><\/p>\n<p><span style=\"font-weight: 400;\">Ce programme de pr\u00eats sans int\u00e9r\u00eat d&#039;une dur\u00e9e limit\u00e9e a fourni un soutien financier crucial aux petites entreprises et aux organismes \u00e0 but non lucratif, leur permettant de surmonter la temp\u00eate des fermetures forc\u00e9es et des pertes de revenus.\u00a0<\/span><\/p>\n<p><span style=\"font-weight: 400;\">Dans cet article, nous explorerons comment le pr\u00eat CUEC \u00e0 Winnipeg a profit\u00e9 aux entreprises de Winnipeg, le processus de demande, les crit\u00e8res d&#039;\u00e9ligibilit\u00e9 et son impact sur l&#039;\u00e9conomie locale de la ville.<\/span><\/p>\n<h2><span style=\"font-weight: 400;\">Soutenir les entreprises de Winnipeg avec le CUEC<\/span><\/h2>\n<p><span style=\"font-weight: 400;\">Alors que la pand\u00e9mie a fait des ravages dans les entreprises, le gouvernement f\u00e9d\u00e9ral a mis en place diverses mesures d\u2019aide financi\u00e8re pour renforcer la stabilit\u00e9 \u00e9conomique. Le CUEC, parmi ces initiatives, a offert aux entreprises et organisations admissibles de Winnipeg l&#039;acc\u00e8s \u00e0 des fonds allant de $40 000 \u00e0 $60 000.\u00a0<\/span><\/p>\n<p><span style=\"font-weight: 400;\">Ce soutien a \u00e9t\u00e9 essentiel pour maintenir les entreprises \u00e0 flot, prot\u00e9ger les emplois et contribuer \u00e0 la reprise \u00e9conomique globale de la ville.<\/span><\/p>\n<h2><span style=\"font-weight: 400;\">Processus de demande du CUEC pour Winnipeg<\/span><\/h2>\n<p><span style=\"font-weight: 400;\">Le processus de candidature pour le <\/span><a href=\"http:\/\/ceba.ca\/fr\/ceba-loan\/\"><span style=\"font-weight: 400;\">Pr\u00eat du CUEC \u00e0 Winnipeg<\/span><\/a><span style=\"font-weight: 400;\"> \u00e9tait relativement simple, le rendant accessible \u00e0 de nombreuses entreprises locales. Pour postuler, les entreprises devaient travailler avec leur institution financi\u00e8re principale, s&#039;assurer qu&#039;elles r\u00e9pondaient aux crit\u00e8res d&#039;\u00e9ligibilit\u00e9 du programme et soumettre la documentation n\u00e9cessaire.\u00a0<\/span><\/p>\n<p><span style=\"font-weight: 400;\">Gr\u00e2ce aux efforts combin\u00e9s des entreprises et des institutions financi\u00e8res de Winnipeg, des centaines d&#039;\u00e9tablissements locaux ont re\u00e7u une aide financi\u00e8re indispensable par l&#039;interm\u00e9diaire du CUEC.<\/span><\/p>\n<h2><span style=\"font-weight: 400;\">Crit\u00e8res d&#039;\u00e9ligibilit\u00e9 pour les entreprises de Winnipeg<\/span><\/h2>\n<p><span style=\"font-weight: 400;\">Pour \u00eatre admissibles au pr\u00eat CUEC \u00e0 Winnipeg, les entreprises devaient r\u00e9pondre \u00e0 des crit\u00e8res pr\u00e9cis \u00e9tablis par le gouvernement f\u00e9d\u00e9ral. Les crit\u00e8res d&#039;\u00e9ligibilit\u00e9 comprenaient des facteurs tels que le fait d&#039;avoir un compte d&#039;exploitation d&#039;entreprise aupr\u00e8s d&#039;une institution financi\u00e8re canadienne, de d\u00e9montrer que les fonds seraient utilis\u00e9s \u00e0 des fins admissibles (comme couvrir les co\u00fbts d&#039;exploitation) et d&#039;attester de l&#039;impact financier de la COVID-19 sur l&#039;entreprise.<\/span><\/p>\n<h2><span style=\"font-weight: 400;\">Pr\u00eat du CUEC \u00e0 Winnipeg\u00a0: impact sur l&#039;\u00e9conomie<\/span><\/h2>\n<p><span style=\"font-weight: 400;\">L&#039;injection des fonds du CUEC dans l&#039;\u00e9conomie locale de Winnipeg a eu un impact significatif sur les entreprises de la ville et sur la stabilit\u00e9 \u00e9conomique globale. De nombreuses entreprises ont pu conserver leurs employ\u00e9s, adapter leurs op\u00e9rations aux restrictions li\u00e9es \u00e0 la pand\u00e9mie et continuer \u00e0 servir leurs communaut\u00e9s.\u00a0<\/span><\/p>\n<p><span style=\"font-weight: 400;\">Le CUEC a fourni un coussin de s\u00e9curit\u00e9 indispensable pendant les p\u00e9riodes difficiles, permettant aux entreprises de garder leurs portes ouvertes et assurant la s\u00e9curit\u00e9 d&#039;emploi de nombreux r\u00e9sidents de Winnipeg.<\/span><\/p>\n<h2><span style=\"font-weight: 400;\">Remboursement et perspectives d&#039;avenir<\/span><\/h2>\n<p><span style=\"font-weight: 400;\">\u00c0 mesure que l&#039;\u00e9conomie rebondit progressivement et que les entreprises de Winnipeg reprennent leurs activit\u00e9s, l&#039;attention se tourne d\u00e9sormais vers le remboursement des pr\u00eats du CUEC. Comprendre les conditions d\u2019annulation et de remboursement des pr\u00eats est essentiel pour que les entreprises puissent planifier leurs finances en cons\u00e9quence.\u00a0<\/span><\/p>\n<p><span style=\"font-weight: 400;\">Le volet remise de pr\u00eat permet aux entreprises de b\u00e9n\u00e9ficier d\u2019une remise partielle ou totale de leurs pr\u00eats, offrant ainsi une opportunit\u00e9 potentielle de renforcer davantage leur redressement financier.<\/span><\/p>\n<h2><span style=\"font-weight: 400;\">Int\u00e9r\u00eats sur le montant impay\u00e9 du pr\u00eat<\/span><\/h2>\n<p><span style=\"font-weight: 400;\">Pour les emprunteurs qui satisfont aux crit\u00e8res d\u2019admissibilit\u00e9 du CUEC et qui sont en r\u00e8gle, le non-remboursement du pr\u00eat avant le 31 d\u00e9cembre 2023 entra\u00eenera la perte des prestations de remise. L&#039;annulation de pr\u00eat \u00e9tait disponible pour les emprunteurs \u00e9ligibles qui remboursaient leurs pr\u00eats \u00e0 temps, mais ne pas respecter la date limite signifierait perdre cette opportunit\u00e9.<\/span><\/p>\n<p><span style=\"font-weight: 400;\">Si vous ne pouvez pas respecter la date limite de remboursement, votre pr\u00eat CUEC passera d&#039;un statut sans int\u00e9r\u00eat \u00e0 un pr\u00eat portant int\u00e9r\u00eats du 1er janvier 2024 au 31 d\u00e9cembre 2025.<\/span><\/p>\n<p><span style=\"font-weight: 400;\">Pendant cette p\u00e9riode, vous devrez payer des int\u00e9r\u00eats sur le solde impay\u00e9 du pr\u00eat. Le taux d&#039;int\u00e9r\u00eat applicable \u00e0 votre pr\u00eat pendant cette p\u00e9riode peut \u00eatre obtenu en communiquant avec votre institution financi\u00e8re.<\/span><\/p>\n<h2><span style=\"font-weight: 400;\">Le dilemme du remboursement du pr\u00eat CUEC<\/span><\/h2>\n<p><span style=\"font-weight: 400;\">\u00c0 l\u2019approche de la date de remboursement du 31 d\u00e9cembre, les petites entreprises ressentent la pression. Le pr\u00eat CUEC a offert une lueur d\u2019espoir aux entreprises pendant les p\u00e9riodes les plus sombres de la pand\u00e9mie, leur offrant le soutien financier dont elles ont grandement besoin.\u00a0<\/span><\/p>\n<p><a href=\"http:\/\/ceba.ca\/fr\/ceba-loan-repayment\/\"><span style=\"font-weight: 400;\">Pour encourager le remboursement<\/span><\/a><span style=\"font-weight: 400;\"> et all\u00e9ger une partie du fardeau, le CUEC a offert une remise de pr\u00eat aux entreprises qui peuvent rembourser leur pr\u00eat d&#039;ici la fin de l&#039;ann\u00e9e. Si les entreprises respectent le d\u00e9lai, elles recevront un tiers de leur pr\u00eat annul\u00e9 par le gouvernement.<\/span><\/p>\n<p><span style=\"font-weight: 400;\">Cependant, selon un rapport publi\u00e9 par le <\/span><a href=\"https:\/\/www.cfib-fcei.ca\/en\/\" target=\"_blank\" rel=\"noopener\"><span style=\"font-weight: 400;\">F\u00e9d\u00e9ration canadienne de l&#039;entreprise ind\u00e9pendante<\/span><\/a><span style=\"font-weight: 400;\">, environ 8 000 petites entreprises au Manitoba se trouvent dans une situation similaire.<\/span><\/p>\n<p><span style=\"font-weight: 400;\">Le rapport souligne \u00e9galement le risque de fermeture auquel sont confront\u00e9es 19 pour cent des petites entreprises du Manitoba si elles sont oblig\u00e9es de rembourser leur pr\u00eat CUEC avant la fin de l&#039;ann\u00e9e pour recevoir la partie de l&#039;exon\u00e9ration de pr\u00eat. Avec divers co\u00fbts en hausse et des taux d\u2019int\u00e9r\u00eat en constante augmentation, les entreprises sont aux prises avec des d\u00e9fis financiers au cours de leur parcours de reprise.<\/span><\/p>\n<h3><span style=\"font-weight: 400;\">D\u00e9fis pour les emprunteurs de taille moyenne<\/span><\/h3>\n<p><span style=\"font-weight: 400;\">Pour les entreprises ayant acc\u00e9d\u00e9 \u00e0 des pr\u00eats compris entre $40 001 et $60 000, la situation de remboursement est particuli\u00e8rement pr\u00e9occupante. Selon les conclusions de la FCEI, <\/span><a href=\"https:\/\/www.cfib-fcei.ca\/hubfs\/research\/reports\/2023\/2023-06-spring-update-small-business-debt-ceba-en.pdf\" target=\"_blank\" rel=\"noopener\"><span style=\"font-weight: 400;\">seuls 10 pour cent des utilisateurs ont rembours\u00e9 leurs pr\u00eats<\/span><\/a><span style=\"font-weight: 400;\">, et pr\u00e8s de la moiti\u00e9 pourraient ne pas respecter la date limite de remboursement du 31 d\u00e9cembre. Des secteurs tels que les organismes artistiques et r\u00e9cr\u00e9atifs et les entreprises h\u00f4teli\u00e8res sont confront\u00e9s \u00e0 des pourcentages encore plus \u00e9lev\u00e9s de retards potentiels dans le remboursement de leurs pr\u00eats.<\/span><\/p>\n<p><span style=\"font-weight: 400;\">Les cons\u00e9quences du non-respect du d\u00e9lai de remboursement sont importantes. Les entreprises qui ne respecteront pas la date limite du 31 d\u00e9cembre perdront la partie remboursable de leurs pr\u00eats, une bou\u00e9e de sauvetage sur laquelle elles comptaient pour leur redressement. De plus, ils seront confront\u00e9s \u00e0 un taux d\u2019int\u00e9r\u00eat de 5 pour cent sur la totalit\u00e9 du solde du pr\u00eat.<\/span><\/p>\n<h3><span style=\"font-weight: 400;\">Exhorter Ottawa \u00e0 obtenir son soutien<\/span><\/h3>\n<p><span style=\"font-weight: 400;\">Pour relever les d\u00e9fis auxquels sont confront\u00e9es les petites entreprises, la FCEI exhorte Ottawa \u00e0 envisager de prolonger la date limite de remboursement jusqu&#039;en d\u00e9cembre 2025 ou, \u00e0 tout le moins, l&#039;ann\u00e9e prochaine. Ils pr\u00e9conisent \u00e9galement d\u2019augmenter l\u2019exon\u00e9ration de pr\u00eat \u00e0 50 pour cent du pr\u00eat afin d\u2019aider davantage les entreprises dans leurs efforts de redressement.<\/span><\/p>\n<h2><span style=\"font-weight: 400;\">Conclusion<\/span><\/h2>\n<p><span style=\"font-weight: 400;\">Le pr\u00eat du Compte d\u2019urgence pour les entreprises canadiennes (CUEC) a constitu\u00e9 une bou\u00e9e de sauvetage vitale pour les entreprises de Winnipeg, leur offrant une aide financi\u00e8re lorsqu\u2019elles en avaient le plus besoin. La facilit\u00e9 du processus de demande et le respect des crit\u00e8res d\u2019\u00e9ligibilit\u00e9 ont permis au pr\u00eat de b\u00e9n\u00e9ficier de nombreuses entreprises de la ville.\u00a0<\/span><\/p>\n<p><span style=\"font-weight: 400;\">Alors que l&#039;\u00e9conomie locale de Winnipeg envisage une reprise, l&#039;impact du CUEC reste \u00e9vident dans la r\u00e9silience et la d\u00e9termination de ses entreprises \u00e0 surmonter des d\u00e9fis sans pr\u00e9c\u00e9dent.\u00a0<\/span><\/p>\n<p><span style=\"font-weight: 400;\">\u00c0 mesure que les entreprises progressent, la compr\u00e9hension des conditions de remboursement et des \u00e9ventuelles remises de pr\u00eat sera la cl\u00e9 de leur succ\u00e8s continu, ouvrant ainsi la voie \u00e0 la stabilit\u00e9 \u00e9conomique et \u00e0 la croissance pour le milieu des affaires dynamique de Winnipeg.<\/span><\/p>","protected":false},"excerpt":{"rendered":"<p>The Canada Emergency Business Account (CEBA) proved to be a lifeline for many businesses across Canada, including Winnipeg, during the unprecedented economic challenges brought on by the COVID-19 pandemic.\u00a0 This limited-time interest-free loan program provided crucial financial support to small businesses and not-for-profit organizations, enabling them to weather the storm of forced closures and revenue [&hellip;]<\/p>\n","protected":false},"author":2,"featured_media":4368,"parent":0,"menu_order":0,"comment_status":"closed","ping_status":"closed","template":"","meta":{"footnotes":""},"class_list":["post-3541","page","type-page","status-publish","has-post-thumbnail","hentry"],"_links":{"self":[{"href":"https:\/\/ceba.ca\/fr\/wp-json\/wp\/v2\/pages\/3541","targetHints":{"allow":["GET"]}}],"collection":[{"href":"https:\/\/ceba.ca\/fr\/wp-json\/wp\/v2\/pages"}],"about":[{"href":"https:\/\/ceba.ca\/fr\/wp-json\/wp\/v2\/types\/page"}],"author":[{"embeddable":true,"href":"https:\/\/ceba.ca\/fr\/wp-json\/wp\/v2\/users\/2"}],"replies":[{"embeddable":true,"href":"https:\/\/ceba.ca\/fr\/wp-json\/wp\/v2\/comments?post=3541"}],"version-history":[{"count":2,"href":"https:\/\/ceba.ca\/fr\/wp-json\/wp\/v2\/pages\/3541\/revisions"}],"predecessor-version":[{"id":4369,"href":"https:\/\/ceba.ca\/fr\/wp-json\/wp\/v2\/pages\/3541\/revisions\/4369"}],"wp:featuredmedia":[{"embeddable":true,"href":"https:\/\/ceba.ca\/fr\/wp-json\/wp\/v2\/media\/4368"}],"wp:attachment":[{"href":"https:\/\/ceba.ca\/fr\/wp-json\/wp\/v2\/media?parent=3541"}],"curies":[{"name":"wp","href":"https:\/\/api.w.org\/{rel}","templated":true}]}}