{"id":3534,"date":"2023-07-27T06:30:13","date_gmt":"2023-07-27T10:30:13","guid":{"rendered":"http:\/\/ceba.ca\/?page_id=3534"},"modified":"2023-08-03T12:55:22","modified_gmt":"2023-08-03T16:55:22","slug":"ceba-loan-in-edmonton","status":"publish","type":"page","link":"https:\/\/ceba.ca\/fr\/ceba-loan-in-edmonton\/","title":{"rendered":"Pr\u00eat CUEC \u00e0 Edmonton"},"content":{"rendered":"<p>Le programme de pr\u00eat du Compte d&#039;urgence pour les entreprises canadiennes (CUEC) s&#039;est av\u00e9r\u00e9 un soutien essentiel pour les petites entreprises et les organismes sans but lucratif d&#039;Edmonton. CUEC offert <a href=\"http:\/\/ceba.ca\/fr\/\">pr\u00eats sans int\u00e9r\u00eat<\/a> pouvant aller jusqu&#039;\u00e0 $60,000 aux petites entreprises \u00e9ligibles. Face \u00e0 l\u2019incertitude \u00e9conomique sans pr\u00e9c\u00e9dent provoqu\u00e9e par la pand\u00e9mie de COVID-19, les pr\u00eats du CUEC ont fourni une aide financi\u00e8re essentielle aux propri\u00e9taires d\u2019entreprises d\u2019Edmonton. De plus, le CUEC a contribu\u00e9 \u00e0 att\u00e9nuer les tensions financi\u00e8res et \u00e0 stabiliser le monde des affaires local. Dans cet article, nous explorerons les d\u00e9tails du pr\u00eat CUEC \u00e0 Edmonton\u00a0: qui est \u00e9ligible, quelles sont les conditions et quand les propri\u00e9taires d&#039;entreprise devront rembourser.<\/p>\n<h2>Admissibilit\u00e9 au pr\u00eat CUEC<\/h2>\n<p>Les crit\u00e8res initiaux d&#039;admissibilit\u00e9 au pr\u00eat CUEC \u00e0 Edmonton exigeaient que les entreprises requ\u00e9rantes aient un compte de ch\u00e8ques\/d&#039;exploitation d&#039;entreprise actif aupr\u00e8s de leur institution financi\u00e8re principale \u00e0 compter du 1er mars 2020. Cette exigence a depuis \u00e9t\u00e9 supprim\u00e9e, permettant <a href=\"http:\/\/ceba.ca\/fr\/ceba-loan\/\">les entreprises doivent postuler apr\u00e8s l&#039;ouverture d&#039;un compte<\/a> avec leur institution financi\u00e8re principale \u00e0 tout moment avant la date limite de candidature (cela dit, les entreprises doivent \u00eatre l\u00e9gitimement en activit\u00e9 depuis suffisamment longtemps pour avoir \u00e9t\u00e9 touch\u00e9es par la pand\u00e9mie \u2013 ou <a href=\"https:\/\/huddle.today\/2022\/10\/19\/thousands-of-businesses-told-they-were-ineligible-for-ceba-loans\/\" target=\"_blank\" rel=\"noopener\">risque d\u2019\u00eatre jug\u00e9 inadmissible au pr\u00eat CUEC<\/a>) En supprimant cette condition, le programme de pr\u00eat CUEC est devenu de plus en plus accessible aux petites entreprises d&#039;Edmonton. Les crit\u00e8res modifi\u00e9s <a href=\"https:\/\/www.canada.ca\/en\/department-finance\/news\/2020\/10\/canada-emergency-business-account-now-open-to-businesses-using-personal-banking-accounts.html\" target=\"_blank\" rel=\"noopener\">autoris\u00e9 pour les petites entreprises op\u00e9rant \u00e0 partir de comptes bancaires personnels<\/a>, crucial pour le succ\u00e8s des \u00ab plans de sauvetage \u00bb li\u00e9s \u00e0 la pand\u00e9mie de COVID-19. Le gouvernement du Canada a \u00e9galement \u00e9tabli des crit\u00e8res sp\u00e9cifiques pour exclure certaines entit\u00e9s de l&#039;admissibilit\u00e9 au pr\u00eat CUEC. Ceux-ci inclus:<\/p>\n<ul>\n<li><strong>Organisations gouvernementales\u00a0:<\/strong> Les pr\u00eats du CUEC ont \u00e9t\u00e9 con\u00e7us pour aider les entreprises priv\u00e9es, et non les organisations ou organismes gouvernementaux. Ceux-ci ont \u00e9t\u00e9 exclus des crit\u00e8res.<\/li>\n<li><strong>Organisations \u00e0 but non lucratif et organismes de bienfaisance enregistr\u00e9s\u00a0:<\/strong> En g\u00e9n\u00e9ral, les organismes sans but lucratif, les organismes de bienfaisance enregistr\u00e9s, les syndicats, les soci\u00e9t\u00e9s ou ordres de secours mutuels et les entit\u00e9s enti\u00e8rement d\u00e9tenues par ces organismes n&#039;\u00e9taient pas admissibles aux pr\u00eats du CUEC.<\/li>\n<li><strong>Entit\u00e9s encourageant la violence ou la discrimination\u00a0: <\/strong>Les entit\u00e9s qui encouragent la violence incitent \u00e0 la haine ou font de la discrimination fond\u00e9e sur diverses caract\u00e9ristiques prot\u00e9g\u00e9es, notamment le sexe, l&#039;identit\u00e9 ou l&#039;expression de genre, l&#039;orientation sexuelle, la race, la religion, l&#039;\u00e2ge, l&#039;origine ethnique, l&#039;origine nationale ou un handicap mental ou physique, n&#039;\u00e9taient pas admissibles aux pr\u00eats du CUEC.<\/li>\n<li><strong>Entit\u00e9s appartenant \u00e0 des d\u00e9put\u00e9s ou s\u00e9nateurs f\u00e9d\u00e9raux\u00a0:<\/strong> Le CUEC a exclu les entit\u00e9s appartenant directement \u00e0 un d\u00e9put\u00e9 ou \u00e0 un s\u00e9nateur f\u00e9d\u00e9ral de la possibilit\u00e9 de demander le pr\u00eat.<\/li>\n<\/ul>\n<p>Le gouvernement du Canada a \u00e9tabli tous ces crit\u00e8res pour garantir que seules les entreprises qualifi\u00e9es d&#039;Edmonton puissent b\u00e9n\u00e9ficier du programme de pr\u00eat CUEC et profiter de ses fonctionnalit\u00e9s. Gr\u00e2ce \u00e0 ce soutien, les entreprises d&#039;Edmonton peuvent continuer \u00e0 fonctionner pendant les p\u00e9riodes difficiles et maintenir leurs op\u00e9rations \u00e0 flot dans un contexte financier d\u00e9favorable provoqu\u00e9 par la pand\u00e9mie.<\/p>\n<h2>Expansion et remise de pr\u00eat<\/h2>\n<p>Le programme de pr\u00eat CUEC aide les entreprises admissibles d&#039;Edmonton \u00e0 acc\u00e9der jusqu&#039;\u00e0 $60 000 sans remboursement d&#039;int\u00e9r\u00eats la premi\u00e8re ann\u00e9e. Le programme a \u00e9t\u00e9 initialement plafonn\u00e9 \u00e0 $40,000, avant d&#039;\u00eatre augment\u00e9 pour faire face \u00e0 l&#039;impact prolong\u00e9 de la pand\u00e9mie. Il incite \u00e9galement les entreprises \u00e0 rembourser le solde du pr\u00eat d&#039;ici le 31 d\u00e9cembre 2023, par le biais d&#039;une remise de pr\u00eat pouvant aller jusqu&#039;\u00e0 33%, soit un maximum de $20 000. Ceci offre <a href=\"https:\/\/businessinedmonton.com\/\" target=\"_blank\" rel=\"noopener\">Propri\u00e9taires d&#039;entreprise d&#039;Edmonton<\/a> une aide financi\u00e8re indispensable pendant la reprise \u00e9conomique. Les crit\u00e8res d&#039;admissibilit\u00e9 au programme CUEC ont \u00e9galement \u00e9t\u00e9 assouplis depuis sa cr\u00e9ation, n&#039;exigeant plus que les entreprises d\u00e9tiennent un compte de ch\u00e8ques\/d&#039;exploitation d&#039;entreprise actif aupr\u00e8s de leur institution financi\u00e8re principale \u00e0 compter du 1er mars 2020. Cette mise \u00e0 jour \u00e9tend la couverture pour inclure les propri\u00e9taires d&#039;entreprise qui peuvent fonctionner \u00e0 partir de comptes bancaires personnels, ce qui rend le CUEC plus accessible m\u00eame en ces temps \u00e9conomiques difficiles. Les entreprises qui ne respectent pas le d\u00e9lai de remboursement peuvent toujours profiter du programme de pr\u00eat avec un taux d&#039;int\u00e9r\u00eat de 5%. Le gouvernement a fix\u00e9 un <a href=\"http:\/\/ceba.ca\/fr\/ceba-loan-repayment\/\">date limite de remboursement int\u00e9gral des pr\u00eats CUEC<\/a> au 31 d\u00e9cembre 2025. Cela offre une plus grande flexibilit\u00e9 et une plus grande assurance tout en permettant aux entreprises de rembourser le pr\u00eat par \u00e9tapes sur deux ans. Gr\u00e2ce au programme de pr\u00eat CUEC, les petites entreprises et les organismes sans but lucratif d&#039;Edmonton pourraient acc\u00e9der \u00e0 une aide financi\u00e8re indispensable pour att\u00e9nuer les tensions financi\u00e8res et stabiliser leur entreprise pendant les p\u00e9riodes impr\u00e9visibles. Le programme de pr\u00eats CUEC a \u00e9t\u00e9 une bou\u00e9e de sauvetage pour de nombreuses entreprises. Alors que nous approchons de la date limite d\u2019annulation de pr\u00eat de 2023 et du remboursement de 2025, les propri\u00e9taires d\u2019entreprises d\u2019Edmonton doivent trouver des moyens de transformer cette bou\u00e9e de sauvetage en rendements continus et de reconstruire pour l\u2019avenir.<\/p>\n<h2>Comment le pr\u00eat CUEC \u00e0 Edmonton aide<\/h2>\n<p>La p\u00e9riode d\u2019admissibilit\u00e9 aux pr\u00eats CUEC est termin\u00e9e. Cependant, \u00e0 l\u2019approche de la date limite de 2023 pour l\u2019annulation du pr\u00eat, <a href=\"https:\/\/www.cfib-fcei.ca\/en\/tools-resources\/financing-options-ceba-loan\" target=\"_blank\" rel=\"noopener\">les entreprises d\u2019Edmonton (et du Canada dans son ensemble) sont \u00e0 la recherche d\u2019options de remboursement du CUEC<\/a>. Lorsqu\u2019il est utilis\u00e9 correctement, le programme de pr\u00eats CUEC peut apporter un soutien essentiel aux entreprises pendant une p\u00e9riode d\u2019incertitude financi\u00e8re et de difficult\u00e9s \u00e9conomiques. En offrant des pr\u00eats sans int\u00e9r\u00eat avec des incitatifs potentiels d&#039;exon\u00e9ration de pr\u00eat allant jusqu&#039;\u00e0 33%, le Compte d&#039;urgence pour les entreprises canadiennes (CUEC) offre des ressources essentielles aux entreprises pour r\u00e9sister \u00e0 la temp\u00eate de la pand\u00e9mie et en sortir plus fortes. Les entreprises d&#039;Edmonton doivent comprendre le programme de pr\u00eat et ses conditions de remboursement pour maximiser leurs avantages. Consulter un conseiller financier ou un autre \u00e9tablissement de cr\u00e9dit peut aider les entreprises \u00e0 prendre des d\u00e9cisions \u00e9clair\u00e9es concernant leurs options de remboursement de pr\u00eat CUEC et \u00e0 garantir qu&#039;elles ne perdent pas les pr\u00e9cieux incitatifs avant la date limite. Tirer parti de ces g\u00e9n\u00e9reuses ressources financi\u00e8res constitue une \u00e9tape importante vers la reconstruction pour l\u2019avenir et, \u00e0 terme, vers la cr\u00e9ation d\u2019une \u00e9conomie post-pand\u00e9mique plus forte. Utiliser les avantages du programme de pr\u00eat CUEC peut aider les entreprises d&#039;Edmonton \u00e0 rester \u00e0 flot et solvables en ces temps difficiles.<\/p>\n<h2>Conclusion<\/h2>\n<p>M\u00eame si le programme de pr\u00eat CUEC a \u00e9t\u00e9 une lueur d&#039;espoir pour les entreprises d&#039;Edmonton pendant la pand\u00e9mie, les dates de remboursement approchent bient\u00f4t. Qu&#039;il s&#039;agisse d&#039;une petite entreprise qui peine \u00e0 garder ses portes ouvertes ou d&#039;un organisme sans but lucratif qui s&#039;efforce de poursuivre sa mission, les pr\u00eats du CUEC ont aid\u00e9 \u00e0 maintenir les entreprises en vie : mais il faudra de la planification pour rester ainsi. Les entreprises d\u2019Edmonton devraient profiter de la p\u00e9riode sans int\u00e9r\u00eat restante pour planifier la reprise \u00e9conomique. Qu\u2019il s\u2019agisse de reconstruire, de repenser ou de faire appel \u00e0 un conseiller financier, il est pr\u00e9f\u00e9rable de commencer \u00e0 planifier d\u00e8s maintenant. Les entreprises d\u2019Edmonton qui tirent parti des avantages du pr\u00eat CUEC et rel\u00e8vent les d\u00e9fis de front peuvent contribuer \u00e0 garantir un avenir financier plus harmonieux pour elles-m\u00eames et pour les autres membres de leur communaut\u00e9.<\/p>","protected":false},"excerpt":{"rendered":"<p>The Canada Emergency Business Account (CEBA) loan program has been a vital support for small businesses and not-for-profit organizations in Edmonton. CEBA offered interest-free loans of up to $60,000 to eligible small businesses. In the face of unprecedented economic uncertainty brought on by the COVID-19 pandemic, CEBA loans provided critical financial assistance to Edmonton business [&hellip;]<\/p>\n","protected":false},"author":2,"featured_media":4166,"parent":0,"menu_order":0,"comment_status":"closed","ping_status":"closed","template":"","meta":{"footnotes":""},"class_list":["post-3534","page","type-page","status-publish","has-post-thumbnail","hentry"],"_links":{"self":[{"href":"https:\/\/ceba.ca\/fr\/wp-json\/wp\/v2\/pages\/3534","targetHints":{"allow":["GET"]}}],"collection":[{"href":"https:\/\/ceba.ca\/fr\/wp-json\/wp\/v2\/pages"}],"about":[{"href":"https:\/\/ceba.ca\/fr\/wp-json\/wp\/v2\/types\/page"}],"author":[{"embeddable":true,"href":"https:\/\/ceba.ca\/fr\/wp-json\/wp\/v2\/users\/2"}],"replies":[{"embeddable":true,"href":"https:\/\/ceba.ca\/fr\/wp-json\/wp\/v2\/comments?post=3534"}],"version-history":[{"count":4,"href":"https:\/\/ceba.ca\/fr\/wp-json\/wp\/v2\/pages\/3534\/revisions"}],"predecessor-version":[{"id":4347,"href":"https:\/\/ceba.ca\/fr\/wp-json\/wp\/v2\/pages\/3534\/revisions\/4347"}],"wp:featuredmedia":[{"embeddable":true,"href":"https:\/\/ceba.ca\/fr\/wp-json\/wp\/v2\/media\/4166"}],"wp:attachment":[{"href":"https:\/\/ceba.ca\/fr\/wp-json\/wp\/v2\/media?parent=3534"}],"curies":[{"name":"wp","href":"https:\/\/api.w.org\/{rel}","templated":true}]}}