{"id":3524,"date":"2023-07-21T15:17:44","date_gmt":"2023-07-21T19:17:44","guid":{"rendered":"http:\/\/ceba.ca\/?page_id=3524"},"modified":"2023-08-03T12:58:05","modified_gmt":"2023-08-03T16:58:05","slug":"ceba-loan-in-montreal","status":"publish","type":"page","link":"https:\/\/ceba.ca\/fr\/ceba-loan-in-montreal\/","title":{"rendered":"Pr\u00eat CUEC \u00e0 Montr\u00e9al"},"content":{"rendered":"<p><span style=\"font-weight: 400;\">Dans la dynamique ville de Montr\u00e9al, les petites entreprises et les organismes \u00e0 but non lucratif ont \u00e9t\u00e9 \u00e0 l&#039;avant-garde des d\u00e9fis \u00e9conomiques provoqu\u00e9s par la pand\u00e9mie de COVID-19. Pour apporter un soutien financier vital, le <\/span><a href=\"https:\/\/ceba-cuec.ca\/\" target=\"_blank\" rel=\"noopener\"><span style=\"font-weight: 400;\">Compte d&#039;urgence pour les entreprises canadiennes<\/span><\/a><span style=\"font-weight: 400;\"> (CEBA) a \u00e9t\u00e9 mis en \u0153uvre \u00e0 l&#039;\u00e9chelle nationale, y compris \u00e0 Montr\u00e9al.\u00a0<\/span><\/p>\n<p><span style=\"font-weight: 400;\">Dans cet article, nous approfondirons les d\u00e9tails du pr\u00eat CUEC \u00e0 Montr\u00e9al, son impact sur les entreprises locales et son r\u00f4le crucial dans le maintien de la r\u00e9silience \u00e9conomique en ces temps incertains.<\/span><\/p>\n<h2><span style=\"font-weight: 400;\">Crit\u00e8re d&#039;\u00e9ligibilit\u00e9<\/span><\/h2>\n<p><span style=\"font-weight: 400;\">Comme dans d&#039;autres r\u00e9gions du Canada, le <\/span><a href=\"http:\/\/ceba.ca\/fr\/\"><span style=\"font-weight: 400;\">Programme de pr\u00eat CUEC<\/span><\/a><span style=\"font-weight: 400;\"> \u00e0 Montr\u00e9al suit les m\u00eames crit\u00e8res d&#039;\u00e9ligibilit\u00e9.\u00a0<\/span><\/p>\n<p><span style=\"font-weight: 400;\">Pour \u00eatre \u00e9ligibles au pr\u00eat sans int\u00e9r\u00eat pouvant aller jusqu&#039;\u00e0 $60 000, les entreprises devaient r\u00e9pondre \u00e0 des exigences sp\u00e9cifiques, telles que d\u00e9montrer des d\u00e9penses \u00e9ligibles non reportables allant de $20 000 \u00e0 $1,5 million en 2020.<\/span><\/p>\n<h3><span style=\"font-weight: 400;\">Crit\u00e8res d&#039;\u00e9ligibilit\u00e9 et exclusions<\/span><\/h3>\n<p><span style=\"font-weight: 400;\">Le programme Compte d\u2019urgence pour les entreprises canadiennes (CUEC) a permis <\/span><a href=\"http:\/\/ceba.ca\/fr\/ceba-loan\/\"><span style=\"font-weight: 400;\">un soutien financier vital <\/span><\/a><span style=\"font-weight: 400;\">\u00e0 d&#039;innombrables entreprises \u00e0 Montr\u00e9al. Cependant, certaines entit\u00e9s ont \u00e9t\u00e9 exclues de la participation au programme en raison des exigences fix\u00e9es par le gouvernement du Canada.\u00a0<\/span><\/p>\n<ul>\n<li style=\"font-weight: 400;\" aria-level=\"1\"><span style=\"font-weight: 400;\">Les exclusions comprenaient les organisations gouvernementales, les organisations \u00e0 but non lucratif, les organismes de bienfaisance enregistr\u00e9s et les entit\u00e9s appartenant \u00e0 des d\u00e9put\u00e9s ou des s\u00e9nateurs f\u00e9d\u00e9raux.\u00a0<\/span><\/li>\n<li style=\"font-weight: 400;\" aria-level=\"1\"><span style=\"font-weight: 400;\">De plus, toute entit\u00e9 promouvant la violence, incitant \u00e0 la haine ou se livrant \u00e0 une discrimination fond\u00e9e sur diverses caract\u00e9ristiques prot\u00e9g\u00e9es n&#039;\u00e9tait pas \u00e9ligible.\u00a0<\/span><\/li>\n<\/ul>\n<p><span style=\"font-weight: 400;\">Ces mesures ont \u00e9t\u00e9 mises en \u0153uvre pour assurer une r\u00e9partition \u00e9quitable de l&#039;aide et maintenir l&#039;int\u00e9grit\u00e9 du programme tout en donnant la priorit\u00e9 aux entreprises qui contribuent activement \u00e0 l&#039;\u00e9conomie canadienne.<\/span><\/p>\n<h2><span style=\"font-weight: 400;\">Large participation et accessibilit\u00e9<\/span><\/h2>\n<p><span style=\"font-weight: 400;\">Le programme de pr\u00eat CUEC a \u00e9t\u00e9 rendu accessible aux entreprises de Montr\u00e9al gr\u00e2ce \u00e0 la participation de nombreuses institutions financi\u00e8res de la ville.\u00a0<\/span><\/p>\n<p><span style=\"font-weight: 400;\">Cette large disponibilit\u00e9 a permis aux entreprises de disposer de plusieurs options pour demander un pr\u00eat, rendant le processus de demande plus pratique et plus efficace.<\/span><\/p>\n<h2><span style=\"font-weight: 400;\">Un impact sur le paysage des affaires de Montr\u00e9al<\/span><\/h2>\n<p><span style=\"font-weight: 400;\">Le programme de pr\u00eats CUEC a eu un impact consid\u00e9rable sur le milieu des affaires de Montr\u00e9al. Le programme a offert une bou\u00e9e de sauvetage aux petites entreprises, leur permettant de couvrir les co\u00fbts d\u2019exploitation essentiels, de retenir les employ\u00e9s et de faire face \u00e0 des conditions \u00e9conomiques difficiles.\u00a0<\/span><\/p>\n<p><span style=\"font-weight: 400;\">\u00c9tant l&#039;une des grandes villes du Canada, Montr\u00e9al a b\u00e9n\u00e9fici\u00e9 de l&#039;aide financi\u00e8re du programme de pr\u00eat CUEC, contribuant ainsi \u00e0 la relance \u00e9conomique globale de la ville.<\/span><\/p>\n<h2><span style=\"font-weight: 400;\">Remboursements et r\u00e9emprunts des pr\u00eats CUEC<\/span><\/h2>\n<p><span style=\"font-weight: 400;\">Pour les entreprises qui ont r\u00e9ussi \u00e0 rembourser leurs pr\u00eats du Compte d\u2019urgence pour les entreprises canadiennes (CUEC), la question du r\u00e9emprunt se pose alors qu\u2019elles font face aux d\u00e9fis du paysage \u00e9conomique post-pand\u00e9mique. Cependant, il est essentiel de comprendre que le pr\u00eat CEBA <\/span><a href=\"http:\/\/ceba.ca\/fr\/ceba-loan-repayment\/\"><span style=\"font-weight: 400;\">les remboursements sont consid\u00e9r\u00e9s comme d\u00e9finitifs<\/span><\/a><span style=\"font-weight: 400;\">, et les sommes rembours\u00e9es ne peuvent \u00eatre r\u00e9emprunt\u00e9es.<\/span><\/p>\n<p><span style=\"font-weight: 400;\">Alors que les entreprises de Montr\u00e9al et de partout au Canada font face aux incertitudes \u00e9conomiques, renforcer leur r\u00e9silience financi\u00e8re devient primordial.\u00a0<\/span><\/p>\n<p><span style=\"font-weight: 400;\">L\u2019\u00e9tablissement de plans d\u2019urgence, le maintien de r\u00e9serves de tr\u00e9sorerie ad\u00e9quates et l\u2019adoption de pratiques financi\u00e8res durables peuvent aider les entreprises \u00e0 surmonter des d\u00e9fis inattendus et \u00e0 saisir des opportunit\u00e9s de croissance.<\/span><\/p>\n<h2><span style=\"font-weight: 400;\">Probl\u00e8mes de remboursement et de prolongation<\/span><\/h2>\n<p><span style=\"font-weight: 400;\">\u00c0 l&#039;approche de la date limite de remboursement des pr\u00eats du CUEC, les petites entreprises de Montr\u00e9al ont du mal \u00e0 respecter leurs obligations en mati\u00e8re de pr\u00eat. La F\u00e9d\u00e9ration canadienne de l&#039;entreprise ind\u00e9pendante (FCEI) a pr\u00e9venu que le non-remboursement du pr\u00eat avant la date limite du 31 d\u00e9cembre pourrait forcer un nombre important d&#039;entreprises \u00e0 fermer d\u00e9finitivement leurs portes.\u00a0<\/span><\/p>\n<p><span style=\"font-weight: 400;\">Les propri\u00e9taires d\u2019entreprises exhortent le gouvernement \u00e0 envisager une prolongation pour apporter un soulagement indispensable, permettant aux entreprises de se r\u00e9tablir et de maintenir leurs activit\u00e9s dans le paysage post-pand\u00e9mique.<\/span><\/p>\n<h3><span style=\"font-weight: 400;\">Impact sur le tourisme<\/span><\/h3>\n<p><a href=\"https:\/\/tiac-aitc.ca\/index.html\" target=\"_blank\" rel=\"noopener\"><span style=\"font-weight: 400;\">Selon l&#039;Association de l&#039;industrie touristique du Canada<\/span><\/a><span style=\"font-weight: 400;\">, pr\u00e8s de 45% d&#039;op\u00e9rateurs touristiques de Montr\u00e9al risquent de fermer leurs portes d&#039;ici trois ans si le gouvernement n&#039;intervient pas pour ajuster leurs conditions de pr\u00eat.<\/span><\/p>\n<p><span style=\"font-weight: 400;\">Les op\u00e9rateurs touristiques, allant des terrains de camping et des h\u00f4tels aux parcs d\u2019attractions et installations d\u2019aventure en plein air, subissent d\u2019\u00e9normes pressions pour rembourser les pr\u00eats qu\u2019ils ont contract\u00e9s pendant la pand\u00e9mie.<\/span><\/p>\n<h4><span style=\"font-weight: 400;\">Propositions de soutien gouvernemental<\/span><\/h4>\n<p><span style=\"font-weight: 400;\">L&#039;Association de l&#039;industrie touristique du Canada pr\u00e9conise les changements cl\u00e9s suivants pour soutenir la survie et la reprise des entreprises du secteur touristique de Montr\u00e9al :<\/span><\/p>\n<ul>\n<li aria-level=\"1\"><b>Prolonger le d\u00e9lai de remboursement<\/b><\/li>\n<\/ul>\n<p><span style=\"font-weight: 400;\">L&#039;association exhorte le gouvernement \u00e0 prolonger la date limite de remboursement des pr\u00eats CUEC jusqu&#039;au 31 d\u00e9cembre 2025, offrant ainsi aux entreprises la marge de man\u0153uvre dont elles ont tant besoin pour se redresser et stabiliser leurs op\u00e9rations.<\/span><\/p>\n<ul>\n<li aria-level=\"1\"><b>Augmenter la portion pardonnable<\/b><\/li>\n<\/ul>\n<p><span style=\"font-weight: 400;\">Pour all\u00e9ger davantage la pression financi\u00e8re sur les entreprises, l&#039;association du tourisme propose d&#039;augmenter la partie remboursable des pr\u00eats enti\u00e8rement rembours\u00e9s de 33% \u00e0 50%. Cette mesure offrirait aux entreprises un niveau d\u2019annulation de dette plus substantiel.<\/span><\/p>\n<ul>\n<li aria-level=\"1\"><b>Prolonger le d\u00e9lai de qualification pour le pardon<\/b><\/li>\n<\/ul>\n<p><span style=\"font-weight: 400;\">Prolonger le d\u00e9lai d\u2019\u00e9ligibilit\u00e9 \u00e0 l\u2019annulation de la dette jusqu\u2019\u00e0 la fin de 2024 au lieu de cette ann\u00e9e donnerait aux entreprises plus de temps pour r\u00e9pondre aux crit\u00e8res n\u00e9cessaires \u00e0 l\u2019annulation de leur pr\u00eat.<\/span><\/p>\n<h3><span style=\"font-weight: 400;\">Impact sur les restaurants montr\u00e9alais<\/span><\/h3>\n<p><span style=\"font-weight: 400;\">L\u2019impact du d\u00e9fi de remboursement du pr\u00eat CUEC varie selon les diff\u00e9rents restaurants de Montr\u00e9al. Si certains \u00e9tablissements ont relativement bien perform\u00e9 pendant la pand\u00e9mie, d\u2019autres dans des rues populaires comme Stephen Avenue ont eu du mal \u00e0 retrouver leurs niveaux d\u2019activit\u00e9 d\u2019avant la pand\u00e9mie.<\/span><\/p>\n<p><span style=\"font-weight: 400;\">Malgr\u00e9 l\u2019aide initiale des pr\u00eats du CUEC, de nombreux restaurants ont accumul\u00e9 des dettes importantes au cours des 16 derniers mois. L&#039;incertitude de la reprise \u00e9conomique, associ\u00e9e \u00e0 l&#039;augmentation des droits d&#039;accises sur l&#039;alcool, a encore compliqu\u00e9 leur situation financi\u00e8re.<\/span><\/p>\n<p><a href=\"https:\/\/www.restaurantscanada.org\/\" target=\"_blank\" rel=\"noopener\"><span style=\"font-weight: 400;\">Restaurants Canada<\/span><\/a><span style=\"font-weight: 400;\">La demande d&#039;une prolongation du remboursement des pr\u00eats du CUEC refl\u00e8te la r\u00e9alit\u00e9 \u00e0 laquelle est confront\u00e9 le secteur, alors que la plupart des restaurants sont toujours aux prises avec le fardeau de la dette li\u00e9e \u00e0 la pand\u00e9mie.<\/span><span style=\"font-weight: 400;\">\u00a0\u00a0<\/span><\/p>\n<h2><span style=\"font-weight: 400;\">R\u00e9silience \u00e9conomique et soutien du gouvernement<\/span><\/h2>\n<p><span style=\"font-weight: 400;\">Malgr\u00e9 les difficult\u00e9s rencontr\u00e9es par les petites entreprises montr\u00e9alaises, le programme de pr\u00eat CUEC a jou\u00e9 un r\u00f4le central pour soutenir leur r\u00e9silience. L&#039;engagement du gouvernement \u00e0 fournir un soutien financier pendant la pand\u00e9mie s&#039;est manifest\u00e9 \u00e0 travers diverses initiatives, dont le programme CUEC.\u00a0<\/span><\/p>\n<p><span style=\"font-weight: 400;\">L&#039;accessibilit\u00e9 et le soutien du programme ont permis aux entreprises de Montr\u00e9al de s&#039;adapter, de pivoter et de trouver de nouvelles opportunit\u00e9s de croissance en ces temps difficiles.<\/span><\/p>\n<h2><span style=\"font-weight: 400;\">Conclusion<\/span><\/h2>\n<p><span style=\"font-weight: 400;\">Le programme de pr\u00eat CUEC a \u00e9t\u00e9 une bou\u00e9e de sauvetage cruciale pour les entreprises de Montr\u00e9al, fournissant un soutien financier essentiel pendant la pand\u00e9mie de COVID-19. Cependant, \u00e0 mesure que l\u2019\u00e9ch\u00e9ance de remboursement approche, les entreprises exhortent le gouvernement \u00e0 envisager une prolongation afin de leur donner plus de temps pour rembourser leurs pr\u00eats et poursuivre leur chemin vers la stabilit\u00e9 financi\u00e8re et la croissance.\u00a0<\/span><\/p>\n<p><span style=\"font-weight: 400;\">Le programme de pr\u00eat CUEC s&#039;est av\u00e9r\u00e9 \u00eatre une ressource inestimable pour le milieu des affaires de Montr\u00e9al, et un soutien et une flexibilit\u00e9 accrus sont essentiels pour que les entreprises puissent traverser avec succ\u00e8s cette p\u00e9riode sans pr\u00e9c\u00e9dent.<\/span><\/p>","protected":false},"excerpt":{"rendered":"<p>In the vibrant city of Montreal, small businesses and not-for-profit organizations have been at the forefront of economic challenges brought on by the COVID-19 pandemic. To provide vital financial support, the Canada Emergency Business Account (CEBA) loan program was implemented nationwide, including in Montreal.\u00a0 In this article, we will delve into the details of the [&hellip;]<\/p>\n","protected":false},"author":2,"featured_media":4093,"parent":0,"menu_order":0,"comment_status":"closed","ping_status":"closed","template":"","meta":{"footnotes":""},"class_list":["post-3524","page","type-page","status-publish","has-post-thumbnail","hentry"],"_links":{"self":[{"href":"https:\/\/ceba.ca\/fr\/wp-json\/wp\/v2\/pages\/3524","targetHints":{"allow":["GET"]}}],"collection":[{"href":"https:\/\/ceba.ca\/fr\/wp-json\/wp\/v2\/pages"}],"about":[{"href":"https:\/\/ceba.ca\/fr\/wp-json\/wp\/v2\/types\/page"}],"author":[{"embeddable":true,"href":"https:\/\/ceba.ca\/fr\/wp-json\/wp\/v2\/users\/2"}],"replies":[{"embeddable":true,"href":"https:\/\/ceba.ca\/fr\/wp-json\/wp\/v2\/comments?post=3524"}],"version-history":[{"count":4,"href":"https:\/\/ceba.ca\/fr\/wp-json\/wp\/v2\/pages\/3524\/revisions"}],"predecessor-version":[{"id":4349,"href":"https:\/\/ceba.ca\/fr\/wp-json\/wp\/v2\/pages\/3524\/revisions\/4349"}],"wp:featuredmedia":[{"embeddable":true,"href":"https:\/\/ceba.ca\/fr\/wp-json\/wp\/v2\/media\/4093"}],"wp:attachment":[{"href":"https:\/\/ceba.ca\/fr\/wp-json\/wp\/v2\/media?parent=3524"}],"curies":[{"name":"wp","href":"https:\/\/api.w.org\/{rel}","templated":true}]}}