{"id":3522,"date":"2023-07-19T19:14:34","date_gmt":"2023-07-19T23:14:34","guid":{"rendered":"http:\/\/ceba.ca\/?page_id=3522"},"modified":"2023-09-12T11:39:22","modified_gmt":"2023-09-12T15:39:22","slug":"ceba-loan-in-ontario","status":"publish","type":"page","link":"https:\/\/ceba.ca\/fr\/ceba-loan-in-ontario\/","title":{"rendered":"Pr\u00eat CUEC en Ontario"},"content":{"rendered":"<p>Le <a href=\"https:\/\/ceba-cuec.ca\/\" target=\"_blank\" rel=\"noopener\">Programme de pr\u00eats du Compte d&#039;urgence pour les entreprises canadiennes (CUEC)<\/a> a \u00e9t\u00e9 une bou\u00e9e de sauvetage pour les entreprises de tout l\u2019Ontario dans les circonstances difficiles provoqu\u00e9es par la pand\u00e9mie de COVID-19. Ce programme f\u00e9d\u00e9ral a fourni un soutien financier crucial aux entreprises admissibles, les aidant ainsi \u00e0 faire face aux incertitudes \u00e9conomiques.<\/p>\n<p>Dans cet article, nous aborderons les <a href=\"http:\/\/ceba.ca\/fr\/ceba-loan\/\">Pr\u00eat CUEC<\/a> programme en Ontario, ses crit\u00e8res d&#039;admissibilit\u00e9, l&#039;exon\u00e9ration de pr\u00eat et son impact positif sur les entreprises de toute la province.<\/p>\n<h2>Crit\u00e8res d&#039;admissibilit\u00e9 au pr\u00eat CUEC en Ontario<\/h2>\n<p>Pr\u00eat CUEC L&#039;Ontario suit les m\u00eames crit\u00e8res d&#039;admissibilit\u00e9 que les autres provinces. \u00c0<a href=\"http:\/\/ceba.ca\/fr\/information\/how-does-ceba-loan-work\/\"> \u00eatre admissible au pr\u00eat<\/a>, les entreprises doivent r\u00e9pondre \u00e0 des exigences sp\u00e9cifiques, notamment\u00a0:<\/p>\n<ol>\n<li>Avoir un compte de ch\u00e8ques\/d&#039;exploitation d&#039;entreprise actif au 1er mars 2020 (obligatoire \u00e0 l&#039;origine, mais cette condition a \u00e9t\u00e9 supprim\u00e9e par la suite).<\/li>\n<li>D\u00e9montrer des d\u00e9penses non reportables \u00e9ligibles entre $20 000 et $1,5 million en 2020.<\/li>\n<\/ol>\n<h2>Conditions de pr\u00eat et remise du CUEC<\/h2>\n<p>Dans le cadre du programme CUEC en Ontario, les entreprises admissibles peuvent acc\u00e9der \u00e0 des pr\u00eats sans int\u00e9r\u00eat pouvant atteindre $60\u00a0000.\u00a0 <a href=\"http:\/\/ceba.ca\/fr\/ceba-loan-repayment\/\">Remboursement du CUEC<\/a> les termes et les dispositions de pardon comprennent\u00a0:<\/p>\n<ul>\n<li>Remise de pr\u00eat : Si les entreprises remboursent leurs pr\u00eats CUEC avant la date limite sp\u00e9cifi\u00e9e, soit le 31 d\u00e9cembre 2023, elles pourraient \u00eatre admissibles \u00e0 une remise de pr\u00eat pouvant aller jusqu&#039;\u00e0 $20 000.<\/li>\n<\/ul>\n<ul>\n<li>Remboursement et conversion : Si le pr\u00eat n&#039;est pas enti\u00e8rement rembours\u00e9 \u00e0 la date limite de remise, il sera converti en un pr\u00eat \u00e0 terme de 2 ans avec un taux d&#039;int\u00e9r\u00eat de 5% par an.<\/li>\n<\/ul>\n<h2>Incidence sur les entreprises ontariennes<\/h2>\n<p>Le programme de pr\u00eat CUEC a eu un impact significatif sur les entreprises en Ontario. En fournissant un soutien financier en p\u00e9riode d&#039;incertitude \u00e9conomique, le programme a aid\u00e9 les entreprises de divers secteurs \u00e0 rester \u00e0 flot, \u00e0 conserver leurs employ\u00e9s et \u00e0 couvrir les co\u00fbts d&#039;exploitation essentiels. L&#039;injection de fonds a permis \u00e0 de nombreuses entreprises de s&#039;adapter, de pivoter et de trouver de nouvelles opportunit\u00e9s de croissance, contribuant ainsi \u00e0 la reprise \u00e9conomique de la province.<\/p>\n<h2>Accessible et largement disponible<\/h2>\n<p>Le programme de pr\u00eat CUEC a \u00e9t\u00e9 rendu accessible aux entreprises de l&#039;Ontario gr\u00e2ce \u00e0 la participation de nombreuses institutions financi\u00e8res de la province. Les entreprises avaient la possibilit\u00e9 de demander le pr\u00eat par l&#039;interm\u00e9diaire de leur institution financi\u00e8re principale, assurant un processus simplifi\u00e9 et une plus grande accessibilit\u00e9 pour les entreprises ontariennes dans le besoin, et aussi, pour <a href=\"http:\/\/ceba.ca\/fr\/information\/how-to-use-ceba-loan\/\">utiliser efficacement le pr\u00eat CEBA<\/a> pour leurs bienfaits.<\/p>\n<h2>Soutien gouvernemental et perspectives d&#039;avenir<\/h2>\n<p>Le gouvernement de l&#039;Ontario, en collaboration avec le gouvernement f\u00e9d\u00e9ral, a d\u00e9montr\u00e9 son engagement \u00e0 soutenir les entreprises par le biais de programmes comme le CUEC. Alors que la province poursuit son cheminement vers la reprise \u00e9conomique, le soutien du gouvernement aux petites entreprises demeure in\u00e9branlable. Parall\u00e8lement au programme de pr\u00eat CUEC, diverses initiatives, subventions et ressources sont disponibles pour renforcer l&#039;autonomie des entreprises ontariennes, en assurant leur r\u00e9silience et leur croissance.<\/p>\n<h2>Naviguer dans les d\u00e9fis de remboursement des pr\u00eats du CUEC<\/h2>\n<p>Quel que soit le statut de votre entreprise, tous les b\u00e9n\u00e9ficiaires de pr\u00eats CUEC sont tenus de rembourser leurs pr\u00eats selon les modalit\u00e9s de remboursement fournies par leur institution financi\u00e8re. Reportez-vous aux conditions de remboursement sp\u00e9cifiques d\u00e9crites par votre institution financi\u00e8re pour <a href=\"http:\/\/ceba.ca\/fr\/resources\/options-for-ceba-repayment\/\">comprendre votre remboursement<\/a> date limite et les clauses de remise associ\u00e9es \u00e0 votre pr\u00eat.<\/p>\n<h3>D\u00e9faut et cons\u00e9quences<\/h3>\n<p>Si vous n&#039;\u00eates pas en mesure de rembourser votre pr\u00eat CUEC dans les d\u00e9lais sp\u00e9cifi\u00e9s dans vos conditions de remboursement, vous serez consid\u00e9r\u00e9 en d\u00e9faut. Dans de tels cas, votre institution financi\u00e8re communiquera avec vous pour discuter des prochaines \u00e9tapes. Selon les circonstances, vous pourriez ne pas \u00eatre admissible \u00e0 une remise de pr\u00eat si votre pr\u00eat n&#039;est pas en r\u00e8gle.<\/p>\n<h3>D\u00e9lai de remboursement et int\u00e9r\u00eats<\/h3>\n<p>Pour les emprunteurs qui r\u00e9pondent aux crit\u00e8res d&#039;admissibilit\u00e9 au CUEC et qui sont en r\u00e8gle, le d\u00e9faut de rembourser le pr\u00eat d&#039;ici le 31 d\u00e9cembre 2023 entra\u00eenera la perte de la remise de pr\u00eat. Du 1er janvier 2024 au 31 d\u00e9cembre 2025, des int\u00e9r\u00eats s&#039;appliqueront au solde impay\u00e9 de votre pr\u00eat CUEC.<\/p>\n<h3>Changement de propri\u00e9taire<\/h3>\n<p>S&#039;il y a eu un changement de propri\u00e9taire de votre entreprise, l&#039;impact sur les modalit\u00e9s de remboursement d\u00e9pend de la structure juridique de votre entreprise. Les propri\u00e9taires uniques et les soci\u00e9t\u00e9s peuvent avoir des exigences et des processus diff\u00e9rents pour le remboursement des pr\u00eats. Il est conseill\u00e9 de contacter votre institution financi\u00e8re pour discuter des d\u00e9tails sp\u00e9cifiques li\u00e9s au remboursement et \u00e0 toute autre condition de pr\u00eat affect\u00e9e par le changement de propri\u00e9taire.<\/p>\n<h2>Les entreprises ontariennes ont du mal \u00e0 rembourser les pr\u00eats du CUEC<\/h2>\n<p>Selon le <a href=\"https:\/\/www.cfib-fcei.ca\/en\/\" target=\"_blank\" rel=\"noopener\">FCEI<\/a>, la grande majorit\u00e9, environ 89%, des petites entreprises de l&#039;Ontario se sont appuy\u00e9es sur les pr\u00eats du CUEC pour rester \u00e0 flot pendant la pand\u00e9mie. Cependant, \u00e0 l&#039;approche de l&#039;\u00e9ch\u00e9ance de remboursement, seuls 10% des chefs d&#039;entreprise ont pu rembourser ce qu&#039;ils devaient. De nombreuses entreprises, en particulier celles qui comptent quatre employ\u00e9s ou moins, ainsi que celles des secteurs des arts, des loisirs, de l&#039;information, de l&#039;accueil et des services sociaux, devraient avoir besoin d&#039;aide pour respecter la date limite de remboursement.<\/p>\n<h3>D\u00e9fis et fardeau<\/h3>\n<p>M\u00eame les propri\u00e9taires d&#039;entreprise qui ont l&#039;intention de rembourser leurs pr\u00eats CUEC avant la date limite s&#039;attendent \u00e0 faire face \u00e0 des difficult\u00e9s importantes. Environ la moiti\u00e9 de ces propri\u00e9taires se disent pr\u00e9occup\u00e9s par les difficult\u00e9s financi\u00e8res qu&#039;ils subiront. De plus, 59% pense que le remboursement du pr\u00eat entravera leur capacit\u00e9 \u00e0 restaurer leurs entreprises aux niveaux de revenus d&#039;avant la pand\u00e9mie, un exploit qui reste insaisissable pour beaucoup en raison des d\u00e9fis \u00e9conomiques actuels.<\/p>\n<h3>Le besoin de secours et de soutien<\/h3>\n<p>Le rapport de la FCEI r\u00e9v\u00e8le que pr\u00e8s des trois quarts des propri\u00e9taires de petites entreprises en Ontario demandent une prolongation du d\u00e9lai de remboursement du CUEC. Parmi eux, 30% privil\u00e9gient un report d&#039;un an, tandis que 42% esp\u00e8rent un report de deux ans. Une telle extension apporterait un soulagement indispensable et donnerait aux entreprises une chance de survivre au climat \u00e9conomique difficile.<\/p>\n<h2>Les recommandations de la FCEI<\/h2>\n<p>En r\u00e9ponse \u00e0 la situation urgente, la FCEI exhorte le gouvernement f\u00e9d\u00e9ral \u00e0 prolonger le d\u00e9lai de remboursement des pr\u00eats CUEC jusqu&#039;en 2025 ou, \u00e0 tout le moins, 2024. Elle pr\u00e9conise \u00e9galement d&#039;augmenter la remise de dette \u00e0 au moins 50% de remise partielle de pr\u00eat. De plus, la FCEI demande la cr\u00e9ation d&#039;un processus d&#039;appel pour les quelque 50 000 entreprises qui ont re\u00e7u des pr\u00eats mais qui ont depuis \u00e9t\u00e9 jug\u00e9es inadmissibles. La fermeture de milliers d&#039;entreprises pourrait avoir des r\u00e9percussions importantes non seulement pour les propri\u00e9taires individuels, mais aussi pour l&#039;\u00e9conomie en g\u00e9n\u00e9ral. Cela survient \u00e0 un moment difficile, les \u00e9conomistes pr\u00e9disant une \u00e9ventuelle r\u00e9cession l\u00e9g\u00e8re au Canada au cours de la seconde moiti\u00e9 de l&#039;ann\u00e9e.<\/p>\n<h2>Conclusion<\/h2>\n<p>Le programme de pr\u00eats CUEC en Ontario a jou\u00e9 un r\u00f4le essentiel en soutenant les entreprises pendant les temps difficiles caus\u00e9s par la pand\u00e9mie de COVID-19. En offrant des pr\u00eats sans int\u00e9r\u00eat et des possibilit\u00e9s d&#039;exon\u00e9ration de pr\u00eat, le programme a aid\u00e9 les entreprises de l&#039;Ontario \u00e0 rester \u00e0 flot, \u00e0 s&#039;adapter et \u00e0 se reconstruire.<\/p>\n<p>Les efforts de collaboration entre le gouvernement et les institutions financi\u00e8res ont rendu les pr\u00eats CUEC largement accessibles, permettant aux entreprises de toute la province d&#039;acc\u00e9der \u00e0 l&#039;aide financi\u00e8re dont elles ont besoin pour traverser cette p\u00e9riode sans pr\u00e9c\u00e9dent. \u00c0 mesure que la province progresse, le programme de pr\u00eats CUEC continue d&#039;\u00eatre un phare de soutien, permettant aux entreprises ontariennes de prosp\u00e9rer dans un paysage post-pand\u00e9mique.<\/p>","protected":false},"excerpt":{"rendered":"<p>The Canada Emergency Business Account (CEBA) loan program has been a lifeline for businesses across Ontario among the challenging circumstances brought on by the COVID-19 pandemic. This federal program has provided crucial financial support to eligible businesses, helping them navigate economic uncertainties. In this article, we will discuss the CEBA loan program in Ontario, its [&hellip;]<\/p>\n","protected":false},"author":2,"featured_media":5422,"parent":0,"menu_order":0,"comment_status":"closed","ping_status":"closed","template":"","meta":{"footnotes":""},"class_list":["post-3522","page","type-page","status-publish","has-post-thumbnail","hentry"],"_links":{"self":[{"href":"https:\/\/ceba.ca\/fr\/wp-json\/wp\/v2\/pages\/3522","targetHints":{"allow":["GET"]}}],"collection":[{"href":"https:\/\/ceba.ca\/fr\/wp-json\/wp\/v2\/pages"}],"about":[{"href":"https:\/\/ceba.ca\/fr\/wp-json\/wp\/v2\/types\/page"}],"author":[{"embeddable":true,"href":"https:\/\/ceba.ca\/fr\/wp-json\/wp\/v2\/users\/2"}],"replies":[{"embeddable":true,"href":"https:\/\/ceba.ca\/fr\/wp-json\/wp\/v2\/comments?post=3522"}],"version-history":[{"count":4,"href":"https:\/\/ceba.ca\/fr\/wp-json\/wp\/v2\/pages\/3522\/revisions"}],"predecessor-version":[{"id":4356,"href":"https:\/\/ceba.ca\/fr\/wp-json\/wp\/v2\/pages\/3522\/revisions\/4356"}],"wp:featuredmedia":[{"embeddable":true,"href":"https:\/\/ceba.ca\/fr\/wp-json\/wp\/v2\/media\/5422"}],"wp:attachment":[{"href":"https:\/\/ceba.ca\/fr\/wp-json\/wp\/v2\/media?parent=3522"}],"curies":[{"name":"wp","href":"https:\/\/api.w.org\/{rel}","templated":true}]}}