{"id":3817,"date":"2023-09-06T10:03:28","date_gmt":"2023-09-06T14:03:28","guid":{"rendered":"http:\/\/ceba.ca\/?page_id=3817"},"modified":"2023-09-06T10:03:28","modified_gmt":"2023-09-06T14:03:28","slug":"ceba-loan-in-keswick-elmhurst-beach","status":"publish","type":"page","link":"http:\/\/ceba.ca\/fr\/ceba-loan-in-keswick-elmhurst-beach\/","title":{"rendered":"Pr\u00eat du CUEC \u00e0 Keswick\u2013Elmhurst Beach"},"content":{"rendered":"<p><span style=\"font-weight: 400;\"><a href=\"https:\/\/ceba-cuec.ca\/\" target=\"_blank\" rel=\"noopener\">Le Compte d\u2019urgence pour les entreprises canadiennes (CUEC)<\/a> est devenu une \u00e9pine dorsale financi\u00e8re cruciale pour les petites entreprises et les organismes \u00e0 but non lucratif au c\u0153ur du Canada \u2013 <a href=\"https:\/\/en.wikipedia.org\/wiki\/Keswick,_Ontario\" target=\"_blank\" rel=\"noopener\">Keswick \u2013 Plage d\u2019Elmhurst<\/a>. <a href=\"http:\/\/ceba.ca\/fr\/\">Le programme<\/a> fournit un soutien important \u00e0 travers <a href=\"http:\/\/ceba.ca\/fr\/news\/is-ceba-interest-free\/\">pr\u00eats sans int\u00e9r\u00eat<\/a>, qui peut atteindre jusqu&#039;\u00e0 $60 000. Cette aide financi\u00e8re substantielle s\u2019est av\u00e9r\u00e9e changer la donne dans le paysage commercial local au milieu des d\u00e9fis pos\u00e9s par la pand\u00e9mie de COVID-19. Les entreprises r\u00e9silientes gr\u00e2ce au pr\u00eat CEBA \u00e0 Keswick-Elmhurst Beach ont en effet ressenti l&#039;impact de cette initiative.<\/span><\/p>\n<h2><span style=\"font-weight: 400;\">Principales caract\u00e9ristiques du pr\u00eat CUEC<\/span><\/h2>\n<h3><span style=\"font-weight: 400;\">Remise de pr\u00eat<\/span><\/h3>\n<p><span style=\"font-weight: 400;\">L\u2019une des principales caract\u00e9ristiques du pr\u00eat CUEC qui se d\u00e9marque est la remise de pr\u00eat. Cette disposition permet aux emprunteurs admissibles au CUEC en r\u00e8gle de b\u00e9n\u00e9ficier <a href=\"http:\/\/ceba.ca\/fr\/information\/ceba-forgiveness\/\">remise de pr\u00eat allant jusqu&#039;\u00e0 33 pour cent<\/a>, qui peut s&#039;\u00e9lever \u00e0 $20 000. La condition pour b\u00e9n\u00e9ficier de cette remise est de rembourser le solde du pr\u00eat au plus tard le 31 d\u00e9cembre 2023.<\/span><\/p>\n<h3><span style=\"font-weight: 400;\">Admissibilit\u00e9 \u00e9largie<\/span><\/h3>\n<p><span style=\"font-weight: 400;\">Le programme de pr\u00eats CUEC a connu une extension de sa port\u00e9e <a href=\"http:\/\/ceba.ca\/fr\/information\/who-is-eligible-for-a-ceba-loan\/\">crit\u00e8re d&#039;\u00e9ligibilit\u00e9<\/a> le 26 octobre 2020. Le pr\u00e9c\u00e9dent <a href=\"http:\/\/ceba.ca\/fr\/tools\/understanding-td-ceba-loan-repayment\/\">exigence<\/a> l&#039;obligation d&#039;avoir un compte de ch\u00e8ques\/d&#039;exploitation d&#039;entreprise actif \u00e0 compter du 1er mars 2020 a \u00e9t\u00e9 supprim\u00e9e. Cette modification permettait aux entreprises admissibles de demander le pr\u00eat apr\u00e8s avoir ouvert un compte de ch\u00e8ques\/d&#039;exploitation aupr\u00e8s de leur institution financi\u00e8re principale.<\/span><\/p>\n<h3><span style=\"font-weight: 400;\">Expansion du CUEC<\/span><\/h3>\n<p><span style=\"font-weight: 400;\">Le programme CUEC a \u00e9galement connu une expansion significative le 4 d\u00e9cembre 2020. Les emprunteurs CUEC approuv\u00e9s \u00e9taient d\u00e9sormais \u00e9ligibles \u00e0 un pr\u00eat de $60 000, en hausse par rapport au pr\u00e9c\u00e9dent pr\u00eat de $40 000. Les entreprises qui avaient d\u00e9j\u00e0 re\u00e7u le pr\u00eat CEBA de $40,000 ont eu la possibilit\u00e9 de postuler pour l&#039;expansion du CEBA, qui comprenait un financement suppl\u00e9mentaire de $20,000.<\/span><\/p>\n<h2><span style=\"font-weight: 400;\">Pr\u00eat CUEC \u00e0 Keswick\u2013Elmhurst Beach\u00a0: crit\u00e8res d&#039;\u00e9ligibilit\u00e9 et exclusions<\/span><\/h2>\n<p><span style=\"font-weight: 400;\">Bien que le programme CEBA ait jou\u00e9 un r\u00f4le d\u00e9terminant en fournissant un soutien financier vital \u00e0 d&#039;innombrables entreprises de Keswick\u2013Elmhurst Beach, il est important de noter que toutes les entit\u00e9s n&#039;\u00e9taient pas \u00e9ligibles au programme. Le gouvernement du Canada a \u00e9tabli des crit\u00e8res de participation pr\u00e9cis, excluant essentiellement certaines organisations de b\u00e9n\u00e9ficier des avantages du programme.<\/span><\/p>\n<h3><span style=\"font-weight: 400;\">Organisations gouvernementales<\/span><\/h3>\n<p><span style=\"font-weight: 400;\">Le programme CEBA a \u00e9t\u00e9 con\u00e7u principalement pour venir en aide au secteur priv\u00e9, \u00e0 l&#039;exclusion des organisations ou organismes gouvernementaux. Cela signifie que les organismes gouvernementaux f\u00e9d\u00e9raux, provinciaux ou municipaux et leurs minist\u00e8res respectifs n&#039;\u00e9taient pas consid\u00e9r\u00e9s comme admissibles aux pr\u00eats du CUEC.<\/span><\/p>\n<h3><span style=\"font-weight: 400;\">Organisations \u00e0 but non lucratif et organismes de bienfaisance enregistr\u00e9s<\/span><\/h3>\n<p><span style=\"font-weight: 400;\">Malgr\u00e9 leur r\u00f4le important dans la soci\u00e9t\u00e9, les organismes sans but lucratif, les organismes de bienfaisance enregistr\u00e9s, les syndicats, les soci\u00e9t\u00e9s ou ordres de secours mutuels et les entit\u00e9s enti\u00e8rement d\u00e9tenues par ces organismes n&#039;\u00e9taient, en g\u00e9n\u00e9ral, pas admissibles aux pr\u00eats du CUEC. Cela \u00e9tait d\u00fb en grande partie \u00e0 la nature non commerciale de leurs op\u00e9rations et aux autres sources de financement dont elles disposaient.<\/span><\/p>\n<h3><span style=\"font-weight: 400;\">Entit\u00e9s appartenant \u00e0 des d\u00e9put\u00e9s f\u00e9d\u00e9raux ou \u00e0 des s\u00e9nateurs<\/span><\/h3>\n<p><span style=\"font-weight: 400;\">Afin d\u2019assurer la transparence et d\u2019\u00e9viter d\u2019\u00e9ventuels conflits d\u2019int\u00e9r\u00eats, les entit\u00e9s qui appartenaient directement \u00e0 un d\u00e9put\u00e9 f\u00e9d\u00e9ral ou \u00e0 un s\u00e9nateur ont \u00e9t\u00e9 exclues du droit de demander le pr\u00eat CUEC.<\/span><\/p>\n<h3><span style=\"font-weight: 400;\">Entit\u00e9s encourageant la violence ou la discrimination<\/span><\/h3>\n<p><span style=\"font-weight: 400;\">Conform\u00e9ment \u00e0 l&#039;engagement du gouvernement canadien \u00e0 promouvoir l&#039;inclusivit\u00e9 et l&#039;\u00e9galit\u00e9, les entit\u00e9s qui promeuvent la violence, incitent \u00e0 la haine ou font de la discrimination fond\u00e9e sur le sexe, l&#039;identit\u00e9 ou l&#039;expression de genre, l&#039;orientation sexuelle, la race, la religion, l&#039;\u00e2ge, l&#039;origine ethnique, l&#039;origine nationale ou l&#039;\u00e9tat mental ou physique. les personnes handicap\u00e9es n\u2019\u00e9taient pas non plus admissibles aux pr\u00eats du CUEC. Cette disposition garantissait qu&#039;un soutien financier ne serait pas accord\u00e9 \u00e0 des entit\u00e9s contraires aux principes fondamentaux de la soci\u00e9t\u00e9 canadienne.<\/span><\/p>\n<h2><span style=\"font-weight: 400;\">R\u00e9partition \u00e9quitable<\/span><\/h2>\n<h3><span style=\"font-weight: 400;\">Distribution \u00e9thique et l\u00e9gale des pr\u00eats CUEC<\/span><\/h3>\n<p><span style=\"font-weight: 400;\">Le gouvernement canadien a mis en place des exclusions du programme CUEC pour garantir que l&#039;aide financi\u00e8re fournie \u00e9tait conforme aux normes \u00e9thiques et juridiques. Ces exclusions n&#039;\u00e9taient pas arbitraires mais ont plut\u00f4t \u00e9t\u00e9 soigneusement \u00e9tudi\u00e9es pour garantir l&#039;\u00e9quit\u00e9 et l&#039;efficacit\u00e9 de la distribution de ces fonds vitaux.<\/span><\/p>\n<h4><span style=\"font-weight: 400;\">Soutenir les contributeurs \u00e9conomiques<\/span><\/h4>\n<p><span style=\"font-weight: 400;\">Les crit\u00e8res d&#039;admissibilit\u00e9 au pr\u00eat CUEC ont \u00e9t\u00e9 con\u00e7us de mani\u00e8re \u00e0 soutenir les entreprises qui contribuent de mani\u00e8re significative \u00e0 l&#039;\u00e9conomie canadienne. Le gouvernement a cherch\u00e9 \u00e0 soutenir les petites et moyennes entreprises, qui constituent l&#039;\u00e9pine dorsale de la structure \u00e9conomique nationale. Ces entreprises, en fournissant des emplois et en favorisant l\u2019innovation, ont \u00e9t\u00e9 jug\u00e9es essentielles au processus de reprise \u00e9conomique au milieu de la pand\u00e9mie.<\/span><\/p>\n<h4><span style=\"font-weight: 400;\">Donner la priorit\u00e9 \u00e0 la diversit\u00e9 et \u00e0 l\u2019inclusion<\/span><\/h4>\n<p><span style=\"font-weight: 400;\">Dans l\u2019esprit de la philosophie canadienne d\u2019inclusion, les crit\u00e8res d\u2019\u00e9ligibilit\u00e9 ont \u00e9galement \u00e9t\u00e9 \u00e9labor\u00e9s pour promouvoir la diversit\u00e9 et l\u2019inclusion. Les entit\u00e9s qui encouragent la violence, incitent \u00e0 la haine ou font de la discrimination fond\u00e9e sur divers facteurs ont \u00e9t\u00e9 jug\u00e9es inadmissibles aux pr\u00eats du CUEC. Cela a favoris\u00e9 une culture de respect et d\u2019\u00e9galit\u00e9, conforme aux valeurs fondamentales d\u00e9fendues par la soci\u00e9t\u00e9 canadienne.<\/span><\/p>\n<h3><span style=\"font-weight: 400;\">Maintenir la confiance du public<\/span><\/h3>\n<p><span style=\"font-weight: 400;\">Enfin, des crit\u00e8res d&#039;\u00e9ligibilit\u00e9 stricts ont \u00e9t\u00e9 mis en place pour maintenir la confiance du public dans les mesures d&#039;aide mises en \u0153uvre par le gouvernement pendant la pand\u00e9mie. En veillant \u00e0 ce que les fonds soient allou\u00e9s de mani\u00e8re \u00e9thique et l\u00e9gale, le gouvernement a d\u00e9montr\u00e9 son engagement en faveur de la transparence et de l\u2019int\u00e9grit\u00e9. Cela a rassur\u00e9 le public et les parties prenantes sur le fait que les pr\u00eats du CUEC \u00e9taient utilis\u00e9s efficacement et strictement aux fins pr\u00e9vues, renfor\u00e7ant ainsi la confiance dans la gestion par le gouvernement de la crise \u00e9conomique induite par la pand\u00e9mie.<\/span><\/p>\n<h2><span style=\"font-weight: 400;\">Impact du pr\u00eat<\/span><\/h2>\n<p><span style=\"font-weight: 400;\">Le programme Compte d\u2019urgence pour les entreprises canadiennes (CUEC) est devenu une bou\u00e9e de sauvetage cruciale pour les entreprises locales de Keswick\u2013Elmhurst Beach au milieu des d\u00e9fis extraordinaires provoqu\u00e9s par la pand\u00e9mie. En offrant des pr\u00eats sans int\u00e9r\u00eat, le CUEC a permis aux entreprises de g\u00e9rer leurs d\u00e9penses d&#039;exploitation essentielles, de retenir leur main-d&#039;\u0153uvre et de faire face aux incertitudes \u00e9conomiques apparues au cours de cette p\u00e9riode.<\/span><\/p>\n<p><span style=\"font-weight: 400;\">L&#039;impact de ce programme d&#039;aide financi\u00e8re a \u00e9t\u00e9 important, permettant \u00e0 de nombreuses entreprises de tenir bon et de poursuivre leur chemin vers la stabilit\u00e9 financi\u00e8re et la croissance. La fin de la p\u00e9riode d&#039;application du CUEC ne marque pas la fin de son influence, mais marque plut\u00f4t la poursuite de son effet d&#039;entra\u00eenement \u00e0 travers le paysage commercial de la ville.<\/span><\/p>\n<p><span style=\"font-weight: 400;\">Alors que Keswick\u2013Elmhurst Beach prend des mesures constantes vers le r\u00e9tablissement et la reconstruction, la r\u00e9silience affich\u00e9e par ses petites entreprises et ses organismes \u00e0 but non lucratif constitue un puissant t\u00e9moignage du r\u00f4le central du programme CEBA. Cette initiative s&#039;est av\u00e9r\u00e9e utile pour stimuler l&#039;\u00e9conomie et fournir un soutien aux communaut\u00e9s en temps de crise, renfor\u00e7ant ainsi son importance dans le paysage \u00e9conomique canadien dans son ensemble.<\/span><\/p>\n<h2><span style=\"font-weight: 400;\">Conclusion<\/span><\/h2>\n<p><span style=\"font-weight: 400;\">En conclusion, le programme CUEC est une lueur d\u2019espoir pour d\u2019innombrables entreprises dans le contexte de crise financi\u00e8re provoqu\u00e9e par la pand\u00e9mie. Cela souligne le pouvoir de l&#039;intervention financi\u00e8re strat\u00e9gique et la r\u00e9silience de l&#039;esprit entrepreneurial de Keswick-Elmhurst Beach. \u00c0 mesure que nous avan\u00e7ons, laissez les le\u00e7ons et les r\u00e9alisations de cette initiative guider l\u2019\u00e9laboration des politiques futures, garantissant un environnement \u00e9conomique r\u00e9silient et inclusif pour toutes les entreprises.<\/span><\/p>","protected":false},"excerpt":{"rendered":"<p>The Canada Emergency Business Account (CEBA) has emerged as a crucial financial backbone for small-scale enterprises and non-profit organizations in the heart of Canada &#8211; Keswick \u2013 Elmhurst Beach. The program provides ample support through interest-free loans, which can reach up to $60,000. This substantial financial aid has proven to be a game-changer in the [&hellip;]<\/p>\n","protected":false},"author":2,"featured_media":5157,"parent":0,"menu_order":0,"comment_status":"closed","ping_status":"closed","template":"","meta":{"footnotes":""},"class_list":["post-3817","page","type-page","status-publish","has-post-thumbnail","hentry"],"_links":{"self":[{"href":"http:\/\/ceba.ca\/fr\/wp-json\/wp\/v2\/pages\/3817","targetHints":{"allow":["GET"]}}],"collection":[{"href":"http:\/\/ceba.ca\/fr\/wp-json\/wp\/v2\/pages"}],"about":[{"href":"http:\/\/ceba.ca\/fr\/wp-json\/wp\/v2\/types\/page"}],"author":[{"embeddable":true,"href":"http:\/\/ceba.ca\/fr\/wp-json\/wp\/v2\/users\/2"}],"replies":[{"embeddable":true,"href":"http:\/\/ceba.ca\/fr\/wp-json\/wp\/v2\/comments?post=3817"}],"version-history":[{"count":3,"href":"http:\/\/ceba.ca\/fr\/wp-json\/wp\/v2\/pages\/3817\/revisions"}],"predecessor-version":[{"id":5158,"href":"http:\/\/ceba.ca\/fr\/wp-json\/wp\/v2\/pages\/3817\/revisions\/5158"}],"wp:featuredmedia":[{"embeddable":true,"href":"http:\/\/ceba.ca\/fr\/wp-json\/wp\/v2\/media\/5157"}],"wp:attachment":[{"href":"http:\/\/ceba.ca\/fr\/wp-json\/wp\/v2\/media?parent=3817"}],"curies":[{"name":"wp","href":"https:\/\/api.w.org\/{rel}","templated":true}]}}