{"id":3815,"date":"2023-08-15T09:04:06","date_gmt":"2023-08-15T13:04:06","guid":{"rendered":"http:\/\/ceba.ca\/?page_id=3815"},"modified":"2023-09-12T08:20:31","modified_gmt":"2023-09-12T12:20:31","slug":"ceba-loan-in-parksville","status":"publish","type":"page","link":"http:\/\/ceba.ca\/fr\/ceba-loan-in-parksville\/","title":{"rendered":"Pr\u00eat CUEC \u00e0 Parksville"},"content":{"rendered":"<p><span style=\"font-weight: 400;\">\u00c0 Parksville, les petites entreprises et <a href=\"https:\/\/en.wikipedia.org\/wiki\/Nonprofit_organization\" target=\"_blank\" rel=\"noopener\">organisations \u00e0 but non lucratif<\/a> a \u00e9t\u00e9 confront\u00e9e \u00e0 des d\u00e9fis alors que la pand\u00e9mie de COVID-19 jetait une ombre sur la communaut\u00e9. En r\u00e9ponse, le programme de pr\u00eats du Compte d\u2019urgence pour les entreprises canadiennes (CUEC) est apparu comme un mod\u00e8le de soutien financier, accordant des pr\u00eats sans int\u00e9r\u00eat pouvant atteindre $60 000 aux entreprises \u00e9ligibles.\u00a0<\/span><\/p>\n<p><span style=\"font-weight: 400;\">Cet article explore tout ce qui concerne le pr\u00eat CUEC \u00e0 Parksville, en examinant ses <\/span><a href=\"http:\/\/ceba.ca\/fr\/ceba-loan\/\"><span style=\"font-weight: 400;\">crit\u00e8res d&#039;\u00e9ligibilit\u00e9 pour les entreprises de Parksville<\/span><\/a><span style=\"font-weight: 400;\">, et mettant en \u00e9vidence les mesures mises en \u0153uvre pour garantir une distribution \u00e9quitable de l\u2019aide.<\/span><\/p>\n<h2><span style=\"font-weight: 400;\">Une bou\u00e9e de sauvetage pour les entreprises de Parksville<\/span><\/h2>\n<p><span style=\"font-weight: 400;\">Pour les entreprises de Parksville, le programme de pr\u00eats CUEC est apparu comme une bou\u00e9e de sauvetage essentielle, les aidant \u00e0 naviguer dans les eaux turbulentes de la pand\u00e9mie. La possibilit\u00e9 d&#039;obtenir des pr\u00eats allant jusqu&#039;\u00e0 $60 000 a permis aux entreprises de faire face aux d\u00e9penses essentielles, de retenir leur main-d&#039;\u0153uvre et de faire face aux d\u00e9fis \u00e9conomiques de la crise.<\/span><\/p>\n<h2><span style=\"font-weight: 400;\">Crit\u00e8res d&#039;\u00e9ligibilit\u00e9 pour les entreprises de Parksville<\/span><\/h2>\n<p><span style=\"font-weight: 400;\">Pour acc\u00e9der au pr\u00eat CUEC \u00e0 Parksville, les entreprises devaient r\u00e9pondre \u00e0 des crit\u00e8res d&#039;admissibilit\u00e9 pr\u00e9cis stipul\u00e9s par le gouvernement du Canada. Celles-ci comprenaient le maintien d&#039;un compte de ch\u00e8ques ou d&#039;exploitation d&#039;entreprise actif et la d\u00e9monstration de d\u00e9penses admissibles non reportables allant de $20 000 \u00e0 $1,5 million au cours de l&#039;ann\u00e9e 2020. Notamment, l&#039;exigence d&#039;un compte d&#039;entreprise actif \u00e0 compter du 1er mars 2020 a \u00e9t\u00e9 lev\u00e9e. \u00e0 compter du 26 octobre 2020, permettant aux entreprises \u00e9ligibles de postuler apr\u00e8s avoir ouvert un compte aupr\u00e8s de leur institution financi\u00e8re principale.<\/span><\/p>\n<h2><span style=\"font-weight: 400;\">Strat\u00e9gies de pardon et de remboursement<\/span><\/h2>\n<p><span style=\"font-weight: 400;\">Pour les emprunteurs admissibles au CUEC de Parksville, le remboursement dans les d\u00e9lais du solde du pr\u00eat d&#039;ici le 31 d\u00e9cembre 2023 offrait la perspective d&#039;une remise de pr\u00eat allant jusqu&#039;\u00e0 33 % (avec un maximum de $20 000). Cette incitation a fortement incit\u00e9 les entreprises \u00e0 honorer rapidement leurs obligations de remboursement, att\u00e9nuant ainsi les pressions financi\u00e8res.<\/span><\/p>\n<h2><span style=\"font-weight: 400;\">Expansion du CUEC\u00a0: niveau suppl\u00e9mentaire de soutien financier<\/span><\/h2>\n<p><span style=\"font-weight: 400;\">Le 4 d\u00e9cembre 2020 a marqu\u00e9 une \u00e9tape importante alors que le programme CUEC s&#039;est \u00e9largi, offrant aux emprunteurs approuv\u00e9s la possibilit\u00e9 d&#039;obtenir un pr\u00eat de $60 000. Pour les entreprises qui avaient d\u00e9j\u00e0 b\u00e9n\u00e9fici\u00e9 du pr\u00eat initial de $40,000 CEBA, l&#039;expansion signifiait qu&#039;elles \u00e9taient \u00e9ligibles pour demander un financement suppl\u00e9mentaire dans le cadre du programme. Cette expansion a fourni un soutien financier suppl\u00e9mentaire crucial aux entreprises aux prises avec les impacts prolong\u00e9s de la pand\u00e9mie.<\/span><\/p>\n<h2><span style=\"font-weight: 400;\">P\u00e9riode de candidature et statistiques de cl\u00f4ture du programme<\/span><\/h2>\n<p><span style=\"font-weight: 400;\">La p\u00e9riode de candidature au programme CUEC a pris fin le 30 juin 2021, signifiant la conclusion de la phase de financement. Cette fermeture s&#039;est traduite par l&#039;absence d&#039;autres soumissions et par la cessation du financement suppl\u00e9mentaire du <\/span><a href=\"http:\/\/ceba.ca\/fr\/\"><span style=\"font-weight: 400;\">Programme CUEC<\/span><\/a><span style=\"font-weight: 400;\">. Toutes les validations des crit\u00e8res d\u2019\u00e9ligibilit\u00e9 ont \u00e9t\u00e9 finalis\u00e9es, ne laissant aucune place \u00e0 un r\u00e9examen ult\u00e9rieur.<\/span><\/p>\n<h2><span style=\"font-weight: 400;\">Accessibilit\u00e9 \u00e9tendue \u00e0 l\u2019\u00e9chelle nationale<\/span><\/h2>\n<p><span style=\"font-weight: 400;\">L&#039;accessibilit\u00e9 du CUEC a \u00e9t\u00e9 amplifi\u00e9e gr\u00e2ce \u00e0 la participation de plus de 220 institutions financi\u00e8res partout au Canada. Ce r\u00e9seau complet garantissait que les entreprises de Parksville et d&#039;ailleurs disposaient d&#039;une multitude d&#039;options parmi lesquelles choisir lorsqu&#039;elles postulaient au programme. Cette accessibilit\u00e9 g\u00e9n\u00e9ralis\u00e9e a rationalis\u00e9 le processus de candidature, permettant aux entreprises d&#039;acc\u00e9der efficacement \u00e0 un soutien financier vital.<\/span><\/p>\n<h2><span style=\"font-weight: 400;\">Conditions de remboursement flexibles et remise de dette<\/span><\/h2>\n<p><span style=\"font-weight: 400;\">Les candidats de Parksville r\u00e9pondant aux crit\u00e8res d&#039;\u00e9ligibilit\u00e9 du CUEC \u00e9taient soumis aux <\/span><a href=\"http:\/\/ceba.ca\/fr\/ceba-loan-repayment\/\"><span style=\"font-weight: 400;\">suivant les modalit\u00e9s de remboursement<\/span><\/a><span style=\"font-weight: 400;\"> \u00e0 travers les pr\u00eats $40 000 et $60 000, ainsi que l&#039;extension $20 000 :<\/span><\/p>\n<h3><span style=\"font-weight: 400;\">Int\u00e9r\u00eat<\/span><\/h3>\n<ul>\n<li style=\"font-weight: 400;\" aria-level=\"1\"><span style=\"font-weight: 400;\">0% int\u00e9r\u00eat annuel jusqu\u2019au 31 d\u00e9cembre 2023.<\/span><\/li>\n<li style=\"font-weight: 400;\" aria-level=\"1\"><span style=\"font-weight: 400;\">5% d&#039;int\u00e9r\u00eat annuel \u00e0 compter du 1er janvier 2024.<\/span><\/li>\n<\/ul>\n<h3><span style=\"font-weight: 400;\">Remboursements et \u00e9ch\u00e9ance<\/span><\/h3>\n<ul>\n<li style=\"font-weight: 400;\" aria-level=\"1\"><span style=\"font-weight: 400;\">Aucune obligation de remboursement du capital avant le 31 d\u00e9cembre 2023.<\/span><\/li>\n<li style=\"font-weight: 400;\" aria-level=\"1\"><span style=\"font-weight: 400;\">Si le pr\u00eat reste en cours apr\u00e8s le 31 d\u00e9cembre 2023, seuls les paiements d\u2019int\u00e9r\u00eats seront n\u00e9cessaires jusqu\u2019\u00e0 l\u2019\u00e9ch\u00e9ance totale du capital au 31 d\u00e9cembre 2025.<\/span><\/li>\n<\/ul>\n<h3><span style=\"font-weight: 400;\">Remise de dette<\/span><\/h3>\n<p><span style=\"font-weight: 400;\">Le remboursement du principal impay\u00e9, \u00e0 l\u2019exclusion du montant potentiel de l\u2019annulation de la dette, d\u2019ici le 31 d\u00e9cembre 2023, entra\u00eenera l\u2019annulation du solde du principal restant, sous r\u00e9serve de l\u2019absence de d\u00e9faut de paiement aux termes de l\u2019accord de pr\u00eat.<\/span><\/p>\n<p><span style=\"font-weight: 400;\">Le programme CEBA est devenu la pierre angulaire de la r\u00e9silience \u00e9conomique de Parksville en p\u00e9riode d&#039;adversit\u00e9. En accordant son soutien sous forme de pr\u00eats, le CUEC a jou\u00e9 un r\u00f4le central dans l\u2019att\u00e9nuation des effets n\u00e9gatifs de la pand\u00e9mie sur les activit\u00e9s des entreprises, la r\u00e9tention de la main-d\u2019\u0153uvre et le renforcement de la stabilit\u00e9 \u00e9conomique globale.<\/span><\/p>\n<h2><span style=\"font-weight: 400;\">Prolongation du pr\u00eat CUEC \u00e0 Parksville<\/span><\/h2>\n<p><span style=\"font-weight: 400;\">Alors que la marche vers la reprise \u00e9conomique post-pand\u00e9mique se poursuit, des centaines de milliers de petites entreprises canadiennes, y compris celles de Parksville, comptent sur le gouvernement f\u00e9d\u00e9ral pour prolonger la date limite de remboursement du pr\u00eat du Compte d\u2019urgence pour les entreprises canadiennes (CUEC). M\u00eame si les efforts louables du gouvernement pendant la pand\u00e9mie m\u00e9ritent d&#039;\u00eatre reconnus, il est essentiel de reconna\u00eetre que ces entreprises ont \u00e9t\u00e9 les plus vuln\u00e9rables au ralentissement \u00e9conomique.<\/span><\/p>\n<p><span style=\"font-weight: 400;\">Les petites entreprises \u00e9tant confront\u00e9es \u00e0 des contraintes d\u2019endettement consid\u00e9rables, l\u2019urgence de l\u2019\u00e9ch\u00e9ance de remboursement a incit\u00e9 les chambres de commerce de l\u2019Atlantique et du Canada \u00e0 envoyer une lettre conjointe \u00e0 la ministre des Finances Freeland. Cependant, les entreprises individuelles et les d\u00e9tenteurs de pr\u00eats \u00e0 but non lucratif exercent \u00e9galement une influence significative en exprimant leurs pr\u00e9occupations. Il est crucial de tendre la main aux d\u00e9put\u00e9s locaux et de plaider en faveur d\u2019une extension et d\u2019un all\u00e8gement suppl\u00e9mentaires, en reconnaissant le r\u00f4le central que jouent les petites entreprises dans la conduite de l\u2019\u00e9conomie.<\/span><\/p>\n<h2><span style=\"font-weight: 400;\">Conclusion<\/span><\/h2>\n<p><span style=\"font-weight: 400;\">En conclusion, alors que Parksville s\u2019engage sur le chemin de la reprise et de la revitalisation post-pand\u00e9mique, l\u2019h\u00e9ritage du programme de pr\u00eats CUEC r\u00e9sonne dans sa communaut\u00e9 d\u2019affaires. Le soutien financier du CUEC a renforc\u00e9 les entreprises, leur permettant de s&#039;adapter, d&#039;innover et de pers\u00e9v\u00e9rer face aux d\u00e9fis.<\/span><\/p>\n<p><span style=\"font-weight: 400;\">M\u00eame si la phase de demande du CUEC touche \u00e0 sa fin, son impact perdure alors que les entreprises de Parksville continuent de faire preuve de r\u00e9silience, d\u00e9termin\u00e9es \u00e0 fa\u00e7onner un avenir \u00e9conomique meilleur.<\/span><\/p>","protected":false},"excerpt":{"rendered":"<p>In Parksville, small businesses and not-for-profit organizations faced challenges as the COVID-19 pandemic cast a shadow over the community. In response, the Canada Emergency Business Account (CEBA) loan program emerged as a beacon of financial support, extending interest-free loans of up to $60,000 to eligible businesses.\u00a0 This article explores everything about the CEBA loan in [&hellip;]<\/p>\n","protected":false},"author":2,"featured_media":5388,"parent":0,"menu_order":0,"comment_status":"closed","ping_status":"closed","template":"","meta":{"footnotes":""},"class_list":["post-3815","page","type-page","status-publish","has-post-thumbnail","hentry"],"_links":{"self":[{"href":"http:\/\/ceba.ca\/fr\/wp-json\/wp\/v2\/pages\/3815","targetHints":{"allow":["GET"]}}],"collection":[{"href":"http:\/\/ceba.ca\/fr\/wp-json\/wp\/v2\/pages"}],"about":[{"href":"http:\/\/ceba.ca\/fr\/wp-json\/wp\/v2\/types\/page"}],"author":[{"embeddable":true,"href":"http:\/\/ceba.ca\/fr\/wp-json\/wp\/v2\/users\/2"}],"replies":[{"embeddable":true,"href":"http:\/\/ceba.ca\/fr\/wp-json\/wp\/v2\/comments?post=3815"}],"version-history":[{"count":2,"href":"http:\/\/ceba.ca\/fr\/wp-json\/wp\/v2\/pages\/3815\/revisions"}],"predecessor-version":[{"id":4430,"href":"http:\/\/ceba.ca\/fr\/wp-json\/wp\/v2\/pages\/3815\/revisions\/4430"}],"wp:featuredmedia":[{"embeddable":true,"href":"http:\/\/ceba.ca\/fr\/wp-json\/wp\/v2\/media\/5388"}],"wp:attachment":[{"href":"http:\/\/ceba.ca\/fr\/wp-json\/wp\/v2\/media?parent=3815"}],"curies":[{"name":"wp","href":"https:\/\/api.w.org\/{rel}","templated":true}]}}