{"id":3805,"date":"2023-09-06T06:43:56","date_gmt":"2023-09-06T10:43:56","guid":{"rendered":"http:\/\/ceba.ca\/?page_id=3805"},"modified":"2023-09-06T06:43:56","modified_gmt":"2023-09-06T10:43:56","slug":"ceba-loan-in-cape-breton-sydney","status":"publish","type":"page","link":"http:\/\/ceba.ca\/fr\/ceba-loan-in-cape-breton-sydney\/","title":{"rendered":"Pr\u00eat CUEC au Cap-Breton-Sydney"},"content":{"rendered":"<p><span style=\"font-weight: 400;\">Le pr\u00eat CEBA en\u00a0 <a href=\"https:\/\/en.wikipedia.org\/wiki\/Cape_Breton_Island\" target=\"_blank\" rel=\"noopener\">Cap-Breton-Sydney<\/a>\u00a0Cette initiative, un programme essentiel au Canada, a jou\u00e9 un r\u00f4le important en accordant une aide financi\u00e8re substantielle aux petites entreprises et aux organismes sans but lucratif. Ce programme propose des pr\u00eats sans int\u00e9r\u00eat, avec le potentiel de fournir un financement maximum de $60,000. Face aux \u00e9preuves pos\u00e9es par la pand\u00e9mie, ce soutien \u00e9conomique a habilement prot\u00e9g\u00e9 les entreprises locales du Cap-Breton \u2013 Sydney, une ville canadienne distingu\u00e9e. Cela met en \u00e9vidence l\u2019effet remarquable du programme au sein de la localit\u00e9.<\/span><\/p>\n<h2><span style=\"font-weight: 400;\">Principales caract\u00e9ristiques du programme de pr\u00eats CUEC<\/span><\/h2>\n<h3><span style=\"font-weight: 400;\">Opportunit\u00e9 de remise de pr\u00eat<\/span><\/h3>\n<p><span style=\"font-weight: 400;\">Un aspect important du programme CUEC est la possibilit\u00e9 d\u2019une \u00e9ventuelle remise de pr\u00eat. Les b\u00e9n\u00e9ficiaires qualifi\u00e9s du CUEC, qui restent en r\u00e8gle, ont la possibilit\u00e9 de recevoir <a href=\"http:\/\/ceba.ca\/fr\/information\/ceba-forgiveness\/\">remise de pr\u00eat allant jusqu&#039;\u00e0 33 pour cent<\/a>, avec un potentiel <a href=\"http:\/\/ceba.ca\/fr\/\">valeur de $20 000<\/a>. Pour y parvenir, il faut r\u00e9gler le solde du pr\u00eat au plus tard le 31 d\u00e9cembre 2023. Cet \u00e9l\u00e9ment incite \u00e0 un remboursement dans les d\u00e9lais et all\u00e8ge consid\u00e9rablement la charge financi\u00e8re des entreprises.<\/span><\/p>\n<h3><span style=\"font-weight: 400;\">Admissibilit\u00e9 \u00e9largie<\/span><\/h3>\n<p><span style=\"font-weight: 400;\">La polyvalence et la r\u00e9activit\u00e9 du programme CUEC pour r\u00e9pondre aux exigences des entreprises sont devenues \u00e9videntes avec une modification importante le 26 octobre 2020. Initialement, seules les entreprises poss\u00e9dant un compte de ch\u00e8ques\/d&#039;exploitation d&#039;entreprise actif au 1er mars 2020 \u00e9taient admissibles. Toutefois, cette limitation a \u00e9t\u00e9 lev\u00e9e et le <a href=\"http:\/\/ceba.ca\/fr\/information\/who-is-eligible-for-a-ceba-loan\/\">conditions d&#039;\u00e9ligibilit\u00e9<\/a> ont \u00e9t\u00e9 prolong\u00e9s pour permettre aux entreprises de pr\u00e9senter une demande apr\u00e8s avoir \u00e9tabli un compte de ch\u00e8ques\/d&#039;exploitation aupr\u00e8s de leur institution financi\u00e8re principale. Cette modification a \u00e9largi la port\u00e9e du programme, permettant \u00e0 davantage d&#039;entreprises d&#039;acc\u00e9der \u00e0 un soutien crucial.<\/span><\/p>\n<h3><span style=\"font-weight: 400;\">Prolongation du programme CUEC<\/span><\/h3>\n<p><span style=\"font-weight: 400;\">Compte tenu des difficult\u00e9s \u00e9conomiques actuelles, un progr\u00e8s notable a \u00e9t\u00e9 r\u00e9alis\u00e9 par le programme CUEC le 4 d\u00e9cembre 2020. Les b\u00e9n\u00e9ficiaires approuv\u00e9s du CUEC sont devenus \u00e9ligibles \u00e0 un montant de pr\u00eat accru de $60 000, une augmentation substantielle par rapport aux $40 000 initiaux. Cette am\u00e9lioration ne s&#039;est pas limit\u00e9e aux nouveaux candidats\u00a0; m\u00eame les entreprises qui avaient d\u00e9j\u00e0 obtenu le pr\u00eat CEBA de $40 000 pouvaient demander cette alternative am\u00e9lior\u00e9e, obtenant ainsi un soutien financier suppl\u00e9mentaire de $20 000. Cette prolongation s\u2019est av\u00e9r\u00e9e \u00eatre une bou\u00e9e de sauvetage vitale pour de nombreuses entreprises confront\u00e9es \u00e0 une incertitude \u00e9conomique persistante.<\/span><\/p>\n<h2><span style=\"font-weight: 400;\">Pr\u00eat CUEC au Cap-Breton-Sydney\u00a0: <\/span><span style=\"font-weight: 400;\">Exigences et extension<\/span><\/h2>\n<p><span style=\"font-weight: 400;\">M\u00eame si le programme CUEC a sans aucun doute apport\u00e9 une aide substantielle aux entreprises de Montr\u00e9al et de partout au Canada, il est crucial de reconna\u00eetre que toutes les entit\u00e9s ne satisfont pas aux crit\u00e8res de participation. Ici, vous trouverez des cat\u00e9gories cl\u00e9s qui d\u00e9crivent les param\u00e8tres d\u00e9finissant la port\u00e9e du programme.<\/span><\/p>\n<h3><span style=\"font-weight: 400;\">Exemptions pour les entit\u00e9s gouvernementales<\/span><\/h3>\n<p><span style=\"font-weight: 400;\">L\u2019objectif principal du pr\u00eat CEBA \u00e9tait d\u2019offrir une aide aux entreprises priv\u00e9es. De ce fait, les organismes ou organismes gouvernementaux n&#039;\u00e9taient pas consid\u00e9r\u00e9s comme admissibles \u00e0 se pr\u00e9valoir de ce soutien financier.<\/span><\/p>\n<h3><span style=\"font-weight: 400;\">In\u00e9ligibilit\u00e9 des organisations \u00e0 but non lucratif et des organismes de bienfaisance enregistr\u00e9s<\/span><\/h3>\n<p><span style=\"font-weight: 400;\">Malgr\u00e9 leurs pr\u00e9cieuses contributions \u00e0 la soci\u00e9t\u00e9, les organismes sans but lucratif, les organismes de bienfaisance enregistr\u00e9s, les syndicats, les soci\u00e9t\u00e9s ou ordres de secours mutuels et les entit\u00e9s enti\u00e8rement d\u00e9tenues par ces organismes n&#039;\u00e9taient pas autoris\u00e9s \u00e0 demander le pr\u00eat CUEC.<\/span><\/p>\n<h3><span style=\"font-weight: 400;\">Restriction sur les entit\u00e9s d\u00e9tenues par des politiciens f\u00e9d\u00e9raux<\/span><\/h3>\n<p><span style=\"font-weight: 400;\">Pour garantir la transparence et l&#039;int\u00e9grit\u00e9, les entit\u00e9s appartenant directement \u00e0 un d\u00e9put\u00e9 f\u00e9d\u00e9ral ou \u00e0 un s\u00e9nateur n&#039;ont pas \u00e9t\u00e9 jug\u00e9es admissibles au pr\u00eat du CUEC. Cette mesure de pr\u00e9caution a \u00e9t\u00e9 mise en \u0153uvre pour pr\u00e9venir d\u2019\u00e9ventuels conflits d\u2019int\u00e9r\u00eats.<\/span><\/p>\n<h3><span style=\"font-weight: 400;\">Exclusion des entit\u00e9s encourageant la violence ou la discrimination<\/span><\/h3>\n<p><span style=\"font-weight: 400;\">Conform\u00e9ment \u00e0 son engagement en faveur de l&#039;\u00e9galit\u00e9 et de l&#039;inclusivit\u00e9 dans les limites juridiques, le gouvernement canadien a pris des mesures d\u00e9lib\u00e9r\u00e9es pour exclure les entit\u00e9s qui approuvent la violence, propagent la haine ou se livrent \u00e0 la discrimination fond\u00e9e sur des facteurs tels que le sexe, l&#039;identit\u00e9 ou l&#039;expression de genre, l&#039;orientation sexuelle, la race, religion, \u00e2ge, appartenance ethnique, origine nationale ou handicap mental ou physique. Cette position d&#039;exclusion souligne l&#039;engagement du gouvernement \u00e0 cultiver un environnement juste et inclusif.<\/span><\/p>\n<h2><span style=\"font-weight: 400;\">Permettre une distribution \u00e9quitable entre tous<\/span><\/h2>\n<p><span style=\"font-weight: 400;\">Les exclusions int\u00e9gr\u00e9es au programme CUEC ont jou\u00e9 un r\u00f4le central en orientant le soutien financier vers des entreprises m\u00e9ritantes qui adh\u00e9raient aux normes \u00e9thiques et juridiques. En \u00e9tablissant des crit\u00e8res d&#039;admissibilit\u00e9, le gouvernement a franchi une \u00e9tape importante vers l&#039;aide aux entreprises qui ont contribu\u00e9 \u00e0 l&#039;\u00e9conomie canadienne, tout en mettant l&#039;accent sur la diversit\u00e9 et l&#039;inclusivit\u00e9.<\/span><\/p>\n<p><span style=\"font-weight: 400;\">Ces exclusions rev\u00eataient une importance particuli\u00e8re pour garantir que les entit\u00e9s gouvernementales, qui avaient acc\u00e8s \u00e0 des voies de financement alternatives, ne participaient pas au programme. Cela a cr\u00e9\u00e9 davantage de possibilit\u00e9s pour les entreprises priv\u00e9es d\u2019acc\u00e9der \u00e0 l\u2019aide financi\u00e8re cruciale dont elles avaient besoin.<\/span><\/p>\n<p><span style=\"font-weight: 400;\">La d\u00e9cision d\u2019exclure les entit\u00e9s d\u00e9tenues par des politiciens f\u00e9d\u00e9raux a encore soulign\u00e9 l\u2019engagement en faveur de la transparence et de l\u2019int\u00e9grit\u00e9, servant de mesure de protection contre d\u2019\u00e9ventuels conflits d\u2019int\u00e9r\u00eats. Cette approche a contribu\u00e9 \u00e0 maintenir la confiance du public lors de la mise en \u0153uvre des mesures de secours en cas de pand\u00e9mie.<\/span><\/p>\n<p><span style=\"font-weight: 400;\">L\u2019exclusion des organismes sans but lucratif, des organismes de bienfaisance enregistr\u00e9s et de leurs entit\u00e9s affili\u00e9es \u00e9tait ancr\u00e9e dans leurs mod\u00e8les commerciaux et m\u00e9canismes de financement distincts. Malgr\u00e9 leur importance soci\u00e9tale, leur omission du programme CEBA visait \u00e0 orienter l\u2019aide vers les entreprises commerciales durement touch\u00e9es par la pand\u00e9mie.<\/span><\/p>\n<p><span style=\"font-weight: 400;\">Enfin, l\u2019omission des organisations approuvant la violence ou la discrimination fait \u00e9cho \u00e0 l\u2019engagement r\u00e9solu du gouvernement canadien \u00e0 favoriser une soci\u00e9t\u00e9 fond\u00e9e sur les principes d\u2019\u00e9galit\u00e9 et d\u2019inclusion. En s&#039;abstenant d&#039;impliquer des entit\u00e9s qui propagent l&#039;animosit\u00e9 ou les pr\u00e9jug\u00e9s, le gouvernement a d\u00e9montr\u00e9 son engagement in\u00e9branlable \u00e0 cultiver un environnement soci\u00e9tal s\u00fbr et respectueux.<\/span><\/p>\n<p><span style=\"font-weight: 400;\">En fin de compte, ces exclusions ont jou\u00e9 un r\u00f4le fondamental pour assurer la r\u00e9partition \u00e9quitable du pr\u00eat du CUEC. Ils ont contribu\u00e9 \u00e0 canaliser le soutien financier vers les entreprises les plus d\u00e9munies, tout en restant align\u00e9s sur les valeurs fondamentales de la soci\u00e9t\u00e9 canadienne.<\/span><\/p>\n<h2><span style=\"font-weight: 400;\">Impact du programme de pr\u00eats CUEC<\/span><\/h2>\n<p><span style=\"font-weight: 400;\">Au milieu des d\u00e9fis sans pr\u00e9c\u00e9dent provoqu\u00e9s par la pand\u00e9mie, l\u2019initiative du Compte d\u2019urgence pour les entreprises canadiennes (CUEC) est apparue comme la pierre angulaire du soutien aux entreprises locales du Cap-Breton-Sydney. En offrant des pr\u00eats sans int\u00e9r\u00eat, le CUEC a jou\u00e9 un r\u00f4le crucial en aidant ces entreprises \u00e0 g\u00e9rer leurs co\u00fbts op\u00e9rationnels essentiels, \u00e0 retenir leur main-d&#039;\u0153uvre et \u00e0 faire face aux incertitudes du paysage \u00e9conomique. Par cons\u00e9quent, de nombreux \u00e9tablissements du Cap-Breton et de Sydney ont fait preuve d\u2019une r\u00e9silience impressionnante, poursuivant leur chemin vers la stabilit\u00e9 financi\u00e8re et la croissance.<\/span><\/p>\n<p><span style=\"font-weight: 400;\">M\u00eame si la p\u00e9riode de candidature au programme CUEC est termin\u00e9e, ses effets continuent de r\u00e9sonner au sein du milieu des affaires de la ville. \u00c0 mesure que le processus de r\u00e9tablissement et de reconstruction se d\u00e9roule, la t\u00e9nacit\u00e9 d\u00e9montr\u00e9e par les petites entreprises et les organismes sans but lucratif du Cap-Breton et de Sydney souligne le caract\u00e8re indispensable du programme CUEC. Cette contribution se r\u00e9percute \u00e0 travers le renforcement de l&#039;\u00e9conomie et la pr\u00e9servation du tissu communautaire en temps de crise.<\/span><\/p>\n<h2><span style=\"font-weight: 400;\">Conclusion<\/span><\/h2>\n<p><span style=\"font-weight: 400;\">Le programme CUEC s\u2019est impos\u00e9 sans \u00e9quivoque comme une structure de soutien essentielle pour les entreprises partout au Canada pendant la pand\u00e9mie, fournissant une aide financi\u00e8re essentielle \u00e0 celles qui sont aux prises avec des d\u00e9fis urgents. Gr\u00e2ce \u00e0 ses exclusions soigneusement \u00e9labor\u00e9es, le programme a assur\u00e9 une distribution \u00e9quitable tout en respectant les principes canadiens fondamentaux. M\u00eame \u00e0 la fin de la phase de candidature, l\u2019impact durable du CUEC reste palpable, soulignant son r\u00f4le central dans la promotion de la r\u00e9silience \u00e9conomique face \u00e0 l\u2019adversit\u00e9.<\/span><\/p>","protected":false},"excerpt":{"rendered":"<p>The CEBA Loan in\u00a0 Cape Breton-Sydney\u00a0initiative, a vital program within Canada, has played a significant role in extending substantial financial assistance to small businesses and non-profit organizations. This scheme offers interest-free loans, with the potential to provide a maximum of $60,000 in funding. Confronting the trials posed by the pandemic, this economic bolstering has adeptly [&hellip;]<\/p>\n","protected":false},"author":2,"featured_media":5146,"parent":0,"menu_order":0,"comment_status":"closed","ping_status":"closed","template":"","meta":{"footnotes":""},"class_list":["post-3805","page","type-page","status-publish","has-post-thumbnail","hentry"],"_links":{"self":[{"href":"http:\/\/ceba.ca\/fr\/wp-json\/wp\/v2\/pages\/3805","targetHints":{"allow":["GET"]}}],"collection":[{"href":"http:\/\/ceba.ca\/fr\/wp-json\/wp\/v2\/pages"}],"about":[{"href":"http:\/\/ceba.ca\/fr\/wp-json\/wp\/v2\/types\/page"}],"author":[{"embeddable":true,"href":"http:\/\/ceba.ca\/fr\/wp-json\/wp\/v2\/users\/2"}],"replies":[{"embeddable":true,"href":"http:\/\/ceba.ca\/fr\/wp-json\/wp\/v2\/comments?post=3805"}],"version-history":[{"count":5,"href":"http:\/\/ceba.ca\/fr\/wp-json\/wp\/v2\/pages\/3805\/revisions"}],"predecessor-version":[{"id":5148,"href":"http:\/\/ceba.ca\/fr\/wp-json\/wp\/v2\/pages\/3805\/revisions\/5148"}],"wp:featuredmedia":[{"embeddable":true,"href":"http:\/\/ceba.ca\/fr\/wp-json\/wp\/v2\/media\/5146"}],"wp:attachment":[{"href":"http:\/\/ceba.ca\/fr\/wp-json\/wp\/v2\/media?parent=3805"}],"curies":[{"name":"wp","href":"https:\/\/api.w.org\/{rel}","templated":true}]}}