{"id":3803,"date":"2023-09-06T06:18:28","date_gmt":"2023-09-06T10:18:28","guid":{"rendered":"http:\/\/ceba.ca\/?page_id=3803"},"modified":"2023-09-06T06:18:28","modified_gmt":"2023-09-06T10:18:28","slug":"ceba-loan-in-lloydminster","status":"publish","type":"page","link":"http:\/\/ceba.ca\/fr\/ceba-loan-in-lloydminster\/","title":{"rendered":"Pr\u00eat CUEC \u00e0 Lloydminster\u00a0\u00a0"},"content":{"rendered":"<p><span style=\"font-weight: 400;\">En r\u00e9ponse aux fermetures d\u2019entreprises mondiales caus\u00e9es par la pand\u00e9mie de COVID-19, le Compte d\u2019urgence pour les entreprises canadiennes (CUEC) s\u2019est impos\u00e9 comme une solution vitale. Cette initiative offre <a href=\"http:\/\/ceba.ca\/fr\/news\/is-ceba-interest-free\/\">pr\u00eats sans int\u00e9r\u00eat<\/a> aux entreprises et aux organisations \u00e0 but non lucratif touch\u00e9es par la r\u00e9duction des revenus et les fermetures obligatoires. Cet article donne un aper\u00e7u complet du pr\u00eat CUEC en <a href=\"https:\/\/en.wikipedia.org\/wiki\/Lloydminster\" target=\"_blank\" rel=\"noopener\">Lloydminster<\/a>, y compris les crit\u00e8res d\u2019\u00e9ligibilit\u00e9, les \u00e9tapes de candidature et son impact positif sur l\u2019\u00e9conomie locale.<\/span><\/p>\n<h2><span style=\"font-weight: 400;\">Relancer l&#039;\u00e9conomie de Lloydminster apr\u00e8s la COVID-19\u00a0<\/span><\/h2>\n<p><span style=\"font-weight: 400;\">La pand\u00e9mie mondiale de COVID-19 a eu un impact \u00e9conomique profond, affectant les entreprises du monde entier. \u00c0 la suite de cette crise, Lloydminster a introduit le programme CUEC comme bou\u00e9e de sauvetage pour les entreprises en difficult\u00e9. Con\u00e7u pour les entreprises et les organismes sans but lucratif r\u00e9pondant \u00e0 des crit\u00e8res pr\u00e9cis, le CEBA offre un potentiel <a href=\"http:\/\/ceba.ca\/fr\/ceba-loan\/\">financement allant de $40 000 \u00e0 $60 000<\/a>.<\/span><\/p>\n<p><span style=\"font-weight: 400;\">\u00a0L\u2019attrait d\u2019un pr\u00eat sans int\u00e9r\u00eat amplifie son attrait, offrant une solution simple aux entreprises qui en ont cruellement besoin. Il convient notamment de souligner que, dans des situations sp\u00e9cifiques, le gouvernement s&#039;engage \u00e0 renoncer jusqu&#039;\u00e0 $20.000 du pr\u00eat. Cette injection de capital peut \u00eatre affect\u00e9e \u00e0 des fonctions essentielles comme le loyer <a href=\"http:\/\/ceba.ca\/fr\/ceba-loan-repayment\/\">Paiements<\/a>, maintenir la masse salariale et couvrir les d\u00e9penses op\u00e9rationnelles. L\u2019adaptabilit\u00e9 du CEBA le positionne comme un choix id\u00e9al, s\u2019adaptant \u00e0 un large \u00e9ventail d\u2019entreprises et d\u2019organismes \u00e0 but non lucratif.<\/span><\/p>\n<p><span style=\"font-weight: 400;\">\u00a0Ce soutien a constitu\u00e9 une pierre angulaire assurant la survie de nombreuses entreprises de Lloydminster pendant les phases les plus difficiles de la pand\u00e9mie. En sauvegardant les emplois et en rassurant les employeurs et les employ\u00e9s, le CUEC s\u2019est impos\u00e9 comme un v\u00e9ritable sauveur.\u00a0<\/span><\/p>\n<p><span style=\"font-weight: 400;\">De plus, au-del\u00e0 de son impact imm\u00e9diat, le pr\u00eat CUEC a exerc\u00e9 une influence plus \u00e9tendue. Il a jou\u00e9 un r\u00f4le central dans l\u2019acc\u00e9l\u00e9ration de la reprise \u00e9conomique de Lloydminster, en facilitant la reprise progressive des activit\u00e9s commerciales \u00e0 mesure que les restrictions s\u2019assouplissaient. Essentiellement, les effets consid\u00e9rables du pr\u00eat du CUEC ont transcend\u00e9 son objectif initial, agissant comme catalyseur de la revitalisation du paysage \u00e9conomique de Lloydminster. Gr\u00e2ce \u00e0 la pr\u00e9servation des emplois locaux et \u00e0 la poursuite des d\u00e9penses de consommation, le CEBA a renforc\u00e9 les assises financi\u00e8res de la ville.<\/span><\/p>\n<h2><span style=\"font-weight: 400;\">Pr\u00eat CUEC <\/span><span style=\"font-weight: 400;\">\u00e0 Lloydminster<\/span><span style=\"font-weight: 400;\">: Processus de demande\u00a0<\/span><\/h2>\n<h3><span style=\"font-weight: 400;\">Assurer l\u2019\u00e9ligibilit\u00e9 et compl\u00e9ter les \u00e9tapes de candidature<\/span><\/h3>\n<p><span style=\"font-weight: 400;\">\u00a0Le processus de demande de pr\u00eat CUEC \u00e0 Lloydminster a \u00e9t\u00e9 intentionnellement con\u00e7u pour \u00eatre accessible et simple, afin de garantir que les entreprises ayant besoin d&#039;une aide financi\u00e8re puissent facilement acc\u00e9der au soutien dont elles ont besoin. Pour lancer la demande de pr\u00eat CUEC \u00e0 Lloydminster, les entreprises devaient collaborer avec leur institution financi\u00e8re principale, r\u00e9pondre aux crit\u00e8res d&#039;\u00e9ligibilit\u00e9 du programme et fournir les pi\u00e8ces justificatives n\u00e9cessaires.\u00a0<\/span><\/p>\n<p><span style=\"font-weight: 400;\">Cette approche simplifi\u00e9e, influenc\u00e9e par la m\u00e9thodologie efficace de Lloydminster, a jou\u00e9 un r\u00f4le central en permettant aux entreprises locales d&#039;acc\u00e9der \u00e0 l&#039;aide financi\u00e8re cruciale offerte par le CUEC.<\/span><\/p>\n<p><span style=\"font-weight: 400;\">\u00a0La proc\u00e9dure de demande de pr\u00eat CUEC a \u00e9t\u00e9 soigneusement con\u00e7ue dans un souci de commodit\u00e9 pour les utilisateurs, dans le but de r\u00e9pondre aux besoins d&#039;un large \u00e9ventail d&#039;entreprises confront\u00e9es \u00e0 des difficult\u00e9s. \u00c0 Lloydminster, les entreprises sollicitant le pr\u00eat CUEC n&#039;avaient qu&#039;\u00e0 interagir avec leur institution financi\u00e8re principale, s&#039;assurant ainsi du respect des exigences du CUEC. <a href=\"http:\/\/ceba.ca\/fr\/information\/who-is-eligible-for-a-ceba-loan\/\">les crit\u00e8res d&#039;\u00e9ligibilit\u00e9 du programme<\/a> et la pr\u00e9sentation des documents requis.<\/span><\/p>\n<p><span style=\"font-weight: 400;\">\u00a0Ce processus simple et efficace, inspir\u00e9 des r\u00e9alisations de Lloydminster, a servi de pierre angulaire pour permettre aux entreprises locales d&#039;obtenir efficacement le soutien financier essentiel fourni dans le cadre de l&#039;initiative CUEC.<\/span><\/p>\n<h3><span style=\"font-weight: 400;\">R\u00e9pondre aux crit\u00e8res d\u2019\u00e9ligibilit\u00e9<\/span><span style=\"font-weight: 400;\">\u00a0<\/span><\/h3>\n<p><span style=\"font-weight: 400;\">En termes d&#039;\u00e9ligibilit\u00e9, les entreprises devaient respecter des crit\u00e8res sp\u00e9cifiques \u00e9tablis par le gouvernement f\u00e9d\u00e9ral. Cela comprenait la n\u00e9cessit\u00e9 de maintenir un compte d&#039;entreprise actif aupr\u00e8s d&#039;une institution financi\u00e8re canadienne et de confirmer que les fonds du pr\u00eat seraient affect\u00e9s aux d\u00e9penses admissibles, telles que les co\u00fbts op\u00e9rationnels. En outre, les entreprises devaient fournir la preuve des difficult\u00e9s financi\u00e8res auxquelles elles \u00e9taient confront\u00e9es en raison de la crise du COVID-19. Ce cadre d\u2019\u00e9ligibilit\u00e9, \u00e0 l\u2019image de l\u2019approche adopt\u00e9e \u00e0 Lloydminster, garantissait que l\u2019aide parvenait aux entreprises de la r\u00e9gion la plus gravement touch\u00e9e par les perturbations \u00e9conomiques provoqu\u00e9es par la pand\u00e9mie.<\/span><\/p>\n<h2><span style=\"font-weight: 400;\">Impact du CUEC sur l&#039;\u00e9conomie locale de Lloydminster<\/span><\/h2>\n<p><span style=\"font-weight: 400;\">Au milieu d&#039;une crise sans pr\u00e9c\u00e9dent, le Compte d&#039;urgence pour les entreprises canadiennes (CUEC) est devenu une force stabilisatrice essentielle au sein de l&#039;\u00e9conomie locale de Lloydminster. Alors que les entreprises \u00e9taient aux prises avec les r\u00e9percussions des restrictions li\u00e9es \u00e0 la pand\u00e9mie, l\u2019initiative CUEC a occup\u00e9 le devant de la sc\u00e8ne en d\u00e9livrant une aide cruciale, all\u00e9geant le fardeau financier qui pesait sur de nombreux \u00e9tablissements.\u00a0<\/span><\/p>\n<p><span style=\"font-weight: 400;\">Ce soutien essentiel a jou\u00e9 un r\u00f4le central en permettant \u00e0 de nombreuses entreprises de conserver leur main-d&#039;\u0153uvre, att\u00e9nuant ainsi le besoin de licenciements dans un souci de r\u00e9duction des co\u00fbts. En fournissant des fonds essentiels, ce soutien a agi comme une protection pour le paysage de l&#039;emploi de Lloydminster, emp\u00eachant une hausse potentielle des taux de ch\u00f4mage qui aurait pu perturber davantage l&#039;\u00e9quilibre d\u00e9licat de l&#039;\u00e9conomie locale.\u00a0<\/span><\/p>\n<p><span style=\"font-weight: 400;\">De plus, le CUEC a encourag\u00e9 l\u2019adaptation \u00e0 la \u00ab nouvelle normalit\u00e9 \u00bb, permettant aux entreprises de r\u00e9orienter leurs op\u00e9rations en r\u00e9ponse aux limites impos\u00e9es par la pand\u00e9mie. Notamment, les \u00e9tablissements de restauration ont migr\u00e9 en douceur vers des mod\u00e8les de livraison et de service en bordure de rue, d\u00e9montrant une r\u00e9silience renforc\u00e9e par l&#039;aide financi\u00e8re du CUEC et soulignant leur r\u00f4le indispensable dans le soutien de l&#039;\u00e9conomie de Lloydminster pendant les p\u00e9riodes difficiles.<\/span><\/p>\n<h2><span style=\"font-weight: 400;\">Pr\u00eat CUEC \u00e0 Lloydminster\u00a0: remboursement et perspectives d&#039;avenir<\/span><span style=\"font-weight: 400;\">\u00a0<\/span><\/h2>\n<p><span style=\"font-weight: 400;\">Alors que l&#039;\u00e9conomie de Lloydminster conna\u00eet une renaissance et que les entreprises reprennent leurs activit\u00e9s, l&#039;attention se porte d\u00e9sormais sur le remboursement du pr\u00eat CUEC. Comprendre les nuances de l\u2019annulation du pr\u00eat et les conditions de remboursement devient primordial pour une planification financi\u00e8re prudente dans les ann\u00e9es \u00e0 venir.\u00a0<\/span><\/p>\n<p><span style=\"font-weight: 400;\">Le CUEC offre aux entreprises une occasion unique de consolider leur reprise. En respectant les crit\u00e8res d\u2019\u00e9ligibilit\u00e9 et en conservant un statut favorable, les entreprises peuvent potentiellement b\u00e9n\u00e9ficier d\u2019une remise de pr\u00eat partielle ou totale. Cependant, une date limite critique se profile le 31 d\u00e9cembre 2023. Le non-respect de cette date entra\u00eenera la perte des possibilit\u00e9s de pardon.<\/span><\/p>\n<p><span style=\"font-weight: 400;\">\u00c0 compter du 1er janvier 2024, tous les pr\u00eats du CUEC en cours commenceront \u00e0 produire des int\u00e9r\u00eats jusqu&#039;au 31 d\u00e9cembre 2025. Pendant cette p\u00e9riode, les emprunteurs sont responsables de payer les int\u00e9r\u00eats sur le solde restant. Pour d\u00e9terminer le taux d\u2019int\u00e9r\u00eat pr\u00e9cis, il est conseill\u00e9 de consulter votre institution financi\u00e8re principale. Comprendre ces dates et conditions cruciales rev\u00eat une importance primordiale pour la planification commerciale et la pr\u00e9paration financi\u00e8re, offrant un soutien crucial aux entreprises de Lloydminster dans leurs efforts pour la reprise \u00e9conomique.<\/span><\/p>\n<h2><span style=\"font-weight: 400;\">Les d\u00e9fis auxquels sont confront\u00e9es les entreprises de taille moyenne<\/span><\/h2>\n<p><span style=\"font-weight: 400;\">\u00a0Les entreprises de taille moyenne, qui ont b\u00e9n\u00e9fici\u00e9 de pr\u00eats allant de $40 001 \u00e0 $60 000 dans le cadre du programme CEBA, sont actuellement aux prises avec des d\u00e9fis complexes li\u00e9s au remboursement des pr\u00eats. Selon la FCEI, seulement 10% de ces entreprises ont r\u00e9ussi \u00e0 rembourser leurs pr\u00eats, ce qui laisse un nombre important d&#039;entre elles, particuli\u00e8rement celles des secteurs tels que les arts, les loisirs et l&#039;h\u00f4tellerie, risquer de ne pas respecter la date limite du 31 d\u00e9cembre. Le non-respect de ce d\u00e9lai entra\u00eene la perte de la partie remboursable du pr\u00eat et l&#039;accumulation d&#039;int\u00e9r\u00eats 5% sur le solde restant d\u00fb.<\/span><\/p>\n<p><span style=\"font-weight: 400;\">\u00a0Cette situation jette une ombre sur la r\u00e9silience financi\u00e8re des entreprises dans le paysage post-pand\u00e9mique. Les propri\u00e9taires d\u2019entreprise sont d\u00e9sormais confront\u00e9s \u00e0 la t\u00e2che de relever ces d\u00e9fis de front et de formuler des strat\u00e9gies pour g\u00e9rer efficacement les conditions exigeantes associ\u00e9es au remboursement des pr\u00eats.<\/span><\/p>\n<h2><span style=\"font-weight: 400;\">Conclusion<\/span><\/h2>\n<p><span style=\"font-weight: 400;\">Les pr\u00eats du CUEC ont sans aucun doute servi de bou\u00e9e de sauvetage vitale pour les entreprises de Lloydminster pendant les d\u00e9fis sans pr\u00e9c\u00e9dent provoqu\u00e9s par la pand\u00e9mie de COVID-19. Il est toutefois imp\u00e9ratif de bien comprendre la complexit\u00e9 des conditions de remboursement des pr\u00eats et les obstacles potentiels qui pourraient surgir \u00e0 mesure que les efforts de redressement se poursuivent. Gr\u00e2ce \u00e0 une planification diligente et \u00e0 une r\u00e9flexion approfondie, ces pr\u00eats peuvent jouer un r\u00f4le central en favorisant une reprise durable et en \u00e9tablissant les bases d\u2019une croissance et d\u2019une expansion futures.<\/span><\/p>","protected":false},"excerpt":{"rendered":"<p>In response to the global business closures caused by the COVID-19 pandemic, the Canada Emergency Business Account (CEBA) has emerged as a vital solution. This initiative offers interest-free loans to businesses and nonprofit organizations affected by reduced revenue and mandatory closures. This article provides a comprehensive overview of the CEBA loan in Lloydminster, including eligibility [&hellip;]<\/p>\n","protected":false},"author":2,"featured_media":5145,"parent":0,"menu_order":0,"comment_status":"closed","ping_status":"closed","template":"","meta":{"footnotes":""},"class_list":["post-3803","page","type-page","status-publish","has-post-thumbnail","hentry"],"_links":{"self":[{"href":"http:\/\/ceba.ca\/fr\/wp-json\/wp\/v2\/pages\/3803","targetHints":{"allow":["GET"]}}],"collection":[{"href":"http:\/\/ceba.ca\/fr\/wp-json\/wp\/v2\/pages"}],"about":[{"href":"http:\/\/ceba.ca\/fr\/wp-json\/wp\/v2\/types\/page"}],"author":[{"embeddable":true,"href":"http:\/\/ceba.ca\/fr\/wp-json\/wp\/v2\/users\/2"}],"replies":[{"embeddable":true,"href":"http:\/\/ceba.ca\/fr\/wp-json\/wp\/v2\/comments?post=3803"}],"version-history":[{"count":3,"href":"http:\/\/ceba.ca\/fr\/wp-json\/wp\/v2\/pages\/3803\/revisions"}],"predecessor-version":[{"id":5099,"href":"http:\/\/ceba.ca\/fr\/wp-json\/wp\/v2\/pages\/3803\/revisions\/5099"}],"wp:featuredmedia":[{"embeddable":true,"href":"http:\/\/ceba.ca\/fr\/wp-json\/wp\/v2\/media\/5145"}],"wp:attachment":[{"href":"http:\/\/ceba.ca\/fr\/wp-json\/wp\/v2\/media?parent=3803"}],"curies":[{"name":"wp","href":"https:\/\/api.w.org\/{rel}","templated":true}]}}