{"id":3801,"date":"2023-09-06T06:16:45","date_gmt":"2023-09-06T10:16:45","guid":{"rendered":"http:\/\/ceba.ca\/?page_id=3801"},"modified":"2023-09-06T06:16:45","modified_gmt":"2023-09-06T10:16:45","slug":"ceba-loan-in-cochrane","status":"publish","type":"page","link":"http:\/\/ceba.ca\/fr\/ceba-loan-in-cochrane\/","title":{"rendered":"Pr\u00eat CUEC \u00e0 Cochrane"},"content":{"rendered":"<p><span style=\"font-weight: 400;\">Le programme de pr\u00eat CUEC, une initiative cruciale au Canada, a jou\u00e9 un r\u00f4le consid\u00e9rable en fournissant une aide financi\u00e8re substantielle aux petites entreprises et aux organismes \u00e0 but non lucratif situ\u00e9s \u00e0 Cochrane. Ce plan pr\u00e9voit des pr\u00eats sans int\u00e9r\u00eat, accordant potentiellement un maximum de $60 000. Face aux d\u00e9fis de la pand\u00e9mie, ce soutien \u00e9conomique a efficacement prot\u00e9g\u00e9 les entreprises locales dans <a href=\"https:\/\/en.wikipedia.org\/wiki\/Cochrane,_Alberta\" target=\"_blank\" rel=\"noopener\">Cochrane<\/a>, une ville importante au Canada. Cela souligne l\u2019influence significative du programme dans la r\u00e9gion.<\/span><\/p>\n<h2><span style=\"font-weight: 400;\">Principales caract\u00e9ristiques du pr\u00eat CUEC \u00e0 Cochrane<\/span><\/h2>\n<h3><span style=\"font-weight: 400;\">Option de remise de pr\u00eat<\/span><\/h3>\n<p><span style=\"font-weight: 400;\">L&#039;un des aspects notables du <a href=\"http:\/\/ceba.ca\/fr\/ceba-loan\/\">Programme de pr\u00eats CUEC<\/a> est sa disposition pour <a href=\"http:\/\/ceba.ca\/fr\/information\/ceba-forgiveness\/\">remise de pr\u00eat<\/a>. Les b\u00e9n\u00e9ficiaires \u00e9ligibles du CUEC en r\u00e8gle ont la possibilit\u00e9 de b\u00e9n\u00e9ficier d&#039;une remise de pr\u00eat allant jusqu&#039;\u00e0 33 %, atteignant potentiellement une valeur de $20 000. Ceci peut \u00eatre r\u00e9alis\u00e9 en remboursant le solde du pr\u00eat au plus tard le 31 d\u00e9cembre 2023. Cette fonctionnalit\u00e9 sert d&#039;incitation pour <a href=\"http:\/\/ceba.ca\/fr\/ceba-loan-repayment\/\">remboursement rapide<\/a> et all\u00e8ge consid\u00e9rablement le fardeau financier des entreprises.<\/span><\/p>\n<h3><span style=\"font-weight: 400;\">Crit\u00e8res d&#039;\u00e9ligibilit\u00e9 plus larges<\/span><\/h3>\n<p><span style=\"font-weight: 400;\">L\u2019adaptabilit\u00e9 et la r\u00e9activit\u00e9 du programme CUEC aux besoins des entreprises sont devenues \u00e9videntes gr\u00e2ce \u00e0 un changement important apport\u00e9 le 26 octobre 2020. Initialement, seules les entreprises poss\u00e9dant un compte-ch\u00e8ques\/d\u2019exploitation d\u2019entreprise actif au 1er mars 2020 \u00e9taient admissibles. Cette restriction a \u00e9t\u00e9 lev\u00e9e et les crit\u00e8res d&#039;admissibilit\u00e9 ont \u00e9t\u00e9 \u00e9largis pour permettre aux entreprises de pr\u00e9senter une demande apr\u00e8s avoir ouvert un compte de ch\u00e8ques\/d&#039;exploitation aupr\u00e8s de leur institution financi\u00e8re principale. Cette modification a \u00e9largi la port\u00e9e du programme, offrant \u00e0 davantage d&#039;entreprises la possibilit\u00e9 d&#039;acc\u00e9der \u00e0 un soutien vital.<\/span><\/p>\n<h3><span style=\"font-weight: 400;\">Prolongation du programme CUEC<\/span><\/h3>\n<p><span style=\"font-weight: 400;\">\u00c0 la lumi\u00e8re des d\u00e9fis \u00e9conomiques actuels, le programme CUEC a franchi une \u00e9tape importante le 4 d\u00e9cembre 2020. Les b\u00e9n\u00e9ficiaires approuv\u00e9s du CUEC ont eu droit \u00e0 un montant de pr\u00eat plus \u00e9lev\u00e9 de $60 000, une augmentation substantielle par rapport au montant initial de $40 000. Cette expansion ne s&#039;est pas limit\u00e9e aux nouveaux candidats ; m\u00eame les entreprises qui avaient d\u00e9j\u00e0 re\u00e7u le pr\u00eat CEBA de $40 000 pouvaient demander cette option am\u00e9lior\u00e9e, obtenant ainsi un financement suppl\u00e9mentaire de $20 000. Cette prolongation a constitu\u00e9 une source d\u2019aide cruciale pour de nombreuses entreprises aux prises avec une incertitude \u00e9conomique persistante.<\/span><\/p>\n<h2><span style=\"font-weight: 400;\">Crit\u00e8res d\u2019admissibilit\u00e9 et prolongation du programme de pr\u00eats CUEC<\/span><\/h2>\n<p><span style=\"font-weight: 400;\">M\u00eame si le programme CUEC a sans aucun doute offert une aide importante aux entreprises de Montr\u00e9al et de partout au Canada, il est important de noter que toutes les entit\u00e9s ne satisfont pas aux exigences de participation. Voici les cat\u00e9gories cl\u00e9s d\u00e9crivant les param\u00e8tres qui d\u00e9finissent la port\u00e9e du programme.<\/span><\/p>\n<h3><span style=\"font-weight: 400;\">Exemptions pour les entit\u00e9s gouvernementales<\/span><\/h3>\n<p><span style=\"font-weight: 400;\">L\u2019objectif premier du pr\u00eat CUEC \u00e9tait de soutenir les entreprises priv\u00e9es. Par cons\u00e9quent, les organismes ou organismes gouvernementaux n&#039;\u00e9taient pas consid\u00e9r\u00e9s comme admissibles \u00e0 b\u00e9n\u00e9ficier de cette aide financi\u00e8re.<\/span><\/p>\n<h3><span style=\"font-weight: 400;\">In\u00e9ligibilit\u00e9 des organisations \u00e0 but non lucratif et des organismes de bienfaisance enregistr\u00e9s<\/span><\/h3>\n<p><span style=\"font-weight: 400;\">Malgr\u00e9 leurs pr\u00e9cieuses contributions soci\u00e9tales, les organismes sans but lucratif, les organismes de bienfaisance enregistr\u00e9s, les syndicats, les soci\u00e9t\u00e9s ou ordres de secours mutuels, ainsi que les entit\u00e9s enti\u00e8rement d\u00e9tenues par ces organismes, n&#039;\u00e9taient pas admissibles au pr\u00eat du CUEC.<\/span><\/p>\n<h3><span style=\"font-weight: 400;\">Restriction sur les entit\u00e9s d\u00e9tenues par des politiciens f\u00e9d\u00e9raux<\/span><\/h3>\n<p><span style=\"font-weight: 400;\">Afin de maintenir la transparence et l&#039;int\u00e9grit\u00e9, les entit\u00e9s appartenant directement \u00e0 un d\u00e9put\u00e9 f\u00e9d\u00e9ral ou \u00e0 un s\u00e9nateur n&#039;ont pas \u00e9t\u00e9 jug\u00e9es admissibles au pr\u00eat du CUEC. Cette mesure de pr\u00e9caution a \u00e9t\u00e9 mise en \u0153uvre pour \u00e9viter d\u2019\u00e9ventuels conflits d\u2019int\u00e9r\u00eats.<\/span><\/p>\n<h3><span style=\"font-weight: 400;\">Exclusion des entit\u00e9s encourageant la violence ou la discrimination<\/span><\/h3>\n<p><span style=\"font-weight: 400;\">Conform\u00e9ment \u00e0 son engagement en faveur de l&#039;\u00e9galit\u00e9 et de l&#039;inclusivit\u00e9 dans les limites juridiques, le gouvernement canadien a pris des mesures d\u00e9lib\u00e9r\u00e9es pour exclure les entit\u00e9s qui approuvent la violence, encouragent la haine ou pratiquent la discrimination fond\u00e9e sur des facteurs tels que le sexe, l&#039;identit\u00e9 ou l&#039;expression de genre, l&#039;orientation sexuelle, la race, la religion. , l\u2019\u00e2ge, l\u2019origine ethnique, l\u2019origine nationale ou un handicap mental ou physique. Cette position d&#039;exclusion souligne l&#039;engagement du gouvernement \u00e0 favoriser un environnement juste et inclusif.<\/span><\/p>\n<h2><span style=\"font-weight: 400;\">Assurer une distribution \u00e9quitable<\/span><\/h2>\n<p><span style=\"font-weight: 400;\">Les exclusions int\u00e9gr\u00e9es au programme CUEC ont jou\u00e9 un r\u00f4le central dans l&#039;acheminement de l&#039;aide financi\u00e8re vers des entreprises m\u00e9ritantes qui respectaient les normes \u00e9thiques et juridiques. En \u00e9tablissant des crit\u00e8res d&#039;admissibilit\u00e9, le gouvernement a fait un grand pas en avant pour aider les entreprises qui ont contribu\u00e9 \u00e0 l&#039;\u00e9conomie canadienne, tout en mettant l&#039;accent sur la diversit\u00e9 et l&#039;inclusivit\u00e9.<\/span><\/p>\n<p><span style=\"font-weight: 400;\">Ces exclusions \u00e9taient cruciales pour garantir que les organisations gouvernementales, qui avaient acc\u00e8s \u00e0 d&#039;autres sources de financement, ne participaient pas au programme. Cela a ouvert davantage de possibilit\u00e9s aux entreprises priv\u00e9es d\u2019obtenir l\u2019aide financi\u00e8re vitale dont elles avaient besoin.<\/span><\/p>\n<p><span style=\"font-weight: 400;\">Le choix d\u2019exclure les entit\u00e9s appartenant \u00e0 des politiciens f\u00e9d\u00e9raux a encore soulign\u00e9 l\u2019engagement en faveur de la transparence et de l\u2019int\u00e9grit\u00e9, agissant comme une garantie contre d\u2019\u00e9ventuels conflits d\u2019int\u00e9r\u00eats. Cette approche a contribu\u00e9 \u00e0 maintenir la confiance du public tout en mettant en \u0153uvre des mesures de secours en cas de pand\u00e9mie.<\/span><\/p>\n<p><span style=\"font-weight: 400;\">Les organismes sans but lucratif, les organismes de bienfaisance enregistr\u00e9s et leurs entit\u00e9s affili\u00e9es ont \u00e9t\u00e9 omis en raison de leurs mod\u00e8les commerciaux et m\u00e9canismes de financement distinctifs. Malgr\u00e9 leur importance soci\u00e9tale, leur exclusion du programme CEBA visait \u00e0 orienter l\u2019aide vers les entreprises commerciales durement touch\u00e9es par la pand\u00e9mie.<\/span><\/p>\n<p><span style=\"font-weight: 400;\">Enfin, l&#039;omission des organisations approuvant la violence ou la discrimination fait \u00e9cho \u00e0 l&#039;engagement r\u00e9solu du gouvernement canadien \u00e0 favoriser une soci\u00e9t\u00e9 fond\u00e9e sur l&#039;\u00e9galit\u00e9 et l&#039;inclusion. En \u00e9vitant les entit\u00e9s qui cautionnent l\u2019animosit\u00e9 ou les pr\u00e9jug\u00e9s, le gouvernement a d\u00e9montr\u00e9 sa d\u00e9termination \u00e0 cultiver un environnement soci\u00e9tal s\u00fbr et respectueux.<\/span><\/p>\n<p><span style=\"font-weight: 400;\">En fin de compte, ces exclusions ont jou\u00e9 un r\u00f4le fondamental pour assurer l\u2019attribution impartiale du pr\u00eat CUEC. Ils ont contribu\u00e9 \u00e0 canaliser un soutien financier vers les entreprises qui en ont le plus besoin, tout en restant align\u00e9s sur les valeurs fondamentales de la soci\u00e9t\u00e9 canadienne.<\/span><\/p>\n<h2><span style=\"font-weight: 400;\">Impact du programme de pr\u00eats CUEC<\/span><\/h2>\n<p><span style=\"font-weight: 400;\">Au milieu des d\u00e9fis sans pr\u00e9c\u00e9dent d\u00e9clench\u00e9s par la pand\u00e9mie, l\u2019initiative du Compte d\u2019urgence pour les entreprises canadiennes (CUEC) s\u2019est impos\u00e9e comme une source fondamentale de soutien pour les entreprises locales de Cochrane. Gr\u00e2ce \u00e0 l\u2019octroi de pr\u00eats sans int\u00e9r\u00eat, le CUEC a jou\u00e9 un r\u00f4le central en aidant ces entreprises \u00e0 g\u00e9rer leurs d\u00e9penses op\u00e9rationnelles critiques, \u00e0 retenir leur main-d\u2019\u0153uvre et \u00e0 faire face aux incertitudes du contexte \u00e9conomique. En cons\u00e9quence, de nombreux \u00e9tablissements de Cochrane ont fait preuve d\u2019une r\u00e9silience louable, poursuivant leur cheminement vers la stabilit\u00e9 financi\u00e8re et l\u2019expansion.<\/span><\/p>\n<p><span style=\"font-weight: 400;\">Bien que la p\u00e9riode de candidature pour le <a href=\"http:\/\/ceba.ca\/fr\/information\/what-happens-to-ceba-loan-if-business-closes\/\">Le programme CEBA tire \u00e0 sa fin<\/a>, ses r\u00e9percussions perdurent au sein du monde des affaires de la ville. \u00c0 mesure que le processus de r\u00e9tablissement et de reconstruction se d\u00e9roule, la d\u00e9termination d\u00e9montr\u00e9e par les petites entreprises et les organisations \u00e0 but non lucratif de Cochrane souligne le caract\u00e8re indispensable du programme CEBA. Cette contribution se traduit par le renforcement de l&#039;\u00e9conomie et la pr\u00e9servation du tissu communautaire en temps de crise.<\/span><\/p>\n<h2><span style=\"font-weight: 400;\">Conclusion<\/span><\/h2>\n<p><span style=\"font-weight: 400;\">Le programme CUEC s&#039;est clairement impos\u00e9 comme une structure de soutien vitale pour les entreprises partout au Canada tout au long de la pand\u00e9mie, offrant une aide financi\u00e8re vitale \u00e0 celles qui sont confront\u00e9es \u00e0 des d\u00e9fis urgents. Gr\u00e2ce \u00e0 ses exclusions m\u00e9ticuleusement con\u00e7ues, le programme a assur\u00e9 une r\u00e9partition \u00e9quitable tout en respectant les principes fondamentaux du Canada. <\/span><\/p>\n<p><span style=\"font-weight: 400;\">M\u00eame \u00e0 la fin de la phase de candidature, l\u2019impact durable du CUEC reste perceptible, soulignant son r\u00f4le central dans la promotion de la r\u00e9silience \u00e9conomique face \u00e0 l\u2019adversit\u00e9.<\/span><\/p>","protected":false},"excerpt":{"rendered":"<p>The CEBA Loan program, a crucial initiative in Canada, has had a considerable role in providing substantial financial aid to small businesses and non-profit organizations located in Cochrane. This plan provides interest-free loans, potentially granting a maximum of $60,000. In the face of pandemic challenges, this economic support has effectively protected local businesses in Cochrane, [&hellip;]<\/p>\n","protected":false},"author":2,"featured_media":5143,"parent":0,"menu_order":0,"comment_status":"closed","ping_status":"closed","template":"","meta":{"footnotes":""},"class_list":["post-3801","page","type-page","status-publish","has-post-thumbnail","hentry"],"_links":{"self":[{"href":"http:\/\/ceba.ca\/fr\/wp-json\/wp\/v2\/pages\/3801","targetHints":{"allow":["GET"]}}],"collection":[{"href":"http:\/\/ceba.ca\/fr\/wp-json\/wp\/v2\/pages"}],"about":[{"href":"http:\/\/ceba.ca\/fr\/wp-json\/wp\/v2\/types\/page"}],"author":[{"embeddable":true,"href":"http:\/\/ceba.ca\/fr\/wp-json\/wp\/v2\/users\/2"}],"replies":[{"embeddable":true,"href":"http:\/\/ceba.ca\/fr\/wp-json\/wp\/v2\/comments?post=3801"}],"version-history":[{"count":4,"href":"http:\/\/ceba.ca\/fr\/wp-json\/wp\/v2\/pages\/3801\/revisions"}],"predecessor-version":[{"id":5144,"href":"http:\/\/ceba.ca\/fr\/wp-json\/wp\/v2\/pages\/3801\/revisions\/5144"}],"wp:featuredmedia":[{"embeddable":true,"href":"http:\/\/ceba.ca\/fr\/wp-json\/wp\/v2\/media\/5143"}],"wp:attachment":[{"href":"http:\/\/ceba.ca\/fr\/wp-json\/wp\/v2\/media?parent=3801"}],"curies":[{"name":"wp","href":"https:\/\/api.w.org\/{rel}","templated":true}]}}