{"id":3789,"date":"2023-09-06T06:04:17","date_gmt":"2023-09-06T10:04:17","guid":{"rendered":"http:\/\/ceba.ca\/?page_id=3789"},"modified":"2023-09-06T06:04:17","modified_gmt":"2023-09-06T10:04:17","slug":"ceba-loan-in-leamington","status":"publish","type":"page","link":"http:\/\/ceba.ca\/fr\/ceba-loan-in-leamington\/","title":{"rendered":"Pr\u00eat CUEC \u00e0 Leamington\u00a0"},"content":{"rendered":"<p><span style=\"font-weight: 400;\"><a href=\"http:\/\/ceba.ca\/fr\/ceba-loan\/\">le programme de pr\u00eats CUEC <\/a>est devenu une bou\u00e9e de sauvetage pour les petites entreprises et les organisations \u00e0 but non lucratif, offrant une aide financi\u00e8re vitale pendant les temps difficiles provoqu\u00e9s par la pand\u00e9mie. Cette initiative, qui fait partie de la r\u00e9ponse plus large du Canada aux perturbations \u00e9conomiques caus\u00e9es par la crise sanitaire mondiale, a jou\u00e9 un r\u00f4le central dans le renforcement des entreprises locales, le maintien des emplois et la promotion de la stabilit\u00e9 \u00e9conomique. Alors que Leamington est aux prises avec les d\u00e9fis sans pr\u00e9c\u00e9dent pos\u00e9s par la pand\u00e9mie, le pr\u00eat du CUEC \u00e0 Leamington a prouv\u00e9 son efficacit\u00e9 en fournissant le soutien n\u00e9cessaire aux entreprises pour traverser la temp\u00eate.<\/span><\/p>\n<h2><span style=\"font-weight: 400;\">Pr\u00eat CUEC \u00e0 Leamington\u00a0: <\/span><span style=\"font-weight: 400;\">Importance<\/span><\/h2>\n<p><span style=\"font-weight: 400;\">Le programme CEBA t\u00e9moigne de la <a href=\"https:\/\/ceba-cuec.ca\/\" target=\"_blank\" rel=\"noopener\">gouvernement du Canada<\/a> engagement \u00e0 soutenir sa communaut\u00e9 d\u2019affaires face \u00e0 l\u2019adversit\u00e9. Gr\u00e2ce \u00e0 des pr\u00eats sans int\u00e9r\u00eat pouvant atteindre $60 000, le programme a fourni une bou\u00e9e de sauvetage financi\u00e8re cruciale aux petites entreprises et aux organisations \u00e0 but non lucratif de Leamington. Ce soutien a permis \u00e0 ces entit\u00e9s de couvrir leurs d\u00e9penses op\u00e9rationnelles essentielles, de fid\u00e9liser leur personnel et de naviguer dans un paysage \u00e9conomique complexe et incertain. Dans une ville o\u00f9 les entreprises locales font partie int\u00e9grante du tissu communautaire, le programme CEBA s&#039;est av\u00e9r\u00e9 \u00eatre un instrument pr\u00e9cieux pour assurer leur survie et leur continuit\u00e9.<\/span><\/p>\n<h2><span style=\"font-weight: 400;\">Principales caract\u00e9ristiques du programme de pr\u00eats CUEC<\/span><\/h2>\n<p><span style=\"font-weight: 400;\">L&#039;impact du programme CEBA peut \u00eatre attribu\u00e9 \u00e0 plusieurs caract\u00e9ristiques cl\u00e9s qui en font une ressource vitale pour les entreprises de Leamington :<\/span><\/p>\n<h3><span style=\"font-weight: 400;\">1. Disposition de remise de pr\u00eat<\/span><\/h3>\n<p><span style=\"font-weight: 400;\">L&#039;un des points saillants du programme CUEC r\u00e9side dans le fait qu&#039;il pr\u00e9voit <a href=\"http:\/\/ceba.ca\/fr\/information\/ceba-forgiveness\/\">remise de pr\u00eat<\/a>. Cette fonctionnalit\u00e9 offre aux entreprises la possibilit\u00e9 d&#039;obtenir une remise d&#039;une partie de leur pr\u00eat, jusqu&#039;\u00e0 33 %, soit un montant potentiel de $20 000. Pour b\u00e9n\u00e9ficier de cet avantage, les entreprises doivent r\u00e9pondre \u00e0 des crit\u00e8res pr\u00e9cis et <a href=\"http:\/\/ceba.ca\/fr\/ceba-loan-repayment\/\">rembourser<\/a> le solde du pr\u00eat au plus tard le 31 d\u00e9cembre 2023. Cette incitation \u00e0 la remise non seulement all\u00e8ge le fardeau financier des entreprises, mais encourage \u00e9galement le remboursement dans les d\u00e9lais, garantissant ainsi la durabilit\u00e9 du programme.<\/span><\/p>\n<h3><span style=\"font-weight: 400;\">2. Port\u00e9e d&#039;\u00e9ligibilit\u00e9 am\u00e9lior\u00e9e<\/span><\/h3>\n<p><span style=\"font-weight: 400;\">Le programme CUEC a d\u00e9montr\u00e9 sa capacit\u00e9 d&#039;adaptation en \u00e9largissant ses crit\u00e8res d&#039;admissibilit\u00e9. Auparavant, seules les entreprises poss\u00e9dant un compte-ch\u00e8ques ou un compte d\u2019exploitation actif au 1er mars 2020 \u00e9taient admissibles. Cependant, compte tenu de l&#039;\u00e9volution des circonstances, cette exigence a \u00e9t\u00e9 supprim\u00e9e. D\u00e9sormais, les entreprises peuvent se qualifier en ouvrant simplement un compte-ch\u00e8ques ou en ouvrant un compte aupr\u00e8s de leur institution financi\u00e8re principale. Cet ajustement a accru l&#039;acc\u00e8s au programme, permettant \u00e0 un plus grand nombre d&#039;entreprises de Leamington de b\u00e9n\u00e9ficier de son aide.<\/span><\/p>\n<h3><span style=\"font-weight: 400;\">3. Expansion de l&#039;Initiative CUEC<\/span><\/h3>\n<p><span style=\"font-weight: 400;\">Alors que les difficult\u00e9s \u00e9conomiques persistaient, le programme CEBA a connu une nouvelle expansion le 4 d\u00e9cembre 2020. Les emprunteurs approuv\u00e9s ont eu la possibilit\u00e9 d&#039;obtenir un pr\u00eat de $60 000, une augmentation significative par rapport au montant initial de $40 000. Cette expansion ne s&#039;est pas limit\u00e9e aux nouveaux candidats ; les entreprises ayant d\u00e9j\u00e0 obtenu le pr\u00eat CEBA de $40 000 pouvaient \u00e9galement demander le pr\u00eat suppl\u00e9mentaire de $20 000. Cette prolongation a \u00e9t\u00e9 une bou\u00e9e de sauvetage essentielle pour de nombreuses entreprises confront\u00e9es aux turbulences \u00e9conomiques persistantes caus\u00e9es par la pand\u00e9mie.<\/span><\/p>\n<h2><span style=\"font-weight: 400;\">Exclusions et crit\u00e8res d&#039;\u00e9ligibilit\u00e9 du pr\u00eat CUEC<\/span><\/h2>\n<p><span style=\"font-weight: 400;\">M\u00eame si le programme CUEC a apport\u00e9 une aide vitale aux entreprises de Leamington et de partout au Canada, il est important de reconna\u00eetre que toutes les entit\u00e9s n&#039;\u00e9taient pas admissibles \u00e0 y participer. Les exclusions du programme ont \u00e9t\u00e9 con\u00e7ues de mani\u00e8re strat\u00e9gique pour garantir que l&#039;aide parvienne aux entreprises qui correspondent aux objectifs vis\u00e9s du programme. Voici les principales cat\u00e9gories d&#039;exclusions qui ont d\u00e9fini les limites du programme\u00a0:<\/span><\/p>\n<h3><span style=\"font-weight: 400;\">1. Entit\u00e9s exclues\u00a0:\u00a0organisations gouvernementales<\/span><\/h3>\n<p><span style=\"font-weight: 400;\">L&#039;objectif principal du programme CEBA \u00e9tait de soutenir les entreprises priv\u00e9es, rendant les organisations gouvernementales inadmissibles \u00e0 l&#039;aide financi\u00e8re. L\u2019exclusion des entit\u00e9s gouvernementales visait \u00e0 canaliser les ressources vers les entreprises qui en avaient le plus besoin, \u00e9tant donn\u00e9 que les organisations gouvernementales disposent souvent de sources de financement alternatives.<\/span><\/p>\n<h3><span style=\"font-weight: 400;\">2. Organisations \u00e0 but non lucratif et organismes de bienfaisance enregistr\u00e9s<\/span><\/h3>\n<p><span style=\"font-weight: 400;\">M\u00eame si les organismes sans but lucratif et les organismes de bienfaisance enregistr\u00e9s jouent un r\u00f4le essentiel dans la soci\u00e9t\u00e9, ils n&#039;\u00e9taient pas admissibles au pr\u00eat du CUEC. L&#039;accent mis par le programme sur le soutien aux entreprises commerciales \u00e9tait une d\u00e9cision strat\u00e9gique bas\u00e9e sur les m\u00e9canismes de financement et les mod\u00e8les commerciaux distincts de ces entit\u00e9s.<\/span><\/p>\n<h3><span style=\"font-weight: 400;\">3. Entit\u00e9s d\u00e9tenues par des politiciens f\u00e9d\u00e9raux<\/span><\/h3>\n<p><span style=\"font-weight: 400;\">Afin de maintenir la transparence et les normes \u00e9thiques, les entreprises appartenant directement \u00e0 des d\u00e9put\u00e9s f\u00e9d\u00e9raux ou \u00e0 des s\u00e9nateurs ont \u00e9t\u00e9 exclues de la demande de pr\u00eat CUEC. Cette pr\u00e9caution visait \u00e0 pr\u00e9venir d&#039;\u00e9ventuels conflits d&#039;int\u00e9r\u00eats et \u00e0 assurer une r\u00e9partition \u00e9quitable des b\u00e9n\u00e9fices du programme.<\/span><\/p>\n<h3><span style=\"font-weight: 400;\">4. Entit\u00e9s pr\u00f4nant la violence ou la discrimination<\/span><\/h3>\n<p><span style=\"font-weight: 400;\">Le gouvernement canadien a fait preuve de discernement en excluant les entit\u00e9s qui promeuvent la violence, la haine ou la discrimination fond\u00e9es sur divers facteurs tels que le sexe, l&#039;identit\u00e9 de genre, l&#039;orientation sexuelle, la race, la religion, l&#039;\u00e2ge, l&#039;origine ethnique, l&#039;origine nationale ou un handicap mental ou physique. Cette exclusion \u00e9tait conforme \u00e0 l&#039;engagement du gouvernement \u00e0 d\u00e9fendre l&#039;\u00e9galit\u00e9 et l&#039;inclusion, en s&#039;alignant sur les valeurs juridiques et soci\u00e9tales.<\/span><\/p>\n<h2><span style=\"font-weight: 400;\">Allocation \u00e9quitable des ressources<\/span><\/h2>\n<p><span style=\"font-weight: 400;\">Les exclusions int\u00e9gr\u00e9es au programme CEBA ont jou\u00e9 un r\u00f4le essentiel pour orienter l&#039;aide financi\u00e8re vers des entreprises m\u00e9ritantes qui respectaient les principes \u00e9thiques et juridiques. Ces crit\u00e8res d&#039;\u00e9ligibilit\u00e9 garantissaient que le soutien du gouvernement atteignait les entreprises profond\u00e9ment touch\u00e9es par la pand\u00e9mie tout en maintenant la transparence, l&#039;\u00e9quit\u00e9 et le respect des valeurs soci\u00e9tales. Les exclusions ont jou\u00e9 un r\u00f4le important \u00e0 plusieurs \u00e9gards\u00a0:<\/span><\/p>\n<h3><span style=\"font-weight: 400;\">1. Organisations gouvernementales<\/span><\/h3>\n<p><span style=\"font-weight: 400;\">L\u2019exclusion des organisations gouvernementales a contribu\u00e9 \u00e0 orienter les ressources vers des entreprises priv\u00e9es qui manquaient de sources alternatives de financement. Ce faisant, le programme a permis de garantir que les entreprises confront\u00e9es aux d\u00e9fis les plus importants re\u00e7oivent l&#039;aide n\u00e9cessaire.<\/span><\/p>\n<h3><span style=\"font-weight: 400;\">2. Entit\u00e9s d\u00e9tenues par des politiciens f\u00e9d\u00e9raux<\/span><\/h3>\n<p><span style=\"font-weight: 400;\">L&#039;exclusion des entreprises appartenant \u00e0 des politiciens f\u00e9d\u00e9raux constituait une garantie essentielle pour pr\u00e9venir d&#039;\u00e9ventuels conflits d&#039;int\u00e9r\u00eats. Cette mesure a renforc\u00e9 la confiance du public dans l&#039;int\u00e9grit\u00e9 des mesures de secours en cas de pand\u00e9mie et a maintenu la cr\u00e9dibilit\u00e9 du programme.<\/span><\/p>\n<h3><span style=\"font-weight: 400;\">3. Organisations \u00e0 but non lucratif et organismes de bienfaisance enregistr\u00e9s<\/span><\/h3>\n<p><span style=\"font-weight: 400;\">Bien que ces organisations contribuent de mani\u00e8re significative \u00e0 la soci\u00e9t\u00e9, leur exclusion \u00e9tait un choix strat\u00e9gique pour concentrer le soutien sur des entreprises commerciales confront\u00e9es \u00e0 des difficult\u00e9s \u00e9conomiques uniques en raison de la pand\u00e9mie. Cette d\u00e9cision s&#039;aligne sur l&#039;objectif principal du programme, qui est d&#039;aider les entreprises profond\u00e9ment touch\u00e9es par la crise.<\/span><\/p>\n<h3><span style=\"font-weight: 400;\">4. Position anti-violence et anti-discrimination<\/span><\/h3>\n<p><span style=\"font-weight: 400;\">L&#039;exclusion des organisations qui pr\u00f4nent la violence ou la discrimination met en \u00e9vidence l&#039;engagement in\u00e9branlable du gouvernement canadien \u00e0 favoriser l&#039;\u00e9galit\u00e9 et l&#039;inclusion. Cette approche garantissait que les fonds n&#039;\u00e9taient pas dirig\u00e9s vers des entit\u00e9s qui encourageaient la haine ou la discrimination, conform\u00e9ment aux valeurs et aux lois du pays.<\/span><\/p>\n<h2><span style=\"font-weight: 400;\">Impact du programme CUEC \u00e0 Leamington<\/span><\/h2>\n<p><span style=\"font-weight: 400;\">Au milieu des d\u00e9fis sans pr\u00e9c\u00e9dent pos\u00e9s par la pand\u00e9mie, le programme CUEC est apparu comme la pierre angulaire du soutien aux entreprises locales de Leamington. Gr\u00e2ce \u00e0 des pr\u00eats sans int\u00e9r\u00eat, le CUEC a jou\u00e9 un r\u00f4le central en permettant aux entreprises de g\u00e9rer leurs d\u00e9penses op\u00e9rationnelles essentielles, de prot\u00e9ger leur main-d&#039;\u0153uvre et de s&#039;adapter au paysage \u00e9conomique complexe. En cons\u00e9quence, de nombreuses entreprises de Leamington ont d\u00e9montr\u00e9 leur r\u00e9silience, progressant progressivement vers la stabilit\u00e9 financi\u00e8re et l\u2019expansion.<\/span><\/p>\n<p><span style=\"font-weight: 400;\">Alors que la fen\u00eatre de candidature pour <a href=\"http:\/\/ceba.ca\/fr\/information\/what-happens-to-ceba-loan-if-business-closes\/\">Le CUEC a ferm\u00e9 ses portes<\/a>, son impact continue de se r\u00e9percuter sur l&#039;ensemble de l&#039;\u00e9cosyst\u00e8me commercial de Leamington. Dans le processus continu de r\u00e9tablissement et de rajeunissement, la d\u00e9termination dont font preuve les petites entreprises et les organismes \u00e0 but non lucratif constitue un puissant t\u00e9moignage du r\u00f4le central du programme CUEC. Les contributions du programme se sont \u00e9tendues au-del\u00e0 de sa phase initiale, soulignant son importance pour soutenir l&#039;\u00e9conomie locale et assurer la durabilit\u00e9 de la communaut\u00e9 en temps de crise.<\/span><\/p>\n<h2><span style=\"font-weight: 400;\">Conclusion<\/span><\/h2>\n<p><span style=\"font-weight: 400;\">Le programme CUEC constitue un pilier essentiel du soutien aux entreprises canadiennes, illustrant l&#039;engagement du gouvernement envers la r\u00e9silience et la stabilit\u00e9 \u00e9conomiques. Son impact sur Leamington a \u00e9t\u00e9 profond, offrant aux entreprises les moyens de relever les d\u00e9fis et de poursuivre leurs activit\u00e9s. <\/span><\/p>\n<p><span style=\"font-weight: 400;\">Avec sa disposition d\u2019exon\u00e9ration de pr\u00eat, son champ d\u2019\u00e9ligibilit\u00e9 \u00e9largi et ses exclusions qui garantissent une r\u00e9partition \u00e9quitable, le CUEC a prouv\u00e9 son efficacit\u00e9 en temps de crise. M\u00eame si la p\u00e9riode de candidature est peut-\u00eatre ferm\u00e9e, l&#039;h\u00e9ritage du programme perdure, rappelant son r\u00f4le essentiel dans la promotion de la vitalit\u00e9 \u00e9conomique et du bien-\u00eatre des communaut\u00e9s.<\/span><\/p>","protected":false},"excerpt":{"rendered":"<p>the CEBA loan program has emerged as a lifeline for small businesses and non-profit organizations, offering vital financial assistance during the challenging times brought about by the pandemic. This initiative, a part of the broader Canadian response to the economic disruptions caused by the global health crisis, has played a pivotal role in fortifying local [&hellip;]<\/p>\n","protected":false},"author":2,"featured_media":5135,"parent":0,"menu_order":0,"comment_status":"closed","ping_status":"closed","template":"","meta":{"footnotes":""},"class_list":["post-3789","page","type-page","status-publish","has-post-thumbnail","hentry"],"_links":{"self":[{"href":"http:\/\/ceba.ca\/fr\/wp-json\/wp\/v2\/pages\/3789","targetHints":{"allow":["GET"]}}],"collection":[{"href":"http:\/\/ceba.ca\/fr\/wp-json\/wp\/v2\/pages"}],"about":[{"href":"http:\/\/ceba.ca\/fr\/wp-json\/wp\/v2\/types\/page"}],"author":[{"embeddable":true,"href":"http:\/\/ceba.ca\/fr\/wp-json\/wp\/v2\/users\/2"}],"replies":[{"embeddable":true,"href":"http:\/\/ceba.ca\/fr\/wp-json\/wp\/v2\/comments?post=3789"}],"version-history":[{"count":6,"href":"http:\/\/ceba.ca\/fr\/wp-json\/wp\/v2\/pages\/3789\/revisions"}],"predecessor-version":[{"id":5137,"href":"http:\/\/ceba.ca\/fr\/wp-json\/wp\/v2\/pages\/3789\/revisions\/5137"}],"wp:featuredmedia":[{"embeddable":true,"href":"http:\/\/ceba.ca\/fr\/wp-json\/wp\/v2\/media\/5135"}],"wp:attachment":[{"href":"http:\/\/ceba.ca\/fr\/wp-json\/wp\/v2\/media?parent=3789"}],"curies":[{"name":"wp","href":"https:\/\/api.w.org\/{rel}","templated":true}]}}