{"id":3787,"date":"2023-09-06T05:59:30","date_gmt":"2023-09-06T09:59:30","guid":{"rendered":"http:\/\/ceba.ca\/?page_id=3787"},"modified":"2023-09-06T05:59:30","modified_gmt":"2023-09-06T09:59:30","slug":"ceba-loan-in-mission","status":"publish","type":"page","link":"http:\/\/ceba.ca\/fr\/ceba-loan-in-mission\/","title":{"rendered":"Pr\u00eat CEBA en mission"},"content":{"rendered":"<p><span style=\"font-weight: 400;\">Le pr\u00eat CUEC \u00e0 Mission constitue une initiative canadienne cruciale, offrant un soutien financier substantiel aux petites entreprises et aux organismes \u00e0 but non lucratif. \u00c0 travers cela <a href=\"https:\/\/ceba-cuec.ca\/\" target=\"_blank\" rel=\"noopener\">programme<\/a>, des pr\u00eats sans int\u00e9r\u00eat allant jusqu&#039;\u00e0 $60,000 ont \u00e9t\u00e9 accord\u00e9s, se r\u00e9v\u00e9lant \u00eatre une bou\u00e9e de sauvetage vitale face aux d\u00e9fis provoqu\u00e9s par la pand\u00e9mie. Le paysage des affaires locales dans <a href=\"https:\/\/en.wikipedia.org\/wiki\/Mission,_British_Columbia#\" target=\"_blank\" rel=\"noopener\">Mission<\/a>, une ville importante au Canada, a \u00e9t\u00e9 consid\u00e9rablement renforc\u00e9e par cette aide financi\u00e8re, soulignant la profonde efficacit\u00e9 du <a href=\"http:\/\/ceba.ca\/fr\/ceba-loan\/\">Programme CUEC<\/a>.<\/span><\/p>\n<h2><span style=\"font-weight: 400;\">Principales caract\u00e9ristiques du programme de pr\u00eats CUEC<\/span><\/h2>\n<h3><span style=\"font-weight: 400;\">Disposition de remise de pr\u00eat<\/span><\/h3>\n<p><span style=\"font-weight: 400;\">L\u2019un des points saillants du programme CUEC est la possibilit\u00e9 d\u2019exon\u00e9ration de pr\u00eat. Les entreprises qui r\u00e9pondent aux crit\u00e8res d&#039;\u00e9ligibilit\u00e9 et restent en r\u00e8gle ont la possibilit\u00e9 d&#039;obtenir une remise de 33 % de leur pr\u00eat, ce qui \u00e9quivaut \u00e0 une somme potentielle de $20,000. Pour b\u00e9n\u00e9ficier de cet avantage, le<a href=\"http:\/\/ceba.ca\/fr\/news\/when-does-the-ceba-loan-need-to-be-repaid\/\"> le solde du pr\u00eat doit \u00eatre rembours\u00e9 au plus tard le 31 d\u00e9cembre 2023<\/a>. Cette incitation sert \u00e0 inciter \u00e0 rembourser les pr\u00eats dans les d\u00e9lais et att\u00e9nue consid\u00e9rablement les pressions financi\u00e8res sur les entreprises.<\/span><\/p>\n<h3><span style=\"font-weight: 400;\">Port\u00e9e d\u2019\u00e9ligibilit\u00e9 am\u00e9lior\u00e9e<\/span><\/h3>\n<p><span style=\"font-weight: 400;\">Faisant preuve d\u2019adaptabilit\u00e9 et de r\u00e9activit\u00e9, le programme CUEC a subi un changement important le 26 octobre 2020. Auparavant, seules les entreprises poss\u00e9dant un compte-ch\u00e8ques ou un compte d\u2019exploitation d\u2019entreprise actif au 1er mars 2020 \u00e9taient admissibles. Cette exigence a \u00e9t\u00e9 \u00e9limin\u00e9e et les entreprises sont devenues admissibles d\u00e8s l\u2019ouverture d\u2019un compte-ch\u00e8ques ou d\u2019un compte d\u2019exploitation aupr\u00e8s de leur institution financi\u00e8re principale. Cette modification a \u00e9largi l&#039;acc\u00e8s au programme, permettant \u00e0 un plus grand nombre d&#039;entreprises de demander une aide vitale.<\/span><\/p>\n<h3><span style=\"font-weight: 400;\">Expansion de l\u2019Initiative CUEC<\/span><\/h3>\n<p><span style=\"font-weight: 400;\">\u00c0 la lumi\u00e8re des d\u00e9fis \u00e9conomiques persistants, le programme CEBA a connu une nouvelle expansion le 4 d\u00e9cembre 2020. Les emprunteurs approuv\u00e9s du CEBA ont eu la possibilit\u00e9 d&#039;obtenir un pr\u00eat de $60 000, une augmentation notable par rapport aux $40 000 initiaux. Il est important de noter que cette expansion ne s&#039;est pas limit\u00e9e aux nouveaux candidats\u00a0; les entreprises ayant d\u00e9j\u00e0 obtenu le pr\u00eat CEBA de $40 000 \u00e9taient \u00e9galement \u00e9ligibles pour demander le montant major\u00e9 de $20 000. Cette prolongation a constitu\u00e9 une bou\u00e9e de sauvetage essentielle pour de nombreuses entreprises confront\u00e9es aux turbulences \u00e9conomiques actuelles.<\/span><\/p>\n<h2><span style=\"font-weight: 400;\">Pr\u00eat CEBA en mission\u00a0: crit\u00e8res d\u2019\u00e9ligibilit\u00e9 et extension de la port\u00e9e<\/span><\/h2>\n<p><span style=\"font-weight: 400;\">Bien que le programme CUEC ait jou\u00e9 un r\u00f4le central en aidant les entreprises partout \u00e0 Montr\u00e9al et au Canada, il est important de reconna\u00eetre que certaines entit\u00e9s n&#039;ont pas \u00e9t\u00e9 <a href=\"http:\/\/ceba.ca\/fr\/information\/who-is-eligible-for-a-ceba-loan\/\">admissible<\/a> participer. Voici les principales cat\u00e9gories d&#039;exclusions qui d\u00e9limitent les limites du programme.<\/span><\/p>\n<h3><span style=\"font-weight: 400;\">Entit\u00e9s exclues<\/span><\/h3>\n<p><span style=\"font-weight: 400;\">Organismes gouvernementaux : Le pr\u00eat CUEC \u00e9tait principalement con\u00e7u pour soutenir les entreprises priv\u00e9es, rendant ainsi les organismes gouvernementaux inadmissibles \u00e0 cette aide financi\u00e8re.<\/span><\/p>\n<h3><span style=\"font-weight: 400;\">Organisations \u00e0 but non lucratif et organismes de bienfaisance enregistr\u00e9s\u00a0<\/span><\/h3>\n<p><span style=\"font-weight: 400;\">Malgr\u00e9 leurs importantes contributions soci\u00e9tales, les organismes sans but lucratif, les organismes de bienfaisance enregistr\u00e9s, les syndicats, les soci\u00e9t\u00e9s ou ordres de secours mutuels et les entit\u00e9s enti\u00e8rement d\u00e9tenues par ces organismes n\u2019ont pas pu demander le pr\u00eat CUEC.<\/span><\/p>\n<h3><span style=\"font-weight: 400;\">Entit\u00e9s d\u00e9tenues par des politiciens f\u00e9d\u00e9raux<\/span><\/h3>\n<p><span style=\"font-weight: 400;\">Afin de maintenir la transparence et les normes \u00e9thiques, les entit\u00e9s appartenant directement \u00e0 un d\u00e9put\u00e9 f\u00e9d\u00e9ral ou \u00e0 un s\u00e9nateur n&#039;\u00e9taient pas qualifi\u00e9es pour solliciter le pr\u00eat CUEC. Cette mesure de pr\u00e9caution visait \u00e0 \u00e9viter d\u2019\u00e9ventuels conflits d\u2019int\u00e9r\u00eats.<\/span><\/p>\n<h3><span style=\"font-weight: 400;\">Entit\u00e9s pr\u00f4nant la violence ou la discrimination\u00a0<\/span><\/h3>\n<p><span style=\"font-weight: 400;\">Le gouvernement canadien a fait preuve d&#039;un discernement attentif en excluant les entit\u00e9s qui promeuvent la violence, incitent \u00e0 la haine ou se livrent \u00e0 une discrimination fond\u00e9e sur le sexe, l&#039;identit\u00e9 ou l&#039;expression de genre, l&#039;orientation sexuelle, la race, la religion, l&#039;\u00e2ge, l&#039;origine ethnique, l&#039;origine nationale ou un handicap mental ou physique. Cette exclusion s&#039;aligne sur l&#039;engagement du gouvernement \u00e0 maintenir l&#039;\u00e9galit\u00e9 et l&#039;inclusivit\u00e9 conform\u00e9ment \u00e0 la loi.<\/span><\/p>\n<h2><span style=\"font-weight: 400;\">Allocation \u00e9quitable<\/span><\/h2>\n<p><span style=\"font-weight: 400;\">Les exclusions pr\u00e9vues dans le cadre du programme CEBA ont jou\u00e9 un r\u00f4le central pour orienter l&#039;aide financi\u00e8re vers des entreprises m\u00e9ritantes et respectueuses des principes \u00e9thiques et juridiques. En \u00e9tablissant ces crit\u00e8res d&#039;admissibilit\u00e9, le gouvernement a fait un grand pas en avant pour aider les entreprises qui contribuent \u00e0 l&#039;\u00e9conomie canadienne tout en d\u00e9fendant la diversit\u00e9 et l&#039;inclusivit\u00e9.<\/span><\/p>\n<p><span style=\"font-weight: 400;\">Ces exclusions \u00e9taient importantes \u00e0 plusieurs \u00e9gards\u00a0:<\/span><\/p>\n<h3><span style=\"font-weight: 400;\">Organisations gouvernementales<\/span><\/h3>\n<p><span style=\"font-weight: 400;\">L\u2019exclusion d\u00e9lib\u00e9r\u00e9e des organisations gouvernementales a contribu\u00e9 \u00e0 canaliser les ressources vers les entreprises priv\u00e9es. Les entit\u00e9s gouvernementales disposent d\u2019autres moyens de financement, et cette exclusion a permis \u00e0 un plus grand nombre d\u2019entreprises priv\u00e9es d\u2019acc\u00e9der \u00e0 l\u2019aide financi\u00e8re offerte.<\/span><\/p>\n<h3><span style=\"font-weight: 400;\">Entit\u00e9s d\u00e9tenues par des politiciens f\u00e9d\u00e9raux<\/span><\/h3>\n<p><span style=\"font-weight: 400;\">L&#039;exclusion des entreprises appartenant \u00e0 des politiciens f\u00e9d\u00e9raux \u00e9tait une garantie pour garantir la transparence et pr\u00e9venir d&#039;\u00e9ventuels conflits d&#039;int\u00e9r\u00eats. Cette mesure a renforc\u00e9 la confiance du public dans l\u2019int\u00e9grit\u00e9 des mesures de secours en cas de pand\u00e9mie.<\/span><\/p>\n<h3><span style=\"font-weight: 400;\">Organisations \u00e0 but non lucratif et organismes de bienfaisance enregistr\u00e9s<\/span><\/h3>\n<p><span style=\"font-weight: 400;\">Bien que les organismes sans but lucratif et les organismes de bienfaisance enregistr\u00e9s jouent un r\u00f4le essentiel dans la soci\u00e9t\u00e9, leurs mod\u00e8les commerciaux et m\u00e9canismes de financement distincts ont n\u00e9cessit\u00e9 leur exclusion. Cette d\u00e9cision strat\u00e9gique visait \u00e0 concentrer le soutien sur les entreprises commerciales profond\u00e9ment touch\u00e9es par la pand\u00e9mie.<\/span><\/p>\n<h3><span style=\"font-weight: 400;\">Position anti-violence et anti-discrimination<\/span><\/h3>\n<p><span style=\"font-weight: 400;\">L&#039;exclusion des organisations pr\u00f4nant la violence ou la discrimination a soulign\u00e9 l&#039;engagement in\u00e9branlable du gouvernement canadien \u00e0 favoriser l&#039;\u00e9galit\u00e9 et l&#039;inclusion. Cet alignement sur les valeurs soci\u00e9tales visait \u00e0 garantir que les fonds soient d\u00e9tourn\u00e9s des entit\u00e9s promouvant la haine ou la discrimination.<\/span><\/p>\n<p><span style=\"font-weight: 400;\">En somme, ces exclusions ont jou\u00e9 un r\u00f4le indispensable dans la juste r\u00e9partition des pr\u00eats du CUEC. Ils ont orient\u00e9 l\u2019aide financi\u00e8re vers les entreprises les plus dans le besoin tout en respectant les principes et valeurs fondamentaux de la soci\u00e9t\u00e9 canadienne.<\/span><\/p>\n<h2><span style=\"font-weight: 400;\">Impact du programme CUEC<\/span><\/h2>\n<p><span style=\"font-weight: 400;\">Au milieu des d\u00e9fis sans pr\u00e9c\u00e9dent pos\u00e9s par la pand\u00e9mie, l\u2019initiative du Compte d\u2019urgence pour les entreprises canadiennes (CUEC) est devenue un pilier essentiel du soutien aux entreprises locales de Mission. Gr\u00e2ce \u00e0 l\u2019octroi de pr\u00eats sans int\u00e9r\u00eat, le CUEC a jou\u00e9 un r\u00f4le essentiel en permettant \u00e0 ces entreprises de g\u00e9rer efficacement leurs d\u00e9penses op\u00e9rationnelles cruciales, de prot\u00e9ger leur main-d\u2019\u0153uvre et de naviguer dans le paysage complexe des incertitudes \u00e9conomiques. En cons\u00e9quence, une multitude d\u2019entreprises de Mission ont d\u00e9montr\u00e9 leur r\u00e9silience, progressant constamment vers la stabilit\u00e9 financi\u00e8re et l\u2019expansion.<\/span><\/p>\n<p><span style=\"font-weight: 400;\">Bien que la p\u00e9riode de candidature au CUEC ait atteint un <a href=\"http:\/\/ceba.ca\/fr\/information\/what-happens-to-ceba-loan-if-business-closes\/\">fermer<\/a>, les r\u00e9percussions de son impact continuent de r\u00e9sonner dans tout l&#039;\u00e9cosyst\u00e8me commercial de Mission. Dans un contexte de reprise et de rajeunissement, l&#039;esprit indomptable dont font preuve les petites entreprises et les organismes sans but lucratif de la r\u00e9gion constitue un t\u00e9moignage poignant du r\u00f4le central du programme CEBA. Les contributions de ce programme ont transcend\u00e9 sa phase initiale, soulignant son importance d\u00e9terminante pour fortifier l&#039;\u00e9conomie locale et favoriser la durabilit\u00e9 des communaut\u00e9s en p\u00e9riode de crise.<\/span><\/p>\n<h2><span style=\"font-weight: 400;\">Conclusion<\/span><\/h2>\n<p><span style=\"font-weight: 400;\">Le programme CUEC a jou\u00e9 un r\u00f4le crucial en fournissant une aide financi\u00e8re cruciale aux entreprises canadiennes tout au long de la pand\u00e9mie, agissant comme un syst\u00e8me de soutien essentiel pour celles qui font face \u00e0 des d\u00e9fis importants. Les exclusions prudentes du programme ont assur\u00e9 une r\u00e9partition \u00e9quitable et sont rest\u00e9es conformes aux valeurs soci\u00e9tales canadiennes. Bien que la p\u00e9riode de candidature soit ferm\u00e9e, les effets durables du CUEC persistent, soulignant sa contribution essentielle au renforcement de la r\u00e9silience \u00e9conomique en temps de crise.<\/span><\/p>","protected":false},"excerpt":{"rendered":"<p>The CEBA loan in Mission, stands as a crucial Canadian initiative, offering substantial financial support to small businesses and non-profit organizations. Through this program, interest-free loans of up to $60,000 have been extended, proving to be a vital lifeline during the challenges brought about by the pandemic. The local business landscape in Mission, a significant [&hellip;]<\/p>\n","protected":false},"author":2,"featured_media":5134,"parent":0,"menu_order":0,"comment_status":"closed","ping_status":"closed","template":"","meta":{"footnotes":""},"class_list":["post-3787","page","type-page","status-publish","has-post-thumbnail","hentry"],"_links":{"self":[{"href":"http:\/\/ceba.ca\/fr\/wp-json\/wp\/v2\/pages\/3787","targetHints":{"allow":["GET"]}}],"collection":[{"href":"http:\/\/ceba.ca\/fr\/wp-json\/wp\/v2\/pages"}],"about":[{"href":"http:\/\/ceba.ca\/fr\/wp-json\/wp\/v2\/types\/page"}],"author":[{"embeddable":true,"href":"http:\/\/ceba.ca\/fr\/wp-json\/wp\/v2\/users\/2"}],"replies":[{"embeddable":true,"href":"http:\/\/ceba.ca\/fr\/wp-json\/wp\/v2\/comments?post=3787"}],"version-history":[{"count":4,"href":"http:\/\/ceba.ca\/fr\/wp-json\/wp\/v2\/pages\/3787\/revisions"}],"predecessor-version":[{"id":5075,"href":"http:\/\/ceba.ca\/fr\/wp-json\/wp\/v2\/pages\/3787\/revisions\/5075"}],"wp:featuredmedia":[{"embeddable":true,"href":"http:\/\/ceba.ca\/fr\/wp-json\/wp\/v2\/media\/5134"}],"wp:attachment":[{"href":"http:\/\/ceba.ca\/fr\/wp-json\/wp\/v2\/media?parent=3787"}],"curies":[{"name":"wp","href":"https:\/\/api.w.org\/{rel}","templated":true}]}}