{"id":3785,"date":"2023-09-06T05:57:31","date_gmt":"2023-09-06T09:57:31","guid":{"rendered":"http:\/\/ceba.ca\/?page_id=3785"},"modified":"2023-09-06T05:57:31","modified_gmt":"2023-09-06T09:57:31","slug":"ceba-loan-in-sorel","status":"publish","type":"page","link":"http:\/\/ceba.ca\/fr\/ceba-loan-in-sorel\/","title":{"rendered":"Pr\u00eat CUEC \u00e0 Sorel"},"content":{"rendered":"<p><span style=\"font-weight: 400;\">L&#039;initiative de pr\u00eat du CUEC s&#039;est av\u00e9r\u00e9e \u00eatre une ressource vitale pour les entreprises partout dans le monde. <a href=\"https:\/\/en.wikipedia.org\/wiki\/Sorel-Tracy\" target=\"_blank\" rel=\"noopener\">Sorel<\/a> dans les conditions difficiles caus\u00e9es par la pand\u00e9mie de COVID-19. Ce programme national a fourni une aide \u00e9conomique essentielle aux entreprises qualifi\u00e9es, les aidant \u00e0 g\u00e9rer les incertitudes de l&#039;\u00e9conomie.<\/span><\/p>\n<p><span style=\"font-weight: 400;\">Dans cet article, nous explorerons le pr\u00eat CUEC \u00e0 Sorel, <a href=\"http:\/\/ceba.ca\/fr\/information\/who-is-eligible-for-a-ceba-loan\/\">ses conditions d&#039;\u00e9ligibilit\u00e9<\/a>, le potentiel d\u2019annulation de pr\u00eat et l\u2019influence b\u00e9n\u00e9fique que cela a eu sur les entreprises de toute la province.<\/span><\/p>\n<h2><span style=\"font-weight: 400;\">Conditions d\u2019\u00e9ligibilit\u00e9 au pr\u00eat CUEC \u00e0 Sorel<\/span><\/h2>\n<p><span style=\"font-weight: 400;\">Les crit\u00e8res d&#039;admissibilit\u00e9 pour obtenir un pr\u00eat CUEC \u00e0 Sorel refl\u00e8tent ceux en vigueur dans les autres provinces. Pour \u00eatre \u00e9ligibles au pr\u00eat, les entreprises doivent remplir certaines conditions, parmi lesquelles :<\/span><\/p>\n<p><span style=\"font-weight: 400;\">D\u00e9tenir un compte-ch\u00e8ques\/d&#039;exploitation d&#039;entreprise actif \u00e0 compter du 1er mars 2020 (obligatoire au d\u00e9part, mais cette condition pr\u00e9alable a \u00e9t\u00e9 supprim\u00e9e par la suite).<\/span><\/p>\n<p><span style=\"font-weight: 400;\">Fournir la preuve des d\u00e9penses \u00e9ligibles non reportables allant de $20 000 \u00e0 $1,5 million au cours de l&#039;ann\u00e9e 2020.<\/span><\/p>\n<h2><span style=\"font-weight: 400;\">Conditions du pr\u00eat CUEC et remise du pr\u00eat<\/span><\/h2>\n<p><span style=\"font-weight: 400;\">Dans le cadre du programme CUEC de Sorel, les entreprises r\u00e9pondant aux crit\u00e8res peuvent obtenir des pr\u00eats sans int\u00e9r\u00eat pouvant atteindre un maximum de $60 000. Les modalit\u00e9s r\u00e9gissant le remboursement et l\u2019exon\u00e9ration du pr\u00eat CUEC sont d\u00e9crites comme suit\u00a0:<\/span><\/p>\n<h3><span style=\"font-weight: 400;\">Remise de pr\u00eat\u00a0<\/span><\/h3>\n<p><span style=\"font-weight: 400;\">Les entreprises qui remboursent enti\u00e8rement leurs pr\u00eats CUEC avant la date limite fix\u00e9e, soit le 31 d\u00e9cembre 2023, ont la possibilit\u00e9 d&#039;\u00eatre admissibles \u00e0 une remise de pr\u00eat, d&#039;un montant maximum de $20 000.<\/span><\/p>\n<h3><span style=\"font-weight: 400;\">Remboursement et conversion<\/span><\/h3>\n<p><span style=\"font-weight: 400;\">Dans les cas o\u00f9 le pr\u00eat n\u2019est pas enti\u00e8rement r\u00e9gl\u00e9 \u00e0 la date limite de remise, il sera transform\u00e9 en un pr\u00eat \u00e0 terme de 2 ans. Ce pr\u00eat \u00e0 terme portera un taux d&#039;int\u00e9r\u00eat de 5% par an.<\/span><\/p>\n<h2><span style=\"font-weight: 400;\">Influence sur les entreprises de Sorel<\/span><\/h2>\n<p><span style=\"font-weight: 400;\">L&#039;initiative du pr\u00eat CUEC a laiss\u00e9 une empreinte marqu\u00e9e sur les entreprises de Sorel. En fournissant un soutien financier dans un contexte d&#039;impr\u00e9visibilit\u00e9 \u00e9conomique, le programme a jou\u00e9 un r\u00f4le central en aidant les entreprises de divers secteurs \u00e0 maintenir leur stabilit\u00e9, \u00e0 pr\u00e9server leur main-d&#039;\u0153uvre et \u00e0 faire face \u00e0 des d\u00e9penses op\u00e9rationnelles cruciales. L\u2019injection de capitaux a permis \u00e0 de nombreuses entreprises de s\u2019adapter, de pivoter et d\u2019identifier de nouvelles voies d\u2019expansion, jouant ainsi un r\u00f4le dans la r\u00e9surgence \u00e9conomique plus large de la province.<\/span><\/p>\n<h2><span style=\"font-weight: 400;\">Facilement accessible et universellement accessible<\/span><\/h2>\n<p><span style=\"font-weight: 400;\"><a href=\"http:\/\/ceba.ca\/fr\/ceba-loan\/\">L\u2019initiative de pr\u00eat CUEC<\/a> a \u00e9t\u00e9 con\u00e7u pour le confort des entreprises de Sorel, facilit\u00e9 par la collaboration de plusieurs institutions financi\u00e8res \u00e0 travers la province. Les entreprises ont eu la libert\u00e9 de soumettre leurs demandes de pr\u00eat par l&#039;interm\u00e9diaire de leurs principaux \u00e9tablissements financiers, garantissant ainsi une proc\u00e9dure fluide et une plus grande disponibilit\u00e9 pour les entreprises soreliennes ayant besoin d&#039;un accompagnement. Cette approche a permis aux entreprises d\u2019exploiter efficacement le pr\u00eat CUEC pour leurs avantages respectifs.<\/span><\/p>\n<h2><span style=\"font-weight: 400;\">Soutien du gouvernement et perspectives d\u2019avenir<\/span><\/h2>\n<p><span style=\"font-weight: 400;\">Les efforts de collaboration des gouvernements f\u00e9d\u00e9ral et de Sorel ont soulign\u00e9 leur engagement \u00e0 soutenir les entreprises par le biais d&#039;initiatives telles que le CUEC. Alors que la province progresse sur la voie de la reprise \u00e9conomique, le soutien ind\u00e9fectible du gouvernement aux petites entreprises persiste. Parall\u00e8lement \u00e0 l&#039;initiative de pr\u00eat du CUEC, une gamme de programmes, de subventions et de ressources sont disponibles, pr\u00eats \u00e0 renforcer et \u00e0 propulser la croissance des entreprises de Sorel, renfor\u00e7ant ainsi leur capacit\u00e9 \u00e0 surmonter les d\u00e9fis et \u00e0 se d\u00e9velopper.<\/span><\/p>\n<h2><span style=\"font-weight: 400;\">Surmonter les obstacles au remboursement du pr\u00eat CUEC<\/span><\/h2>\n<p><span style=\"font-weight: 400;\">Quelle que soit la situation de votre entreprise, tous les b\u00e9n\u00e9ficiaires du pr\u00eat CUEC doivent respecter les <a href=\"http:\/\/ceba.ca\/fr\/ceba-loan-repayment\/\">conditions de remboursement du pr\u00eat<\/a> fix\u00e9es par leurs institutions financi\u00e8res respectives. Il est essentiel de consulter les modalit\u00e9s de remboursement pr\u00e9cises d\u00e9finies par votre \u00e9tablissement financier pour conna\u00eetre votre date limite de remboursement et comprendre les stipulations d&#039;exon\u00e9ration de pr\u00eat li\u00e9es \u00e0 votre pr\u00eat sp\u00e9cifique.<\/span><\/p>\n<h2><span style=\"font-weight: 400;\">D\u00e9faut de pr\u00eat et cons\u00e9quences<\/span><\/h2>\n<p><span style=\"font-weight: 400;\">Si vous vous trouvez incapable de rembourser votre pr\u00eat CUEC avant la date limite indiqu\u00e9e dans vos conditions de remboursement, cela sera consid\u00e9r\u00e9 comme un d\u00e9faut. Dans de tels cas, votre institution financi\u00e8re prendra contact pour d\u00e9lib\u00e9rer sur les mesures ult\u00e9rieures. Selon la situation, la possibilit\u00e9 de <a href=\"http:\/\/ceba.ca\/fr\/information\/ceba-forgiveness\/\">remise de pr\u00eat<\/a> peut \u00eatre compromis si votre pr\u00eat n\u2019est pas dans une situation favorable.<\/span><\/p>\n<h2><span style=\"font-weight: 400;\">Date d\u2019\u00e9ch\u00e9ance du remboursement et demande d\u2019int\u00e9r\u00eats<\/span><\/h2>\n<p><span style=\"font-weight: 400;\">Dans le cas d\u2019emprunteurs remplissant les conditions d\u2019admissibilit\u00e9 au CUEC et conservant une situation satisfaisante, l\u2019absence de remboursement du pr\u00eat d\u2019ici le 31 d\u00e9cembre 2023 entra\u00eenera la perte des privil\u00e8ges de remise de pr\u00eat. Par la suite, du 1er janvier 2024 au 31 d\u00e9cembre 2025, des int\u00e9r\u00eats seront pr\u00e9lev\u00e9s sur le solde restant de votre pr\u00eat CUEC.<\/span><\/p>\n<h2><span style=\"font-weight: 400;\">Impact du changement de propri\u00e9t\u00e9\u00a0<\/span><\/h2>\n<p><span style=\"font-weight: 400;\">Les cons\u00e9quences des conditions de remboursement dues \u00e0 un changement de propri\u00e9taire de l&#039;entreprise d\u00e9pendent de la structure juridique de votre entreprise. Des exigences et des proc\u00e9dures distinctes en mati\u00e8re de remboursement des pr\u00eats peuvent s&#039;appliquer aux entreprises individuelles et aux soci\u00e9t\u00e9s. Il est recommand\u00e9 de contacter votre institution financi\u00e8re pour explorer les implications sp\u00e9cifiques sur le remboursement et toute autre condition de pr\u00eat affect\u00e9e par le changement de propri\u00e9taire.<\/span><\/p>\n<h2><span style=\"font-weight: 400;\">D\u00e9fis rencontr\u00e9s par les entreprises de Sorel pour le remboursement du pr\u00eat CUEC\u00a0<\/span><\/h2>\n<p><span style=\"font-weight: 400;\">Selon la FCEI, une majorit\u00e9 significative \u2013 environ 891 TP3T \u2013 des petites entreprises de Sorel ont eu recours aux pr\u00eats du CUEC pour relever les d\u00e9fis de la pand\u00e9mie. Cependant, \u00e0 l&#039;approche de l&#039;\u00e9ch\u00e9ance de remboursement, seuls 10% d&#039;entrepreneurs ont r\u00e9ussi \u00e0 r\u00e9gler leurs impay\u00e9s. De nombreuses entreprises, en particulier celles comptant moins de quatre employ\u00e9s, ainsi que celles \u0153uvrant dans des secteurs tels que les arts, les loisirs, l&#039;information, l&#039;h\u00f4tellerie et les services sociaux, devraient avoir besoin d&#039;aide pour respecter le seuil de remboursement.<\/span><\/p>\n<p><span style=\"font-weight: 400;\">M\u00eame les propri\u00e9taires d&#039;entreprise qui ont l&#039;intention de remplir leurs engagements li\u00e9s au pr\u00eat CUEC avant la date limite s&#039;attendent \u00e0 des difficult\u00e9s consid\u00e9rables. Environ la moiti\u00e9 de ces propri\u00e9taires expriment des appr\u00e9hensions quant \u00e0 la pression financi\u00e8re importante \u00e0 laquelle ils seront confront\u00e9s. En outre, 59% estime que le remboursement du pr\u00eat entravera sa capacit\u00e9 \u00e0 r\u00e9tablir les niveaux de revenus d\u2019avant la pand\u00e9mie \u2013 une r\u00e9alisation qui reste difficile en raison des difficult\u00e9s \u00e9conomiques persistantes.<\/span><\/p>\n<h2><span style=\"font-weight: 400;\">Demande de secours et de soutien\u00a0<\/span><\/h2>\n<p><span style=\"font-weight: 400;\">Les conclusions de la FCEI soulignent que pr\u00e8s des trois quarts des propri\u00e9taires de petites entreprises de Sorel demandent une prolongation de la date d&#039;\u00e9ch\u00e9ance du remboursement du CUEC. Parmi eux, 30% plaide pour un report d&#039;un an, tandis que 42% sollicite un report de deux ans. Une telle prolongation offrirait un r\u00e9pit bien n\u00e9cessaire, donnant aux entreprises une chance de r\u00e9sister au climat \u00e9conomique exigeant.<\/span><\/p>\n<h2><span style=\"font-weight: 400;\">Recommandations de la FCEI<\/span><\/h2>\n<p><span style=\"font-weight: 400;\">\u00c0 la lumi\u00e8re des circonstances pressantes, la FCEI formule plusieurs recommandations adress\u00e9es au gouvernement f\u00e9d\u00e9ral. Leurs suggestions englobent\u00a0:<\/span><\/p>\n<h3><span style=\"font-weight: 400;\">Prolongation du d\u00e9lai de remboursement\u00a0<\/span><\/h3>\n<p><span style=\"font-weight: 400;\">La FCEI exhorte fortement le gouvernement f\u00e9d\u00e9ral \u00e0 envisager de prolonger la date limite de remboursement des pr\u00eats CUEC jusqu&#039;en 2025 ou, \u00e0 tout le moins, jusqu&#039;en 2024. Cette prolongation vise \u00e0 offrir aux entreprises un d\u00e9lai plus g\u00e9rable pour le r\u00e8glement des pr\u00eats.<\/span><\/p>\n<h3><span style=\"font-weight: 400;\">Remise de dette am\u00e9lior\u00e9e\u00a0<\/span><\/h3>\n<p><span style=\"font-weight: 400;\">La FCEI plaide pour une augmentation des remises de dette, proposant une remise partielle de pr\u00eat minimum de 501 TP3T. Cet ajustement vise \u00e0 all\u00e9ger le fardeau des entreprises aux prises avec des difficult\u00e9s financi\u00e8res.<\/span><\/p>\n<h3><span style=\"font-weight: 400;\">Mise en place d&#039;un m\u00e9canisme d&#039;appel<\/span><\/h3>\n<p><span style=\"font-weight: 400;\">La FCEI demande la mise en place d&#039;un processus d&#039;appel pour rem\u00e9dier \u00e0 la situation difficile d&#039;environ 50 000 entreprises qui ont initialement re\u00e7u des pr\u00eats mais qui ont ensuite \u00e9t\u00e9 jug\u00e9es inadmissibles. Cette mesure vise \u00e0 rectifier les disparit\u00e9s potentielles et \u00e0 assurer l\u2019\u00e9quit\u00e9.<\/span><\/p>\n<h2><span style=\"font-weight: 400;\">Les implications plus larges du pr\u00eat CUEC<\/span><\/h2>\n<p><span style=\"font-weight: 400;\">La fermeture potentielle d\u2019un nombre important d\u2019entreprises pourrait avoir des cons\u00e9quences notables non seulement pour les propri\u00e9taires individuels mais aussi pour l\u2019\u00e9conomie dans son ensemble. Cette situation survient \u00e0 un moment difficile, alors que les \u00e9conomistes pr\u00e9voient une l\u00e9g\u00e8re r\u00e9cession potentielle au Canada au cours de la derni\u00e8re partie de l\u2019ann\u00e9e.<\/span><\/p>\n<h2><span style=\"font-weight: 400;\">Conclusion<\/span><\/h2>\n<p><span style=\"font-weight: 400;\">L\u2019initiative de pr\u00eat CUEC \u00e0 Sorel s\u2019est r\u00e9v\u00e9l\u00e9e \u00eatre une bou\u00e9e de sauvetage cruciale pour les entreprises aux prises avec les profonds d\u00e9fis pos\u00e9s par la pand\u00e9mie de COVID-19. En offrant des pr\u00eats sans int\u00e9r\u00eat assortis de perspectives d\u2019exon\u00e9ration de pr\u00eat, ce programme a non seulement apport\u00e9 une aide financi\u00e8re essentielle, mais a \u00e9galement favoris\u00e9 la r\u00e9silience et l\u2019adaptation des entreprises de toute la province.<\/span><\/p>\n<p><span style=\"font-weight: 400;\">La collaboration concert\u00e9e entre les entit\u00e9s gouvernementales et les institutions financi\u00e8res a ouvert la voie \u00e0 une disponibilit\u00e9 g\u00e9n\u00e9ralis\u00e9e des pr\u00eats CUEC, garantissant ainsi que les entreprises de Sorel puissent acc\u00e9der \u00e0 l&#039;aide financi\u00e8re n\u00e9cessaire pour traverser ces circonstances sans pr\u00e9c\u00e9dent. Alors que Sorel va de l\u2019avant, le programme de pr\u00eat CUEC demeure une source de soutien constante, permettant aux entreprises de prosp\u00e9rer dans le paysage transformateur qui a suivi la pand\u00e9mie.<\/span><\/p>","protected":false},"excerpt":{"rendered":"<p>The CEBA loan initiative has proven to be a vital resource for enterprises throughout Sorel during the difficult conditions caused by the COVID-19 pandemic. This national scheme has supplied essential economic aid to qualified businesses, aiding them in managing the uncertainties of the economy. Within this piece, we will explore the CEBA loan in Sorel, [&hellip;]<\/p>\n","protected":false},"author":2,"featured_media":5133,"parent":0,"menu_order":0,"comment_status":"closed","ping_status":"closed","template":"","meta":{"footnotes":""},"class_list":["post-3785","page","type-page","status-publish","has-post-thumbnail","hentry"],"_links":{"self":[{"href":"http:\/\/ceba.ca\/fr\/wp-json\/wp\/v2\/pages\/3785","targetHints":{"allow":["GET"]}}],"collection":[{"href":"http:\/\/ceba.ca\/fr\/wp-json\/wp\/v2\/pages"}],"about":[{"href":"http:\/\/ceba.ca\/fr\/wp-json\/wp\/v2\/types\/page"}],"author":[{"embeddable":true,"href":"http:\/\/ceba.ca\/fr\/wp-json\/wp\/v2\/users\/2"}],"replies":[{"embeddable":true,"href":"http:\/\/ceba.ca\/fr\/wp-json\/wp\/v2\/comments?post=3785"}],"version-history":[{"count":4,"href":"http:\/\/ceba.ca\/fr\/wp-json\/wp\/v2\/pages\/3785\/revisions"}],"predecessor-version":[{"id":5074,"href":"http:\/\/ceba.ca\/fr\/wp-json\/wp\/v2\/pages\/3785\/revisions\/5074"}],"wp:featuredmedia":[{"embeddable":true,"href":"http:\/\/ceba.ca\/fr\/wp-json\/wp\/v2\/media\/5133"}],"wp:attachment":[{"href":"http:\/\/ceba.ca\/fr\/wp-json\/wp\/v2\/media?parent=3785"}],"curies":[{"name":"wp","href":"https:\/\/api.w.org\/{rel}","templated":true}]}}