{"id":3757,"date":"2023-09-06T05:31:13","date_gmt":"2023-09-06T09:31:13","guid":{"rendered":"http:\/\/ceba.ca\/?page_id=3757"},"modified":"2023-09-06T05:31:13","modified_gmt":"2023-09-06T09:31:13","slug":"ceba-loan-in-woodstock","status":"publish","type":"page","link":"http:\/\/ceba.ca\/fr\/ceba-loan-in-woodstock\/","title":{"rendered":"Pr\u00eat CUEC \u00e0 Woodstock"},"content":{"rendered":"<p><span style=\"font-weight: 400;\">Dans la ville pittoresque de <a href=\"https:\/\/en.wikipedia.org\/wiki\/Woodstock,_Ontario\" target=\"_blank\" rel=\"noopener\">Woodstock<\/a>, nich\u00e9es au milieu des paysages sereins de l&#039;Ontario, les entreprises locales sont l&#039;\u00e9l\u00e9ment vital de la communaut\u00e9. Ces entreprises ont travers\u00e9 de nombreuses temp\u00eates, tant \u00e9conomiques que naturelles, pour rester des piliers de r\u00e9silience et d\u2019innovation. Dans leur cheminement continu vers la croissance et la durabilit\u00e9, le pr\u00eat du Compte d\u2019urgence pour les entreprises canadiennes (CUEC) est devenu une bou\u00e9e de sauvetage cruciale, offrant un soutien financier vital aux entreprises de Woodstock pendant les p\u00e9riodes difficiles. Cet article explore les subtilit\u00e9s du pr\u00eat CUEC \u00e0 Woodstock et son impact sur les entreprises locales.<\/span><\/p>\n<h2><span style=\"font-weight: 400;\">Pr\u00eat CUEC en <\/span><span style=\"font-weight: 400;\">Woodstock<\/span><span style=\"font-weight: 400;\">: Une bou\u00e9e de sauvetage pour les entreprises<\/span><\/h2>\n<p><span style=\"font-weight: 400;\"><a href=\"https:\/\/ceba-cuec.ca\/\" target=\"_blank\" rel=\"noopener\">Le Compte d&#039;urgence pour les entreprises canadiennes (CUEC) a \u00e9t\u00e9 introduit par le gouvernement canadien<\/a> en r\u00e9ponse aux perturbations \u00e9conomiques caus\u00e9es par la pand\u00e9mie de COVID-19. Ce pr\u00eat sans int\u00e9r\u00eat a \u00e9t\u00e9 con\u00e7u pour apporter une aide financi\u00e8re aux petites entreprises et aux organismes \u00e0 but non lucratif aux prises avec les cons\u00e9quences financi\u00e8res de la pand\u00e9mie. \u00c0 Woodstock, o\u00f9 les entreprises locales constituent le c\u0153ur de la communaut\u00e9, le pr\u00eat CUEC est rapidement devenu une ressource indispensable.<\/span><\/p>\n<h2><span style=\"font-weight: 400;\">Crit\u00e8res d&#039;\u00e9ligibilit\u00e9 et processus de candidature<\/span><\/h2>\n<p><span style=\"font-weight: 400;\">Les entreprises de Woodstock cherchant de l\u2019aide gr\u00e2ce au pr\u00eat CUEC devaient r\u00e9pondre \u00e0 certains crit\u00e8res d\u2019\u00e9ligibilit\u00e9. Ces crit\u00e8res comprenaient g\u00e9n\u00e9ralement une masse salariale comprise dans une fourchette sp\u00e9cifique, une activit\u00e9 \u00e0 partir d&#039;une date d\u00e9sign\u00e9e et la possession d&#039;un compte professionnel valide. En remplissant ces conditions, les entreprises pouvaient demander un pr\u00eat par l&#039;interm\u00e9diaire de leurs institutions financi\u00e8res, souvent via des portails de candidature en ligne.<\/span><\/p>\n<p><span style=\"font-weight: 400;\">La facilit\u00e9 d&#039;application et les crit\u00e8res d&#039;\u00e9ligibilit\u00e9 relativement simples ont rendu le pr\u00eat CUEC accessible \u00e0 un large \u00e9ventail d&#039;entreprises de Woodstock, allant des boutiques et caf\u00e9s locaux aux unit\u00e9s de fabrication familiales.<\/span><\/p>\n<h2><span style=\"font-weight: 400;\">Soutien financier et utilisation<\/span><\/h2>\n<p><span style=\"font-weight: 400;\">Le pr\u00eat CEBA offrait initialement une injection financi\u00e8re pouvant atteindre $40,000 aux entreprises \u00e9ligibles. Ce soutien financier \u00e9tait destin\u00e9 \u00e0 aider \u00e0 couvrir les co\u00fbts de fonctionnement essentiels, tels que la masse salariale, le loyer, les services publics et d&#039;autres d\u00e9penses non reportables. Pour de nombreuses entreprises de Woodstock, cette bou\u00e9e de sauvetage a jou\u00e9 un r\u00f4le central pour assurer leur survie pendant les temps incertains provoqu\u00e9s par la pand\u00e9mie.<\/span><\/p>\n<p><span style=\"font-weight: 400;\">Les fonds obtenus gr\u00e2ce au pr\u00eat CUEC ont donn\u00e9 aux entreprises la flexibilit\u00e9 n\u00e9cessaire pour adapter leurs op\u00e9rations. \u00c0 Woodstock, cela signifiait souvent passer aux ventes en ligne, mettre en \u0153uvre des mesures de s\u00e9curit\u00e9 et ajuster les niveaux de personnel pour s&#039;adapter \u00e0 l&#039;\u00e9volution des demandes des consommateurs.<\/span><\/p>\n<p><span style=\"font-weight: 400;\">La facilit\u00e9 d&#039;application et les crit\u00e8res d&#039;\u00e9ligibilit\u00e9 relativement simples ont rendu le pr\u00eat CUEC accessible \u00e0 un large \u00e9ventail d&#039;entreprises de Woodstock, allant des boutiques et caf\u00e9s locaux aux unit\u00e9s de fabrication familiales.<\/span><\/p>\n<h2><span style=\"font-weight: 400;\">Impact du CUEC \u00e0 Woodstock<\/span><\/h2>\n<p><span style=\"font-weight: 400;\">L&#039;impact du pr\u00eat CUEC sur le paysage commercial de Woodstock ne peut \u00eatre surestim\u00e9. Au-del\u00e0 de l\u2019aide financi\u00e8re imm\u00e9diate qu\u2019il offrait, le programme a entra\u00een\u00e9 une s\u00e9rie de changements transformateurs qui ont profond\u00e9ment r\u00e9sonn\u00e9 au sein de la communaut\u00e9.<\/span><\/p>\n<h3><span style=\"font-weight: 400;\">1. Espoir et d\u00e9termination renouvel\u00e9s<\/span><\/h3>\n<p><span style=\"font-weight: 400;\">Le pr\u00eat du CUEC a insuffl\u00e9 un sentiment renouvel\u00e9 d&#039;espoir et de d\u00e9termination parmi les propri\u00e9taires d&#039;entreprises de Woodstock. Face \u00e0 des d\u00e9fis sans pr\u00e9c\u00e9dent, la disponibilit\u00e9 d\u2019un soutien financier a montr\u00e9 que le gouvernement reconnaissait leurs difficult\u00e9s et s\u2019engageait \u00e0 assurer leur survie. Cet \u00e9lan \u00e9motionnel s&#039;est traduit par une volont\u00e9 de s&#039;adapter, d&#039;innover et de pers\u00e9v\u00e9rer dans les moments difficiles.<\/span><\/p>\n<h3><span style=\"font-weight: 400;\">2. Pr\u00e9venir les fermetures et les pertes d&#039;emplois<\/span><\/h3>\n<p><span style=\"font-weight: 400;\">L&#039;un des plus cruciaux <a href=\"http:\/\/ceba.ca\/fr\/ceba-loan\/\">impacts du pr\u00eat CUEC<\/a> C\u2019est son r\u00f4le dans la pr\u00e9vention des fermetures g\u00e9n\u00e9ralis\u00e9es et des pertes d\u2019emplois. De nombreuses entreprises de Woodstock \u00e9taient au bord du gouffre en raison des perturbations soudaines caus\u00e9es par la pand\u00e9mie. Le pr\u00eat a constitu\u00e9 une bou\u00e9e de sauvetage qui a permis \u00e0 ces entreprises de payer leurs employ\u00e9s, de couvrir les d\u00e9penses essentielles <a href=\"http:\/\/ceba.ca\/fr\/news\/when-does-the-ceba-loan-need-to-be-repaid\/\">d\u00e9penses<\/a>, et gardent leurs portes ouvertes. Cela a non seulement pr\u00e9serv\u00e9 les emplois, mais a \u00e9galement maintenu la diversit\u00e9 des biens et services sur lesquels comptait la communaut\u00e9.<\/span><\/p>\n<h3><span style=\"font-weight: 400;\">3. Stabiliser l&#039;\u00e9conomie locale<\/span><\/h3>\n<p><span style=\"font-weight: 400;\">Le pr\u00eat du CUEC a agi comme une force stabilisatrice pour l&#039;\u00e9conomie locale de Woodstock. En garantissant aux entreprises les moyens de poursuivre leurs activit\u00e9s, le pr\u00eat a att\u00e9nu\u00e9 l\u2019effet domino que les fermetures et les licenciements auraient pu avoir sur le paysage \u00e9conomique dans son ensemble. Cela a permis d\u2019\u00e9viter une spirale descendante de r\u00e9duction des d\u00e9penses de consommation, de baisse de la demande de biens et de services et, en fin de compte, d\u2019un affaiblissement de l\u2019\u00e9conomie locale.<\/span><\/p>\n<h3><span style=\"font-weight: 400;\">4. Poursuite des activit\u00e9s \u00e9conomiques<\/span><\/h3>\n<p><span style=\"font-weight: 400;\">Le pr\u00eat a facilit\u00e9 la poursuite d\u2019activit\u00e9s \u00e9conomiques vitales au sein de la communaut\u00e9. Les entreprises de Woodstock sont rest\u00e9es ouvertes et op\u00e9rationnelles, offrant aux r\u00e9sidents un acc\u00e8s aux produits et services essentiels. Cette continuit\u00e9 a contribu\u00e9 \u00e0 maintenir un semblant de normalit\u00e9 en p\u00e9riode d\u2019incertitude. Qu&#039;il s&#039;agisse de la boulangerie du coin qui a continu\u00e9 \u00e0 offrir du pain frais ou de la quincaillerie locale qui a fourni des outils pour am\u00e9liorer la maison, le pr\u00eat CUEC a jou\u00e9 un r\u00f4le dans le maintien des routines de la vie quotidienne.<\/span><\/p>\n<h3><span style=\"font-weight: 400;\">5. Renforcer l&#039;engagement communautaire<\/span><\/h3>\n<p><span style=\"font-weight: 400;\">Les entreprises de Woodstock sont bien plus que de simples lieux de commerce ; ce sont des centres d\u2019engagement communautaire. Du caf\u00e9 de quartier o\u00f9 les habitants se rassemblent \u00e0 la librairie qui organise des lectures, ces commerces favorisent les liens entre les r\u00e9sidents. Le soutien du pr\u00eat CUEC a aid\u00e9 ces \u00e9tablissements \u00e0 rester \u00e0 flot, garantissant que les espaces o\u00f9 les liens communautaires se sont tiss\u00e9s restent intacts.<\/span><\/p>\n<h3><span style=\"font-weight: 400;\">6. D\u00e9fendre l&#039;identit\u00e9 locale<\/span><\/h3>\n<p><span style=\"font-weight: 400;\">Chaque ville a son identit\u00e9 unique, souvent fa\u00e7onn\u00e9e par ses entreprises. Woodstock ne fait pas exception, avec son m\u00e9lange distinct de magasins, de restaurants et de services qui donnent son caract\u00e8re \u00e0 la ville. L&#039;impact du pr\u00eat CUEC sur ces entreprises a contribu\u00e9 \u00e0 pr\u00e9server l&#039;identit\u00e9 locale de Woodstock. Les signes familiers, les visages amicaux et les traditions ch\u00e8res sont rest\u00e9s intacts, procurant un sentiment de stabilit\u00e9 au milieu du chaos.<\/span><\/p>\n<p><span style=\"font-weight: 400;\">En r\u00e9sum\u00e9, le programme de pr\u00eats CUEC n&#039;a pas seulement apport\u00e9 une aide financi\u00e8re ; il d\u00e9fendait l\u2019essence m\u00eame de Woodstock. Il a permis aux propri\u00e9taires d&#039;entreprises de conserver des emplois solides et pr\u00e9serv\u00e9s et a veill\u00e9 \u00e0 ce que le tissu \u00e9conomique et social de la ville reste r\u00e9silient. Alors que Woodstock se tourne vers l\u2019avenir, l\u2019h\u00e9ritage du pr\u00eat CUEC restera dans les m\u00e9moires comme un t\u00e9moignage du pouvoir de l\u2019unit\u00e9, du soutien et de l\u2019esprit durable d\u2019une communaut\u00e9 d\u00e9termin\u00e9e \u00e0 prosp\u00e9rer malgr\u00e9 les obstacles.<\/span><\/p>\n<h2><span style=\"font-weight: 400;\">D\u00e9fis rencontr\u00e9s et le\u00e7ons apprises<\/span><\/h2>\n<p><span style=\"font-weight: 400;\">M\u00eame si le pr\u00eat du CUEC a sans aucun doute apport\u00e9 une aide essentielle, il n\u2019a pas \u00e9t\u00e9 sans difficult\u00e9s. La forte demande et les complexit\u00e9s administratives des premi\u00e8res \u00e9tapes ont entra\u00een\u00e9 des retards dans le d\u00e9caissement des fonds, laissant certaines entreprises dans une situation financi\u00e8re pr\u00e9caire. Cependant, le gouvernement et les institutions financi\u00e8res ont pris des mesures pour rationaliser le processus, garantissant ainsi une exp\u00e9rience plus fluide aux candidats ult\u00e9rieurs.<\/span><\/p>\n<p><span style=\"font-weight: 400;\">L&#039;exp\u00e9rience de Woodstock avec le pr\u00eat du CUEC a mis en \u00e9vidence l&#039;importance de se pr\u00e9parer aux \u00e9v\u00e9nements impr\u00e9vus. De nombreuses entreprises ont pris conscience de la n\u00e9cessit\u00e9 de sources de revenus diversifi\u00e9es, d\u2019une solide pr\u00e9sence en ligne et de plans d\u2019urgence qui pourraient les aider \u00e0 faire face aux incertitudes futures avec une plus grande r\u00e9silience.<\/span><\/p>\n<h2><span style=\"font-weight: 400;\">Regarder vers l\u2019avenir\u00a0: maintenir l\u2019\u00e9lan<\/span><\/h2>\n<p><span style=\"font-weight: 400;\">Alors que Woodstock sort de l\u2019emprise imm\u00e9diate de la pand\u00e9mie, l\u2019impact du pr\u00eat CUEC continue de se faire sentir. Les enseignements tir\u00e9s et le soutien re\u00e7u ont jet\u00e9 les bases d\u2019une communaut\u00e9 d\u2019affaires plus r\u00e9siliente. Les entreprises de Woodstock sont d\u00e9sormais mieux \u00e9quip\u00e9es pour faire face aux d\u00e9fis futurs, arm\u00e9es d&#039;exp\u00e9riences qui soulignent l&#039;importance de l&#039;adaptabilit\u00e9 et de la planification financi\u00e8re.<\/span><\/p>\n<p><span style=\"font-weight: 400;\">Le succ\u00e8s du programme de pr\u00eat CUEC rappelle \u00e9galement le r\u00f4le crucial que les initiatives gouvernementales peuvent jouer pour soutenir les \u00e9conomies locales. La collaboration entre les programmes f\u00e9d\u00e9raux et les efforts communautaires \u00e0 Woodstock a d\u00e9montr\u00e9 le pouvoir de l\u2019unit\u00e9 en temps de crise.<\/span><\/p>\n<h2><span style=\"font-weight: 400;\">Conclusion<\/span><\/h2>\n<p><span style=\"font-weight: 400;\">Dans la ville pittoresque de Woodstock, o\u00f9 chaque coin de rue raconte une histoire et o\u00f9 chaque entreprise locale est un atout pr\u00e9cieux, le pr\u00eat du CUEC a laiss\u00e9 sa marque comme une lueur d&#039;espoir et de soutien. Gr\u00e2ce \u00e0 son aide financi\u00e8re et aux enseignements qu\u2019il a dispens\u00e9s, le pr\u00eat a non seulement aid\u00e9 les entreprises \u00e0 r\u00e9sister \u00e0 la temp\u00eate, mais a \u00e9galement sem\u00e9 les graines d\u2019un avenir plus fort et plus r\u00e9silient. \u00c0 mesure que les entreprises de Woodstock continuent d&#039;\u00e9voluer et de s&#039;adapter, elles le font en sachant qu&#039;elles disposent d&#039;une communaut\u00e9, d&#039;un gouvernement et d&#039;un syst\u00e8me de soutien qui croient en leur potentiel et en leur r\u00f4le de force motrice derri\u00e8re l&#039;esprit durable de Woodstock.<\/span><\/p>","protected":false},"excerpt":{"rendered":"<p>In the quaint town of Woodstock, nestled amidst the serene landscapes of Ontario, local businesses are the lifeblood of the community. These businesses have weathered numerous storms, both economic and natural, to remain pillars of resilience and innovation. In their continued journey towards growth and sustainability, the Canada Emergency Business Account (CEBA) loan has emerged [&hellip;]<\/p>\n","protected":false},"author":2,"featured_media":5119,"parent":0,"menu_order":0,"comment_status":"closed","ping_status":"closed","template":"","meta":{"footnotes":""},"class_list":["post-3757","page","type-page","status-publish","has-post-thumbnail","hentry"],"_links":{"self":[{"href":"http:\/\/ceba.ca\/fr\/wp-json\/wp\/v2\/pages\/3757","targetHints":{"allow":["GET"]}}],"collection":[{"href":"http:\/\/ceba.ca\/fr\/wp-json\/wp\/v2\/pages"}],"about":[{"href":"http:\/\/ceba.ca\/fr\/wp-json\/wp\/v2\/types\/page"}],"author":[{"embeddable":true,"href":"http:\/\/ceba.ca\/fr\/wp-json\/wp\/v2\/users\/2"}],"replies":[{"embeddable":true,"href":"http:\/\/ceba.ca\/fr\/wp-json\/wp\/v2\/comments?post=3757"}],"version-history":[{"count":4,"href":"http:\/\/ceba.ca\/fr\/wp-json\/wp\/v2\/pages\/3757\/revisions"}],"predecessor-version":[{"id":5061,"href":"http:\/\/ceba.ca\/fr\/wp-json\/wp\/v2\/pages\/3757\/revisions\/5061"}],"wp:featuredmedia":[{"embeddable":true,"href":"http:\/\/ceba.ca\/fr\/wp-json\/wp\/v2\/media\/5119"}],"wp:attachment":[{"href":"http:\/\/ceba.ca\/fr\/wp-json\/wp\/v2\/media?parent=3757"}],"curies":[{"name":"wp","href":"https:\/\/api.w.org\/{rel}","templated":true}]}}