{"id":3737,"date":"2023-09-06T03:35:41","date_gmt":"2023-09-06T07:35:41","guid":{"rendered":"http:\/\/ceba.ca\/?page_id=3737"},"modified":"2023-09-06T03:35:41","modified_gmt":"2023-09-06T07:35:41","slug":"ceba-loan-in-brandon","status":"publish","type":"page","link":"http:\/\/ceba.ca\/fr\/ceba-loan-in-brandon\/","title":{"rendered":"Pr\u00eat CUEC \u00e0 Brandon"},"content":{"rendered":"<p><span style=\"font-weight: 400;\">Dans la ville anim\u00e9e de <a href=\"https:\/\/en.wikipedia.org\/wiki\/Brandon,_Manitoba\" target=\"_blank\" rel=\"noopener\">Brandon<\/a>, les entreprises locales ont \u00e9t\u00e9 confront\u00e9es \u00e0 des obstacles sans pr\u00e9c\u00e9dent pendant la pand\u00e9mie de COVID-19. Cependant, au milieu de cette tourmente, une bou\u00e9e de sauvetage s\u2019est mat\u00e9rialis\u00e9e sous la forme du programme de pr\u00eat du Compte d\u2019urgence pour les entreprises canadiennes (CUEC). Elle est apparue pr\u00e9cis\u00e9ment au moment o\u00f9 les entreprises \u00e9taient aux prises avec les incertitudes provoqu\u00e9es par la pand\u00e9mie.<\/span><\/p>\n<p><span style=\"font-weight: 400;\">L&#039;importance du pr\u00eat du CUEC \u00e0 Brandon ne peut \u00eatre surestim\u00e9e. Il a servi de phare financier, porteur d\u2019espoir et de pierre angulaire de la relance de l\u2019\u00e9conomie locale.<\/span><\/p>\n<h2><span style=\"font-weight: 400;\">Pr\u00eat CUEC \u00e0 Brandon<\/span><\/h2>\n<p><span style=\"font-weight: 400;\">Le milieu des affaires de Brandon s\u2019est retrouv\u00e9 \u00e0 l\u2019\u00e9picentre du bouleversement \u00e9conomique d\u00e9clench\u00e9 par la pand\u00e9mie. En r\u00e9ponse \u00e0 ces circonstances extraordinaires, le programme de pr\u00eats du Compte d\u2019urgence pour les entreprises canadiennes (CUEC) est devenu une \u00e9toile directrice, ouvrant la voie \u00e0 la reprise.<\/span><\/p>\n<p><span style=\"font-weight: 400;\">Ce programme a tendu la main aux entreprises \u00e9ligibles, leur permettant d&#039;acc\u00e9der \u00e0 des pr\u00eats garantis par le gouvernement pouvant atteindre $60 000. Ce soutien financier a jou\u00e9 un r\u00f4le central en aidant les entreprises \u00e0 maintenir leur main-d&#039;\u0153uvre, \u00e0 couvrir leurs d\u00e9penses courantes et \u00e0 s&#039;adapter aux changements impr\u00e9visibles du march\u00e9.<\/span><\/p>\n<h2><span style=\"font-weight: 400;\">L\u2019impact des pr\u00eats du CUEC \u00e0 Brandon<\/span><\/h2>\n<p><span style=\"font-weight: 400;\">Dans le paysage \u00e9conomique diversifi\u00e9 de Brandon, l&#039;influence des pr\u00eats du CUEC s&#039;est fait profond\u00e9ment sentir. L&#039;\u00e9conomie de Brandon couvre des secteurs tels que la fabrication, les soins de sant\u00e9, l&#039;\u00e9ducation et la vente au d\u00e9tail, et repose sur l&#039;adaptabilit\u00e9 de ses entreprises. Cependant, face aux dures r\u00e9alit\u00e9s de la pand\u00e9mie, ces diverses entit\u00e9s ont trouv\u00e9 un alli\u00e9 in\u00e9branlable dans les pr\u00eats du CUEC. Tel un canot de sauvetage fiable dans des eaux turbulentes, ces pr\u00eats ont apport\u00e9 un soutien vital pour maintenir les entreprises \u00e0 flot malgr\u00e9 la temp\u00eate.<\/span><\/p>\n<p><span style=\"font-weight: 400;\">Au c\u0153ur de cette reprise \u00e9conomique, les petites entreprises, souvent consid\u00e9r\u00e9es comme l\u2019\u00e9l\u00e9ment vital de la communaut\u00e9, sont devenues les principales b\u00e9n\u00e9ficiaires des pr\u00eats du CUEC. Ces pr\u00eats ont servi de bou\u00e9e de sauvetage, leur permettant de faire face aux circonstances difficiles de cette crise sans pr\u00e9c\u00e9dent.<\/span><\/p>\n<p><span style=\"font-weight: 400;\">\u00a0En tirant parti de ce solide coussin financier, ces entreprises ont r\u00e9ussi \u00e0 maintenir leurs op\u00e9rations sans probl\u00e8me, \u00e0 continuer de servir la communaut\u00e9 et \u00e0 rester \u00e0 l&#039;avant-garde du parcours de Brandon vers la reprise \u00e9conomique. Ce parcours, marqu\u00e9 par le courage et la r\u00e9silience, souligne le r\u00f4le central que les pr\u00eats du CUEC ont jou\u00e9 dans la pr\u00e9servation de l&#039;esprit entrepreneurial et de la t\u00e9nacit\u00e9 de Brandon.<\/span><\/p>\n<h2><span style=\"font-weight: 400;\">Taux d&#039;int\u00e9r\u00eat<\/span><\/h2>\n<p><span style=\"font-weight: 400;\">Dans le domaine des pr\u00eats du CUEC, une lueur d\u2019espoir a brill\u00e9 en ces temps difficiles. Une caract\u00e9ristique remarquable de ces pr\u00eats \u00e9tait le taux d\u2019int\u00e9r\u00eat annuel exceptionnellement favorable de z\u00e9ro pour cent, qui est rest\u00e9 en vigueur jusqu\u2019au 31 d\u00e9cembre 2023. Cette d\u00e9cision r\u00e9fl\u00e9chie visait \u00e0 all\u00e9ger les pressions financi\u00e8res sur les entreprises, en particulier pendant les premi\u00e8res \u00e9tapes de la reprise \u00e9conomique. Cette disposition cruciale a offert un r\u00e9pit, permettant aux entreprises de r\u00e9orienter leurs efforts vers la reconstruction de leurs op\u00e9rations et la revigoration de leurs sources de revenus.<\/span><\/p>\n<p><span style=\"font-weight: 400;\">Cependant, \u00e0 partir du 1er janvier 2024, le paysage change, avec l&#039;introduction d&#039;un taux d&#039;int\u00e9r\u00eat annuel de 5% sur le solde impay\u00e9 du pr\u00eat. Bien que cela signifie la fin de la p\u00e9riode sans int\u00e9r\u00eat, il convient de noter que le <a href=\"http:\/\/ceba.ca\/fr\/news\/is-ceba-interest-free\/\">taux d&#039;int\u00e9r\u00eat<\/a> reste raisonnable, garantissant que les entreprises peuvent toujours conserver leur flexibilit\u00e9 financi\u00e8re.<\/span><\/p>\n<h2><span style=\"font-weight: 400;\">Cat\u00e9gories de d\u00e9penses non reportables pour l\u2019admissibilit\u00e9 au CUEC<\/span><\/h2>\n<p><span style=\"font-weight: 400;\">Les cat\u00e9gories suivantes de d\u00e9penses non reportables servent de crit\u00e8res pour que les entreprises soient admissibles au pr\u00eat CUEC\u00a0:<\/span><\/p>\n<h3><span style=\"font-weight: 400;\">1. Salaires et d\u00e9penses d&#039;emploi<\/span><\/h3>\n<p><span style=\"font-weight: 400;\">\u00a0\u00a0\u00a0Dans le monde des affaires, la vitalit\u00e9 d\u2019une entreprise est intrins\u00e8quement li\u00e9e \u00e0 ses effectifs. Cette cat\u00e9gorie comprend les d\u00e9penses li\u00e9es aux salaires, traitements et avantages sociaux \u2013 les investissements financiers qui font avancer une entreprise. Ces d\u00e9penses vont au-del\u00e0 de simples chiffres ; ils t\u00e9moignent du d\u00e9vouement d&#039;une entreprise envers ses employ\u00e9s, qui constituent le fondement de ses op\u00e9rations.<\/span><\/p>\n<h3><span style=\"font-weight: 400;\">2. Loyer et paiements de location<\/span><\/h3>\n<p><span style=\"font-weight: 400;\">\u00a0\u00a0\u00a0La cat\u00e9gorie suivante englobe les co\u00fbts associ\u00e9s \u00e0 la s\u00e9curisation d&#039;un espace physique pour une entreprise, que ce soit par la location de biens immobiliers ou la location de biens d&#039;\u00e9quipement. Ces d\u00e9penses constituent la structure de support essentielle du cadre op\u00e9rationnel d\u2019une entreprise.<\/span><\/p>\n<h3><span style=\"font-weight: 400;\">3. Frais d&#039;assurance<\/span><\/h3>\n<p><span style=\"font-weight: 400;\">Dans le paysage dynamique des affaires, l\u2019assurance constitue une barri\u00e8re de protection essentielle. Cette cat\u00e9gorie englobe diverses d\u00e9penses associ\u00e9es \u00e0 l&#039;assurance des entreprises, notamment la couverture responsabilit\u00e9 civile, l&#039;assurance des biens, l&#039;indemnisation des accidents du travail, etc. Ces d\u00e9penses <a href=\"http:\/\/ceba.ca\/fr\/information\/is-ceba-extended\/\">\u00e9tendre<\/a> au-del\u00e0 des simples transactions financi\u00e8res ; ils incarnent des investissements judicieux dans la gestion des risques.<\/span><\/p>\n<h3><span style=\"font-weight: 400;\">4. Paiements de l&#039;imp\u00f4t foncier<\/span><\/h3>\n<p><span style=\"font-weight: 400;\">Le paiement des taxes fonci\u00e8res li\u00e9es aux locaux commerciaux est \u00e0 la fois incontournable et crucial. Class\u00e9 comme non reportable <a href=\"http:\/\/ceba.ca\/fr\/news\/when-does-the-ceba-loan-need-to-be-repaid\/\">d\u00e9penses<\/a>, ces paiements garantissent que votre entreprise reste en conformit\u00e9 avec ses obligations l\u00e9gales.<\/span><\/p>\n<h3><span style=\"font-weight: 400;\">5. Co\u00fbts des t\u00e9l\u00e9communications et des services publics<\/span><\/h3>\n<p><span style=\"font-weight: 400;\">Cette cat\u00e9gorie englobe les d\u00e9penses li\u00e9es aux services publics essentiels n\u00e9cessaires au bon fonctionnement d\u2019une entreprise. Qu\u2019il s\u2019agisse d\u2019alimenter les op\u00e9rations en \u00e9lectricit\u00e9 ou de faciliter la communication via les services t\u00e9l\u00e9phoniques et Internet, ces co\u00fbts jouent un r\u00f4le crucial pour garantir une fonctionnalit\u00e9 commerciale ininterrompue.<\/span><\/p>\n<h3><span style=\"font-weight: 400;\">6. Service de la dette<\/span><\/h3>\n<p><span style=\"font-weight: 400;\">Dans le cadre de la conduite des affaires, les fluctuations financi\u00e8res sont monnaie courante et il arrive parfois qu\u2019un coup de pouce financier s\u2019av\u00e8re n\u00e9cessaire pour assurer la continuit\u00e9 des op\u00e9rations. La cat\u00e9gorie Service de la dette comprend les paiements r\u00e9guliers effectu\u00e9s pour honorer les obligations li\u00e9es \u00e0 la dette. Ces remboursements constituent un aspect fondamental de la responsabilit\u00e9 financi\u00e8re et ne peuvent \u00eatre diff\u00e9r\u00e9s dans une entreprise bien g\u00e9r\u00e9e.<\/span><\/p>\n<h3><span style=\"font-weight: 400;\">7. Contrats et frais de licence<\/span><\/h3>\n<p><span style=\"font-weight: 400;\">G\u00e9rer une entreprise implique bien plus que la simple gestion du personnel et la commercialisation des produits\u00a0; cela implique \u00e9galement le respect des r\u00e9glementations et des normes de l\u2019industrie. Cette cat\u00e9gorie comprend les paiements aux entrepreneurs ind\u00e9pendants et les frais associ\u00e9s au maintien des licences. Ces d\u00e9penses couvrent les co\u00fbts li\u00e9s au respect des accords contractuels et au maintien des licences essentielles au bon fonctionnement d&#039;une entreprise.<\/span><\/p>\n<h3><span style=\"font-weight: 400;\">8. D\u00e9penses en mat\u00e9riaux de production<\/span><\/h3>\n<p><span style=\"font-weight: 400;\">\u00a0La derni\u00e8re cat\u00e9gorie concerne les d\u00e9penses li\u00e9es aux mat\u00e9riaux utilis\u00e9s dans la production de biens. Impr\u00e9gn\u00e9s de l\u2019essence de l\u2019artisanat et de l\u2019innovation, ces co\u00fbts constituent l\u2019\u00e9l\u00e9ment vital des entreprises engag\u00e9es dans la cr\u00e9ation de produits ou la fourniture de services. Ces d\u00e9penses rev\u00eatent une importance consid\u00e9rable car elles sont directement li\u00e9es \u00e0 la production de biens ou de services par une entreprise.<\/span><\/p>\n<h2><span style=\"font-weight: 400;\">Expansion, remboursement et pardon du CUEC<\/span><\/h2>\n<p><span style=\"font-weight: 400;\">En r\u00e9ponse \u00e0 l&#039;\u00e9volution des besoins des entreprises et aux d\u00e9fis \u00e9conomiques persistants pos\u00e9s par la pand\u00e9mie, le programme de pr\u00eats du CUEC a \u00e9t\u00e9 \u00e9largi, fournissant $20 000 suppl\u00e9mentaires. Cette prolongation \u00e9tait exclusivement disponible pour les entreprises admissibles de Brandon n\u00e9cessitant un soutien financier suppl\u00e9mentaire au-del\u00e0 du montant initial. <a href=\"http:\/\/ceba.ca\/fr\/ceba-loan\/\">Pr\u00eat $40 000<\/a>.<\/span><\/p>\n<p><span style=\"font-weight: 400;\">L&#039;agrandissement de $20 000 illustre l&#039;engagement in\u00e9branlable du CEBA \u00e0 soutenir les entreprises et \u00e0 servir de point d&#039;ancrage financier en ces temps difficiles. Toutefois, les entreprises devaient r\u00e9pondre \u00e0 des crit\u00e8res pr\u00e9cis et respecter des d\u00e9lais pour pouvoir b\u00e9n\u00e9ficier de cette aide suppl\u00e9mentaire.<\/span><\/p>\n<p><span style=\"font-weight: 400;\">Afin d\u2019inciter les entreprises \u00e0 rembourser leurs pr\u00eats dans les meilleurs d\u00e9lais, le CUEC a mis en place un incitatif financier. Si une entreprise r\u00e9ussit \u00e0 apurer son montant en principal impay\u00e9, \u00e0 l&#039;exclusion de la partie \u00e9ligible \u00e0 l&#039;annulation de la dette, par le <a href=\"http:\/\/ceba.ca\/fr\/news\/is-ceba-loan-forgiveness-taxable-in-2023\/\">conclusion de 2023<\/a>, elle devient admissible au programme d&#039;annulation de dettes du CUEC.<\/span><\/p>\n<p><span style=\"font-weight: 400;\">Concr\u00e8tement, cela se traduit par l&#039;annulation du montant principal restant, soulignant l&#039;engagement du CUEC \u00e0 favoriser un climat financier stable. Cette disposition pr\u00e9sente une opportunit\u00e9 prometteuse pour les entreprises capables de remplir leurs obligations financi\u00e8res dans les d\u00e9lais impartis, encourageant la responsabilit\u00e9 financi\u00e8re tout en all\u00e9geant le poids de la dette.<\/span><\/p>\n<h2><span style=\"font-weight: 400;\">Conclusion<\/span><\/h2>\n<p><span style=\"font-weight: 400;\">En r\u00e9sum\u00e9, les pr\u00eats du CUEC sont apparus comme un syst\u00e8me de soutien crucial pour les entreprises confront\u00e9es \u00e0 des difficult\u00e9s financi\u00e8res en raison de la pand\u00e9mie. Leur structure contribue non seulement \u00e0 la survie imm\u00e9diate, mais jette \u00e9galement les bases de la croissance future, r\u00e9sumant l\u2019essence de la r\u00e9silience. \u00c0 l\u2019avenir, ces ressources financi\u00e8res devraient continuer \u00e0 jouer un r\u00f4le central dans le r\u00e9cit actuel de la reprise \u00e9conomique.<\/span><\/p>","protected":false},"excerpt":{"rendered":"<p>In the vibrant town of Brandon, local enterprises faced unprecedented hurdles during the COVID-19 pandemic. However, amid this turmoil, a lifeline materialized in the form of the Canada Emergency Business Account (CEBA) loan program. It emerged precisely when businesses were wrestling with the uncertainties brought about by the pandemic. The significance of the CEBA loan [&hellip;]<\/p>\n","protected":false},"author":2,"featured_media":5113,"parent":0,"menu_order":0,"comment_status":"closed","ping_status":"closed","template":"","meta":{"footnotes":""},"class_list":["post-3737","page","type-page","status-publish","has-post-thumbnail","hentry"],"_links":{"self":[{"href":"http:\/\/ceba.ca\/fr\/wp-json\/wp\/v2\/pages\/3737","targetHints":{"allow":["GET"]}}],"collection":[{"href":"http:\/\/ceba.ca\/fr\/wp-json\/wp\/v2\/pages"}],"about":[{"href":"http:\/\/ceba.ca\/fr\/wp-json\/wp\/v2\/types\/page"}],"author":[{"embeddable":true,"href":"http:\/\/ceba.ca\/fr\/wp-json\/wp\/v2\/users\/2"}],"replies":[{"embeddable":true,"href":"http:\/\/ceba.ca\/fr\/wp-json\/wp\/v2\/comments?post=3737"}],"version-history":[{"count":4,"href":"http:\/\/ceba.ca\/fr\/wp-json\/wp\/v2\/pages\/3737\/revisions"}],"predecessor-version":[{"id":5056,"href":"http:\/\/ceba.ca\/fr\/wp-json\/wp\/v2\/pages\/3737\/revisions\/5056"}],"wp:featuredmedia":[{"embeddable":true,"href":"http:\/\/ceba.ca\/fr\/wp-json\/wp\/v2\/media\/5113"}],"wp:attachment":[{"href":"http:\/\/ceba.ca\/fr\/wp-json\/wp\/v2\/media?parent=3737"}],"curies":[{"name":"wp","href":"https:\/\/api.w.org\/{rel}","templated":true}]}}