{"id":3699,"date":"2023-09-06T09:44:17","date_gmt":"2023-09-06T13:44:17","guid":{"rendered":"http:\/\/ceba.ca\/?page_id=3699"},"modified":"2023-09-06T09:44:17","modified_gmt":"2023-09-06T13:44:17","slug":"ceba-loan-in-saint-georges","status":"publish","type":"page","link":"http:\/\/ceba.ca\/fr\/ceba-loan-in-saint-georges\/","title":{"rendered":"Pr\u00eat CUEC \u00e0 Saint-Georges"},"content":{"rendered":"<p><span style=\"font-weight: 400;\">Le pr\u00eat CUEC \u00e0 Saint-Georges s&#039;est av\u00e9r\u00e9 une aide vitale pour les petites entreprises et les organismes \u00e0 but non lucratif. <a href=\"http:\/\/ceba.ca\/fr\/news\/is-ceba-interest-free\/\">En proposant des pr\u00eats sans int\u00e9r\u00eat allant jusqu&#039;\u00e0 $60 000<\/a>, cette initiative a apport\u00e9 un soutien financier consid\u00e9rable aux entreprises locales pendant les p\u00e9riodes difficiles de la crise. <a href=\"https:\/\/www.who.int\/health-topics\/coronavirus#tab=tab_1\" target=\"_blank\" rel=\"noopener\">Pand\u00e9mie de covid-19<\/a>. \u00c0 Saint-Georges, une ville cl\u00e9 au Canada, l&#039;importance de cette aide \u00e9conomique ne peut \u00eatre surestim\u00e9e.<\/span><\/p>\n<h2><span style=\"font-weight: 400;\">Caract\u00e9ristiques importantes du pr\u00eat CUEC<\/span><\/h2>\n<h3><span style=\"font-weight: 400;\">Remise de pr\u00eat<\/span><\/h3>\n<p><span style=\"font-weight: 400;\">L&#039;une des caract\u00e9ristiques importantes du pr\u00eat CUEC est la possibilit\u00e9 pour les <a href=\"http:\/\/ceba.ca\/fr\/information\/ceba-forgiveness\/\">remise de pr\u00eat<\/a>. Les emprunteurs \u00e9ligibles au CUEC qui restent en r\u00e8gle peuvent s&#039;attendre \u00e0 une remise de pr\u00eat allant jusqu&#039;\u00e0 33 % (jusqu&#039;\u00e0 $20 000). La condition pour en b\u00e9n\u00e9ficier est de <a href=\"http:\/\/ceba.ca\/fr\/tools\/understanding-td-ceba-loan-repayment\/\">rembourser le solde du pr\u00eat<\/a> au plus tard le 31 d\u00e9cembre 2023.<\/span><\/p>\n<h3><span style=\"font-weight: 400;\">Admissibilit\u00e9 \u00e9largie<\/span><\/h3>\n<p><span style=\"font-weight: 400;\">Le CEBA am\u00e9liore continuellement son programme pour \u00eatre plus inclusif et plus favorable aux entreprises. Le 26 octobre 2020, le CUEC a \u00e9limin\u00e9 la condition ant\u00e9rieure exigeant un compte de ch\u00e8ques\/d&#039;exploitation d&#039;entreprise actif \u00e0 compter du 1er mars 2020. Cette \u00e9volution a ouvert les portes \u00e0 beaucoup plus d&#039;entreprises. D\u00e9sormais, les entreprises admissibles peuvent pr\u00e9senter une demande apr\u00e8s avoir ouvert un compte de ch\u00e8ques\/d\u2019exploitation aupr\u00e8s de leur institution financi\u00e8re principale.<\/span><\/p>\n<h3><span style=\"font-weight: 400;\">Expansion du CUEC<\/span><\/h3>\n<p><span style=\"font-weight: 400;\">Depuis le 4 d\u00e9cembre 2020, le programme CUEC a connu un \u00e9largissement important. Les emprunteurs approuv\u00e9s du CUEC pourraient d\u00e9sormais recevoir un pr\u00eat de $60 000 au lieu de $40 000. Entreprises ayant b\u00e9n\u00e9fici\u00e9 auparavant du $40 000 <a href=\"http:\/\/ceba.ca\/fr\/\">Pr\u00eat CUEC<\/a> \u00e9taient \u00e9galement <a href=\"http:\/\/ceba.ca\/fr\/information\/who-is-eligible-for-a-ceba-loan\/\">\u00e9ligible pour postuler<\/a> pour cette expansion, b\u00e9n\u00e9ficiant ainsi d&#039;un financement suppl\u00e9mentaire de $20,000. Cette \u00e9tape a renforc\u00e9 davantage l&#039;engagement du CEBA \u00e0 soutenir les entreprises locales pendant les p\u00e9riodes difficiles.<\/span><\/p>\n<h2><span style=\"font-weight: 400;\">Pr\u00eat CUEC \u00e0 Saint-Georges : \u00e9ligibilit\u00e9 et exclusions\u00a0<\/span><\/h2>\n<p><span style=\"font-weight: 400;\">Le programme CUEC a fourni une aide financi\u00e8re indispensable \u00e0 de nombreuses entreprises partout \u00e0 Montr\u00e9al et au-del\u00e0, leur offrant une bou\u00e9e de sauvetage pendant les temps difficiles que nous impose la pand\u00e9mie. Cependant, il est important de noter que toutes les entit\u00e9s commerciales n\u2019\u00e9taient pas \u00e9ligibles \u00e0 ce programme. Le <a href=\"https:\/\/ceba-cuec.ca\/\" target=\"_blank\" rel=\"noopener\">Gouvernement du Canada<\/a> a \u00e9tabli des crit\u00e8res stricts pour garantir que l\u2019aide parvienne aux secteurs les plus vuln\u00e9rables et les plus appropri\u00e9s.<\/span><\/p>\n<h3><span style=\"font-weight: 400;\">Organisations gouvernementales exclues<\/span><\/h3>\n<p><span style=\"font-weight: 400;\">La cible principale du programme CEBA \u00e9tait les entreprises priv\u00e9es. En revanche, les organisations ou entit\u00e9s gouvernementales n\u2019\u00e9taient pas \u00e9ligibles. Cette exclusion visait \u00e0 garantir que les fonds \u00e9taient sp\u00e9cifiquement destin\u00e9s \u00e0 renforcer la r\u00e9silience du secteur priv\u00e9 pendant le ralentissement \u00e9conomique induit par la pand\u00e9mie.<\/span><\/p>\n<h3><span style=\"font-weight: 400;\">Organisations \u00e0 but non lucratif et organismes de bienfaisance enregistr\u00e9s<\/span><\/h3>\n<p><span style=\"font-weight: 400;\">M\u00eame si les organismes sans but lucratif et les organismes de bienfaisance enregistr\u00e9s jouent un r\u00f4le crucial dans notre soci\u00e9t\u00e9, ils \u00e9taient g\u00e9n\u00e9ralement exclus du programme de pr\u00eat CUEC. Cette exclusion s&#039;\u00e9tendait \u00e9galement aux syndicats, aux soci\u00e9t\u00e9s ou ordres de secours mutuels et aux entit\u00e9s enti\u00e8rement d\u00e9tenues par ces organisations.<\/span><\/p>\n<h3><span style=\"font-weight: 400;\">Entit\u00e9s appartenant \u00e0 des d\u00e9put\u00e9s f\u00e9d\u00e9raux ou \u00e0 des s\u00e9nateurs<\/span><\/h3>\n<p><span style=\"font-weight: 400;\">La transparence et la pr\u00e9vention des conflits d\u2019int\u00e9r\u00eats potentiels \u00e9taient primordiales dans la mise en \u0153uvre du programme CUEC. Ainsi, les entit\u00e9s commerciales appartenant directement \u00e0 un d\u00e9put\u00e9 f\u00e9d\u00e9ral ou \u00e0 un s\u00e9nateur \u00e9taient express\u00e9ment exclues du droit de demander le pr\u00eat CUEC.<\/span><\/p>\n<h3><span style=\"font-weight: 400;\">Entit\u00e9s encourageant la violence ou la discrimination<\/span><\/h3>\n<p><span style=\"font-weight: 400;\">Le programme CEBA n&#039;\u00e9tait pas non plus accessible aux entit\u00e9s impliqu\u00e9es dans la promotion de la violence, l&#039;incitation \u00e0 la haine ou la pratique de la discrimination fond\u00e9e sur le sexe, l&#039;identit\u00e9 ou l&#039;expression de genre, l&#039;orientation sexuelle, la race, la religion, l&#039;\u00e2ge, l&#039;origine ethnique, l&#039;origine nationale ou un handicap mental ou physique. Cette exclusion est conforme aux lois canadiennes qui favorisent l&#039;inclusion et l&#039;\u00e9galit\u00e9, renfor\u00e7ant ainsi la position du pays contre toute forme de discrimination.<\/span><\/p>\n<h2><span style=\"font-weight: 400;\">R\u00e9partition \u00e9quitable<\/span><\/h2>\n<p><span style=\"font-weight: 400;\">Les exclusions intentionnelles du programme CUEC constituaient un \u00e9l\u00e9ment essentiel de la strat\u00e9gie visant \u00e0 garantir que l&#039;aide financi\u00e8re \u00e9tait allou\u00e9e \u00e0 des entreprises m\u00e9ritantes, \u00e9thiquement respect\u00e9es et conformes \u00e0 la loi. Le gouvernement a minutieusement d\u00e9fini les crit\u00e8res d&#039;admissibilit\u00e9 pour s&#039;assurer que les entreprises les plus m\u00e9ritantes, celles qui contribuent de mani\u00e8re significative \u00e0 l&#039;\u00e9conomie canadienne, soient les b\u00e9n\u00e9ficiaires de ce soutien.<\/span><\/p>\n<p><span style=\"font-weight: 400;\">Les exclusions ont \u00e9t\u00e9 con\u00e7ues de mani\u00e8re exhaustive, en tenant compte non seulement de la situation \u00e9conomique des organisations, mais \u00e9galement de leur engagement envers les principes de diversit\u00e9 et d&#039;inclusion. Il \u00e9tait essentiel d\u2019\u00e9viter toute utilisation abusive de l\u2019aide et de veiller \u00e0 ce que les fonds soient dirig\u00e9s sp\u00e9cifiquement vers des entreprises l\u00e9gitimes qui d\u00e9fendent les valeurs canadiennes.<\/span><\/p>\n<p><span style=\"font-weight: 400;\">Ce processus rigoureux visant \u00e0 d\u00e9terminer qui \u00e9tait \u00e9ligible et qui ne l\u2019\u00e9tait pas a permis au gouvernement de maintenir la confiance du public dans ses mesures de secours pendant la p\u00e9riode torride de la pand\u00e9mie. Le gouvernement a veill\u00e9 \u00e0 ce que l\u2019aide soit fournie de mani\u00e8re non seulement \u00e9quitable mais \u00e9galement transparente, renfor\u00e7ant ainsi son engagement \u00e0 soutenir l\u2019\u00e9conomie tout en respectant les normes \u00e9thiques les plus \u00e9lev\u00e9es.<\/span><\/p>\n<h2><span style=\"font-weight: 400;\">Impact du pr\u00eat<\/span><\/h2>\n<p><span style=\"font-weight: 400;\">Le programme CEBA a \u00e9t\u00e9 un pilier de soutien indispensable pour les entreprises locales de Saint-Georges alors qu&#039;elles \u00e9taient aux prises avec les d\u00e9fis sans pr\u00e9c\u00e9dent provoqu\u00e9s par la pand\u00e9mie. En offrant des pr\u00eats sans int\u00e9r\u00eat, le CUEC a offert une bou\u00e9e de sauvetage financi\u00e8re qui a permis aux entreprises de garder leurs portes ouvertes et de retenir leur main-d&#039;\u0153uvre alors qu&#039;elles naviguaient dans les eaux troubles de l&#039;incertitude \u00e9conomique. Cette aide essentielle a contribu\u00e9 \u00e0 assurer la survie de nombreuses entreprises, leur permettant de pers\u00e9v\u00e9rer et de continuer \u00e0 \u0153uvrer vers la stabilit\u00e9 financi\u00e8re et la croissance.<\/span><\/p>\n<h2><span style=\"font-weight: 400;\">L\u2019impact continu du CUEC<\/span><\/h2>\n<p><span style=\"font-weight: 400;\">M\u00eame si la p\u00e9riode de demande du CUEC est termin\u00e9e, son impact continue de r\u00e9sonner dans l&#039;ensemble du milieu des affaires de Saint-Georges. Alors que Saint-Georges d\u00e9ploie des efforts concert\u00e9s pour se r\u00e9tablir et se reconstruire, la force et la r\u00e9silience dont font preuve ses petites entreprises et ses organismes sans but lucratif t\u00e9moignent du r\u00f4le central jou\u00e9 par le CUEC dans le renforcement de l\u2019\u00e9conomie et le soutien des communaut\u00e9s en temps de crise. Les r\u00e9alisations du programme CEBA offrent un aper\u00e7u pr\u00e9cieux de l\u2019importance d\u2019un soutien financier personnalis\u00e9 pour les entreprises en ces temps difficiles.<\/span><\/p>\n<h2><span style=\"font-weight: 400;\">Conclusion<\/span><\/h2>\n<p><span style=\"font-weight: 400;\">Le programme CUEC s\u2019est av\u00e9r\u00e9 \u00eatre une bou\u00e9e de sauvetage pour de nombreuses entreprises, renfor\u00e7ant l\u2019\u00e9conomie dans une p\u00e9riode sans pr\u00e9c\u00e9dent. Il illustre le pouvoir d\u2019une aide financi\u00e8re sur mesure pour att\u00e9nuer les effets d\u2019une crise. \u00c0 mesure que les entreprises continuent de se redresser et de cro\u00eetre, les \u00e9chos de l&#039;impact du CUEC resteront un t\u00e9moignage de son succ\u00e8s. Le programme souligne l&#039;esprit r\u00e9silient de l&#039;environnement des affaires de Saint-Georges et l&#039;importance d&#039;un soutien d\u00e9di\u00e9 en p\u00e9riode d&#039;incertitude.<\/span><\/p>","protected":false},"excerpt":{"rendered":"<p>The CEBA Loan in Saint-Georges has served as a vital aid for small businesses and not-for-profit organizations. By offering interest-free loans of up to $60,000, this initiative has provided considerable financial support to local enterprises during the arduous times of the COVID-19 pandemic. In Saint-Georges, a key city in Canada, the significance of this economic [&hellip;]<\/p>\n","protected":false},"author":2,"featured_media":5155,"parent":0,"menu_order":0,"comment_status":"closed","ping_status":"closed","template":"","meta":{"footnotes":""},"class_list":["post-3699","page","type-page","status-publish","has-post-thumbnail","hentry"],"_links":{"self":[{"href":"http:\/\/ceba.ca\/fr\/wp-json\/wp\/v2\/pages\/3699","targetHints":{"allow":["GET"]}}],"collection":[{"href":"http:\/\/ceba.ca\/fr\/wp-json\/wp\/v2\/pages"}],"about":[{"href":"http:\/\/ceba.ca\/fr\/wp-json\/wp\/v2\/types\/page"}],"author":[{"embeddable":true,"href":"http:\/\/ceba.ca\/fr\/wp-json\/wp\/v2\/users\/2"}],"replies":[{"embeddable":true,"href":"http:\/\/ceba.ca\/fr\/wp-json\/wp\/v2\/comments?post=3699"}],"version-history":[{"count":3,"href":"http:\/\/ceba.ca\/fr\/wp-json\/wp\/v2\/pages\/3699\/revisions"}],"predecessor-version":[{"id":5156,"href":"http:\/\/ceba.ca\/fr\/wp-json\/wp\/v2\/pages\/3699\/revisions\/5156"}],"wp:featuredmedia":[{"embeddable":true,"href":"http:\/\/ceba.ca\/fr\/wp-json\/wp\/v2\/media\/5155"}],"wp:attachment":[{"href":"http:\/\/ceba.ca\/fr\/wp-json\/wp\/v2\/media?parent=3699"}],"curies":[{"name":"wp","href":"https:\/\/api.w.org\/{rel}","templated":true}]}}