{"id":3685,"date":"2023-09-05T04:21:42","date_gmt":"2023-09-05T08:21:42","guid":{"rendered":"http:\/\/ceba.ca\/?page_id=3685"},"modified":"2023-09-05T04:21:42","modified_gmt":"2023-09-05T08:21:42","slug":"ceba-loan-in-fort-mcmurray","status":"publish","type":"page","link":"http:\/\/ceba.ca\/fr\/ceba-loan-in-fort-mcmurray\/","title":{"rendered":"Pr\u00eat CUEC \u00e0 Fort McMurray"},"content":{"rendered":"<p><span style=\"font-weight: 400;\">Le Compte d&#039;urgence pour les entreprises canadiennes (CUEC) a jou\u00e9 un r\u00f4le essentiel en aidant de nombreuses entreprises partout au Canada, y compris celles de Fort McMurray, pendant les d\u00e9fis \u00e9conomiques sans pr\u00e9c\u00e9dent. <a href=\"https:\/\/www.who.int\/health-topics\/coronavirus#tab=tab_1\" target=\"_blank\" rel=\"noopener\">caus\u00e9e par la pand\u00e9mie de COVID-19<\/a>.<\/span><\/p>\n<p><span style=\"font-weight: 400;\">Ce programme de pr\u00eats d&#039;une dur\u00e9e limit\u00e9e et sans int\u00e9r\u00eat a fourni une aide financi\u00e8re essentielle aux petites entreprises et aux organisations \u00e0 but non lucratif, les aidant \u00e0 supporter les difficult\u00e9s li\u00e9es aux fermetures obligatoires et aux baisses de revenus.<\/span><\/p>\n<p><span style=\"font-weight: 400;\">Dans cet article, nous examinerons comment les entreprises sont soutenues par le pr\u00eat CUEC \u00e0 Fort McMurray, le processus de demande, <a href=\"http:\/\/ceba.ca\/fr\/information\/who-is-eligible-for-a-ceba-loan\/\">crit\u00e8res d&#039;admissibilit\u00e9<\/a>, et l&#039;impact qu&#039;ils ont eu sur l&#039;\u00e9conomie locale.<\/span><\/p>\n<h2><span style=\"font-weight: 400;\">Soutenir les entreprises de Fort McMurray avec le CUEC<\/span><\/h2>\n<p><span style=\"font-weight: 400;\">Alors que la pand\u00e9mie faisait des ravages dans les entreprises, le gouvernement f\u00e9d\u00e9ral a introduit diverses mesures d\u2019aide financi\u00e8re pour stabiliser l\u2019\u00e9conomie. Parmi ces initiatives, le CUEC a accord\u00e9 aux entreprises et organisations admissibles de Fort McMurray l&#039;acc\u00e8s \u00e0 des fonds allant de<a href=\"http:\/\/ceba.ca\/fr\/ceba-loan\/\"> $40 000 \u00e0 $60 000<\/a>. Ce soutien a jou\u00e9 un r\u00f4le crucial dans le maintien des entreprises, la sauvegarde des opportunit\u00e9s d\u2019emploi et la contribution \u00e0 la reprise \u00e9conomique globale de la ville.<\/span><\/p>\n<h2><span style=\"font-weight: 400;\">Pr\u00eat CUEC \u00e0 Fort McMurray\u00a0: <\/span><span style=\"font-weight: 400;\">Processus de demande<\/span><\/h2>\n<p><span style=\"font-weight: 400;\">Le processus de demande de pr\u00eat CUEC \u00e0 Fort McMurray \u00e9tait relativement simple, ce qui le rendait accessible \u00e0 de nombreuses entreprises locales. Pour postuler, les entreprises ont collabor\u00e9 avec leurs principales institutions financi\u00e8res, s&#039;assurant qu&#039;elles r\u00e9pondaient aux crit\u00e8res d&#039;\u00e9ligibilit\u00e9 du programme et soumettaient les documents requis. Gr\u00e2ce aux efforts collectifs des entreprises et des institutions financi\u00e8res de Fort McMurray, des centaines d&#039;\u00e9tablissements locaux ont re\u00e7u une aide financi\u00e8re indispensable par l&#039;interm\u00e9diaire du CUEC.<\/span><\/p>\n<h2><span style=\"font-weight: 400;\">Conditions d&#039;\u00e9ligibilit\u00e9 pour les entreprises de Fort McMurray<\/span><\/h2>\n<p><span style=\"font-weight: 400;\">Afin d&#039;\u00eatre admissibles au pr\u00eat du CUEC \u00e0 Fort McMurray, les entreprises devaient r\u00e9pondre \u00e0 des crit\u00e8res pr\u00e9cis \u00e9tablis par le gouvernement f\u00e9d\u00e9ral. Ces conditions pr\u00e9alables d&#039;admissibilit\u00e9 englobaient plusieurs facteurs, tels que la tenue d&#039;un compte d&#039;exploitation d&#039;entreprise aupr\u00e8s d&#039;une institution financi\u00e8re canadienne, la d\u00e9monstration de l&#039;utilisation pr\u00e9vue des fonds \u00e0 des fins autoris\u00e9es (y compris la couverture des d\u00e9penses op\u00e9rationnelles) et l&#039;affirmation des impacts financiers n\u00e9gatifs de la pand\u00e9mie de COVID-19 sur leur entreprise. op\u00e9rations.<\/span><\/p>\n<h2><span style=\"font-weight: 400;\">Impact du pr\u00eat CUEC sur l&#039;\u00e9conomie de Fort McMurray<\/span><\/h2>\n<p><span style=\"font-weight: 400;\">L&#039;injection des fonds du CUEC dans l&#039;\u00e9conomie locale de Fort McMurray a exerc\u00e9 une influence consid\u00e9rable sur les entreprises de la ville et sur la stabilit\u00e9 \u00e9conomique globale. De nombreuses entreprises ont pu conserver leur main-d\u2019\u0153uvre, adapter leurs op\u00e9rations pour se conformer aux restrictions li\u00e9es \u00e0 la pand\u00e9mie et continuer \u00e0 fournir des services \u00e0 leurs communaut\u00e9s.<\/span><\/p>\n<p><span style=\"font-weight: 400;\">Le CUEC a agi comme un filet de s\u00e9curit\u00e9 essentiel pendant les p\u00e9riodes difficiles, permettant aux entreprises de rester op\u00e9rationnelles et de maintenir la s\u00e9curit\u00e9 d&#039;emploi pour un nombre important de r\u00e9sidents de Fort McMurray.<\/span><\/p>\n<h2><span style=\"font-weight: 400;\">Remboursement et perspectives d&#039;avenir<\/span><\/h2>\n<p><span style=\"font-weight: 400;\">Avec la reprise graduelle de l&#039;\u00e9conomie et la reprise des activit\u00e9s commerciales \u00e0 Fort McMurray, l&#039;attention se porte d\u00e9sormais sur le remboursement des pr\u00eats du CUEC. Une compr\u00e9hension globale des conditions d\u2019annulation et de remboursement des pr\u00eats est imp\u00e9rative pour que les entreprises puissent g\u00e9rer strat\u00e9giquement leurs finances.<\/span><\/p>\n<p><span style=\"font-weight: 400;\">La disposition relative \u00e0 l\u2019annulation des pr\u00eats offre aux entreprises la possibilit\u00e9 d\u2019une remise partielle ou totale de leurs pr\u00eats, offrant ainsi une possibilit\u00e9 potentielle de renforcer davantage leur r\u00e9cup\u00e9ration financi\u00e8re.<\/span><\/p>\n<h2><span style=\"font-weight: 400;\">Int\u00e9r\u00eats sur le montant impay\u00e9 du pr\u00eat<\/span><\/h2>\n<p><span style=\"font-weight: 400;\">Pour les emprunteurs qui satisfont aux crit\u00e8res d\u2019admissibilit\u00e9 du CUEC et qui sont rest\u00e9s en r\u00e8gle, le non-remboursement du pr\u00eat avant le 31 d\u00e9cembre 2023 entra\u00eenera la perte des prestations d\u2019exon\u00e9ration de pr\u00eat. L&#039;annulation du pr\u00eat \u00e9tait accessible aux emprunteurs \u00e9ligibles qui respectaient leur calendrier de remboursement\u00a0; cependant, le non-respect de ce d\u00e9lai entra\u00eenerait la perte de cette opportunit\u00e9 avantageuse.<\/span><\/p>\n<p><span style=\"font-weight: 400;\">Si vous ne parvenez pas \u00e0 respecter la date limite de remboursement, votre statut de pr\u00eat CUEC passera de sans int\u00e9r\u00eat \u00e0 portant int\u00e9r\u00eat \u00e0 partir du 1er janvier 2024 jusqu&#039;au 31 d\u00e9cembre 2025.<\/span><\/p>\n<p><span style=\"font-weight: 400;\">Pendant cette p\u00e9riode, vous serez oblig\u00e9 de payer des int\u00e9r\u00eats sur le solde impay\u00e9 du pr\u00eat. Pour d\u00e9terminer le taux d&#039;int\u00e9r\u00eat pr\u00e9cis applicable \u00e0 votre pr\u00eat pendant cet intervalle, vous pouvez contacter votre institution financi\u00e8re.<\/span><\/p>\n<h2><span style=\"font-weight: 400;\">Le d\u00e9fi du remboursement du pr\u00eat CUEC<\/span><\/h2>\n<p><span style=\"font-weight: 400;\">Avec l\u2019approche de la date limite de remboursement du 31 d\u00e9cembre, les petites entreprises ressentent une pression croissante. Le pr\u00eat du CUEC a offert une lueur d\u2019espoir aux entreprises pendant les jours les plus sombres de la pand\u00e9mie, leur offrant un soutien financier vital au moment o\u00f9 ils en avaient le plus besoin.<\/span><\/p>\n<p><span style=\"font-weight: 400;\">Dans le but de promouvoir le remboursement et d&#039;all\u00e9ger une partie des tensions financi\u00e8res, le CUEC a accord\u00e9 l&#039;exon\u00e9ration de pr\u00eat aux entreprises qui peuvent rembourser int\u00e9gralement leurs pr\u00eats d&#039;ici la fin de l&#039;ann\u00e9e. Les entreprises respectant ce d\u00e9lai b\u00e9n\u00e9ficieront d\u2019une remise du gouvernement d\u2019un tiers de leur pr\u00eat.<\/span><\/p>\n<p><span style=\"font-weight: 400;\">Cependant, comme le souligne un rapport publi\u00e9 par la F\u00e9d\u00e9ration canadienne de l&#039;entreprise ind\u00e9pendante, environ 8 000 petites entreprises du Manitoba sont aux prises avec une situation difficile similaire. Le rapport souligne \u00e9galement le risque potentiel de fermeture auquel seraient confront\u00e9es 19 pour cent des petites entreprises du Manitoba si elles \u00e9taient oblig\u00e9es de rembourser leurs pr\u00eats CUEC d&#039;ici la fin de l&#039;ann\u00e9e pour garantir la partie de l&#039;exon\u00e9ration de pr\u00eat. Avec diverses d\u00e9penses en hausse et une augmentation continue des taux d\u2019int\u00e9r\u00eat, les entreprises sont confront\u00e9es \u00e0 des d\u00e9fis financiers importants sur le chemin de la reprise.<\/span><\/p>\n<h2><span style=\"font-weight: 400;\">D\u00e9fis rencontr\u00e9s par les emprunteurs de taille moyenne<\/span><\/h2>\n<p><span style=\"font-weight: 400;\">Les entreprises de taille moyenne qui ont obtenu des pr\u00eats compris entre $40 001 et $60 000 sont confront\u00e9es \u00e0 des difficult\u00e9s particuli\u00e8rement inqui\u00e9tantes. <a href=\"http:\/\/ceba.ca\/fr\/news\/when-does-the-ceba-loan-need-to-be-repaid\/\">circonstances de remboursement<\/a>. Selon les conclusions de la FCEI, seulement 10 % de ces emprunteurs ont r\u00e9gl\u00e9 leur pr\u00eat, tandis que pr\u00e8s de la moiti\u00e9 risquent de ne pas respecter la date limite de remboursement du 31 d\u00e9cembre. Des secteurs tels que les organismes artistiques et r\u00e9cr\u00e9atifs, ainsi que les entreprises h\u00f4teli\u00e8res, sont confront\u00e9s \u00e0 des pourcentages encore plus \u00e9lev\u00e9s de retards potentiels dans le remboursement des pr\u00eats.<\/span><\/p>\n<p><span style=\"font-weight: 400;\">Les cons\u00e9quences du non-respect du d\u00e9lai de remboursement sont importantes. Les entreprises qui n\u2019atteindront pas l\u2019objectif du 31 d\u00e9cembre perdront la partie de leurs pr\u00eats qui \u00e9tait initialement remboursable, une bou\u00e9e de sauvetage financi\u00e8re sur laquelle elles comptaient fortement pour leur redressement. En outre, ils seront soumis \u00e0 un taux d\u2019int\u00e9r\u00eat de 5 pour cent appliqu\u00e9 \u00e0 la totalit\u00e9 du solde impay\u00e9 du pr\u00eat.<\/span><\/p>\n<h2><span style=\"font-weight: 400;\">Appel urgent \u00e0 Ottawa pour obtenir son soutien<\/span><\/h2>\n<p><span style=\"font-weight: 400;\">Compte tenu des d\u00e9fis auxquels sont confront\u00e9es les petites entreprises, la FCEI demande de toute urgence au gouvernement f\u00e9d\u00e9ral d\u2019envisager de prolonger la date limite de remboursement jusqu\u2019en d\u00e9cembre 2025 ou, \u00e0 tout le moins, de la prolonger jusqu\u2019\u00e0 l\u2019ann\u00e9e prochaine. En outre, ils plaident pour une augmentation de l\u2019annulation des pr\u00eats, en la portant \u00e0 50 pour cent du montant du pr\u00eat afin de fournir une aide encore plus grande aux entreprises dans leurs efforts continus de redressement.<\/span><\/p>\n<h2><span style=\"font-weight: 400;\">Conclusion<\/span><\/h2>\n<p><span style=\"font-weight: 400;\">Le pr\u00eat du Compte d\u2019urgence pour les entreprises canadiennes (CUEC) est apparu comme une bou\u00e9e de sauvetage cruciale pour les entreprises de Fort McMurray, offrant un soutien financier inestimable pr\u00e9cis\u00e9ment au moment o\u00f9 il \u00e9tait le plus n\u00e9cessaire. La simplicit\u00e9 du processus de demande et le respect scrupuleux des crit\u00e8res d&#039;\u00e9ligibilit\u00e9 ont facilit\u00e9 la distribution de ces pr\u00eats \u00e0 de nombreuses entreprises de la ville. <\/span><\/p>\n<p><span style=\"font-weight: 400;\">Alors que l&#039;\u00e9conomie locale de Fort McMurray s&#039;engage sur la voie de la reprise, l&#039;impact durable du CUEC est \u00e9vident dans la r\u00e9silience et la d\u00e9termination affich\u00e9es par ses entreprises face \u00e0 des d\u00e9fis sans pr\u00e9c\u00e9dent. <\/span><span style=\"font-weight: 400;\">\u00c0 l\u2019avenir, comprendre les subtilit\u00e9s des conditions de remboursement des pr\u00eats et le potentiel d\u2019annulation du pr\u00eat sera essentiel pour p\u00e9renniser le succ\u00e8s de ces entreprises. Cette compr\u00e9hension ouvre la voie \u00e0 la stabilit\u00e9 et \u00e0 la croissance \u00e9conomiques, favorisant ainsi un avenir prometteur pour la communaut\u00e9 des affaires dynamique et r\u00e9siliente de Fort McMurray.<\/span><\/p>","protected":false},"excerpt":{"rendered":"<p>The Canada Emergency Business Account (CEBA) played a vital role in aiding numerous businesses throughout Canada, including those in Fort McMurray, during the unprecedented economic challenges caused by the COVID-19 pandemic. This time-limited, interest-free loan program provided essential financial assistance to small businesses and non-profit organizations, helping them endure the hardships of mandated closures and [&hellip;]<\/p>\n","protected":false},"author":2,"featured_media":4936,"parent":0,"menu_order":0,"comment_status":"closed","ping_status":"closed","template":"","meta":{"footnotes":""},"class_list":["post-3685","page","type-page","status-publish","has-post-thumbnail","hentry"],"_links":{"self":[{"href":"http:\/\/ceba.ca\/fr\/wp-json\/wp\/v2\/pages\/3685","targetHints":{"allow":["GET"]}}],"collection":[{"href":"http:\/\/ceba.ca\/fr\/wp-json\/wp\/v2\/pages"}],"about":[{"href":"http:\/\/ceba.ca\/fr\/wp-json\/wp\/v2\/types\/page"}],"author":[{"embeddable":true,"href":"http:\/\/ceba.ca\/fr\/wp-json\/wp\/v2\/users\/2"}],"replies":[{"embeddable":true,"href":"http:\/\/ceba.ca\/fr\/wp-json\/wp\/v2\/comments?post=3685"}],"version-history":[{"count":3,"href":"http:\/\/ceba.ca\/fr\/wp-json\/wp\/v2\/pages\/3685\/revisions"}],"predecessor-version":[{"id":5044,"href":"http:\/\/ceba.ca\/fr\/wp-json\/wp\/v2\/pages\/3685\/revisions\/5044"}],"wp:featuredmedia":[{"embeddable":true,"href":"http:\/\/ceba.ca\/fr\/wp-json\/wp\/v2\/media\/4936"}],"wp:attachment":[{"href":"http:\/\/ceba.ca\/fr\/wp-json\/wp\/v2\/media?parent=3685"}],"curies":[{"name":"wp","href":"https:\/\/api.w.org\/{rel}","templated":true}]}}