{"id":3673,"date":"2023-09-05T03:11:17","date_gmt":"2023-09-05T07:11:17","guid":{"rendered":"http:\/\/ceba.ca\/?page_id=3673"},"modified":"2023-09-05T03:11:17","modified_gmt":"2023-09-05T07:11:17","slug":"ceba-loan-in-chateauguay","status":"publish","type":"page","link":"http:\/\/ceba.ca\/fr\/ceba-loan-in-chateauguay\/","title":{"rendered":"Pr\u00eat CUEC \u00e0 Ch\u00e2teauguay"},"content":{"rendered":"<p><span style=\"font-weight: 400;\">En r\u00e9ponse \u00e0 un climat \u00e9conomique difficile, le gouvernement canadien a d\u00e9voil\u00e9 le Compte d&#039;urgence pour les entreprises canadiennes (CUEC), un programme d&#039;aide crucial pour les entreprises aux prises avec les r\u00e9percussions \u00e9conomiques de la pand\u00e9mie de COVID-19. Ch\u00e2teauguay constitue un cas d&#039;\u00e9tude exemplaire, exploitant efficacement les b\u00e9n\u00e9fices de cette initiative.<\/span><\/p>\n<p><span style=\"font-weight: 400;\">Au-del\u00e0 de sa fonction premi\u00e8re consistant \u00e0 fournir une aide financi\u00e8re essentielle, le programme de pr\u00eats CUEC a jou\u00e9 un r\u00f4le central dans le fa\u00e7onnement de l&#039;\u00e9conomie locale en renfor\u00e7ant la r\u00e9silience et en pr\u00e9servant les moyens de subsistance de nombreuses entreprises. Cet article se penche sur l&#039;impact de la <a href=\"https:\/\/ceba-cuec.ca\/\" target=\"_blank\" rel=\"noopener\">CUEC<\/a> pr\u00eat \u00e0 Ch\u00e2teauguay, examinant ses subventions, ses proc\u00e9dures de remboursement, ses crit\u00e8res d&#039;\u00e9ligibilit\u00e9, son processus de demande et ses implications plus larges sur le paysage \u00e9conomique local.<\/span><\/p>\n<h2><span style=\"font-weight: 400;\">D\u00e9tails du montant du pr\u00eat et de la subvention<\/span><\/h2>\n<p><span style=\"font-weight: 400;\">\u00a0\u00c0 Ch\u00e2teauguay, le programme CUEC \u00e9tend une aide financi\u00e8re aux entreprises et aux organismes \u00e0 but non lucratif en offrant des pr\u00eats allant de 40 000 1TP4 \u00e0 60 000 TU. Le montant exact du pr\u00eat est d\u00e9termin\u00e9 en tenant compte de divers facteurs, tels que les niveaux de revenus, les pertes de revenus, la masse salariale annuelle et les d\u00e9penses critiques qui ne peuvent \u00eatre report\u00e9es. Il est important de noter que ces pr\u00eats CUEC pr\u00e9sentent l\u2019avantage d\u2019un taux d\u2019int\u00e9r\u00eat nul et de conditions de remboursement flexibles. Les entreprises sont oblig\u00e9es de rembourser ces pr\u00eats dans un d\u00e9lai prescrit, et le non-respect peut entra\u00eener des frais d&#039;int\u00e9r\u00eat impos\u00e9s par le gouvernement.<\/span><\/p>\n<p><span style=\"font-weight: 400;\">Concernant les subventions, les entreprises admissibles de Ch\u00e2teauguay ont eu la possibilit\u00e9 d&#039;obtenir des subventions non remboursables allant jusqu&#039;\u00e0 $20 000 gr\u00e2ce au programme CUEC. Ces subventions ont \u00e9t\u00e9 judicieusement structur\u00e9es pour couvrir un large \u00e9ventail de d\u00e9penses op\u00e9rationnelles, englobant des \u00e9l\u00e9ments tels que le loyer, les services publics et les charges salariales. Initialement, l&#039;accord de pr\u00eat pr\u00e9voyait un montant de base de $40,000, 25% (jusqu&#039;\u00e0 un maximum de $10,000) \u00e9tant remboursable si le solde restant \u00e9tait r\u00e9gl\u00e9 dans un d\u00e9lai pr\u00e9cis. Les ajustements ult\u00e9rieurs du gouvernement ont port\u00e9 la part remboursable \u00e0 50%, ou un tiers dans les cas o\u00f9 le pr\u00eat a \u00e9t\u00e9 \u00e9tendu \u00e0 $60 000, pour aboutir finalement \u00e0 un montant maximum de subvention de $20 000 pour les entreprises \u00e9ligibles.<\/span><\/p>\n<h2><span style=\"font-weight: 400;\">Pr\u00eat CUEC \u00e0 Ch\u00e2teauguay : crit\u00e8res d&#039;\u00e9ligibilit\u00e9<\/span><\/h2>\n<p><span style=\"font-weight: 400;\">Pour acc\u00e9der aux avantages du programme de pr\u00eat CUEC \u00e0 Ch\u00e2teauguay, les entreprises devaient r\u00e9pondre \u00e0 des crit\u00e8res d&#039;admissibilit\u00e9 pr\u00e9cis, notamment :<\/span><\/p>\n<h3><span style=\"font-weight: 400;\">1. Statut op\u00e9rationnel<\/span><\/h3>\n<p><span style=\"font-weight: 400;\">L&#039;entreprise doit avoir \u00e9t\u00e9 activement engag\u00e9e dans les op\u00e9rations au 1er mars 2020.<\/span><\/p>\n<h3><span style=\"font-weight: 400;\">2. Immatriculation fiscale f\u00e9d\u00e9rale<\/span><\/h3>\n<p><span style=\"font-weight: 400;\">La possession d&#039;un enregistrement fiscal f\u00e9d\u00e9ral \u00e9tait une condition obligatoire pour les entreprises.<\/span><\/p>\n<h3><span style=\"font-weight: 400;\">3. D\u00e9penses admissibles non reportables<\/span><\/h3>\n<p><span style=\"font-weight: 400;\">Les candidats devaient d\u00e9montrer des d\u00e9penses \u00e9ligibles non reportables, qui englobaient des co\u00fbts tels que la masse salariale, le loyer, les services publics et l&#039;assurance. Ces d\u00e9penses auraient d\u00fb se situer dans une fourchette de $20 000 \u00e0 $1,5 millions pour l&#039;ann\u00e9e 2020.<\/span><\/p>\n<h3><span style=\"font-weight: 400;\">4. Aucun pr\u00eat CUEC pr\u00e9alable<\/span><\/h3>\n<p><span style=\"font-weight: 400;\">Les entreprises \u00e9taient consid\u00e9r\u00e9es comme inadmissibles si elles avaient d\u00e9j\u00e0 demand\u00e9 ou re\u00e7u un pr\u00eat du CUEC.<\/span><\/p>\n<h2><span style=\"font-weight: 400;\">Processus de demande<\/span><\/h2>\n<p><span style=\"font-weight: 400;\">Le processus de demande du programme de pr\u00eat CUEC \u00e0 Ch\u00e2teauguay a \u00e9t\u00e9 intentionnellement con\u00e7u pour \u00eatre convivial, avec pour objectif principal de fournir un acc\u00e8s rapide \u00e0 une aide financi\u00e8re cruciale pour les entreprises. Les entrepreneurs \u00e9taient tenus de pr\u00e9senter leur demande par l&#039;interm\u00e9diaire de leurs principales institutions financi\u00e8res. Ces institutions financi\u00e8res ont collabor\u00e9 avec le gouvernement pour rationaliser la proc\u00e9dure de demande et v\u00e9rifier les informations essentielles. Cette approche collaborative visait \u00e0 acc\u00e9l\u00e9rer la distribution des fonds aux entreprises m\u00e9ritantes tout en minimisant les complexit\u00e9s administratives.<\/span><\/p>\n<p><span style=\"font-weight: 400;\">Il est important de reconna\u00eetre que le processus d&#039;approbation des demandes peut impliquer un certain temps d&#039;attente. De plus, le gouvernement a conserv\u00e9 le pouvoir de rejeter certaines demandes qui ne r\u00e9pondaient pas aux crit\u00e8res d&#039;\u00e9ligibilit\u00e9. En cas de rejet, les candidats avaient la possibilit\u00e9 de faire appel ou de demander de l&#039;aide \u00e0 leur banque ou coop\u00e9rative de cr\u00e9dit.<\/span><\/p>\n<h2><span style=\"font-weight: 400;\">Processus de remboursement<\/span><\/h2>\n<p><span style=\"font-weight: 400;\">La proc\u00e9dure de remboursement du programme de pr\u00eat CUEC \u00e0 Ch\u00e2teauguay est simple.<a href=\"http:\/\/ceba.ca\/fr\/information\/what-happens-to-ceba-loan-if-business-closes\/\"> Entreprises non admissibles<\/a> pour une annulation compl\u00e8te du pr\u00eat, il est n\u00e9cessaire d\u2019initier le remboursement du solde restant dans un d\u00e9lai pr\u00e9d\u00e9fini.<\/span><\/p>\n<p><span style=\"font-weight: 400;\">Le <a href=\"http:\/\/ceba.ca\/fr\/ceba-loan-repayment\/\">plan de remboursement pr\u00e9cis<\/a> d\u00e9pend de l&#039;institution financi\u00e8re choisie, qu&#039;il s&#039;agisse d&#039;une banque ou d&#039;une coop\u00e9rative de cr\u00e9dit. Les entreprises sont encourag\u00e9es \u00e0 contacter leurs institutions financi\u00e8res respectives pour recevoir des informations d\u00e9taill\u00e9es sur les \u00e9ch\u00e9anciers de remboursement.<\/span><\/p>\n<p><span style=\"font-weight: 400;\">Il est important de noter que quelle que soit l\u2019institution financi\u00e8re choisie, les entreprises qui remboursent le montant du pr\u00eat avant la date limite stipul\u00e9e sont \u00e9ligibles \u00e0 une remise de pr\u00eat pouvant aller jusqu\u2019\u00e0 $20 000.<\/span><\/p>\n<h2><span style=\"font-weight: 400;\">Cons\u00e9quences des retards de remboursement<\/span><\/h2>\n<p><span style=\"font-weight: 400;\">Chaque pr\u00eat du programme CUEC comporte une date limite de remboursement pr\u00e9cise, et le non-respect de cette date peut avoir plusieurs r\u00e9percussions :<\/span><\/p>\n<h3><span style=\"font-weight: 400;\">1. Perte de subvention de pardon\u00a0<\/span><\/h3>\n<p><span style=\"font-weight: 400;\">Les entreprises ou organisations \u00e0 but non lucratif qui ne respectent pas le d\u00e9lai de remboursement perdront leur \u00e9ligibilit\u00e9 \u00e0 hauteur de $20,000 en<a href=\"http:\/\/ceba.ca\/fr\/information\/ceba-forgiveness\/\"> remise de pr\u00eat.<\/a><\/span><\/p>\n<h3><span style=\"font-weight: 400;\">2. Frais d&#039;int\u00e9r\u00eat suppl\u00e9mentaires<\/span><\/h3>\n<p><span style=\"font-weight: 400;\">Bien que le pr\u00eat lui-m\u00eame ne porte aucun int\u00e9r\u00eat, le non-respect de la date limite de remboursement entra\u00eene des frais d&#039;int\u00e9r\u00eat annuels de 5%.<\/span><\/p>\n<h3><span style=\"font-weight: 400;\">3. Effets sur la cote de cr\u00e9dit<\/span><\/h3>\n<p><span style=\"font-weight: 400;\">Les paiements en retard ou manqu\u00e9s peuvent nuire consid\u00e9rablement \u00e0 votre cote de cr\u00e9dit globale, affectant potentiellement n\u00e9gativement votre solvabilit\u00e9. Le non-respect des d\u00e9lais peut entra\u00eener une cote de cr\u00e9dit inf\u00e9rieure.<\/span><\/p>\n<h2><span style=\"font-weight: 400;\">Impact du CUEC sur l&#039;\u00e9conomie locale de Ch\u00e2teauguay<\/span><\/h2>\n<p><span style=\"font-weight: 400;\">Le programme de pr\u00eat du CUEC a laiss\u00e9 une empreinte tangible et multiforme sur l&#039;\u00e9conomie locale de Ch\u00e2teauguay, apportant \u00e0 la fois un soulagement imm\u00e9diat et favorisant la r\u00e9silience \u00e0 long terme. Ces subventions ont inject\u00e9 des liquidit\u00e9s vitales dans des entreprises aux prises avec une baisse de leurs revenus et des difficult\u00e9s op\u00e9rationnelles r\u00e9sultant de la pand\u00e9mie. En couvrant des d\u00e9penses essentielles telles que la masse salariale et le loyer, les pr\u00eats du CUEC ont jou\u00e9 un r\u00f4le central dans la pr\u00e9vention des mises \u00e0 pied et des fermetures d&#039;entreprises. Cela a permis de pr\u00e9server les opportunit\u00e9s d&#039;emploi locales et de soutenir la vitalit\u00e9 \u00e9conomique de la ville.<\/span><\/p>\n<p><span style=\"font-weight: 400;\">En plus d&#039;offrir une aide \u00e0 court terme, le programme de pr\u00eats CUEC s&#039;est av\u00e9r\u00e9 inestimable pour assurer la continuit\u00e9 des entreprises. En acc\u00e9dant \u00e0 ces fonds, les entreprises ont acquis la capacit\u00e9 d\u2019adapter leurs op\u00e9rations \u00e0 l\u2019\u00e9volution du paysage. Cela comprenait des investissements dans la technologie, les capacit\u00e9s de travail \u00e0 distance et des approches innovantes pour servir les clients dans la \u00ab nouvelle normalit\u00e9 \u00bb. Cette adaptabilit\u00e9 a permis aux entreprises de Ch\u00e2teauguay de pivoter et de prosp\u00e9rer dans un environnement incertain.<\/span><\/p>\n<p><span style=\"font-weight: 400;\">De plus, les effets d\u2019entra\u00eenement du programme de pr\u00eats CUEC se sont r\u00e9percut\u00e9s sur l\u2019ensemble de l\u2019\u00e9conomie locale. Alors que les entreprises de Ch\u00e2teauguay conservaient leur effectif et poursuivaient leurs activit\u00e9s, la confiance des consommateurs est demeur\u00e9e stable. Cela a, \u00e0 son tour, stimul\u00e9 les d\u00e9penses et la consommation locales, \u00e9vitant ainsi un grave ralentissement \u00e9conomique. La r\u00e9silience des petites et moyennes entreprises (PME) constitue la pierre angulaire de la croissance \u00e9conomique dans des villes comme Ch\u00e2teauguay, et le programme de pr\u00eats du CUEC a apport\u00e9 un soutien substantiel \u00e0 ce secteur fondamental.<\/span><\/p>\n<h2><span style=\"font-weight: 400;\">Conclusion<\/span><\/h2>\n<p><span style=\"font-weight: 400;\">Le programme de pr\u00eat CUEC \u00e0 Ch\u00e2teauguay constitue clairement une bou\u00e9e de sauvetage pour les entreprises, assurant une stabilit\u00e9 financi\u00e8re essentielle, prot\u00e9geant les opportunit\u00e9s d&#039;emploi et favorisant l&#039;adaptabilit\u00e9 face \u00e0 des d\u00e9fis sans pr\u00e9c\u00e9dent. \u00c0 mesure que la ville progresse progressivement sur la voie de la reprise, l\u2019influence durable du programme de pr\u00eats du CUEC est sur le point de s\u2019\u00e9tendre bien au-del\u00e0 des cons\u00e9quences imm\u00e9diates de la pand\u00e9mie. La r\u00e9silience affich\u00e9e par les entreprises de Ch\u00e2teauguay, renforc\u00e9e par le soutien de l&#039;initiative CUEC, souligne l&#039;importance d&#039;interventions gouvernementales opportunes et pr\u00e9cis\u00e9ment cibl\u00e9es pour favoriser la croissance \u00e9conomique et la prosp\u00e9rit\u00e9 des communaut\u00e9s locales.<\/span><\/p>","protected":false},"excerpt":{"rendered":"<p>In response to a challenging economic climate, the Canadian government unveiled the Canada Emergency Business Account (CEBA) as a crucial aid package for businesses grappling with the economic repercussions of the COVID-19 pandemic. Chateauguay serves as an exemplary case study, effectively harnessing the benefits of this initiative. Beyond its primary function of supplying essential financial [&hellip;]<\/p>\n","protected":false},"author":2,"featured_media":4928,"parent":0,"menu_order":0,"comment_status":"closed","ping_status":"closed","template":"","meta":{"footnotes":""},"class_list":["post-3673","page","type-page","status-publish","has-post-thumbnail","hentry"],"_links":{"self":[{"href":"http:\/\/ceba.ca\/fr\/wp-json\/wp\/v2\/pages\/3673","targetHints":{"allow":["GET"]}}],"collection":[{"href":"http:\/\/ceba.ca\/fr\/wp-json\/wp\/v2\/pages"}],"about":[{"href":"http:\/\/ceba.ca\/fr\/wp-json\/wp\/v2\/types\/page"}],"author":[{"embeddable":true,"href":"http:\/\/ceba.ca\/fr\/wp-json\/wp\/v2\/users\/2"}],"replies":[{"embeddable":true,"href":"http:\/\/ceba.ca\/fr\/wp-json\/wp\/v2\/comments?post=3673"}],"version-history":[{"count":3,"href":"http:\/\/ceba.ca\/fr\/wp-json\/wp\/v2\/pages\/3673\/revisions"}],"predecessor-version":[{"id":5038,"href":"http:\/\/ceba.ca\/fr\/wp-json\/wp\/v2\/pages\/3673\/revisions\/5038"}],"wp:featuredmedia":[{"embeddable":true,"href":"http:\/\/ceba.ca\/fr\/wp-json\/wp\/v2\/media\/4928"}],"wp:attachment":[{"href":"http:\/\/ceba.ca\/fr\/wp-json\/wp\/v2\/media?parent=3673"}],"curies":[{"name":"wp","href":"https:\/\/api.w.org\/{rel}","templated":true}]}}