{"id":3651,"date":"2023-09-07T03:32:10","date_gmt":"2023-09-07T07:32:10","guid":{"rendered":"http:\/\/ceba.ca\/?page_id=3651"},"modified":"2023-09-07T03:32:10","modified_gmt":"2023-09-07T07:32:10","slug":"ceba-loan-in-red-deer","status":"publish","type":"page","link":"http:\/\/ceba.ca\/fr\/ceba-loan-in-red-deer\/","title":{"rendered":"Pr\u00eat CUEC \u00e0 Red Deer"},"content":{"rendered":"<p><span style=\"font-weight: 400;\">Dans la ville dynamique de <a href=\"https:\/\/en.wikipedia.org\/wiki\/Red_Deer,_Alberta\" target=\"_blank\" rel=\"noopener\">Cerf \u00e9laphe<\/a>, la pand\u00e9mie de COVID-19 a pr\u00e9sent\u00e9 des d\u00e9fis sans pr\u00e9c\u00e9dent aux petites entreprises et aux organismes \u00e0 but non lucratif. En r\u00e9ponse, le gouvernement canadien a introduit le <a href=\"http:\/\/ceba.ca\/fr\/\">Programme de pr\u00eat CUEC<\/a>. Cette initiative a fourni un soutien financier essentiel sous la forme de pr\u00eats sans int\u00e9r\u00eat, avec une limite maximale de $60 000, aux entreprises \u00e9ligibles.<\/span><\/p>\n<p><span style=\"font-weight: 400;\">Cet article explorera l&#039;impact du pr\u00eat CUEC sur la communaut\u00e9 des affaires de Red Deer, <a href=\"http:\/\/ceba.ca\/fr\/information\/who-is-eligible-for-a-ceba-loan\/\">d\u00e9crire les crit\u00e8res d&#039;\u00e9ligibilit\u00e9<\/a>, et discuter des mesures mises en \u0153uvre pour assurer une r\u00e9partition juste et \u00e9quitable de l\u2019aide.<\/span><\/p>\n<p><span style=\"font-weight: 400;\">Le programme de pr\u00eat CUEC est devenu une bou\u00e9e de sauvetage vitale pour de nombreuses entreprises de Red Deer, leur permettant de faire face aux turbulences caus\u00e9es par la pand\u00e9mie. Avec un acc\u00e8s \u00e0 des pr\u00eats allant jusqu&#039;\u00e0 $60 000, ces entreprises pourraient faire face aux d\u00e9penses essentielles, maintenir leur main-d&#039;\u0153uvre et relever avec succ\u00e8s les d\u00e9fis \u00e9conomiques provoqu\u00e9s par la crise.<\/span><\/p>\n<p><span style=\"font-weight: 400;\">Les entreprises de Red Deer souhaitant acc\u00e9der au programme de pr\u00eat CUEC doivent r\u00e9pondre \u00e0 des crit\u00e8res d&#039;\u00e9ligibilit\u00e9 sp\u00e9cifiques \u00e9tablis par le gouvernement du Canada.<\/span><\/p>\n<p><span style=\"font-weight: 400;\">Ces exigences cl\u00e9s incluent la n\u00e9cessit\u00e9 de maintenir un compte ch\u00e8que ou op\u00e9rationnel d&#039;entreprise actif et de d\u00e9montrer des d\u00e9penses \u00e9ligibles non reportables allant de $20 000 \u00e0 $1,5 million pour l&#039;ann\u00e9e 2020.<\/span><\/p>\n<p><span style=\"font-weight: 400;\">Un changement important est entr\u00e9 en vigueur le 26 octobre 2020, puisque l\u2019ancienne condition d\u2019avoir un compte d\u2019entreprise actif \u00e0 compter du 1er mars 2020 a \u00e9t\u00e9 supprim\u00e9e. Cette modification permettait aux entreprises \u00e9ligibles de postuler m\u00eame si elles avaient ouvert un compte aupr\u00e8s de leur institution financi\u00e8re principale apr\u00e8s le 1er mars 2020.<\/span><\/p>\n<p><span style=\"font-weight: 400;\">Pour les emprunteurs admissibles au CUEC \u00e0 Red Deer qui ont maintenu une bonne r\u00e9putation, une occasion int\u00e9ressante d&#039;annulation de pr\u00eat les attendait. <a href=\"http:\/\/ceba.ca\/fr\/resources\/can-you-defer-your-ceba-repayment-terms\/\">Rembourser int\u00e9gralement le solde du pr\u00eat d\u2019ici le 31 d\u00e9cembre 2023<\/a>, les a rendus \u00e9ligibles \u00e0 une remise allant jusqu&#039;\u00e0 33 pour cent, ce qui \u00e9quivaut \u00e0 un maximum de $20,000.<\/span><\/p>\n<p><span style=\"font-weight: 400;\">Cette incitation a \u00e9t\u00e9 un facteur de motivation crucial pour inciter les entreprises \u00e0 garantir un remboursement dans les d\u00e9lais, les all\u00e9geant ainsi de pressions financi\u00e8res importantes.<\/span><\/p>\n<p><span style=\"font-weight: 400;\">\u00a0Le 4 d\u00e9cembre 2020, le programme CUEC a connu un \u00e9largissement important, renfor\u00e7ant encore davantage ses avantages. Les emprunteurs approuv\u00e9s sont devenus \u00e9ligibles pour obtenir un pr\u00eat de $60 000, ce qui repr\u00e9sente une augmentation substantielle par rapport au pr\u00eat initial de $40 000 CEBA. Cet \u00e9largissement a \u00e9galement permis aux entreprises ayant d\u00e9j\u00e0 obtenu le pr\u00eat initial de postuler \u00e0 l&#039;\u00e9largissement du CUEC, leur donnant acc\u00e8s \u00e0 une aide financi\u00e8re suppl\u00e9mentaire de $20,000.<\/span><\/p>\n<p><span style=\"font-weight: 400;\">Cet \u00e9largissement du programme s\u2019est av\u00e9r\u00e9 \u00eatre une bou\u00e9e de sauvetage pr\u00e9cieuse, fournissant un soutien financier suppl\u00e9mentaire aux entreprises aux prises avec les r\u00e9percussions prolong\u00e9es de la pand\u00e9mie.<\/span><\/p>\n<p><span style=\"font-weight: 400;\">Cependant, il est important de noter que la p\u00e9riode de candidature au programme CUEC s&#039;est officiellement ferm\u00e9e le 30 juin 2021 et que la p\u00e9riode de financement est depuis termin\u00e9e. Par cons\u00e9quent, aucune nouvelle demande ne peut \u00eatre accept\u00e9e et le programme CUEC n\u2019accordera pas d\u2019aide financi\u00e8re suppl\u00e9mentaire.<\/span><\/p>\n<p><span style=\"font-weight: 400;\">Tous les processus de validation permettant de r\u00e9pondre aux crit\u00e8res d\u2019\u00e9ligibilit\u00e9 ont \u00e9t\u00e9 m\u00e9ticuleusement men\u00e9s \u00e0 bien et les r\u00e9sultats sont d\u00e9sormais d\u00e9finitifs. La possibilit\u00e9 d&#039;un r\u00e9examen suppl\u00e9mentaire ou d&#039;une r\u00e9solution est pass\u00e9e, et le programme CUEC n&#039;accepte plus de nouvelles demandes.<\/span><\/p>\n<h2><span style=\"font-weight: 400;\">Une port\u00e9e nationale<\/span><\/h2>\n<p><span style=\"font-weight: 400;\">Le CUEC a \u00e9t\u00e9 rendu accessible via un r\u00e9seau de plus de 220 institutions financi\u00e8res \u00e0 travers le Canada. Gr\u00e2ce \u00e0 cette port\u00e9e \u00e9tendue, les entreprises, non seulement \u00e0 Red Deer, mais partout au pays, disposaient de nombreux canaux par lesquels elles pouvaient postuler au programme. Cette approche a rationalis\u00e9 le processus de candidature, permettant aux entreprises d\u2019acc\u00e9der efficacement \u00e0 un soutien financier crucial.<\/span><\/p>\n<h2><span style=\"font-weight: 400;\">Pr\u00eat CUEC \u00e0 Red Deer\u00a0: lignes directrices en mati\u00e8re de remboursement et remise de dette<\/span><\/h2>\n<p><span style=\"font-weight: 400;\">Pour tous les candidats au CUEC qui satisfont aux <a href=\"http:\/\/ceba.ca\/fr\/information\/who-is-eligible-for-a-ceba-loan\/\">les crit\u00e8res d&#039;\u00e9ligibilit\u00e9 du programme<\/a>, les conditions de remboursement suivantes s&#039;appliquent \u00e0 la fois aux pr\u00eats initiaux $40 000 et $60 000, ainsi qu&#039;\u00e0 l&#039;extension $20 000.<\/span><\/p>\n<h3><span style=\"font-weight: 400;\">Possibilit\u00e9 de remise de dette<\/span><\/h3>\n<p><span style=\"font-weight: 400;\">Si le capital impay\u00e9, \u00e0 l\u2019exclusion de tout montant potentiel d\u2019annulation de dette, est enti\u00e8rement rembours\u00e9 d\u2019ici le 31 d\u00e9cembre 2023, le solde du capital restant sera annul\u00e9. Cette remise est subordonn\u00e9e \u00e0 la condition qu&#039;aucun d\u00e9faut ne se soit produit au titre de l&#039;accord de pr\u00eat.<\/span><\/p>\n<p><span style=\"font-weight: 400;\">Ces conditions de remboursement flexibles et la possibilit\u00e9 d&#039;annulation de la dette ont \u00e9t\u00e9 con\u00e7ues strat\u00e9giquement pour fournir un soutien et un all\u00e9gement financier essentiels aux entreprises de Red Deer. Ils permettent \u00e0 ces entreprises de g\u00e9rer efficacement leurs obligations de pr\u00eat face \u00e0 des circonstances \u00e9conomiques difficiles.<\/span><\/p>\n<p><span style=\"font-weight: 400;\">Par <a href=\"http:\/\/ceba.ca\/fr\/information\/ceba-forgiveness\/\">offrir sans int\u00e9r\u00eat<\/a> p\u00e9riodes et en pardonnant une partie du capital pour les remboursements en temps opportun, le programme CUEC vise \u00e0 favoriser la r\u00e9silience et la stabilit\u00e9 \u00e9conomiques au sein de la communaut\u00e9 des affaires locale.<\/span><\/p>\n<h3><span style=\"font-weight: 400;\">Remboursements et conditions futures<\/span><\/h3>\n<p><span style=\"font-weight: 400;\">\u2013 Il n\u2019y a aucune obligation de remboursement du capital avant le 31 d\u00e9cembre 2023.<\/span><\/p>\n<p><span style=\"font-weight: 400;\">\u2013 Apr\u00e8s le 31 d\u00e9cembre 2023, seuls les paiements d\u2019int\u00e9r\u00eats seront exig\u00e9s jusqu\u2019\u00e0 ce que le montant total du capital soit d\u00fb au plus tard le 31 d\u00e9cembre 2025.<\/span><\/p>\n<h3><span style=\"font-weight: 400;\">\u00a0Int\u00e9r\u00eat<\/span><\/h3>\n<p><span style=\"font-weight: 400;\">\u2013 Aucun int\u00e9r\u00eat ne s\u2019accumulera jusqu\u2019au 31 d\u00e9cembre 2023, offrant un taux d\u2019int\u00e9r\u00eat annuel de 0% pendant cette p\u00e9riode.<\/span><\/p>\n<p><span style=\"font-weight: 400;\">\u2013 \u00c0 compter du 1er janvier 2024, un taux d\u2019int\u00e9r\u00eat annuel de 5% sera en vigueur.<\/span><\/p>\n<h2><span style=\"font-weight: 400;\">Impact sur la r\u00e9silience \u00e9conomique de Red Deer<\/span><\/h2>\n<p><span style=\"font-weight: 400;\">Le programme CUEC a jou\u00e9 un r\u00f4le central dans le renforcement de la r\u00e9silience \u00e9conomique de Red Deer en ces temps difficiles. En accordant un soutien aux entreprises locales au moyen de pr\u00eats, le CUEC a efficacement att\u00e9nu\u00e9 les effets n\u00e9fastes de la pand\u00e9mie sur les op\u00e9rations commerciales, la r\u00e9tention des employ\u00e9s et la stabilit\u00e9 globale de l&#039;\u00e9conomie locale.<\/span><\/p>\n<h2><span style=\"font-weight: 400;\">Appel urgent pour la prolongation du pr\u00eat du CUEC \u00e0 Red Deer<\/span><\/h2>\n<p><span style=\"font-weight: 400;\">Alors que le processus de reprise \u00e9conomique apr\u00e8s la pand\u00e9mie de COVID-19 se poursuit, un nombre important de petites entreprises de Red Deer, ainsi que d&#039;innombrables autres partout au Canada, r\u00e9clament de toute urgence une prolongation de la date limite de remboursement de leur Compte d&#039;urgence pour les entreprises canadiennes (CUEC). ) pr\u00eats. Ces entreprises, bien qu\u2019appr\u00e9ciant les efforts du gouvernement pour apporter une aide pendant la pand\u00e9mie, restent tr\u00e8s vuln\u00e9rables au ralentissement \u00e9conomique. Beaucoup d\u2019entre eux se trouvent encore dans une situation financi\u00e8re pr\u00e9caire et d\u00e9pendent fortement de la partie remboursable du pr\u00eat comme bou\u00e9e de sauvetage cruciale.<\/span><\/p>\n<p><span style=\"font-weight: 400;\">Selon une analyse r\u00e9cente men\u00e9e par l&#039;Institut de la Chambre de commerce canadienne des PME, les entreprises sont aux prises avec trois d\u00e9fis urgents : l&#039;inflation, la hausse des co\u00fbts des intrants et le fardeau des int\u00e9r\u00eats et des dettes. Les petites entreprises, en particulier, se retrouvent contraintes par un lourd fardeau li\u00e9 \u00e0 l\u2019endettement.<\/span><\/p>\n<p><span style=\"font-weight: 400;\">L&#039;urgence associ\u00e9e \u00e0 l&#039;\u00e9ch\u00e9ance de remboursement a incit\u00e9 les Chambres de commerce de l&#039;Atlantique et du Canada \u00e0 agir. Ensemble, ils ont r\u00e9dig\u00e9 une lettre adress\u00e9e \u00e0 la ministre des Finances Freeland, qui a re\u00e7u le soutien des chambres de tout le pays. Cependant, les entreprises individuelles et les titulaires de pr\u00eats \u00e0 but non lucratif jouent \u00e9galement un r\u00f4le central en amplifiant leur voix. Il est essentiel de s\u2019engager aupr\u00e8s des d\u00e9put\u00e9s locaux et de plaider en faveur de d\u00e9lais prolong\u00e9s et de mesures d\u2019all\u00e8gement suppl\u00e9mentaires.<\/span><\/p>\n<p><span style=\"font-weight: 400;\">Les petites entreprises sont l&#039;\u00e9pine dorsale de l&#039;\u00e9conomie, et leur offrir des prolongations et un all\u00e9gement de la dette contribuera \u00e0 b\u00e2tir un avenir \u00e9conomique plus r\u00e9silient et plus robuste, non seulement pour Red Deer mais pour l&#039;ensemble du Canada.<\/span><\/p>\n<h2><span style=\"font-weight: 400;\">\u00a0Conclusion<\/span><\/h2>\n<p><span style=\"font-weight: 400;\">Alors que Red Deer se dirige vers le r\u00e9tablissement et la reconstruction dans l&#039;\u00e8re post-pand\u00e9mique, l&#039;impact durable du programme de pr\u00eat CUEC continue de r\u00e9sonner au sein du monde des affaires de la ville. Le soutien financier crucial du CUEC a non seulement aid\u00e9 les entreprises \u00e0 survivre, mais leur a \u00e9galement permis de s&#039;adapter, d&#039;innover et de prosp\u00e9rer face aux d\u00e9fis extraordinaires pos\u00e9s par la p\u00e9riode actuelle.<\/span><\/p>\n<p><span style=\"font-weight: 400;\">M\u00eame si la p\u00e9riode de demande du CUEC est termin\u00e9e, son impact profond continue de r\u00e9sonner. Les entreprises de Red Deer font preuve de r\u00e9silience, propuls\u00e9es par leur d\u00e9termination, alors qu\u2019elles vont de l\u2019avant, s\u2019effor\u00e7ant de fa\u00e7onner un avenir \u00e9conomique plus brillant et plus prosp\u00e8re.<\/span><\/p>","protected":false},"excerpt":{"rendered":"<p>In the dynamic city of Red Deer, the COVID-19 pandemic presented unprecedented challenges to small businesses and not-for-profit organizations. In response, the Canadian government introduced the CEBA loan program. This initiative provided critical financial support in the form of interest-free loans, with a maximum limit of $60,000, to eligible businesses. This article will explore the [&hellip;]<\/p>\n","protected":false},"author":2,"featured_media":5175,"parent":0,"menu_order":0,"comment_status":"closed","ping_status":"closed","template":"","meta":{"footnotes":""},"class_list":["post-3651","page","type-page","status-publish","has-post-thumbnail","hentry"],"_links":{"self":[{"href":"http:\/\/ceba.ca\/fr\/wp-json\/wp\/v2\/pages\/3651","targetHints":{"allow":["GET"]}}],"collection":[{"href":"http:\/\/ceba.ca\/fr\/wp-json\/wp\/v2\/pages"}],"about":[{"href":"http:\/\/ceba.ca\/fr\/wp-json\/wp\/v2\/types\/page"}],"author":[{"embeddable":true,"href":"http:\/\/ceba.ca\/fr\/wp-json\/wp\/v2\/users\/2"}],"replies":[{"embeddable":true,"href":"http:\/\/ceba.ca\/fr\/wp-json\/wp\/v2\/comments?post=3651"}],"version-history":[{"count":3,"href":"http:\/\/ceba.ca\/fr\/wp-json\/wp\/v2\/pages\/3651\/revisions"}],"predecessor-version":[{"id":5176,"href":"http:\/\/ceba.ca\/fr\/wp-json\/wp\/v2\/pages\/3651\/revisions\/5176"}],"wp:featuredmedia":[{"embeddable":true,"href":"http:\/\/ceba.ca\/fr\/wp-json\/wp\/v2\/media\/5175"}],"wp:attachment":[{"href":"http:\/\/ceba.ca\/fr\/wp-json\/wp\/v2\/media?parent=3651"}],"curies":[{"name":"wp","href":"https:\/\/api.w.org\/{rel}","templated":true}]}}