{"id":3582,"date":"2023-08-15T11:41:11","date_gmt":"2023-08-15T15:41:11","guid":{"rendered":"http:\/\/ceba.ca\/?page_id=3582"},"modified":"2023-08-15T11:41:11","modified_gmt":"2023-08-15T15:41:11","slug":"ceba-loan-in-saskatoon","status":"publish","type":"page","link":"http:\/\/ceba.ca\/fr\/ceba-loan-in-saskatoon\/","title":{"rendered":"Pr\u00eat CUEC \u00e0 Saskatoon"},"content":{"rendered":"<p><span style=\"font-weight: 400;\">Au milieu du rythme effr\u00e9n\u00e9 de Saskatoon, la temp\u00eate inattendue de la pand\u00e9mie de COVID-19 a frapp\u00e9, laissant sa marque dans tous les coins de la ville. Alors que les entreprises se retrouvent en terrain inconnu, aux prises avec une s\u00e9rie de d\u00e9fis sans pr\u00e9c\u00e9dent, une bou\u00e9e de sauvetage a \u00e9t\u00e9 lanc\u00e9e. Cette bou\u00e9e de sauvetage, connue sous le nom de <\/span><a href=\"https:\/\/ceba-cuec.ca\/\" target=\"_blank\" rel=\"noopener\"><span style=\"font-weight: 400;\">Compte d&#039;urgence pour les entreprises canadiennes (CUEC)<\/span><\/a><span style=\"font-weight: 400;\"> programme de pr\u00eats, est apparu comme une lueur de soulagement et d\u2019espoir, \u00e9clairant le chemin vers la stabilit\u00e9 dans le chaos.<\/span><\/p>\n<p><span style=\"font-weight: 400;\">Le pr\u00eat du CUEC \u00e0 Saskatoon est rapidement devenu une pierre angulaire pour les entreprises qui s\u2019efforcent de garder leurs portes ouvertes, leur personnel employ\u00e9 et leurs r\u00eaves vivants dans les incertitudes induites par la pand\u00e9mie. Cette ressource inestimable peut \u00eatre compar\u00e9e \u00e0 un phare au milieu d\u2019une temp\u00eate, ouvrant la voie vers des rivages plus s\u00fbrs.\u00a0<\/span><\/p>\n<p><span style=\"font-weight: 400;\">Rejoignez-nous dans ce voyage alors que nous explorons le r\u00f4le central du <\/span><a href=\"http:\/\/ceba.ca\/fr\/ceba-loan\/\"><span style=\"font-weight: 400;\">Pr\u00eat du CUEC \u00e0 Saskatoon<\/span><\/a><span style=\"font-weight: 400;\">. Nous explorerons comment il a offert un <\/span><a href=\"http:\/\/ceba.ca\/fr\/industries\/ceba-loan-is-a-lifeline-for-canadian-business\/\"><span style=\"font-weight: 400;\">bou\u00e9e de sauvetage financi\u00e8re pour les entreprises<\/span><\/a><span style=\"font-weight: 400;\"> et a d\u00e9clench\u00e9 une \u00e9tincelle d\u2019optimisme quant \u00e0 une reprise \u00e9conomique r\u00e9siliente.<\/span><\/p>\n<h2><span style=\"font-weight: 400;\">Pr\u00eat CUEC \u00e0 Saskatoon<\/span><\/h2>\n<p><span style=\"font-weight: 400;\">Alors que la pand\u00e9mie se propageait \u00e0 l\u2019\u00e9chelle mondiale, l\u2019\u00e9cosyst\u00e8me commercial florissant de Saskatoon n\u2019a pas \u00e9t\u00e9 \u00e9pargn\u00e9 par ses ondes de choc \u00e9conomique. Dans ces circonstances nouvelles, le Compte d\u2019urgence pour les entreprises canadiennes (CUEC) est apparu comme un puissant instrument de relance. Ce programme a offert une bou\u00e9e de sauvetage aux entreprises \u00e9ligibles, en leur donnant acc\u00e8s \u00e0 des pr\u00eats garantis par le gouvernement pouvant atteindre $60 000.<\/span><\/p>\n<p><span style=\"font-weight: 400;\">Cette aide financi\u00e8re essentielle a servi de filet de s\u00e9curit\u00e9 solide, permettant aux entreprises de maintenir leur personnel, de faire face \u00e0 leurs d\u00e9penses fixes et de s\u2019adapter aux conditions de march\u00e9 dynamiques provoqu\u00e9es par la pand\u00e9mie. Essentiellement, le pr\u00eat du CUEC a \u00e9t\u00e9 la lueur d&#039;espoir qui a insuffl\u00e9 l&#039;espoir aux entreprises de Saskatoon, renfor\u00e7ant ainsi leur r\u00e9silience en ces temps difficiles.<\/span><\/p>\n<h2><span style=\"font-weight: 400;\">L\u2019impact du pr\u00eat CUEC<\/span><\/h2>\n<p><span style=\"font-weight: 400;\">Le panorama \u00e9conomique de Saskatoon n&#039;est rien de moins qu&#039;une tapisserie dynamique, associant un large \u00e9ventail de secteurs, notamment la fabrication, les soins de sant\u00e9, l&#039;\u00e9ducation et la vente au d\u00e9tail. Cet \u00e9cosyst\u00e8me aux multiples facettes s\u2019est soudainement retrouv\u00e9 face \u00e0 un adversaire redoutable lorsque la pand\u00e9mie a frapp\u00e9. Pourtant, les pr\u00eats du CUEC ont servi de point d\u2019appui essentiel, offrant un soutien r\u00e9silient qui a permis \u00e0 ces entreprises de rester \u00e0 flot pendant la crise.<\/span><\/p>\n<p><span style=\"font-weight: 400;\">L&#039;impact du programme de pr\u00eats CUEC a \u00e9t\u00e9 particuli\u00e8rement remarquable au sein de la communaut\u00e9 des petites entreprises. Ces rouages vitaux de la machine \u00e9conomique de Saskatoon se sont fortement appuy\u00e9s sur les pr\u00eats du CUEC pour parer aux implications financi\u00e8res de la pand\u00e9mie. Les pr\u00eats ont servi de bou\u00e9e financi\u00e8re, leur permettant de maintenir leurs op\u00e9rations et de continuer \u00e0 fournir leurs services essentiels \u00e0 la communaut\u00e9. Dans une p\u00e9riode d&#039;incertitude g\u00e9n\u00e9ralis\u00e9e, le pr\u00eat du CUEC a favoris\u00e9 un semblant de normalit\u00e9, suscitant une lueur d&#039;optimisme quant \u00e0 la robuste reprise \u00e9conomique de Saskatoon.<\/span><\/p>\n<h2><span style=\"font-weight: 400;\">Int\u00e9r\u00eat<\/span><\/h2>\n<p><span style=\"font-weight: 400;\">Une caract\u00e9ristique remarquable des pr\u00eats du CUEC qui a attir\u00e9 l&#039;attention du milieu des affaires de Saskatoon \u00e9tait sa structure avantageuse \u2013 aucun int\u00e9r\u00eat factur\u00e9 jusqu&#039;au 31 d\u00e9cembre 2023. Cette conception r\u00e9fl\u00e9chie \u00e9tait loin d&#039;\u00eatre une simple co\u00efncidence ; il s\u2019agissait d\u2019une strat\u00e9gie soigneusement con\u00e7ue visant \u00e0 all\u00e9ger le fardeau financier des entreprises pendant les premi\u00e8res \u00e9tapes essentielles de la reprise \u00e9conomique.<\/span><\/p>\n<p><span style=\"font-weight: 400;\">Cette p\u00e9riode sans int\u00e9r\u00eat s\u2019apparentait \u00e0 un sanctuaire financier, offrant une pause bien n\u00e9cessaire face \u00e0 la pression des int\u00e9r\u00eats accumul\u00e9s. Ce sursis strat\u00e9gique a permis aux entreprises de consacrer leurs ressources et leurs efforts au rajeunissement de leurs op\u00e9rations, au renforcement de leur position sur le march\u00e9 et \u00e0 la relance de leurs sources de revenus.<\/span><\/p>\n<p><span style=\"font-weight: 400;\">Cependant, il est important de noter qu\u2019\u00e0 mesure que le calendrier se rapproche du 1er janvier 2024, les entreprises doivent se pr\u00e9parer \u00e0 un changement dans la structure des pr\u00eats. Un taux d&#039;int\u00e9r\u00eat nominal de 5% par an sera pr\u00e9lev\u00e9 sur le solde impay\u00e9. M\u00eame si cela annonce la fin de la p\u00e9riode sans int\u00e9r\u00eat, le taux choisi reste relativement bas par rapport aux pr\u00eats classiques. Un taux aussi mod\u00e9r\u00e9 offre aux entreprises un levier continu pour g\u00e9rer efficacement leurs finances, d\u00e9montrant les avantages \u00e0 long terme et la flexibilit\u00e9 offerts par les pr\u00eats du CUEC, m\u00eame au-del\u00e0 des premi\u00e8res ann\u00e9es de reprise.<\/span><\/p>\n<h2><span style=\"font-weight: 400;\">D\u00e9penses non reportables pour l\u2019admissibilit\u00e9 au CUEC<\/span><\/h2>\n<p><span style=\"font-weight: 400;\">Comprendre les d\u00e9penses non reportables admissibles au CUEC est essentiel pour acc\u00e9der \u00e0 cette ressource de financement vitale. Voici une r\u00e9partition des principales cat\u00e9gories\u00a0:<\/span><\/p>\n<ul>\n<li style=\"font-weight: 400;\" aria-level=\"1\"><b>Salaires et d\u00e9penses d\u2019emploi\u00a0: <\/b><span style=\"font-weight: 400;\">Cela implique des paiements \u00e0 des tiers \u00e0 des fins li\u00e9es \u00e0 l&#039;emploi, y compris les salaires, traitements et avantages sociaux, qui font partie int\u00e9grante des op\u00e9rations commerciales.<\/span><\/li>\n<li style=\"font-weight: 400;\" aria-level=\"1\"><b>Loyers et paiements de location\u00a0: <\/b><span style=\"font-weight: 400;\">Cette cat\u00e9gorie couvre les d\u00e9penses li\u00e9es \u00e0 la location ou \u00e0 la location de biens immobiliers et d&#039;\u00e9quipements op\u00e9rationnels essentiels.<\/span><\/li>\n<li style=\"font-weight: 400;\" aria-level=\"1\"><b>Frais d&#039;assurance\u00a0: <\/b><span style=\"font-weight: 400;\">Cela englobe diff\u00e9rents types de co\u00fbts d&#039;assurance li\u00e9s \u00e0 l&#039;entreprise, tels que la responsabilit\u00e9 civile, les biens, l&#039;indemnisation des accidents du travail, entre autres.<\/span><\/li>\n<li style=\"font-weight: 400;\" aria-level=\"1\"><b>Imp\u00f4ts fonciers:<\/b><span style=\"font-weight: 400;\"> Il s\u2019agit de paiements effectu\u00e9s au titre des taxes fonci\u00e8res li\u00e9es aux locaux commerciaux et constituent des d\u00e9penses non reportables n\u00e9cessaires au fonctionnement r\u00e9gulier de l\u2019entreprise.<\/span><\/li>\n<li style=\"font-weight: 400;\" aria-level=\"1\"><b>T\u00e9l\u00e9phone et services publics\u00a0: <\/b><span style=\"font-weight: 400;\">Cette cat\u00e9gorie comprend les d\u00e9penses li\u00e9es aux services publics essentiels, notamment les services de gaz, de p\u00e9trole, d\u2019\u00e9lectricit\u00e9, d\u2019eau, de t\u00e9l\u00e9phone et d\u2019Internet.<\/span><\/li>\n<li style=\"font-weight: 400;\" aria-level=\"1\"><b>Service de la dette: <\/b><span style=\"font-weight: 400;\">Il s\u2019agit des paiements r\u00e9guliers effectu\u00e9s pour le service de la dette, car les entreprises ont souvent besoin d\u2019emprunter des fonds pour leurs op\u00e9rations et ces remboursements ne peuvent \u00eatre report\u00e9s.<\/span><\/li>\n<li style=\"font-weight: 400;\" aria-level=\"1\"><b>Accords et licences\u00a0:<\/b><span style=\"font-weight: 400;\"> Cette cat\u00e9gorie comprend les paiements aux entrepreneurs ind\u00e9pendants et les frais de licence, y compris les co\u00fbts li\u00e9s aux accords contractuels en cours et aux licences d\u2019exploitation commerciale cruciales.<\/span><\/li>\n<li style=\"font-weight: 400;\" aria-level=\"1\"><b>Mat\u00e9riaux pour la production\u00a0:<\/b><span style=\"font-weight: 400;\"> Cette cat\u00e9gorie concerne les d\u00e9penses engag\u00e9es pour l&#039;achat de mat\u00e9riaux utilis\u00e9s dans la fabrication des produits. Les entreprises doivent investir dans ces mat\u00e9riaux essentiels directement li\u00e9s \u00e0 leurs biens ou services.<\/span><\/li>\n<\/ul>\n<h2><span style=\"font-weight: 400;\">Expansion, pardon et remboursement du CUEC<\/span><\/h2>\n<p><span style=\"font-weight: 400;\">Pendant les d\u00e9fis de la pand\u00e9mie, les entreprises de Saskatoon avaient besoin de plus qu\u2019une simple aide financi\u00e8re standard. Conscient de ce besoin, le CEBA a \u00e9largi son programme de pr\u00eats, augmentant le pr\u00eat initial de $40 000 de $20 000. Ce soutien g\u00e9n\u00e9reux a \u00e9t\u00e9 con\u00e7u pour fournir un niveau de soutien suppl\u00e9mentaire aux entreprises \u00e9ligibles qui s\u2019efforcent de rester \u00e0 flot en ces temps de turbulences.\u00a0<\/span><\/p>\n<p><span style=\"font-weight: 400;\">Mais il est important de noter que cette expansion n\u2019\u00e9tait pas simplement un cadeau gratuit. Elle \u00e9tait assortie de crit\u00e8res et de d\u00e9lais pr\u00e9cis que les entreprises devaient respecter pour b\u00e9n\u00e9ficier de cette aide suppl\u00e9mentaire. Cet \u00e9largissement r\u00e9fl\u00e9chi et les r\u00e8gles qui l&#039;accompagnent ont soulign\u00e9 l&#039;engagement continu du CUEC \u00e0 soutenir les entreprises dans leur cheminement vers la reprise \u00e9conomique.<\/span><\/p>\n<p><span style=\"font-weight: 400;\">Mais le soutien du CEBA ne s&#039;arr\u00eate pas l\u00e0. Il y a un c\u00f4t\u00e9 positif pour ceux qui g\u00e8rent leurs pr\u00eats de mani\u00e8re responsable. Si les entreprises remboursent le montant du principal restant d\u00fb \u2013 \u00e0 l\u2019exclusion de la partie du pr\u00eat potentiellement \u00e9ligible \u00e0 l\u2019annulation de la dette \u2013 d\u2019ici le 31 d\u00e9cembre 2023, elles auront une agr\u00e9able surprise.\u00a0<\/span><\/p>\n<p><span style=\"font-weight: 400;\">Le montant principal restant sera annul\u00e9\u00a0! Cette disposition est plus qu\u2019une simple bou\u00e9e de sauvetage ; c&#039;est un vote de confiance pour les entreprises qui respectent leurs engagements dans les d\u00e9lais prescrits. Il souligne le <\/span><a href=\"http:\/\/ceba.ca\/fr\/news\/will-ceba-be-extended-once-again\/\"><span style=\"font-weight: 400;\">importance des remboursements ponctuels<\/span><\/a><span style=\"font-weight: 400;\">, r\u00e9compensant la r\u00e9silience et la prudence financi\u00e8re des entreprises face aux d\u00e9fis de la pand\u00e9mie.<\/span><\/p>\n<h2><span style=\"font-weight: 400;\">Conclusion<\/span><\/h2>\n<p><span style=\"font-weight: 400;\">Le programme de pr\u00eat CUEC a \u00e9t\u00e9 une source d&#039;espoir pour les petites entreprises de Saskatoon en ces temps difficiles de stress financier induit par la pand\u00e9mie. Ce programme fournit non seulement un soutien \u00e9conomique, mais d\u00e9montre \u00e9galement l\u2019importance de la r\u00e9silience et d\u2019une assistance opportune. Alors que les entreprises \u0153uvrent \u00e0 la reprise, le programme de pr\u00eats CUEC continuera de jouer un r\u00f4le crucial dans l&#039;\u00e9laboration d&#039;un avenir \u00e9conomique solide pour Saskatoon.<\/span><\/p>","protected":false},"excerpt":{"rendered":"<p>In the midst of Saskatoon&#8217;s bustling rhythm, the unexpected storm of the COVID-19 pandemic struck, leaving its mark on every corner of the city. With businesses finding themselves in uncharted waters, grappling with an array of unprecedented challenges, a lifeline was thrown. This lifeline, known as the Canada Emergency Business Account (CEBA) loan program, emerged [&hellip;]<\/p>\n","protected":false},"author":2,"featured_media":4603,"parent":0,"menu_order":0,"comment_status":"closed","ping_status":"closed","template":"","meta":{"footnotes":""},"class_list":["post-3582","page","type-page","status-publish","has-post-thumbnail","hentry"],"_links":{"self":[{"href":"http:\/\/ceba.ca\/fr\/wp-json\/wp\/v2\/pages\/3582","targetHints":{"allow":["GET"]}}],"collection":[{"href":"http:\/\/ceba.ca\/fr\/wp-json\/wp\/v2\/pages"}],"about":[{"href":"http:\/\/ceba.ca\/fr\/wp-json\/wp\/v2\/types\/page"}],"author":[{"embeddable":true,"href":"http:\/\/ceba.ca\/fr\/wp-json\/wp\/v2\/users\/2"}],"replies":[{"embeddable":true,"href":"http:\/\/ceba.ca\/fr\/wp-json\/wp\/v2\/comments?post=3582"}],"version-history":[{"count":2,"href":"http:\/\/ceba.ca\/fr\/wp-json\/wp\/v2\/pages\/3582\/revisions"}],"predecessor-version":[{"id":4604,"href":"http:\/\/ceba.ca\/fr\/wp-json\/wp\/v2\/pages\/3582\/revisions\/4604"}],"wp:featuredmedia":[{"embeddable":true,"href":"http:\/\/ceba.ca\/fr\/wp-json\/wp\/v2\/media\/4603"}],"wp:attachment":[{"href":"http:\/\/ceba.ca\/fr\/wp-json\/wp\/v2\/media?parent=3582"}],"curies":[{"name":"wp","href":"https:\/\/api.w.org\/{rel}","templated":true}]}}