{"id":3574,"date":"2023-08-15T09:53:17","date_gmt":"2023-08-15T13:53:17","guid":{"rendered":"http:\/\/ceba.ca\/?page_id=3574"},"modified":"2023-08-15T09:53:17","modified_gmt":"2023-08-15T13:53:17","slug":"ceba-loan-in-windsor","status":"publish","type":"page","link":"http:\/\/ceba.ca\/fr\/ceba-loan-in-windsor\/","title":{"rendered":"Pr\u00eat CUEC \u00e0 Windsor"},"content":{"rendered":"<p><span style=\"font-weight: 400;\">Dans le c\u0153ur anim\u00e9 de Windsor, une temp\u00eate nomm\u00e9e COVID-19 a d\u00e9clench\u00e9 des \u00e9preuves sans pr\u00e9c\u00e9dent sur les entreprises. Au milieu de la tourmente, un phare de soutien s\u2019est impos\u00e9 : le <\/span><a href=\"http:\/\/ceba.ca\/fr\/ceba-loan\/\"><span style=\"font-weight: 400;\">Programme de pr\u00eat du Compte d\u2019urgence pour les entreprises canadiennes<\/span><\/a><span style=\"font-weight: 400;\">. Ce sauveur financier est entr\u00e9 en sc\u00e8ne au moment m\u00eame o\u00f9 les entreprises s\u2019effor\u00e7aient de maintenir leur position face aux incertitudes induites par la pand\u00e9mie.\u00a0<\/span><\/p>\n<p><span style=\"font-weight: 400;\">Cet article explore le r\u00f4le central du pr\u00eat CUEC \u00e0 Windsor \u2013 une bou\u00e9e de sauvetage financi\u00e8re, une \u00e9tincelle d\u2019espoir et une pierre angulaire du rajeunissement \u00e9conomique. Rejoignez-nous alors que nous plongeons dans ce voyage de r\u00e9silience et de r\u00e9g\u00e9n\u00e9ration.<\/span><\/p>\n<h2><span style=\"font-weight: 400;\">Pr\u00eat CUEC \u00e0 Windsor<\/span><\/h2>\n<p><span style=\"font-weight: 400;\">Au coeur de la temp\u00eate, <a href=\"https:\/\/en.wikipedia.org\/wiki\/Windsor,_Ontario\" target=\"_blank\" rel=\"noopener\">Le secteur des affaires de Windsor<\/a> a \u00e9galement \u00e9t\u00e9 assi\u00e9g\u00e9e par les ondes de choc \u00e9conomiques provoqu\u00e9es par la pand\u00e9mie. En r\u00e9ponse \u00e0 ces circonstances extraordinaires, le programme de pr\u00eat du Compte d\u2019urgence pour les entreprises canadiennes (CUEC) est apparu comme un phare, ouvrant la voie \u00e0 la reprise.\u00a0<\/span><\/p>\n<p><span style=\"font-weight: 400;\">Cette initiative a donn\u00e9 aux entreprises \u00e9ligibles la capacit\u00e9 d&#039;acqu\u00e9rir jusqu&#039;\u00e0 $60,000 de pr\u00eats garantis par le gouvernement. Cette aide financi\u00e8re indispensable a jou\u00e9 un r\u00f4le central en permettant aux entreprises de maintenir leur main-d&#039;\u0153uvre, de g\u00e9rer des d\u00e9penses constantes et de s&#039;adapter aux changements impr\u00e9visibles du march\u00e9.<\/span><\/p>\n<h2><span style=\"font-weight: 400;\">L\u2019impact du pr\u00eat CUEC<\/span><\/h2>\n<p><span style=\"font-weight: 400;\">Dans le contexte \u00e9conomique dynamique de Windsor, l&#039;impact du pr\u00eat du CUEC a eu une r\u00e9sonance solide et profonde. Avec des secteurs aussi divers que la fabrication, les soins de sant\u00e9, l&#039;\u00e9ducation et la vente au d\u00e9tail sous son aile, l&#039;\u00e9conomie de Windsor a prosp\u00e9r\u00e9 gr\u00e2ce au charme aux multiples facettes de ses entreprises. Pourtant, mises \u00e0 l\u2019\u00e9preuve par les vents violents de la pand\u00e9mie, ces diverses entit\u00e9s ont trouv\u00e9 un alli\u00e9 r\u00e9silient dans le pr\u00eat CUEC. Comme un radeau de sauvetage fiable dans une mer tumultueuse, ces pr\u00eats ont offert la flottabilit\u00e9 indispensable pour maintenir les entreprises \u00e0 flot au milieu de la temp\u00eate.<\/span><\/p>\n<p><span style=\"font-weight: 400;\">Au c\u0153ur de cette r\u00e9surrection \u00e9conomique, les petites entreprises, souvent salu\u00e9es comme l\u2019\u00e9l\u00e9ment vital de la communaut\u00e9, sont devenues les plus importantes b\u00e9n\u00e9ficiaires du pr\u00eat CUEC. Ces pr\u00eats ont servi de bou\u00e9e de sauvetage, leur permettant de naviguer dans les eaux troubles de cette crise sans pr\u00e9c\u00e9dent.\u00a0<\/span><\/p>\n<p><span style=\"font-weight: 400;\">En tirant parti de ce solide coussin financier, ils ont r\u00e9ussi \u00e0 maintenir le bon fonctionnement de leurs op\u00e9rations, \u00e0 continuer de servir la communaut\u00e9 et \u00e0 rester \u00e0 l&#039;avant-garde de la voie de la reprise \u00e9conomique de Windsor. Ce parcours, marqu\u00e9 par le courage et la d\u00e9termination, t\u00e9moigne de la mani\u00e8re dont les pr\u00eats du CUEC ont jou\u00e9 un r\u00f4le d\u00e9terminant dans la pr\u00e9servation de l&#039;esprit d&#039;entrepreneuriat et de la r\u00e9silience \u00e0 Windsor.<\/span><\/p>\n<h2><span style=\"font-weight: 400;\">Int\u00e9r\u00eat<\/span><\/h2>\n<p><span style=\"font-weight: 400;\">La conception des pr\u00eats du CUEC a offert une lueur d\u2019espoir aux entreprises pendant les p\u00e9riodes difficiles. Une caract\u00e9ristique marquante de ces pr\u00eats \u00e9tait l\u2019int\u00e9ressant taux d\u2019int\u00e9r\u00eat annuel de z\u00e9ro pour cent jusqu\u2019au 31 d\u00e9cembre 2023. Cette d\u00e9cision strat\u00e9gique a \u00e9t\u00e9 con\u00e7ue pour att\u00e9nuer le stress budg\u00e9taire sur les entreprises, en particulier pendant les phases initiales de rebond \u00e9conomique. Cette disposition cl\u00e9 a cr\u00e9\u00e9 un r\u00e9pit, donnant aux entreprises la possibilit\u00e9 de concentrer leur \u00e9nergie sur la reconstruction de leurs services et de rajeunir leur g\u00e9n\u00e9ration de revenus.<\/span><\/p>\n<p><span style=\"font-weight: 400;\">Cependant, l\u2019aube du 1er janvier 2024 apporte un changement dans l\u2019\u00e9quation avec le d\u00e9but d\u2019un int\u00e9r\u00eat annuel de 5% sur le montant restant du pr\u00eat. Bien que cela signifie la fin de l\u2019\u00e8re sans int\u00e9r\u00eat, les int\u00e9r\u00eats pr\u00e9lev\u00e9s restent minimes, garantissant aux entreprises qu\u2019elles peuvent continuer \u00e0 b\u00e9n\u00e9ficier d\u2019une \u00e9lasticit\u00e9 financi\u00e8re.<\/span><\/p>\n<h2><span style=\"font-weight: 400;\">Cat\u00e9gories de d\u00e9penses non reportables pour l\u2019admissibilit\u00e9 au CUEC<\/span><\/h2>\n<p><span style=\"font-weight: 400;\">Voici les d\u00e9penses non reportables que les entreprises peuvent utiliser pour investir et rester admissibles au pr\u00eat CUEC :<\/span><\/p>\n<h3><span style=\"font-weight: 400;\">Salaires et d\u00e9penses d\u2019emploi<\/span><\/h3>\n<p><span style=\"font-weight: 400;\">Dans le monde des affaires, une entreprise est aussi forte que son \u00e9quipe. Cette cat\u00e9gorie fait r\u00e9f\u00e9rence aux paiements effectu\u00e9s pour les salaires, traitements et avantages sociaux \u2013 le carburant financier qui alimente le moteur d\u2019une entreprise. Ces d\u00e9penses ne sont pas seulement une question de chiffres ; ils symbolisent l&#039;investissement d&#039;une entreprise dans sa main-d&#039;\u0153uvre, l&#039;\u00e9pine dorsale de ses op\u00e9rations.<\/span><\/p>\n<h3><span style=\"font-weight: 400;\">Loyers et paiements de location<\/span><\/h3>\n<p><span style=\"font-weight: 400;\">La cat\u00e9gorie suivante englobe les co\u00fbts li\u00e9s \u00e0 l&#039;obtention d&#039;une empreinte physique pour son entreprise \u2013 qu&#039;il s&#039;agisse de la location de biens immobiliers ou de biens d&#039;\u00e9quipement. Ces d\u00e9penses s\u2019apparentent au fondement qui soutient la structure op\u00e9rationnelle d\u2019une entreprise.<\/span><\/p>\n<h3><span style=\"font-weight: 400;\">Frais d&#039;assurance<\/span><\/h3>\n<p><span style=\"font-weight: 400;\">Dans le paysage impr\u00e9visible des affaires, l\u2019assurance sert de filet de s\u00e9curit\u00e9. Cette cat\u00e9gorie comprend diverses formes de co\u00fbts d&#039;assurance li\u00e9s \u00e0 l&#039;entreprise, tels que la responsabilit\u00e9 civile, les biens, l&#039;indemnisation des accidents du travail, etc. Il ne s&#039;agit pas seulement de d\u00e9penses, mais d&#039;un investissement intelligent dans la gestion des risques.<\/span><\/p>\n<h3><span style=\"font-weight: 400;\">Imp\u00f4ts fonciers<\/span><\/h3>\n<p><span style=\"font-weight: 400;\">Le paiement des taxes fonci\u00e8res li\u00e9es aux locaux commerciaux est in\u00e9vitable mais indispensable. Consid\u00e9r\u00e9s comme faisant partie des d\u00e9penses non reportables, ces versements assurent la bonne marche de votre entreprise aux yeux de la loi.<\/span><\/p>\n<h3><span style=\"font-weight: 400;\">T\u00e9l\u00e9phone et services publics<\/span><\/h3>\n<p><span style=\"font-weight: 400;\">Cette cat\u00e9gorie comprend les co\u00fbts des services publics essentiels n\u00e9cessaires au fonctionnement d\u2019une entreprise. Qu\u2019il s\u2019agisse de maintenir les lumi\u00e8res allum\u00e9es gr\u00e2ce \u00e0 l\u2019\u00e9lectricit\u00e9 ou de permettre la communication via les services t\u00e9l\u00e9phoniques et Internet, ces co\u00fbts garantissent que les rouages d\u2019une entreprise continuent de tourner.<\/span><\/p>\n<h3><span style=\"font-weight: 400;\">Service de la dette<\/span><\/h3>\n<p><span style=\"font-weight: 400;\">Chaque entreprise a ses hauts et ses bas ; parfois, un petit coup de pouce financier est n\u00e9cessaire pour que les choses se passent bien. La cat\u00e9gorie Service de la dette couvre les paiements r\u00e9guliers effectu\u00e9s pour le service de la dette. Ces remboursements constituent un \u00e9l\u00e9ment essentiel de la responsabilit\u00e9 financi\u00e8re et ne peuvent \u00eatre diff\u00e9r\u00e9s dans une entreprise bien g\u00e9r\u00e9e.<\/span><\/p>\n<h3><span style=\"font-weight: 400;\">Accords et licences<\/span><\/h3>\n<p><span style=\"font-weight: 400;\">G\u00e9rer une entreprise ne consiste pas seulement \u00e0 g\u00e9rer une \u00e9quipe ou \u00e0 vendre un produit ; c&#039;est aussi une question de conformit\u00e9 aux normes de l&#039;industrie. Les paiements aux entrepreneurs ind\u00e9pendants et les frais de maintien des licences sont inclus dans cette cat\u00e9gorie. Ils englobent le co\u00fbt du respect des accords contractuels et des licences essentielles \u00e0 des op\u00e9rations commerciales sans faille.<\/span><\/p>\n<h3><span style=\"font-weight: 400;\">Mat\u00e9riaux pour la production<\/span><\/h3>\n<p><span style=\"font-weight: 400;\">La derni\u00e8re cat\u00e9gorie concerne les co\u00fbts des mat\u00e9riaux utilis\u00e9s dans la fabrication des produits. Impr\u00e9gn\u00e9es de l\u2019esprit d\u2019artisanat et d\u2019innovation, ces d\u00e9penses repr\u00e9sentent l\u2019\u00e9l\u00e9ment vital des entreprises qui cr\u00e9ent des biens ou fournissent des services. Ces co\u00fbts sont importants car ils sont directement li\u00e9s \u00e0 la production de produits ou de services d&#039;une entreprise.<\/span><\/p>\n<h2><span style=\"font-weight: 400;\">Expansion, remboursement et pardon du CUEC<\/span><\/h2>\n<h3><span style=\"font-weight: 400;\">L\u2019extension $20 000 CEBA<\/span><\/h3>\n<p><span style=\"font-weight: 400;\">En r\u00e9ponse \u00e0 l&#039;\u00e9volution des besoins des entreprises et aux obstacles \u00e9conomiques persistants caus\u00e9s par la pand\u00e9mie, la port\u00e9e du pr\u00eat CUEC a \u00e9t\u00e9 \u00e9largie avec une extension suppl\u00e9mentaire de $20,000. Cette augmentation \u00e9tait exclusive \u00e0 <a href=\"http:\/\/ceba.ca\/fr\/information\/who-is-eligible-for-a-ceba-loan\/\">entreprises \u00e9ligibles<\/a> \u00e0 Windsor qui n\u00e9cessitait un renforcement au-del\u00e0 du pr\u00eat initial de $40,000.\u00a0<\/span><\/p>\n<p><span style=\"font-weight: 400;\">L&#039;expansion de $20 000 illustre l&#039;engagement durable du CEBA \u00e0 soutenir les entreprises et \u00e0 servir de pierre angulaire financi\u00e8re en ces temps difficiles. Cependant, cette prolongation \u00e9tait assortie d&#039;exigences et de d\u00e9lais sp\u00e9cifiques, obligeant les entreprises \u00e0 s&#039;y conformer avec diligence pour pouvoir b\u00e9n\u00e9ficier de l&#039;aide suppl\u00e9mentaire.<\/span><\/p>\n<h3><span style=\"font-weight: 400;\">Encouragement aux remboursements en temps opportun<\/span><\/h3>\n<p><span style=\"font-weight: 400;\">Dans le but de stimuler le remboursement rapide des pr\u00eats, le CEBA a introduit un incitatif financier. Si une entreprise parvient \u00e0 r\u00e9gler son capital impay\u00e9, \u00e0 l&#039;exception du montant potentiel admissible \u00e0 l&#039;annulation de la dette, d&#039;ici la fin de 2023, elle b\u00e9n\u00e9ficiera de la disposition d&#039;annulation de la dette du CUEC. <\/span><\/p>\n<p><span style=\"font-weight: 400;\">Plus pr\u00e9cis\u00e9ment, le montant principal restant sera annul\u00e9, renfor\u00e7ant ainsi l&#039;engagement du CUEC \u00e0 favoriser un paysage financier sain. Cette disposition dresse un tableau prometteur pour les entreprises qui peuvent faire face \u00e0 leurs obligations financi\u00e8res dans les d\u00e9lais d\u00e9finis, inculquant une culture de discipline financi\u00e8re tout en all\u00e9geant le fardeau de la dette.<\/span><\/p>\n<h2><span style=\"font-weight: 400;\">Conclusion<\/span><\/h2>\n<p><span style=\"font-weight: 400;\">En conclusion, les pr\u00eats du CUEC ont constitu\u00e9 une bou\u00e9e de sauvetage pour les entreprises aux prises avec des difficult\u00e9s financi\u00e8res en pleine pand\u00e9mie. Leur conception favorise non seulement la survie, mais aussi la croissance, en d\u00e9fendant l\u2019esprit de r\u00e9silience. \u00c0 mesure que nous nous tournons vers l\u2019avenir, ces instruments continueront de jouer un r\u00f4le central dans le r\u00e9cit de la reprise \u00e9conomique.<\/span><\/p>","protected":false},"excerpt":{"rendered":"<p>In the bustling pulse of Windsor, a tempest named COVID-19 unleashed unprecedented trials upon businesses. Amidst the turmoil, a shining beacon of support rose to prominence \u2013 the Canada Emergency Business Account loan program. This financial savior stepped onto the stage just when businesses were grappling to maintain their foothold among the pandemic-induced uncertainties.\u00a0 This [&hellip;]<\/p>\n","protected":false},"author":2,"featured_media":4596,"parent":0,"menu_order":0,"comment_status":"closed","ping_status":"closed","template":"","meta":{"footnotes":""},"class_list":["post-3574","page","type-page","status-publish","has-post-thumbnail","hentry"],"_links":{"self":[{"href":"http:\/\/ceba.ca\/fr\/wp-json\/wp\/v2\/pages\/3574","targetHints":{"allow":["GET"]}}],"collection":[{"href":"http:\/\/ceba.ca\/fr\/wp-json\/wp\/v2\/pages"}],"about":[{"href":"http:\/\/ceba.ca\/fr\/wp-json\/wp\/v2\/types\/page"}],"author":[{"embeddable":true,"href":"http:\/\/ceba.ca\/fr\/wp-json\/wp\/v2\/users\/2"}],"replies":[{"embeddable":true,"href":"http:\/\/ceba.ca\/fr\/wp-json\/wp\/v2\/comments?post=3574"}],"version-history":[{"count":2,"href":"http:\/\/ceba.ca\/fr\/wp-json\/wp\/v2\/pages\/3574\/revisions"}],"predecessor-version":[{"id":4597,"href":"http:\/\/ceba.ca\/fr\/wp-json\/wp\/v2\/pages\/3574\/revisions\/4597"}],"wp:featuredmedia":[{"embeddable":true,"href":"http:\/\/ceba.ca\/fr\/wp-json\/wp\/v2\/media\/4596"}],"wp:attachment":[{"href":"http:\/\/ceba.ca\/fr\/wp-json\/wp\/v2\/media?parent=3574"}],"curies":[{"name":"wp","href":"https:\/\/api.w.org\/{rel}","templated":true}]}}