{"id":3367,"date":"2023-07-13T08:24:30","date_gmt":"2023-07-13T12:24:30","guid":{"rendered":"http:\/\/ceba.ca\/?page_id=3367"},"modified":"2023-08-21T13:45:37","modified_gmt":"2023-08-21T17:45:37","slug":"ceba-loan","status":"publish","type":"page","link":"http:\/\/ceba.ca\/fr\/ceba-loan\/","title":{"rendered":"Pr\u00eat C\u00e9ba"},"content":{"rendered":"<div data-elementor-type=\"wp-page\" data-elementor-id=\"3367\" class=\"elementor elementor-3367\" data-elementor-post-type=\"page\">\n\t\t\t\t<div class=\"elementor-element elementor-element-7b696a8 e-flex e-con-boxed e-con e-parent\" data-id=\"7b696a8\" data-element_type=\"container\" data-e-type=\"container\" data-settings=\"{&quot;jet_parallax_layout_list&quot;:[]}\">\n\t\t\t\t\t<div class=\"e-con-inner\">\n\t\t\t\t<div class=\"elementor-element elementor-element-792fdee elementor-widget elementor-widget-text-editor\" data-id=\"792fdee\" data-element_type=\"widget\" data-e-type=\"widget\" data-widget_type=\"text-editor.default\">\n\t\t\t\t<div class=\"elementor-widget-container\">\n\t\t\t\t\t\t\t\t\t<h1>Pr\u00eat CUEC<\/h1><p>La temp\u00eate incessante de la pand\u00e9mie de COVID-19 a caus\u00e9 des difficult\u00e9s sans pr\u00e9c\u00e9dent aux petites entreprises. Pour aider les propri\u00e9taires d&#039;entreprises en difficult\u00e9, le gouvernement f\u00e9d\u00e9ral du Canada a lanc\u00e9 le <a href=\"https:\/\/ceba-cuec.ca\/\" target=\"_blank\" rel=\"noopener\">Compte d&#039;urgence pour les entreprises canadiennes<\/a> (CEBA) Pr\u00eat. L&#039;aide financi\u00e8re du CUEC a \u00e9t\u00e9 cruciale pour aider les entreprises \u00e0 faire face \u00e0 l&#039;incertitude et \u00e0 tracer la voie de la reprise. Cet article discutera de l\u2019importance de <a href=\"http:\/\/ceba.ca\/fr\/\">CUEC<\/a>, les crit\u00e8res d\u2019\u00e9ligibilit\u00e9, la proc\u00e9dure de candidature et les recommandations, tous d\u00e9montrant son potentiel r\u00e9volutionnaire.\u00a0<\/p><h2>Qu&#039;est-ce qu&#039;un pr\u00eat CEBA ?<\/h2><p>Le gouvernement canadien a mis en place un pr\u00eat CUEC, ou CUEC, pour aider les petites entreprises \u00e0 faire face aux d\u00e9penses de fonctionnement non report\u00e9es lors d&#039;une baisse consid\u00e9rable de leurs revenus caus\u00e9e par l&#039;\u00e9pid\u00e9mie de COVID-19. Ce pr\u00eat sans int\u00e9r\u00eat offre jusqu&#039;\u00e0 $60 000, dont 33% ($20 000) sont annul\u00e9s s&#039;ils sont rembours\u00e9s avant le 31 d\u00e9cembre 2022. Les entreprises ont d\u00e9sesp\u00e9r\u00e9ment besoin de ce financement pour se remettre des effets \u00e9conomiques de la pand\u00e9mie. N&#039;oubliez pas que si l&#039;\u00e9pid\u00e9mie de COVID-19 ne vous impacte pas, vous avez la possibilit\u00e9 d&#039;emprunter jusqu&#039;\u00e0 $40 000 sans int\u00e9r\u00eats, dont $25 000 remis.<\/p><h2>Crit\u00e8res d\u2019\u00e9ligibilit\u00e9 pour demander le pr\u00eat CUEC<\/h2><p>La connaissance des validations des crit\u00e8res d&#039;\u00e9ligibilit\u00e9 du CUEC est essentielle, car toutes les entreprises ne seront pas \u00e9ligibles \u00e0 un pr\u00eat CUEC. Si vous souhaitez demander un pr\u00eat CUEC, assurez-vous de remplir les conditions suivantes\u00a0:<\/p><ol><li>L&#039;entreprise doit \u00eatre en activit\u00e9 depuis le 1er mars 2020. Elle doit avoir ouvert un compte bancaire professionnel aupr\u00e8s d&#039;une institution financi\u00e8re principale participante au plus tard \u00e0 cette date ou avoir utilis\u00e9 un compte bancaire personnel pour exploiter l&#039;entreprise.<\/li><li>Il devrait y avoir une intention sinc\u00e8re de continuer \u00e0 exploiter l&#039;entreprise ou de reprendre ses activit\u00e9s.<\/li><li>L&#039;entreprise ne doit pas avoir particip\u00e9 au programme de pr\u00eat CUEC initial et ne peut pas demander le soutien du CUEC aupr\u00e8s d&#039;autres institutions financi\u00e8res.<\/li><li>L&#039;organisation doit accepter de participer \u00e0 des enqu\u00eates post-financement men\u00e9es par le gouvernement du Canada ou ses agents.<\/li><\/ol><p>Les petites entreprises canadiennes, les organismes sans but lucratif, les propri\u00e9taires individuels, les soci\u00e9t\u00e9s qui paient leurs travailleurs sous forme de dividendes plut\u00f4t que de salaires, et les soci\u00e9t\u00e9s qui embauchent des entrepreneurs peuvent tous demander un pr\u00eat CUEC. Si votre entreprise r\u00e9pond \u00e0 toutes les exigences, vous pourrez peut-\u00eatre obtenir jusqu&#039;\u00e0 $60 000 d&#039;aide financi\u00e8re du CEBA via votre compte d&#039;urgence pour entreprise.<\/p><h2>Processus de demande de pr\u00eat CUEC<\/h2><p>La proc\u00e9dure de demande de pr\u00eat CEBA se veut simple et conviviale. Vous devez d&#039;abord prouver que vous remplissez les pr\u00e9requis impos\u00e9s par le gouvernement canadien. L&#039;interface bancaire en ligne de votre compte bancaire professionnel vous permettra de demander le pr\u00eat. Les entreprises peuvent obtenir le financement dont elles ont besoin le plus rapidement possible gr\u00e2ce \u00e0 une proc\u00e9dure de demande simplifi\u00e9e qui r\u00e9duit le temps consacr\u00e9 aux formalit\u00e9s administratives. Imaginons que la demande arrive via le flux de d\u00e9penses non reportables. Dans cette situation, l&#039;entreprise doit soumettre sa demande via le site Web de la banque avant de l&#039;envoyer sur un portail du gouvernement du Canada. Les factures, re\u00e7us et contrats serviront tous de preuve de paiement pour les d\u00e9penses non reportables en 2020. Les organisations doivent avoir en main les pi\u00e8ces justificatives n\u00e9cessaires et leur num\u00e9ro d&#039;entreprise \u00e0 neuf chiffres, qui sera utilis\u00e9 dans la demande, pour la soumettre. Les banques plus petites ou rurales peuvent demander aux candidats de les contacter pour plus d&#039;informations sur leur proc\u00e9dure de candidature. Les fonds sont vers\u00e9s sur votre compte professionnel lorsque votre demande est approuv\u00e9e. \u00c0 partir de l\u00e0, vous pouvez les utiliser comme bon vous semble.<\/p><h2>Exigences et date limite du pr\u00eat CUEC<\/h2><p>Il y a de nouvelles exigences et d\u00e9lais du CUEC\u00a0:<\/p><ul><li>Les pr\u00eats CUEC destin\u00e9s aux entreprises admissibles passeront de $40 000 \u00e0 $60 000 le 4 d\u00e9cembre 2020.<\/li><li>Les candidats qui ont obtenu le pr\u00eat CEBA de $40,000 peuvent postuler pour l&#039;extension de $20,000, qui offre aux entreprises \u00e9ligibles un financement suppl\u00e9mentaire de $20,000.<\/li><li>Tous les candidats ont jusqu&#039;au 31 mars 2021 pour postuler au pr\u00eat CEBA $60 000 ou \u00e0 l&#039;agrandissement $20 000.<\/li><\/ul><h2>Utilisations du pr\u00eat CEBA<\/h2><p>Pour garantir que votre entreprise survive au climat \u00e9conomique actuel, le pr\u00eat CUEC doit \u00eatre utilis\u00e9 uniquement aux fins pr\u00e9vues. Le gouvernement a \u00e9tabli les cat\u00e9gories suivantes pour la mani\u00e8re dont les entreprises peuvent d\u00e9penser les fonds de leur pr\u00eat\u00a0:<\/p><ul><li><strong>Paiements d&#039;assurance\u00a0:<\/strong> Les fonds provenant des pr\u00eats du CUEC peuvent \u00eatre utilis\u00e9s par les entreprises pour payer les primes d&#039;assurance salariale, y compris celles de l&#039;assurance des biens, de la responsabilit\u00e9 civile et de l&#039;interruption des activit\u00e9s.<\/li><\/ul><ul><li><strong>Paie: <\/strong>Les fonds provenant des pr\u00eats CUEC peuvent \u00eatre utilis\u00e9s par les entreprises pour payer les salaires des employ\u00e9s, ainsi que des avantages sociaux tels que l&#039;assurance maladie ou les cotisations de retraite vers\u00e9es par l&#039;employeur.<\/li><\/ul><ul><li><strong>Service de pr\u00eat\u00a0:<\/strong> Ce pr\u00eat peut \u00eatre utilis\u00e9 pour payer toutes les obligations de pr\u00eat d\u00e9coulant de la gestion de l\u2019entreprise, y compris le principal et les int\u00e9r\u00eats.<\/li><\/ul><ul><li><strong>Loyers et charges\u00a0: <\/strong>Le loyer, les frais de location, les taxes fonci\u00e8res, le service r\u00e9gulier de la dette, les factures de services publics et autres d\u00e9penses sont inclus.<\/li><\/ul><p>Mais les entreprises ne peuvent pas utiliser l\u2019argent de leur pr\u00eat pour des actions qui ne les aident pas \u00e0 g\u00e9rer leur entreprise. Parmi ces activit\u00e9s figurent le remboursement anticip\u00e9 ou le refinancement de la dette actuelle, le paiement de dividendes et de distributions et l&#039;augmentation de la r\u00e9mun\u00e9ration des dirigeants. Les propri\u00e9taires d\u2019entreprises doivent se rappeler que ce pr\u00eat doit \u00eatre utilis\u00e9 de mani\u00e8re responsable. Si l\u2019argent n\u2019est pas utilis\u00e9 aux fins pr\u00e9vues par le gouvernement ou s\u2019il est utilis\u00e9 \u00e0 mauvais escient, l\u2019entreprise ind\u00e9pendante devra peut-\u00eatre <a href=\"http:\/\/ceba.ca\/fr\/information\/how-to-pay-back-ceba-loan\/\">rembourser le pr\u00eat<\/a> en entier avec int\u00e9r\u00eat. Il est \u00e9galement essentiel que les entreprises surveillent de pr\u00e8s la fa\u00e7on dont elles d\u00e9pensent ces fonds, car elles devront fournir des informations pr\u00e9cises lorsqu&#039;elles demanderont une remise de pr\u00eat \u00e0 la fin du programme.<\/p><h2>Lignes directrices pour l\u2019utilisation des pr\u00eats CUEC<\/h2><p>Les entreprises doivent <a href=\"http:\/\/ceba.ca\/fr\/information\/how-to-use-ceba-loan\/\">utiliser les pr\u00eats CUEC<\/a> de mani\u00e8re responsable et dans le cadre des restrictions d\u00e9finies par le gouvernement s\u2019ils veulent b\u00e9n\u00e9ficier du taux d\u2019int\u00e9r\u00eat 0% (pr\u00eats sans int\u00e9r\u00eat) ou des \u00e9l\u00e9ments d\u2019exon\u00e9ration du pr\u00eat. La plupart du temps, l\u2019argent du CUEC peut \u00eatre utilis\u00e9 pour financer des d\u00e9penses professionnelles telles que le loyer, les factures, les assurances et le remboursement de dettes. Les salaires, traitements, avantages sociaux et cotisations de l&#039;entreprise aux r\u00e9gimes de retraite font tous partie des co\u00fbts salariaux. Les paiements pour le loyer, les frais de location, les taxes fonci\u00e8res, le chauffage, l\u2019\u00e9clairage et l\u2019\u00e9lectricit\u00e9 sont tous \u00e9ligibles au loyer et aux services publics. Le pr\u00eat CUEC peut \u00e9galement payer les paiements d\u2019assurance biens, responsabilit\u00e9 civile et perte d\u2019exploitation. Sont \u00e9galement concern\u00e9s les paiements du principal et uniquement des int\u00e9r\u00eats effectu\u00e9s \u00e0 temps pour toutes les dettes contract\u00e9es par l\u2019entreprise pendant son fonctionnement. Comme elles devront \u00eatre enregistr\u00e9es avec pr\u00e9cision lorsqu\u2019elles demanderont l\u2019exon\u00e9ration de pr\u00eat du CUEC \u00e0 la fin du programme, les entreprises doivent \u00e9galement garder une trace des d\u00e9penses qu\u2019elles ont engag\u00e9es avec leur pr\u00eat. Les entreprises devraient utiliser le montant restant de leur pr\u00eat CUEC pour s&#039;assurer que leurs op\u00e9rations (c&#039;est-\u00e0-dire le flux de d\u00e9penses non reportables) restent viables en cette p\u00e9riode difficile afin de mieux r\u00e9sister \u00e0 la temp\u00eate.<\/p><h2>\u00c9vitez ces pi\u00e8ges lorsque vous utilisez un pr\u00eat CUEC<\/h2><p>Le programme CEBA pourrait ne pas couvrir toutes les autres d\u00e9penses en dehors de celles \u00e9num\u00e9r\u00e9es ci-dessus. Les entreprises doivent examiner attentivement leurs d\u00e9penses pour v\u00e9rifier qu&#039;elles utilisent les fonds du pr\u00eat \u00e0 des co\u00fbts acceptables approuv\u00e9s par le programme. Voici quelques choses \u00e0 \u00e9viter lorsque vous utilisez un pr\u00eat CUEC dont vous devez vous souvenir :<\/p><ul><li>N&#039;utilisez pas l&#039;argent pour couvrir des d\u00e9penses qui ne rel\u00e8vent pas des rubriques de d\u00e9penses non reportables. Le programme exclut les co\u00fbts d&#039;\u00e9ligibilit\u00e9 tels que les paiements pour les distributions de dividendes, le refinancement de la dette et les d\u00e9penses en capital dans l&#039;immobilier ou d&#039;autres actifs. Il est essentiel de se rappeler que les cat\u00e9gories de d\u00e9penses non reportables doivent repr\u00e9senter au moins 60% de toutes les d\u00e9penses autoris\u00e9es.<\/li><li>N\u2019investissez jamais les fonds du CUEC dans des CPG, des comptes d\u2019\u00e9pargne ou des comptes de n\u00e9gociation. Les CPG et les comptes d&#039;\u00e9pargne ne sont pas consid\u00e9r\u00e9s comme des co\u00fbts admissibles au CUEC.<\/li><li>N&#039;utilisez pas les fonds du CUEC pour accorder des pr\u00eats \u00e0 d&#039;autres personnes ou entreprises, y compris celles que vous poss\u00e9dez ou contr\u00f4lez. Ce comportement ne rel\u00e8ve pas du programme et est susceptible de mettre en p\u00e9ril les conditions de l&#039;accord de pr\u00eat ainsi que le remboursement du pr\u00eat CUEC.<\/li><li>N&#039;utilisez pas les fonds du CUEC pour verser des dividendes suppl\u00e9mentaires ou un salaire de direction suppl\u00e9mentaire. La distribution de pourboires et l\u2019augmentation du salaire du propri\u00e9taire d\u2019entreprise ne constituent pas une utilisation autoris\u00e9e des fonds du CUEC.<\/li><li>\u00c9vitez de refinancer, de rembourser par anticipation un pr\u00eat existant avec les fonds du CUEC ou d&#039;effectuer des paiements suppl\u00e9mentaires. Tous frais suppl\u00e9mentaires sur un pr\u00eat existant ne seraient pas consid\u00e9r\u00e9s comme des d\u00e9penses professionnelles raisonnables et ne seraient pas \u00e9ligibles au financement du pr\u00eat.<\/li><li>N&#039;achetez pas d&#039;actifs ou d&#039;immobilisations avec les fonds du CUEC. L&#039;objectif principal du programme est de payer les co\u00fbts non reportables pour aider les entreprises pendant la crise de la COVID.<\/li><\/ul><p>Le pr\u00eat CEBA offre aux entreprises une aide financi\u00e8re vitale, mais il est n\u00e9cessaire de planifier un remboursement responsable. La transition du soutien vers une croissance et une reprise durables pour les entreprises est rendue plus accessible par la compr\u00e9hension des conditions et circonstances de remboursement.<\/p><h2>Remboursement du pr\u00eat CUEC<\/h2><p>\u00c0 <a href=\"http:\/\/ceba.ca\/fr\/ceba-loan-repayment\/\">rembourser un pr\u00eat CUEC<\/a> est de restituer les fonds emprunt\u00e9s dans le cadre du programme canadien CUEC. Pendant les temps difficiles de la pand\u00e9mie de COVID-19, le gouvernement a con\u00e7u cette initiative pour aider financi\u00e8rement les petites entreprises et les organismes \u00e0 but non lucratif. Apr\u00e8s avoir re\u00e7u le montant du pr\u00eat, les entreprises sont responsables de respecter leurs obligations financi\u00e8res conform\u00e9ment aux conditions et r\u00e9glementations de l&#039;institution pr\u00eateuse. Les entreprises ont la responsabilit\u00e9 de s\u2019assurer que les fonds du CUEC sont rembours\u00e9s \u00e0 temps. Maintenir de bonnes relations avec votre pr\u00eateur et \u00e9viter les p\u00e9nalit\u00e9s n\u00e9cessite des remboursements r\u00e9guliers et ponctuels avant la date d&#039;\u00e9ch\u00e9ance. Pour s&#039;acquitter de leurs responsabilit\u00e9s de remboursement, les entreprises doivent comprendre les conditions de rendement, concevoir une strat\u00e9gie de remboursement et utiliser leurs fonds de mani\u00e8re appropri\u00e9e.<\/p><h2>Modalit\u00e9s et conditions de remboursement du pr\u00eat CUEC<\/h2><p>Les modalit\u00e9s de remboursement du pr\u00eat CUEC sont flexibles. En remboursant le montant restant du pr\u00eat avant le 31 d\u00e9cembre 2022, 33% de celui-ci seront annul\u00e9s. Tout solde restant apr\u00e8s cette date est transform\u00e9 en un pr\u00eat \u00e0 int\u00e9r\u00eat 5% d&#039;une dur\u00e9e de trois ans. Au plus tard le 31 d\u00e9cembre 2025, le pr\u00eat doit \u00eatre int\u00e9gralement rembours\u00e9. Comprendre les modalit\u00e9s de remboursement du pr\u00eat CUEC est essentiel pour bien planifier vos remboursements et maximiser cette aide financi\u00e8re. Si vous ne pouvez pas effectuer vos paiements \u00e0 temps, veuillez appeler votre institution financi\u00e8re pour discuter d&#039;autres moyens de rembourser votre pr\u00eat.<\/p><h2>Recommandations pour un meilleur soutien aux entreprises au CUEC<\/h2><p>Voici quelques recommandations pour am\u00e9liorer l\u2019efficacit\u00e9 et le soutien du programme Compte d\u2019urgence pour les entreprises canadiennes (CUEC) apr\u00e8s la pand\u00e9mie.<\/p><h3>1. Augmenter la date limite de remboursement du CUEC jusqu&#039;en d\u00e9cembre 2025 ou au moins 2024<\/h3><p>En raison des cons\u00e9quences de l&#039;\u00e9pid\u00e9mie, de nombreux propri\u00e9taires d&#039;entreprises continuent de faire face \u00e0 diverses difficult\u00e9s et sont actuellement en difficult\u00e9 financi\u00e8re. La FCEI demande au gouvernement de prolonger la date de remboursement d&#039;un ou deux mois pour aider les propri\u00e9taires d&#039;entreprises. Les ann\u00e9es permettent aux PME de b\u00e2tir une base financi\u00e8re solide avant de rembourser leurs dettes.<\/p><h3>2. Augmenter le montant de l\u2019annulation de la dette<\/h3><p>Pendant l\u2019\u00e9pid\u00e9mie, le pr\u00eat CUEC a \u00e9t\u00e9 une bou\u00e9e de sauvetage vitale pour de nombreux propri\u00e9taires d\u2019entreprises, leur permettant de rester \u00e0 flot et de r\u00e9duire le risque de fermeture totale. Cependant, ce financement n\u2019a pas \u00e9t\u00e9 un investissement pour beaucoup d\u2019entre eux car ils pourraient avoir besoin de r\u00e9aliser un profit. En cons\u00e9quence, il pourrait \u00eatre judicieux de r\u00e9fl\u00e9chir \u00e0 transformer un pourcentage plus important de ces revenus en subventions, ce qui pourrait contribuer au redressement et \u00e0 la r\u00e9novation des entreprises. \u00c0 la lumi\u00e8re des difficult\u00e9s rencontr\u00e9es et auxquelles les propri\u00e9taires d\u2019entreprises sont encore confront\u00e9s aujourd\u2019hui, la FCEI pousse le gouvernement \u00e0 augmenter le pourcentage de dette qui peut leur \u00eatre annul\u00e9 \u00e0 au moins 50%.<\/p><h3>3. Mettre en \u0153uvre une proc\u00e9dure d&#039;appel pour les anciens b\u00e9n\u00e9ficiaires du pr\u00eat CUEC jug\u00e9s inadmissibles.\u00a0<\/h3><p>Le solde du pr\u00eat doit \u00eatre rembours\u00e9 \u00e0 environ 50 000 entreprises sans remise. La FCEI supplie le gouvernement d&#039;\u00e9laborer une proc\u00e9dure d&#039;appel qui donnerait \u00e0 ces entreprises une chance \u00e9quitable dont elles ont besoin de prouver leur \u00e9ligibilit\u00e9 et de corriger toute erreur administrative ou autre probl\u00e8me qui aurait entra\u00een\u00e9 leur mauvaise classification.<\/p><h2>Conclusion<\/h2><p>Le pr\u00eat CUEC est une bou\u00e9e de sauvetage pour les petites entreprises pendant la pand\u00e9mie. Nous avons \u00e9tudi\u00e9 de pr\u00e8s les crit\u00e8res, l\u2019utilisation et l\u2019impact sur l\u2019investissement. Il a \u00e9t\u00e9 question de prolonger le d\u00e9lai jusqu&#039;en 2024 ou 2025, d&#039;augmenter le montant de la dette annul\u00e9e \u00e0 50% et de fournir un moyen de recours aux pr\u00eateurs in\u00e9ligibles. L\u2019impact du CUEC a d\u00e9montr\u00e9 la force de l\u2019aide gouvernementale en aidant les entreprises \u00e0 traverser la temp\u00eate et \u00e0 en sortir plus fortes. Les entreprises canadiennes auront un avenir plus s\u00fbr si nous investissons dans des initiatives comme le CUEC.<\/p><h2>Questions fr\u00e9quemment pos\u00e9es<\/h2><h3>Qu\u2019est-ce que le CUEC ?<\/h3><p>Pour aider les entreprises canadiennes touch\u00e9es n\u00e9gativement par la COVID-19, le gouvernement canadien a r\u00e9cemment annonc\u00e9 qu&#039;il cr\u00e9erait le Compte d&#039;urgence pour les entreprises canadiennes. Pour une aide financi\u00e8re d&#039;urgence destin\u00e9e \u00e0 faire face aux d\u00e9penses \u00e0 court terme, les entreprises qualifi\u00e9es recevront une ligne de cr\u00e9dit de $40,000.<\/p><h3>Quand les pr\u00eats CUEC seront-ils disponibles\u00a0?<\/h3><p>Vous pouvez postuler aupr\u00e8s de la banque centrale au service de votre entreprise ; les candidatures sont actuellement ouvertes. Les propri\u00e9taires de petites entreprises sont invit\u00e9s \u00e0 contacter leur banque s\u2019ils pensent \u00eatre admissibles ou s\u2019ils ont un besoin urgent d\u2019argent pour remplacer les ventes perdues. Le gouvernement canadien a r\u00e9cemment annonc\u00e9 une prolongation du programme CUEC, qui a d\u00e9but\u00e9 le 9 avril 2020. La date limite du 31 ao\u00fbt 2020 pour les demandes de CUEC a \u00e9t\u00e9 report\u00e9e au 31 octobre 2020.<\/p><h3>Quels d\u00e9tails dois-je inclure dans ma demande de pr\u00eat CEBA\u00a0?<\/h3><p>Vous devez fournir les \u00e9l\u00e9ments suivants\u00a0:<\/p><ul><li>Pour demander le CUEC, vous aurez besoin d&#039;un relev\u00e9 T4 Sommaire de la r\u00e9mun\u00e9ration pay\u00e9e de 2019.<\/li><li>Le num\u00e9ro \u00e0 15 chiffres de l&#039;Agence du revenu du Canada de l&#039;entreprise<\/li><li>Informations sur le compte bancaire d&#039;une entreprise, telles que le num\u00e9ro de compte et l&#039;emplacement de la succursale<\/li><\/ul><h3>Combien de temps faudra-t-il pour recevoir les fonds ?<\/h3><p>Dans les 7 jours ouvrables suivant la soumission r\u00e9ussie de votre demande, vous devriez recevoir vos fonds. Une fois votre autorisation obtenue, les fonds seront imm\u00e9diatement transf\u00e9r\u00e9s sur votre compte professionnel. \u00c0 partir de l\u00e0, vous pouvez acc\u00e9der \u00e0 l\u2019argent et l\u2019utiliser pour payer tous les co\u00fbts op\u00e9rationnels que vous pourriez avoir \u00e0 maintenir la viabilit\u00e9 de votre entreprise.\u00a0<\/p>\t\t\t\t\t\t\t\t<\/div>\n\t\t\t\t<\/div>\n\t\t\t\t\t<\/div>\n\t\t\t\t<\/div>\n\t\t\t\t<\/div>","protected":false},"excerpt":{"rendered":"<p>CEBA Loan The relentless storm of the COVID-19 pandemic caused unprecedented hardship for small businesses. To aid struggling business owners, the federal government of Canada launched the Canada Emergency Business Account (CEBA) Loan. CEBA&#8217;s financial aid was crucial in helping businesses deal with uncertainty and chart a route to recovery. This article will discuss the [&hellip;]<\/p>\n","protected":false},"author":2,"featured_media":0,"parent":0,"menu_order":0,"comment_status":"closed","ping_status":"closed","template":"elementor_header_footer","meta":{"footnotes":""},"class_list":["post-3367","page","type-page","status-publish","hentry"],"_links":{"self":[{"href":"http:\/\/ceba.ca\/fr\/wp-json\/wp\/v2\/pages\/3367","targetHints":{"allow":["GET"]}}],"collection":[{"href":"http:\/\/ceba.ca\/fr\/wp-json\/wp\/v2\/pages"}],"about":[{"href":"http:\/\/ceba.ca\/fr\/wp-json\/wp\/v2\/types\/page"}],"author":[{"embeddable":true,"href":"http:\/\/ceba.ca\/fr\/wp-json\/wp\/v2\/users\/2"}],"replies":[{"embeddable":true,"href":"http:\/\/ceba.ca\/fr\/wp-json\/wp\/v2\/comments?post=3367"}],"version-history":[{"count":9,"href":"http:\/\/ceba.ca\/fr\/wp-json\/wp\/v2\/pages\/3367\/revisions"}],"predecessor-version":[{"id":4744,"href":"http:\/\/ceba.ca\/fr\/wp-json\/wp\/v2\/pages\/3367\/revisions\/4744"}],"wp:attachment":[{"href":"http:\/\/ceba.ca\/fr\/wp-json\/wp\/v2\/media?parent=3367"}],"curies":[{"name":"wp","href":"https:\/\/api.w.org\/{rel}","templated":true}]}}