{"id":2730,"date":"2023-06-24T10:40:48","date_gmt":"2023-06-24T14:40:48","guid":{"rendered":"http:\/\/ceba.ca\/?page_id=2730"},"modified":"2024-01-03T16:32:13","modified_gmt":"2024-01-03T21:32:13","slug":"about-us","status":"publish","type":"page","link":"http:\/\/ceba.ca\/fr\/about-us\/","title":{"rendered":"\u00c0 propos de nous"},"content":{"rendered":"<div data-elementor-type=\"wp-page\" data-elementor-id=\"2730\" class=\"elementor elementor-2730\" data-elementor-post-type=\"page\">\n\t\t\t\t<div class=\"elementor-element elementor-element-c53c72c e-flex e-con-boxed e-con e-parent\" data-id=\"c53c72c\" data-element_type=\"container\" data-e-type=\"container\" data-settings=\"{&quot;jet_parallax_layout_list&quot;:[]}\">\n\t\t\t\t\t<div class=\"e-con-inner\">\n\t\t<div class=\"elementor-element elementor-element-30847a4 e-con-full e-flex e-con e-child\" data-id=\"30847a4\" data-element_type=\"container\" data-e-type=\"container\" data-settings=\"{&quot;jet_parallax_layout_list&quot;:[]}\">\n\t\t\t\t<div class=\"elementor-element elementor-element-8d1939f elementor-widget elementor-widget-heading\" data-id=\"8d1939f\" data-element_type=\"widget\" data-e-type=\"widget\" data-widget_type=\"heading.default\">\n\t\t\t\t<div class=\"elementor-widget-container\">\n\t\t\t\t\t<h1 class=\"elementor-heading-title elementor-size-default\">Notre vision<\/h1>\t\t\t\t<\/div>\n\t\t\t\t<\/div>\n\t\t\t\t<\/div>\n\t\t<div class=\"elementor-element elementor-element-a07521f e-con-full e-flex e-con e-child\" data-id=\"a07521f\" data-element_type=\"container\" data-e-type=\"container\" data-settings=\"{&quot;jet_parallax_layout_list&quot;:[]}\">\n\t\t\t\t<div class=\"elementor-element elementor-element-2c7f66a elementor-widget elementor-widget-text-editor\" data-id=\"2c7f66a\" data-element_type=\"widget\" data-e-type=\"widget\" data-widget_type=\"text-editor.default\">\n\t\t\t\t<div class=\"elementor-widget-container\">\n\t\t\t\t\t\t\t\t\t<p>Notre vision est de cultiver une \u00e9conomie canadienne robuste o\u00f9 les petites et moyennes entreprises ont un acc\u00e8s transparent aux ressources financi\u00e8res dont elles ont besoin, favorisant un environnement d&#039;innovation et de prosp\u00e9rit\u00e9 pour tous.<\/p>\t\t\t\t\t\t\t\t<\/div>\n\t\t\t\t<\/div>\n\t\t\t\t<\/div>\n\t\t\t\t\t<\/div>\n\t\t\t\t<\/div>\n\t\t<div class=\"elementor-element elementor-element-716b3b7 e-flex e-con-boxed e-con e-parent\" data-id=\"716b3b7\" data-element_type=\"container\" data-e-type=\"container\" data-settings=\"{&quot;jet_parallax_layout_list&quot;:[]}\">\n\t\t\t\t\t<div class=\"e-con-inner\">\n\t\t<div class=\"elementor-element elementor-element-5d45628 e-con-full e-flex e-con e-child\" data-id=\"5d45628\" data-element_type=\"container\" data-e-type=\"container\" data-settings=\"{&quot;jet_parallax_layout_list&quot;:[]}\">\n\t\t\t\t<div class=\"elementor-element elementor-element-cc789bc elementor-widget elementor-widget-heading\" data-id=\"cc789bc\" data-element_type=\"widget\" data-e-type=\"widget\" data-widget_type=\"heading.default\">\n\t\t\t\t<div class=\"elementor-widget-container\">\n\t\t\t\t\t<h2 class=\"elementor-heading-title elementor-size-default\">Notre objectif<\/h2>\t\t\t\t<\/div>\n\t\t\t\t<\/div>\n\t\t\t\t<\/div>\n\t\t<div class=\"elementor-element elementor-element-2dfc5d7 e-con-full e-flex e-con e-child\" data-id=\"2dfc5d7\" data-element_type=\"container\" data-e-type=\"container\" data-settings=\"{&quot;jet_parallax_layout_list&quot;:[]}\">\n\t\t\t\t<div class=\"elementor-element elementor-element-5f9e997 elementor-widget elementor-widget-text-editor\" data-id=\"5f9e997\" data-element_type=\"widget\" data-e-type=\"widget\" data-widget_type=\"text-editor.default\">\n\t\t\t\t<div class=\"elementor-widget-container\">\n\t\t\t\t\t\t\t\t\t<p>Alimenter la croissance des PME canadiennes en leur offrant un soutien financier accessible et personnalis\u00e9, favorisant ainsi leur parcours vers un succ\u00e8s durable.<\/p>\t\t\t\t\t\t\t\t<\/div>\n\t\t\t\t<\/div>\n\t\t\t\t<\/div>\n\t\t\t\t\t<\/div>\n\t\t\t\t<\/div>\n\t\t<div class=\"elementor-element elementor-element-1562d0d e-flex e-con-boxed e-con e-parent\" data-id=\"1562d0d\" data-element_type=\"container\" data-e-type=\"container\" data-settings=\"{&quot;jet_parallax_layout_list&quot;:[]}\">\n\t\t\t\t\t<div class=\"e-con-inner\">\n\t\t<div class=\"elementor-element elementor-element-910ccda e-con-full e-flex e-con e-child\" data-id=\"910ccda\" data-element_type=\"container\" data-e-type=\"container\" data-settings=\"{&quot;jet_parallax_layout_list&quot;:[]}\">\n\t\t\t\t<div class=\"elementor-element elementor-element-2007534 elementor-widget elementor-widget-heading\" data-id=\"2007534\" data-element_type=\"widget\" data-e-type=\"widget\" data-widget_type=\"heading.default\">\n\t\t\t\t<div class=\"elementor-widget-container\">\n\t\t\t\t\t<h2 class=\"elementor-heading-title elementor-size-default\">Notre mission<\/h2>\t\t\t\t<\/div>\n\t\t\t\t<\/div>\n\t\t\t\t<\/div>\n\t\t<div class=\"elementor-element elementor-element-524c97c e-con-full e-flex e-con e-child\" data-id=\"524c97c\" data-element_type=\"container\" data-e-type=\"container\" data-settings=\"{&quot;jet_parallax_layout_list&quot;:[]}\">\n\t\t\t\t<div class=\"elementor-element elementor-element-f28f1d0 elementor-widget elementor-widget-text-editor\" data-id=\"f28f1d0\" data-element_type=\"widget\" data-e-type=\"widget\" data-widget_type=\"text-editor.default\">\n\t\t\t\t<div class=\"elementor-widget-container\">\n\t\t\t\t\t\t\t\t\t<p>Fournir des informations et des ressources de qualit\u00e9 pour aider les entreprises canadiennes \u00e0 rembourser leurs pr\u00eats CUEC. Pour les entreprises qui n\u2019ont pas les ressources n\u00e9cessaires pour rembourser leur pr\u00eat \u00e0 temps avant l\u2019exon\u00e9ration du gouvernement, nous fournissons le meilleur outil pour trouver et comparer des financements alternatifs. Notre mission est d&#039;aider le plus grand nombre possible d&#039;entreprises \u00e0 profiter de l&#039;exon\u00e9ration de pr\u00eat du gouvernement.<\/p>\t\t\t\t\t\t\t\t<\/div>\n\t\t\t\t<\/div>\n\t\t\t\t<\/div>\n\t\t\t\t\t<\/div>\n\t\t\t\t<\/div>\n\t\t<div class=\"elementor-element elementor-element-6494236 e-flex e-con-boxed e-con e-parent\" data-id=\"6494236\" data-element_type=\"container\" data-e-type=\"container\" data-settings=\"{&quot;jet_parallax_layout_list&quot;:[]}\">\n\t\t\t\t\t<div class=\"e-con-inner\">\n\t\t<div class=\"elementor-element elementor-element-e199f76 e-con-full e-flex e-con e-child\" data-id=\"e199f76\" data-element_type=\"container\" data-e-type=\"container\" data-settings=\"{&quot;jet_parallax_layout_list&quot;:[]}\">\n\t\t\t\t<div class=\"elementor-element elementor-element-59ed5df elementor-widget elementor-widget-heading\" data-id=\"59ed5df\" data-element_type=\"widget\" data-e-type=\"widget\" data-widget_type=\"heading.default\">\n\t\t\t\t<div class=\"elementor-widget-container\">\n\t\t\t\t\t<h2 class=\"elementor-heading-title elementor-size-default\">Notre histoire<\/h2>\t\t\t\t<\/div>\n\t\t\t\t<\/div>\n\t\t\t\t<\/div>\n\t\t<div class=\"elementor-element elementor-element-627c741 e-con-full e-flex e-con e-child\" data-id=\"627c741\" data-element_type=\"container\" data-e-type=\"container\" data-settings=\"{&quot;jet_parallax_layout_list&quot;:[]}\">\n\t\t\t\t<\/div>\n\t\t\t\t\t<\/div>\n\t\t\t\t<\/div>\n\t\t<div class=\"elementor-element elementor-element-9d1e2ad e-flex e-con-boxed e-con e-parent\" data-id=\"9d1e2ad\" data-element_type=\"container\" data-e-type=\"container\" data-settings=\"{&quot;jet_parallax_layout_list&quot;:[]}\">\n\t\t\t\t\t<div class=\"e-con-inner\">\n\t\t\t\t<div class=\"elementor-element elementor-element-1b68ad8 elementor-widget elementor-widget-jet-horizontal-timeline\" data-id=\"1b68ad8\" data-element_type=\"widget\" data-e-type=\"widget\" data-settings=\"{&quot;columns&quot;:4,&quot;columns_tablet&quot;:2,&quot;columns_mobile&quot;:1}\" data-widget_type=\"jet-horizontal-timeline.default\">\n\t\t\t\t<div class=\"elementor-widget-container\">\n\t\t\t\t\t<div class=\"elementor-jet-horizontal-timeline jet-elements\">\n<div class=\"jet-hor-timeline jet-hor-timeline--layout-chess jet-hor-timeline--align-left jet-hor-timeline--scroll-bar\">\n\t<div class=\"jet-hor-timeline-inner\">\n\t\t<div class=\"jet-hor-timeline-track\">\n\t\t\t<div class=\"jet-hor-timeline-list jet-hor-timeline-list--top\">\n<div class=\"jet-hor-timeline-item elementor-repeater-item-36cdcc6 is-active\" data-item-id=\"36cdcc6\">\n\t\n<div class=\"jet-hor-timeline-item__card\">\n\t<div class=\"jet-hor-timeline-item__card-inner\">\n\t\t<h5 class=\"jet-hor-timeline-item__card-title\">Lancement du CUEC<\/h5>\t<\/div>\n\t\t\t<div class=\"jet-hor-timeline-item__card-arrow\"><\/div>\n\t<\/div>\n<\/div>\n\n<div class=\"jet-hor-timeline-item elementor-repeater-item-ed5de78\" data-item-id=\"ed5de78\">\n\t<div class=\"jet-hor-timeline-item__meta\">D\u00e9c 2020<\/div><\/div>\n\n<div class=\"jet-hor-timeline-item elementor-repeater-item-9ea64c8\" data-item-id=\"9ea64c8\">\n\t\n<div class=\"jet-hor-timeline-item__card\">\n\t<div class=\"jet-hor-timeline-item__card-inner\">\n\t\t<h5 class=\"jet-hor-timeline-item__card-title\">Prolongation du remboursement jusqu&#039;au 31 d\u00e9cembre 2023<\/h5>\t<\/div>\n\t\t\t<div class=\"jet-hor-timeline-item__card-arrow\"><\/div>\n\t<\/div>\n<\/div>\n\n<div class=\"jet-hor-timeline-item elementor-repeater-item-fd53751\" data-item-id=\"fd53751\">\n\t<div class=\"jet-hor-timeline-item__meta\">f\u00e9vrier 2023<\/div><\/div>\n<\/div>\t\t\t<div class=\"jet-hor-timeline-list jet-hor-timeline-list--middle\">\n\t<div class=\"jet-hor-timeline__line\"><\/div>\n\n<div class=\"jet-hor-timeline-item elementor-repeater-item-36cdcc6 is-active\" data-item-id=\"36cdcc6\">\n\t<div class=\"jet-hor-timeline-item__point\"><div class=\"jet-hor-timeline-item__point-content\"><span class=\"jet-elements-icon\"><i aria-hidden=\"true\" class=\"fas fa-calendar-alt\"><\/i><\/span><\/div><\/div><\/div>\n\n<div class=\"jet-hor-timeline-item elementor-repeater-item-ed5de78\" data-item-id=\"ed5de78\">\n\t<div class=\"jet-hor-timeline-item__point\"><div class=\"jet-hor-timeline-item__point-content\"><span class=\"jet-elements-icon\"><i aria-hidden=\"true\" class=\"fas fa-calendar-alt\"><\/i><\/span><\/div><\/div><\/div>\n\n<div class=\"jet-hor-timeline-item elementor-repeater-item-9ea64c8\" data-item-id=\"9ea64c8\">\n\t<div class=\"jet-hor-timeline-item__point\"><div class=\"jet-hor-timeline-item__point-content\"><span class=\"jet-elements-icon\"><i aria-hidden=\"true\" class=\"fas fa-calendar-alt\"><\/i><\/span><\/div><\/div><\/div>\n\n<div class=\"jet-hor-timeline-item elementor-repeater-item-fd53751\" data-item-id=\"fd53751\">\n\t<div class=\"jet-hor-timeline-item__point\"><div class=\"jet-hor-timeline-item__point-content\"><span class=\"jet-elements-icon\"><i aria-hidden=\"true\" class=\"fas fa-calendar-alt\"><\/i><\/span><\/div><\/div><\/div>\n<\/div>\t\t\t<div class=\"jet-hor-timeline-list jet-hor-timeline-list--bottom\">\n<div class=\"jet-hor-timeline-item elementor-repeater-item-36cdcc6 is-active\" data-item-id=\"36cdcc6\">\n\t<div class=\"jet-hor-timeline-item__meta\">avril 2020<\/div><\/div>\n\n<div class=\"jet-hor-timeline-item elementor-repeater-item-ed5de78\" data-item-id=\"ed5de78\">\n\t\n<div class=\"jet-hor-timeline-item__card\">\n\t<div class=\"jet-hor-timeline-item__card-inner\">\n\t\t<h5 class=\"jet-hor-timeline-item__card-title\">Augmentation du pr\u00eat de $40k \u00e0 $60k<\/h5>\t<\/div>\n\t\t\t<div class=\"jet-hor-timeline-item__card-arrow\"><\/div>\n\t<\/div>\n<\/div>\n\n<div class=\"jet-hor-timeline-item elementor-repeater-item-9ea64c8\" data-item-id=\"9ea64c8\">\n\t<div class=\"jet-hor-timeline-item__meta\">janv. 2021<\/div><\/div>\n\n<div class=\"jet-hor-timeline-item elementor-repeater-item-fd53751\" data-item-id=\"fd53751\">\n\t\n<div class=\"jet-hor-timeline-item__card\">\n\t<div class=\"jet-hor-timeline-item__card-inner\">\n\t\t<h5 class=\"jet-hor-timeline-item__card-title\">Lancement de ceba.ca<\/h5>\t<\/div>\n\t\t\t<div class=\"jet-hor-timeline-item__card-arrow\"><\/div>\n\t<\/div>\n<\/div>\n<\/div>\t\t<\/div>\n\t<\/div>\n\t<\/div><\/div>\t\t\t\t<\/div>\n\t\t\t\t<\/div>\n\t\t\t\t\t<\/div>\n\t\t\t\t<\/div>\n\t\t<div class=\"elementor-element elementor-element-fc3ef72 e-flex e-con-boxed e-con e-parent\" data-id=\"fc3ef72\" data-element_type=\"container\" data-e-type=\"container\" data-settings=\"{&quot;jet_parallax_layout_list&quot;:[]}\">\n\t\t\t\t\t<div class=\"e-con-inner\">\n\t\t<div class=\"elementor-element elementor-element-191ac3e e-con-full e-flex e-con e-child\" data-id=\"191ac3e\" data-element_type=\"container\" data-e-type=\"container\" data-settings=\"{&quot;jet_parallax_layout_list&quot;:[]}\">\n\t\t\t\t<div class=\"elementor-element elementor-element-fe0be90 elementor-widget elementor-widget-heading\" data-id=\"fe0be90\" data-element_type=\"widget\" data-e-type=\"widget\" data-widget_type=\"heading.default\">\n\t\t\t\t<div class=\"elementor-widget-container\">\n\t\t\t\t\t<h2 class=\"elementor-heading-title elementor-size-default\">Direction<\/h2>\t\t\t\t<\/div>\n\t\t\t\t<\/div>\n\t\t\t\t<\/div>\n\t\t<div class=\"elementor-element elementor-element-b9a37e8 e-con-full e-flex e-con e-child\" data-id=\"b9a37e8\" data-element_type=\"container\" data-e-type=\"container\" data-settings=\"{&quot;jet_parallax_layout_list&quot;:[]}\">\n\t\t\t\t<div class=\"elementor-element elementor-element-a5c744f elementor-position-top elementor-widget elementor-widget-image-box\" data-id=\"a5c744f\" data-element_type=\"widget\" data-e-type=\"widget\" data-widget_type=\"image-box.default\">\n\t\t\t\t<div class=\"elementor-widget-container\">\n\t\t\t\t\t<div class=\"elementor-image-box-wrapper\"><figure class=\"elementor-image-box-img\"><img fetchpriority=\"high\" decoding=\"async\" width=\"1024\" height=\"1024\" src=\"https:\/\/ceba.ca\/wp-content\/uploads\/garron-helman-pixar.webp\" class=\"attachment-full size-full wp-image-2739\" alt=\"\" srcset=\"https:\/\/ceba.ca\/wp-content\/uploads\/garron-helman-pixar.webp 1024w, https:\/\/ceba.ca\/wp-content\/uploads\/garron-helman-pixar-300x300.webp 300w, https:\/\/ceba.ca\/wp-content\/uploads\/garron-helman-pixar-150x150.webp 150w, https:\/\/ceba.ca\/wp-content\/uploads\/garron-helman-pixar-768x768.webp 768w, https:\/\/ceba.ca\/wp-content\/uploads\/garron-helman-pixar-12x12.webp 12w\" sizes=\"(max-width: 1024px) 100vw, 1024px\" \/><\/figure><div class=\"elementor-image-box-content\"><h3 class=\"elementor-image-box-title\">Garron Helman<\/h3><\/div><\/div>\t\t\t\t<\/div>\n\t\t\t\t<\/div>\n\t\t\t\t<div class=\"elementor-element elementor-element-ae380af elementor-widget elementor-widget-text-editor\" data-id=\"ae380af\" data-element_type=\"widget\" data-e-type=\"widget\" data-widget_type=\"text-editor.default\">\n\t\t\t\t<div class=\"elementor-widget-container\">\n\t\t\t\t\t\t\t\t\t<p>Garron est un entrepreneur avant-gardiste, un financier chevronn\u00e9 et un d\u00e9fenseur d\u00e9vou\u00e9 des petites et moyennes entreprises canadiennes. En tant que fondateur de Venbridge, le principal pr\u00eateur de financement technologique au pays pour les PME, il a d\u00e9montr\u00e9 un profond engagement \u00e0 favoriser la croissance des entreprises canadiennes, en fournissant des solutions de financement strat\u00e9giques non dilutives qui aident les fondateurs \u00e0 conserver le contr\u00f4le de leurs entreprises.<\/p><p>Apr\u00e8s ses succ\u00e8s \u00e0 l&#039;\u00e9tranger avec Creo, Garron est revenu au Canada, d\u00e9sireux d&#039;investir ses connaissances et son exp\u00e9rience dans le soutien des entreprises canadiennes. Il s&#039;est joint \u00e0 Espresso Capital en tant qu&#039;associ\u00e9 et a rapidement transform\u00e9 le portefeuille d&#039;activit\u00e9s du Centre et de l&#039;Est du Canada en l&#039;une des meilleures entreprises de services financiers en RS&amp;DE au pays. Une autorit\u00e9 reconnue en mati\u00e8re de cr\u00e9dits d&#039;imp\u00f4t gouvernementaux et de financement de d\u00e9marrage, Garron a jou\u00e9 un r\u00f4le essentiel dans le renforcement du paysage \u00e9conomique du Canada.<\/p><p>Aujourd&#039;hui, Garron continue d&#039;appliquer ses vastes connaissances et son exp\u00e9rience pratique pour aider les entreprises canadiennes \u00e0 r\u00e9aliser leur plein potentiel, renfor\u00e7ant ainsi son engagement \u00e0 favoriser un \u00e9cosyst\u00e8me de PME canadiennes florissantes et innovantes. Son travail influent a laiss\u00e9 une marque ind\u00e9l\u00e9bile sur le paysage commercial canadien, stimulant la croissance, l&#039;innovation et le succ\u00e8s d&#039;innombrables entreprises.<\/p>\t\t\t\t\t\t\t\t<\/div>\n\t\t\t\t<\/div>\n\t\t\t\t<div class=\"elementor-element elementor-element-b7caafc elementor-shape-rounded elementor-grid-0 e-grid-align-center elementor-widget elementor-widget-social-icons\" data-id=\"b7caafc\" data-element_type=\"widget\" data-e-type=\"widget\" data-widget_type=\"social-icons.default\">\n\t\t\t\t<div class=\"elementor-widget-container\">\n\t\t\t\t\t\t\t<div class=\"elementor-social-icons-wrapper elementor-grid\" role=\"list\">\n\t\t\t\t\t\t\t<span class=\"elementor-grid-item\" role=\"listitem\">\n\t\t\t\t\t<a class=\"elementor-icon elementor-social-icon elementor-social-icon-linkedin elementor-repeater-item-7956b65\" href=\"https:\/\/www.linkedin.com\/in\/garronhelman\/\" target=\"_blank\" rel=\"noopener\">\n\t\t\t\t\t\t<span class=\"elementor-screen-only\">Linkedin<\/span>\n\t\t\t\t\t\t<i aria-hidden=\"true\" class=\"fab fa-linkedin\"><\/i>\t\t\t\t\t<\/a>\n\t\t\t\t<\/span>\n\t\t\t\t\t\t\t<span class=\"elementor-grid-item\" role=\"listitem\">\n\t\t\t\t\t<a class=\"elementor-icon elementor-social-icon elementor-social-icon-twitter elementor-repeater-item-b781503\" href=\"https:\/\/twitter.com\/garronhelman\" target=\"_blank\" rel=\"noopener\">\n\t\t\t\t\t\t<span class=\"elementor-screen-only\">Twitter<\/span>\n\t\t\t\t\t\t<i aria-hidden=\"true\" class=\"fab fa-twitter\"><\/i>\t\t\t\t\t<\/a>\n\t\t\t\t<\/span>\n\t\t\t\t\t<\/div>\n\t\t\t\t\t\t<\/div>\n\t\t\t\t<\/div>\n\t\t\t\t<\/div>\n\t\t\t\t\t<\/div>\n\t\t\t\t<\/div>\n\t\t\t\t<\/div>","protected":false},"excerpt":{"rendered":"<p>\u00c0 propos de nous. Vision, but et mission de CEBA.CA<\/p>","protected":false},"author":2,"featured_media":0,"parent":0,"menu_order":0,"comment_status":"closed","ping_status":"closed","template":"elementor_header_footer","meta":{"footnotes":""},"class_list":["post-2730","page","type-page","status-publish","hentry"],"_links":{"self":[{"href":"http:\/\/ceba.ca\/fr\/wp-json\/wp\/v2\/pages\/2730","targetHints":{"allow":["GET"]}}],"collection":[{"href":"http:\/\/ceba.ca\/fr\/wp-json\/wp\/v2\/pages"}],"about":[{"href":"http:\/\/ceba.ca\/fr\/wp-json\/wp\/v2\/types\/page"}],"author":[{"embeddable":true,"href":"http:\/\/ceba.ca\/fr\/wp-json\/wp\/v2\/users\/2"}],"replies":[{"embeddable":true,"href":"http:\/\/ceba.ca\/fr\/wp-json\/wp\/v2\/comments?post=2730"}],"version-history":[{"count":44,"href":"http:\/\/ceba.ca\/fr\/wp-json\/wp\/v2\/pages\/2730\/revisions"}],"predecessor-version":[{"id":7622,"href":"http:\/\/ceba.ca\/fr\/wp-json\/wp\/v2\/pages\/2730\/revisions\/7622"}],"wp:attachment":[{"href":"http:\/\/ceba.ca\/fr\/wp-json\/wp\/v2\/media?parent=2730"}],"curies":[{"name":"wp","href":"https:\/\/api.w.org\/{rel}","templated":true}]}}