{"id":1698,"date":"2023-05-30T15:11:37","date_gmt":"2023-05-30T19:11:37","guid":{"rendered":"http:\/\/ceba.ca\/?page_id=1698"},"modified":"2023-06-13T11:35:49","modified_gmt":"2023-06-13T15:35:49","slug":"cookie-policy","status":"publish","type":"page","link":"http:\/\/ceba.ca\/fr\/cookie-policy\/","title":{"rendered":"Politique relative aux cookies"},"content":{"rendered":"<div data-elementor-type=\"wp-page\" data-elementor-id=\"1698\" class=\"elementor elementor-1698\" data-elementor-post-type=\"page\">\n\t\t\t\t<div class=\"elementor-element elementor-element-03aa8f4 e-flex e-con-boxed e-con e-parent\" data-id=\"03aa8f4\" data-element_type=\"container\" data-e-type=\"container\" data-settings=\"{&quot;jet_parallax_layout_list&quot;:[]}\">\n\t\t\t\t\t<div class=\"e-con-inner\">\n\t\t\t\t<div class=\"elementor-element elementor-element-e764f70 elementor-widget elementor-widget-heading\" data-id=\"e764f70\" data-element_type=\"widget\" data-e-type=\"widget\" data-widget_type=\"heading.default\">\n\t\t\t\t<div class=\"elementor-widget-container\">\n\t\t\t\t\t<h1 class=\"elementor-heading-title elementor-size-default\">Politique relative aux cookies<\/h1>\t\t\t\t<\/div>\n\t\t\t\t<\/div>\n\t\t\t\t\t<\/div>\n\t\t\t\t<\/div>\n\t\t<div class=\"elementor-element elementor-element-47a6a6d e-flex e-con-boxed e-con e-parent\" data-id=\"47a6a6d\" data-element_type=\"container\" data-e-type=\"container\" data-settings=\"{&quot;jet_parallax_layout_list&quot;:[]}\">\n\t\t\t\t\t<div class=\"e-con-inner\">\n\t\t\t\t<div class=\"elementor-element elementor-element-211d4b3 elementor-widget elementor-widget-text-editor\" data-id=\"211d4b3\" data-element_type=\"widget\" data-e-type=\"widget\" data-widget_type=\"text-editor.default\">\n\t\t\t\t<div class=\"elementor-widget-container\">\n\t\t\t\t\t\t\t\t\t<h2><span style=\"font-weight: 400;\">Introduction<\/span><\/h2>\n<p><span style=\"font-weight: 400;\">Sprout Services Ltd., l&#039;exploitant de<\/span><a href=\"http:\/\/ceba.ca\/fr\/\"> <span style=\"font-weight: 400;\">http:\/\/ceba.ca<\/span><\/a><span style=\"font-weight: 400;\"> (le \u00ab site Web \u00bb), utilise des cookies pour am\u00e9liorer votre exp\u00e9rience de navigation, comprendre le comportement des utilisateurs et nous aider \u00e0 am\u00e9liorer notre site. Cette politique relative aux cookies fournit des informations d\u00e9taill\u00e9es sur comment et quand nous utilisons des cookies sur notre site Web.<\/span><\/p>\n<h2><span style=\"font-weight: 400;\">Qu&#039;est-ce qu&#039;un cookie\u00a0?<\/span><\/h2>\n<p><span style=\"font-weight: 400;\">Les cookies sont de petits fichiers texte plac\u00e9s sur votre appareil par les sites Web que vous visitez. Ils sont largement utilis\u00e9s pour faire fonctionner les sites Web ou pour qu&#039;ils fonctionnent plus efficacement, ainsi que pour fournir des informations aux propri\u00e9taires du site.<\/span><\/p>\n<h2><span style=\"font-weight: 400;\">Comment nous utilisons les cookies<\/span><\/h2>\n<p><span style=\"font-weight: 400;\">Nous utilisons des cookies pour diverses raisons, notamment pour analyser le comportement des utilisateurs (via des outils tels que Google Analytics), personnaliser votre exp\u00e9rience et rendre le site Web plus efficace. Les cookies nous permettent de voir quelles zones et fonctionnalit\u00e9s sont populaires et de compter les visites.<\/span><\/p>\n<h2><span style=\"font-weight: 400;\">Types de cookies que nous utilisons<\/span><\/h2>\n<p><span style=\"font-weight: 400;\">Nous utilisons deux types de cookies sur ce site Web :<\/span><\/p>\n<ul>\n<li style=\"font-weight: 400;\" aria-level=\"1\"><span style=\"font-weight: 400;\">Cookies de session. Il s&#039;agit de cookies temporaires qui expirent \u00e0 la fin d&#039;une session de navigation\u00a0; c&#039;est-\u00e0-dire lorsque vous quittez le site. Les cookies de session permettent au site Web de vous reconna\u00eetre lorsque vous naviguez entre les pages au cours d&#039;une m\u00eame session de navigation et vous permettent d&#039;utiliser le site Web plus efficacement.<\/span><\/li>\n<li style=\"font-weight: 400;\" aria-level=\"1\"><span style=\"font-weight: 400;\">Cookies persistants. Contrairement aux cookies de session, les cookies persistants sont stock\u00e9s sur votre \u00e9quipement entre les sessions de navigation jusqu&#039;\u00e0 leur expiration ou leur suppression. Ils permettent au site Web de vous reconna\u00eetre lors de votre retour, de m\u00e9moriser vos pr\u00e9f\u00e9rences et de vous fournir des services sur mesure.<\/span><\/li>\n<\/ul>\n<h2>Cookies tiers<\/h2>\n<p><span style=\"font-weight: 400;\">En plus de nos propres cookies, nous pouvons \u00e9galement utiliser divers cookies tiers pour g\u00e9n\u00e9rer des statistiques d&#039;utilisation du site Web, diffuser des publicit\u00e9s sur et via le site Web, etc.<\/span><\/p>\n<p><span style=\"font-weight: 400;\">Par exemple, nous utilisons Google Analytics, un service d&#039;analyse Web fourni par Google, Inc. Google Analytics utilise des cookies pour nous aider \u00e0 analyser la fa\u00e7on dont les utilisateurs utilisent le site Web. D&#039;autres cookies tiers peuvent \u00eatre d\u00e9finis par des plateformes de m\u00e9dias sociaux telles que Facebook, Instagram et LinkedIn sur des pages o\u00f9 nous avons inclus du contenu de m\u00e9dias sociaux.<\/span><\/p>\n<h2><span style=\"font-weight: 400;\">Contr\u00f4ler et supprimer les cookies<\/span><\/h2>\n<p><span style=\"font-weight: 400;\">Vous pouvez contr\u00f4ler et\/ou supprimer les cookies comme vous le souhaitez. Vous pouvez supprimer tous les cookies qui sont d\u00e9j\u00e0 sur votre appareil et vous pouvez configurer la plupart des navigateurs pour emp\u00eacher leur placement. Si vous faites cela, cependant, vous devrez peut-\u00eatre ajuster manuellement certaines pr\u00e9f\u00e9rences chaque fois que vous visitez un site et certains services et fonctionnalit\u00e9s peuvent ne pas fonctionner.<\/span><\/p>\n<h2><span style=\"font-weight: 400;\">Modifications de cette politique relative aux cookies<\/span><\/h2>\n<p><span style=\"font-weight: 400;\">Nous pouvons mettre \u00e0 jour cette politique de cookies de temps \u00e0 autre pour refl\u00e9ter les modifications apport\u00e9es aux cookies que nous utilisons ou pour d&#039;autres raisons op\u00e9rationnelles, l\u00e9gales ou r\u00e9glementaires. Veuillez consulter r\u00e9guli\u00e8rement cette politique en mati\u00e8re de cookies pour rester inform\u00e9 de notre utilisation des cookies et des technologies associ\u00e9es.<\/span><\/p>\n<h2><span style=\"font-weight: 400;\">Contactez-nous<\/span><\/h2>\n<p><span style=\"font-weight: 400;\">Si vous avez des questions sur notre utilisation des cookies, veuillez nous contacter :<\/span><\/p>\n<p><span style=\"font-weight: 400;\">Par courriel : contact@ceba.ca<\/span><\/p>\n<p><span style=\"font-weight: 400;\">En visitant cette page sur notre site Web :<\/span><a href=\"http:\/\/ceba.ca\/fr\/contact\/\"> <span style=\"font-weight: 400;\">http:\/\/ceba.ca\/contact<\/span><\/a><\/p>\n<p><span style=\"font-weight: 400;\">Date effective: <\/span><span style=\"font-weight: 400;\" data-rich-links=\"{&quot;dat_df&quot;:{&quot;fres_frt&quot;:1,&quot;dfie_ts&quot;:{&quot;tv&quot;:{&quot;tv_s&quot;:1682942400,&quot;tv_n&quot;:0}},&quot;dfie_l&quot;:&quot;en&quot;,&quot;dfie_p&quot;:{&quot;fres_frt&quot;:0,&quot;tres_tv&quot;:&quot;MMM d, y&quot;},&quot;dfie_dt&quot;:&quot;May 1, 2023&quot;,&quot;dfie_pt&quot;:3,&quot;dfie_tpt&quot;:0},&quot;type&quot;:&quot;date&quot;}\">1 mai 2023<\/span><\/p>\t\t\t\t\t\t\t\t<\/div>\n\t\t\t\t<\/div>\n\t\t\t\t\t<\/div>\n\t\t\t\t<\/div>\n\t\t\t\t<\/div>","protected":false},"excerpt":{"rendered":"<p>Cookie Policy Introduction Sprout Services Ltd., the operator of http:\/\/ceba.ca (the \u201cWebsite\u201d), uses cookies to improve your browsing experience, understand user behavior, and help us improve our site. This Cookie Policy provides detailed information about how and when we use cookies on our Website. What is a Cookie? Cookies are small text files that are [&hellip;]<\/p>\n","protected":false},"author":2,"featured_media":0,"parent":0,"menu_order":0,"comment_status":"closed","ping_status":"closed","template":"","meta":{"footnotes":""},"class_list":["post-1698","page","type-page","status-publish","hentry"],"_links":{"self":[{"href":"http:\/\/ceba.ca\/fr\/wp-json\/wp\/v2\/pages\/1698","targetHints":{"allow":["GET"]}}],"collection":[{"href":"http:\/\/ceba.ca\/fr\/wp-json\/wp\/v2\/pages"}],"about":[{"href":"http:\/\/ceba.ca\/fr\/wp-json\/wp\/v2\/types\/page"}],"author":[{"embeddable":true,"href":"http:\/\/ceba.ca\/fr\/wp-json\/wp\/v2\/users\/2"}],"replies":[{"embeddable":true,"href":"http:\/\/ceba.ca\/fr\/wp-json\/wp\/v2\/comments?post=1698"}],"version-history":[{"count":10,"href":"http:\/\/ceba.ca\/fr\/wp-json\/wp\/v2\/pages\/1698\/revisions"}],"predecessor-version":[{"id":2324,"href":"http:\/\/ceba.ca\/fr\/wp-json\/wp\/v2\/pages\/1698\/revisions\/2324"}],"wp:attachment":[{"href":"http:\/\/ceba.ca\/fr\/wp-json\/wp\/v2\/media?parent=1698"}],"curies":[{"name":"wp","href":"https:\/\/api.w.org\/{rel}","templated":true}]}}